{"id":12,"date":"2014-09-02T08:30:03","date_gmt":"2014-09-02T08:30:03","guid":{"rendered":"http:\/\/migration.mi-admin.ch\/demilitia-immaculataeursprung-der-mi\/"},"modified":"2017-05-23T18:40:10","modified_gmt":"2017-05-23T16:40:10","slug":"ursprung-der-mi","status":"publish","type":"page","link":"https:\/\/test4.mi-backup.ch\/de\/ursprung-der-mi\/","title":{"rendered":"Ursprung der MI"},"content":{"rendered":"<figure style=\"width: 250px\" class=\"wp-caption alignright\"><img loading=\"lazy\" src=\"https:\/\/test4.mi-backup.ch\/wp-content\/uploads\/media\/kolbe12.jpg\" width=\"250\" height=\"331\" align=\"top\" border=\"1\" hspace=\"5\" vspace=\"5\" \/><figcaption class=\"wp-caption-text\">Die Gr\u00fcnder der MI &#8211; Maximilian links hinten<\/figcaption><\/figure>\n<p>1917 \u2014 Jahr der Oktoberrevolution in Russland, aber auch Jahr der Erscheinungen U.L. Frau in Fatima! In Rom feiert die Freimaurerei ihren 200. Geburtstag. \u00dcberall sieht man Fahnen und Plakate, auf denen der hl. Erzengel Michael abgebildet ist, wie er von Luzifer besiegt und niedergetreten wird. Gro\u00dfe Umz\u00fcge ziehen durch die ewige Stadt bis hin zum Petersplatz. Man singt gottesl\u00e4sterliche Lieder und tr\u00e4gt Spruchb\u00e4nder herum mit Slogans wie \u201eSatan wird im Vatikan regieren und der Papst wird sein Diener sein\u201d.<\/p>\n<p>Zur selben Zeit befindet sich in Rom ein junger polnischer Franziskaner, Bruder Maximilian Maria Kolbe, Theologiestudent an der Gregorianischen Universit\u00e4t. Er wird gezwungenerma\u00dfen Augenzeuge dieser bedrohlichen Demonstrationen: \u201eIst es m\u00f6glich \u2014 fragt er sich \u2014 dass unsere Feinde eine solche Tatkraft entfalten, um uns zu besiegen, w\u00e4hrend dessen wir die H\u00e4nde in den Schoss legen und nichts tun? Haben wir denn nicht viel m\u00e4chtigere Waffen, k\u00f6nnen wir nicht auf den ganzen Himmel z\u00e4hlen, und insbesondere auf die Immaculata?\u201d.<\/p>\n<p style=\"text-align: center;\"><img loading=\"lazy\" class=\"alignright\" src=\"https:\/\/test4.mi-backup.ch\/wp-content\/uploads\/media\/Fatima.jpg\" alt=\"\" width=\"250\" height=\"319\" align=\"top\" border=\"1\" hspace=\"5\" vspace=\"5\" \/><\/p>\n<p>Der junge Ordensbruder betrachtet die hl. Schrift, die Kirchenv\u00e4ter, die Lehre der gro\u00dfen marianischen Heiligen, wie z.B. die des hl. Ludwig Maria Grignon de Montfort; er erw\u00e4gt auch das Dogma der Unbefleckten Empf\u00e4ngnis sowie die Bedeutung der Erscheinungen U.L. Frau in Lourdes. Alle diese Wahrheiten und Geheimnisse haben ja nicht nur eine geistliche, sondern auch eine h\u00f6chst praktische und soziale Bedeutung: \u201eDie Jungfrau ohne Makel, Besiegerin aller H\u00e4resien, wird nicht weichen vor dem Feind, der sein Haupt gegen Sie erhebt; wenn Sie treue Diener findet, gehorsam Ihrem Befehl, dann wird Sie neue Siege erringen, gr\u00f6\u00dfere als wir es uns nur vorstellen k\u00f6nnen\u201d.<\/p>\n<p>1917 feiert Rom aber auch einen anderen Jahrestag, einen Tag des Sieges der Immaculata: die pl\u00f6tzliche Bekehrung des Juden Alfons Ratisbonne im Jahre 1842, dank der Gnadenwirkung der Wundert\u00e4tigen Medaille. Dies alles bringt Br. Maximilian auf die Idee, eine Ritterschaft der Unbefleckten zu gr\u00fcnden. Ihr Erkennungszeichen: die Wundert\u00e4tige Medaille. Drei Tage nach dem Sonnenwunder in Fatima, am 16. Oktober 1917, gr\u00fcndet Br. Maximilian mit Erlaubnis der Oberen zusammen mit sechs Mitbr\u00fcdern vor dem Immaculata-Altar der Kapelle des seraphischen Kollegs in Rom die Militia Immaculatae.<\/p>\n","protected":false},"excerpt":{"rendered":"<p>1917 \u2014 Jahr der Oktoberrevolution in Russland, aber auch Jahr der Erscheinungen U.L. Frau in Fatima! In Rom feiert die Freimaurerei ihren 200. Geburtstag. \u00dcberall sieht man Fahnen und Plakate, auf denen der hl. Erzengel Michael abgebildet ist, wie er von Luzifer besiegt und niedergetreten wird. Gro\u00dfe Umz\u00fcge ziehen durch<a class=\"more-link\" href=\"https:\/\/test4.mi-backup.ch\/de\/ursprung-der-mi\/\">Weiterlesen &rarr;<\/a><\/p>\n","protected":false},"author":9,"featured_media":0,"parent":0,"menu_order":0,"comment_status":"closed","ping_status":"closed","template":"","meta":[],"_links":{"self":[{"href":"https:\/\/test4.mi-backup.ch\/de\/wp-json\/wp\/v2\/pages\/12"}],"collection":[{"href":"https:\/\/test4.mi-backup.ch\/de\/wp-json\/wp\/v2\/pages"}],"about":[{"href":"https:\/\/test4.mi-backup.ch\/de\/wp-json\/wp\/v2\/types\/page"}],"author":[{"embeddable":true,"href":"https:\/\/test4.mi-backup.ch\/de\/wp-json\/wp\/v2\/users\/9"}],"replies":[{"embeddable":true,"href":"https:\/\/test4.mi-backup.ch\/de\/wp-json\/wp\/v2\/comments?post=12"}],"version-history":[{"count":8,"href":"https:\/\/test4.mi-backup.ch\/de\/wp-json\/wp\/v2\/pages\/12\/revisions"}],"predecessor-version":[{"id":5688,"href":"https:\/\/test4.mi-backup.ch\/de\/wp-json\/wp\/v2\/pages\/12\/revisions\/5688"}],"wp:attachment":[{"href":"https:\/\/test4.mi-backup.ch\/de\/wp-json\/wp\/v2\/media?parent=12"}],"curies":[{"name":"wp","href":"https:\/\/api.w.org\/{rel}","templated":true}]}}