{"id":13,"date":"2015-02-24T18:38:47","date_gmt":"2015-02-24T18:38:47","guid":{"rendered":"http:\/\/migration.mi-admin.ch\/demilitia-immaculataewesen-und-struktur-der-mi\/"},"modified":"2020-05-15T13:24:00","modified_gmt":"2020-05-15T11:24:00","slug":"wesen-und-struktur-der-mi","status":"publish","type":"page","link":"https:\/\/test4.mi-backup.ch\/de\/wesen-und-struktur-der-mi\/","title":{"rendered":"Wesen und Struktur der MI"},"content":{"rendered":"<div style=\"width: 300px; float: right;\">\n<p><img loading=\"lazy\" class=\"alignright\" src=\"https:\/\/test4.mi-backup.ch\/wp-content\/uploads\/media\/kolbe11.jpg\" alt=\"\" width=\"250\" height=\"291\" align=\"top\" border=\"1\" hspace=\"5\" vspace=\"5\" \/><\/p>\n<p><img loading=\"lazy\" class=\"alignright\" src=\"https:\/\/test4.mi-backup.ch\/wp-content\/uploads\/media\/niepokalanow5.jpg\" alt=\"\" width=\"250\" height=\"159\" align=\"top\" border=\"1\" hspace=\"5\" vspace=\"5\" \/><\/p>\n<p><img loading=\"lazy\" class=\"alignright\" src=\"https:\/\/test4.mi-backup.ch\/wp-content\/uploads\/media\/Kobe9.jpg.jpg\" alt=\"\" width=\"250\" height=\"412\" align=\"top\" border=\"1\" hspace=\"5\" vspace=\"5\" \/><\/p>\n<p><img loading=\"lazy\" class=\"alignright\" src=\"https:\/\/test4.mi-backup.ch\/wp-content\/uploads\/media\/kolbe11_(2).jpg\" alt=\"\" width=\"250\" height=\"291\" align=\"top\" border=\"1\" hspace=\"5\" vspace=\"5\" \/><\/p>\n<\/div>\n<p>Die MI ist keine Bruderschaft im herk\u00f6mmlichen Sinn (bestimmte konkrete Aktivit\u00e4ten, gerichtet an eine besondere Gruppe von interessierten Personen): \u201eSie ist eine Bewegung, die die Massen anziehen und Sie Satan entreissen soll. Wenn die Seelen einmal f\u00fcr die Immaculata gewonnen sind, dann wird es auch einige geben, die weitergef\u00fchrt werden bis zum Gipfel der Hingabe, bis zum Heroismus im Dienst an der Ausbreitung des Reiches Gottes durch die Immaculata. Zur MI k\u00f6nnen auch alle Orden, Kongregationen, alle Werke der Kirche geh\u00f6ren. Die Zugeh\u00f6rigkeit zur MI wird jedem Mitglied erlauben, dem Apostolat das Beste seiner selbst zu geben, und auf diese Weise die christliche Vollkommenheit zu erlangen in seinem Lebensstand, in seinem Beruf. Es ist notwendig, die MI eher transzendent als allgemein zu verstehen, d.h. sie soll nicht so sehr als eine Organisation neben vielen anderen angesehen werden, sondern vielmehr soll sie in der Tiefe alle anderen Organisationen durchdringen\u201d (Brief 31.12.1935).<\/p>\n<p>\u201eDas Wesen der MI besteht darin, dass man der Unbefleckten angeh\u00f6rt, bedingungslos, unwiderruflich, unbegrenzt, und zwar in jeder Hinsicht. Darum wird, wer in die MI eintritt, Ihr v\u00f6lliges Eigentum. Eben dadurch geh\u00f6rt er Jesus an, so wie Sie Jesus angeh\u00f6rt, und je mehr er Ihr Eigentum ist, desto mehr geh\u00f6rt er Jesus an. Die MI nennt sich Miliz, Ritterschaft, denn wer zu ihr geh\u00f6rt, beschr\u00e4nkt sich nicht darauf, sich g\u00e4nzlich der Immaculata zu weihen, sondern er bem\u00fcht sich, soviel er kann, auch die Herzen anderer f\u00fcr Sie zu erobern, damit auch die Herzen anderer sich Ihr weihen, wie er sich Ihr geweiht hat\u201d. \u201eZweck der MI ist, sich zu bem\u00fchen um die Bekehrung der S\u00fcnder, der H\u00e4retiker, Schismatiker usw., und ganz besonders der Freimaurerei; sowie um die Heiligung aller unter dem Schutz und durch die F\u00fcrbitte der Unbefleckten Jungfrau\u201d.<\/p>\n<p>Pater Maximilian Kolbe unterscheidet 3 Stufen in der MI, gem\u00e4\u00df dem Eifer, den F\u00e4higkeiten und dem Lebensstand der Mitglieder:<\/p>\n<ol>\n<li>\u201eAuf der 1. Stufe der MI weiht sich jeder selbst der Immaculata und bem\u00fcht sich, das Ziel der Militia individuell zu verwirklichen, gem\u00e4\u00df seinen eigenen M\u00f6glichkeiten und den Regeln der Klugheit\u201d. Diese Stufe ist die Grundlage, das Fundament der Militia: in seinem pers\u00f6nlichen, individuellen Leben, gleichsam als Einzelk\u00e4mpfer, betet, opfert und wirkt der Ritter der Unbefleckten.<\/li>\n<li>\u201eAuf der 2. Stufe der MI verbinden sich die Ritter durch spezielle Statuten und Programme. Sie vereinigen ihre Kr\u00e4fte, umso schneller und wirksamer das vorgegebene Ziel zu erreichen\u201d. Dies ist die Stufe der gemeinsamen Aktion und die Vereinigung der Ritter zum \u00f6ffentlichen Apostolat. Die Ritter k\u00f6nnen sich zu verschiedenen Aktionen vereinigen, sei es auf der Ebene der Pfarrei, des Priorates, der Ordensgemeinschaft, aber auch derselben geistlichen Interessen, Altersgruppen, Apostolatsziele etc. Auch k\u00f6nnen schon bestehende Organisationen (z.B. Jugendbewegungen, Studienkreise etc.) sich dem Ideal der MI anschliessen und so als MI 2 wirken.<\/li>\n<li>\u201eDie 3. Stufe der MI besteht in der unbegrenzten Hingabe an die Immaculata. So kann Sie mit uns machen, was Sie will und wie Sie will. Wir geh\u00f6ren Ihr ganz und Sie geh\u00f6rt uns ganz. Wir tun alles mit Ihrer Hilfe, wir leben und arbeiten unter Ihrem Schutz\u201d. Dies ist gleichsam der Gipfel der MI, der gottgeweihte Stand \u2014 der Ritter gibt sich ganz und ausschliesslich dem Apostolat der Immaculata hin und besiegelt diese Hingabe durch die Ordensgel\u00fcbde.<\/li>\n<\/ol>\n<p>\u201eSomit beschr\u00e4nkt sich die 1. Stufe auf die individuelle Aktion, die 2. Stufe auf das \u00f6ffentliche und soziale Apostolat, die 3. Stufe aber \u00fcberschreitet jegliche Grenzen und zielt zum Heroismus\u201d (Brief 25.05.1920).<\/p>\n","protected":false},"excerpt":{"rendered":"<p>Die MI ist keine Bruderschaft im herk\u00f6mmlichen Sinn (bestimmte konkrete Aktivit\u00e4ten, gerichtet an eine besondere Gruppe von interessierten Personen): \u201eSie ist eine Bewegung, die die Massen anziehen und Sie Satan entreissen soll. Wenn die Seelen einmal f\u00fcr die Immaculata gewonnen sind, dann wird es auch einige geben, die weitergef\u00fchrt werden<a class=\"more-link\" href=\"https:\/\/test4.mi-backup.ch\/de\/wesen-und-struktur-der-mi\/\">Weiterlesen &rarr;<\/a><\/p>\n","protected":false},"author":9,"featured_media":0,"parent":0,"menu_order":0,"comment_status":"closed","ping_status":"closed","template":"","meta":[],"_links":{"self":[{"href":"https:\/\/test4.mi-backup.ch\/de\/wp-json\/wp\/v2\/pages\/13"}],"collection":[{"href":"https:\/\/test4.mi-backup.ch\/de\/wp-json\/wp\/v2\/pages"}],"about":[{"href":"https:\/\/test4.mi-backup.ch\/de\/wp-json\/wp\/v2\/types\/page"}],"author":[{"embeddable":true,"href":"https:\/\/test4.mi-backup.ch\/de\/wp-json\/wp\/v2\/users\/9"}],"replies":[{"embeddable":true,"href":"https:\/\/test4.mi-backup.ch\/de\/wp-json\/wp\/v2\/comments?post=13"}],"version-history":[{"count":11,"href":"https:\/\/test4.mi-backup.ch\/de\/wp-json\/wp\/v2\/pages\/13\/revisions"}],"predecessor-version":[{"id":28390,"href":"https:\/\/test4.mi-backup.ch\/de\/wp-json\/wp\/v2\/pages\/13\/revisions\/28390"}],"wp:attachment":[{"href":"https:\/\/test4.mi-backup.ch\/de\/wp-json\/wp\/v2\/media?parent=13"}],"curies":[{"name":"wp","href":"https:\/\/api.w.org\/{rel}","templated":true}]}}