{"id":14,"date":"2015-07-30T18:44:27","date_gmt":"2015-07-30T18:44:27","guid":{"rendered":"http:\/\/migration.mi-admin.ch\/demilitia-immaculataegeschichtliche-entwicklung-der-mi\/"},"modified":"2017-03-23T21:10:56","modified_gmt":"2017-03-23T20:10:56","slug":"geschichtliche-entwicklung-der-mi","status":"publish","type":"page","link":"https:\/\/test4.mi-backup.ch\/de\/geschichtliche-entwicklung-der-mi\/","title":{"rendered":"Geschichtliche Entwicklung der MI"},"content":{"rendered":"<div style=\"width: 250; float: right;\">\n<p><img loading=\"lazy\" class=\"alignright\" src=\"https:\/\/test4.mi-backup.ch\/wp-content\/uploads\/media\/kolbe16.jpg\" width=\"250\" height=\"154\" align=\"bottom\" border=\"1\" hspace=\"5\" vspace=\"5\" \/><\/p>\n<p><img loading=\"lazy\" src=\"https:\/\/test4.mi-backup.ch\/wp-content\/uploads\/media\/niepokalanow3.jpg\" alt=\"\" width=\"250\" height=\"155\" align=\"right\" border=\"1\" \/><\/p>\n<p><img loading=\"lazy\" src=\"https:\/\/test4.mi-backup.ch\/wp-content\/uploads\/media\/niepokalanow4.jpg\" alt=\"\" width=\"250\" height=\"147\" align=\"right\" border=\"1\" hspace=\"0\" \/><\/p>\n<p><img loading=\"lazy\" src=\"https:\/\/test4.mi-backup.ch\/wp-content\/uploads\/media\/niepokalanow1.jpg\" alt=\"\" width=\"250\" height=\"161\" align=\"right\" border=\"1\" hspace=\"0\" \/><\/p>\n<\/div>\n<p>Ein Jahr nach der Gr\u00fcndung empfing die MI den Apostolischen Segen von Papst Benedikt XV. Am 2. Januar 1922 wurde sie vom r\u00f6mischen Vikariat unter Papst Benedikt XV. als Pia Unio approbiert, und im Jahre 1927 zur Pia Unio Primaria erhoben, was bedeutet, dass die MI \u00fcberall Filialen gr\u00fcnden darf.<\/p>\n<p>Seither verbreitete sich die MI auf der ganzen Welt in geradezu wunderbarer Weise. 1927 gr\u00fcndete P. Maximilian NIEPOKALANOW (die Stadt der Unbefleckten), um dort das Ideal der 3. Stufe der MI zu verwirklichen. Auf einem St\u00fcck Ackerland entstand eine kleine Stadt, die 12 Jahre nach der Gr\u00fcndung 762 Ordensbr\u00fcder z\u00e4hlte, die sich mit Eifer allen m\u00f6glichen Formen des marianischen Apostolates hingaben, besonders des Schriftenapostolats: unter den elf dort herausgegebenen periodischen Schriften gab es eine Tageszeitung, die im Jahre 1939 eine Auflage von 250 000 Exemplaren erreichte, besonders aber die Monatsschrift \u201eRitter der Unbefleckten\u201d mit einer Auflage von fast einer Million Exemplare in polnischer Sprache. Diese Schrift wurde in verschiedenen Sprachen herausgegeben, sogar in japanisch und auch in lateinisch f\u00fcr die Geistlichkeit.<\/p>\n<p>Im Jahre 1930 gr\u00fcndete P. Kolbe eine zweite \u201eStadt der Unbefleckten\u201d in Nagasaki, die auf wunderbare Weise von der Atombombenkatastrophe 1945 bewahrte geblieben ist. Anfang der 60-er Jahre besass die MI 500 Filialen auf allen 5 Kontinenten und z\u00e4hlte mehr als 3 Millionen Mitglieder.<\/p>\n","protected":false},"excerpt":{"rendered":"<p>Ein Jahr nach der Gr\u00fcndung empfing die MI den Apostolischen Segen von Papst Benedikt XV. Am 2. Januar 1922 wurde sie vom r\u00f6mischen Vikariat unter Papst Benedikt XV. als Pia Unio approbiert, und im Jahre 1927 zur Pia Unio Primaria erhoben, was bedeutet, dass die MI \u00fcberall Filialen gr\u00fcnden darf.<a class=\"more-link\" href=\"https:\/\/test4.mi-backup.ch\/de\/geschichtliche-entwicklung-der-mi\/\">Weiterlesen &rarr;<\/a><\/p>\n","protected":false},"author":9,"featured_media":0,"parent":0,"menu_order":0,"comment_status":"closed","ping_status":"closed","template":"","meta":[],"_links":{"self":[{"href":"https:\/\/test4.mi-backup.ch\/de\/wp-json\/wp\/v2\/pages\/14"}],"collection":[{"href":"https:\/\/test4.mi-backup.ch\/de\/wp-json\/wp\/v2\/pages"}],"about":[{"href":"https:\/\/test4.mi-backup.ch\/de\/wp-json\/wp\/v2\/types\/page"}],"author":[{"embeddable":true,"href":"https:\/\/test4.mi-backup.ch\/de\/wp-json\/wp\/v2\/users\/9"}],"replies":[{"embeddable":true,"href":"https:\/\/test4.mi-backup.ch\/de\/wp-json\/wp\/v2\/comments?post=14"}],"version-history":[{"count":10,"href":"https:\/\/test4.mi-backup.ch\/de\/wp-json\/wp\/v2\/pages\/14\/revisions"}],"predecessor-version":[{"id":4169,"href":"https:\/\/test4.mi-backup.ch\/de\/wp-json\/wp\/v2\/pages\/14\/revisions\/4169"}],"wp:attachment":[{"href":"https:\/\/test4.mi-backup.ch\/de\/wp-json\/wp\/v2\/media?parent=14"}],"curies":[{"name":"wp","href":"https:\/\/api.w.org\/{rel}","templated":true}]}}