{"id":16,"date":"2016-02-19T10:59:56","date_gmt":"2016-02-19T10:59:56","guid":{"rendered":"http:\/\/migration.mi-admin.ch\/demilitia-immaculataeerweckung-der-mi-in-der-katholischen-tradition\/"},"modified":"2022-09-22T21:44:42","modified_gmt":"2022-09-22T19:44:42","slug":"erweckung-der-mi-in-der-katholischen-tradition","status":"publish","type":"page","link":"https:\/\/test4.mi-backup.ch\/de\/erweckung-der-mi-in-der-katholischen-tradition\/","title":{"rendered":"Erweckung der MI in der katholischen Tradition"},"content":{"rendered":"<figure style=\"width: 250px\" class=\"wp-caption alignright\"><img loading=\"lazy\" src=\"https:\/\/test4.mi-backup.ch\/wp-content\/uploads\/media\/Fatima.PathtoPeace.Stehlin_(Copy).png\" width=\"250\" height=\"153\" align=\"top\" border=\"1\" hspace=\"5\" vspace=\"5\" \/><figcaption class=\"wp-caption-text\">Pater Karl Stehlin FSSPX, der Erwecker der urspr\u00fcnglichen MI in der katholischen Tradition<\/figcaption><\/figure>\n<p>Die MI wurde am 6. Mai 2000 in Polen im Geist und gem\u00e4\u00df dem Wortlaut seiner urspr\u00fcnglichen Statuten wiedererweckt. Dies geschah durch den Oberen der Priesterbruderschaft St. Pius X in Polen mit Erlaubnis seines Generaloberen, Bischofs Bernard Fellay, gem\u00e4\u00df den Prinzipien der supplement\u00e4ren Jurisdiktion.<\/p>\n<p>Im Februar 2002 schrieb der Generalobere in einem Brief an die Mitglieder der Priesterbruderschaft: \u201eIch kann Sie nur dazu einladen, sich dieser wunderbaren, ganz apostolischen Initiative anzunehmen und sie zu verbreiten. Wir sehen in ihr eine vollkommene \u00dcbereinstimmung mit Fatima einerseits und andererseits mit jener frommen Hingabe, die unsere Statuten von uns gegen\u00fcber der allerseligsten Jungfrau Maria einfordern\u201d.<\/p>\n<figure style=\"width: 250px\" class=\"wp-caption alignright\"><img loading=\"lazy\" src=\"https:\/\/test4.mi-backup.ch\/wp-content\/uploads\/media\/bishop_fellay_sspx_superior_general460.jpg\" width=\"250\" height=\"226\" align=\"top\" border=\"1\" hspace=\"5\" vspace=\"5\" \/><figcaption class=\"wp-caption-text\">Bischof Bernard Fellay, der ehemalige Generalobere der Priesterbruderschaft St. Pius X<\/figcaption><\/figure>\n<p>Die traditionelle MI wurde mittleweile in zahlreichen L\u00e4ndern gegr\u00fcndet und z\u00e4hlt \u00fcber 120&#8217;000 Mitglieder (Stand 2022).<\/p>\n<p>Wenn jemand im deutschen Sprachraum der MI beitreten will, kann er sich an jeden Priester wenden, um die Aufnahmezeremonie zu vollziehen (siehe <a href=\"https:\/\/test4.mi-backup.ch\/de\/leitfaden-zur-mi-aufnahme\/\">Leitfaden zur Aufnahme<\/a> sowie <a href=\"https:\/\/test4.mi-backup.ch\/de\/aufnahmezeremonie\/\">Aufnahmezeremonie<\/a>). Man wird aber erst dann als \u201eRitter der Immaculata\u201d anerkannt, wenn das Diplom der Mitgliedschaft vom Priester unterzeichnet und in das Register der Zentrale der MI eingeschrieben ist.<\/p>\n","protected":false},"excerpt":{"rendered":"<p>Die MI wurde am 6. Mai 2000 in Polen im Geist und gem\u00e4\u00df dem Wortlaut seiner urspr\u00fcnglichen Statuten wiedererweckt. Dies geschah durch den Oberen der Priesterbruderschaft St. Pius X in Polen mit Erlaubnis seines Generaloberen, Bischofs Bernard Fellay, gem\u00e4\u00df den Prinzipien der supplement\u00e4ren Jurisdiktion. Im Februar 2002 schrieb der Generalobere<a class=\"more-link\" href=\"https:\/\/test4.mi-backup.ch\/de\/erweckung-der-mi-in-der-katholischen-tradition\/\">Weiterlesen &rarr;<\/a><\/p>\n","protected":false},"author":9,"featured_media":0,"parent":0,"menu_order":0,"comment_status":"closed","ping_status":"closed","template":"","meta":[],"_links":{"self":[{"href":"https:\/\/test4.mi-backup.ch\/de\/wp-json\/wp\/v2\/pages\/16"}],"collection":[{"href":"https:\/\/test4.mi-backup.ch\/de\/wp-json\/wp\/v2\/pages"}],"about":[{"href":"https:\/\/test4.mi-backup.ch\/de\/wp-json\/wp\/v2\/types\/page"}],"author":[{"embeddable":true,"href":"https:\/\/test4.mi-backup.ch\/de\/wp-json\/wp\/v2\/users\/9"}],"replies":[{"embeddable":true,"href":"https:\/\/test4.mi-backup.ch\/de\/wp-json\/wp\/v2\/comments?post=16"}],"version-history":[{"count":9,"href":"https:\/\/test4.mi-backup.ch\/de\/wp-json\/wp\/v2\/pages\/16\/revisions"}],"predecessor-version":[{"id":79415,"href":"https:\/\/test4.mi-backup.ch\/de\/wp-json\/wp\/v2\/pages\/16\/revisions\/79415"}],"wp:attachment":[{"href":"https:\/\/test4.mi-backup.ch\/de\/wp-json\/wp\/v2\/media?parent=16"}],"curies":[{"name":"wp","href":"https:\/\/api.w.org\/{rel}","templated":true}]}}