{"id":17137,"date":"2019-05-27T21:27:58","date_gmt":"2019-05-27T19:27:58","guid":{"rendered":"https:\/\/test4.mi-backup.ch\/?page_id=17137"},"modified":"2019-05-27T21:59:53","modified_gmt":"2019-05-27T19:59:53","slug":"diverse-vortraege","status":"publish","type":"page","link":"https:\/\/test4.mi-backup.ch\/de\/diverse-vortraege\/","title":{"rendered":"Diverse Vortr\u00e4ge"},"content":{"rendered":"<h3>Predigten<\/h3>\n<p>16.01.2016, Wil, Schweiz<\/p>\n<p style=\"padding-left: 30px;\"><a href=\"https:\/\/test4.mi-backup.ch\/wp-content\/uploads\/media\/Audio\/160117_Mgr_Fellay_Predigt_Kana.mp3\" target=\"_blank\" rel=\"noopener noreferrer\" class=\"broken_link\">Predigt von Bischof Fellay \u00fcber das Evangelium von Kana und die Bedeutung Mariens als unsere Mutter<\/a><\/p>\n<p>08.12.2015, Enney\/Schweiz<\/p>\n<p style=\"padding-left: 30px;\"><a href=\"https:\/\/test4.mi-backup.ch\/wp-content\/uploads\/media\/Audio\/Unbefleckte_Empfaengnis_2015.MP3\" target=\"_blank\" rel=\"noopener noreferrer\" class=\"broken_link\">Predigt von Pater Heinrich M\u00f6rgeli zum Fest der Unbefleckten Empf\u00e4ngnis<\/a><\/p>\n<p>03.05.2015, Wil SG, Pater Stefan Frey, Distriktoberer \u00d6sterreichs<\/p>\n<p style=\"padding-left: 30px;\"><a href=\"https:\/\/test4.mi-backup.ch\/wp-content\/uploads\/media\/Audio\/PSFrey_2015.05.03_Predigt.mp3\" target=\"_blank\" rel=\"noopener noreferrer\" class=\"broken_link\">Predigt: Die Wundert\u00e4tige Medaille &#8211; ein \u00fcberaus kostbarer Schatz des Himmels<\/a><br \/>\n<a href=\"https:\/\/test4.mi-backup.ch\/wp-content\/uploads\/media\/Audio\/PSFrey_2015.05.03_Ansprache.mp3\" target=\"_blank\" rel=\"noopener noreferrer\" class=\"broken_link\">Ansprache zur Maiandacht: Ite missa est &#8211; Geht hin, ihr seid gesandt! -Die Berufung der Laien zum Apostolat<\/a><\/p>\n<p>23.11.2014, M\u00fcnchen<\/p>\n<p style=\"padding-left: 30px;\"><a href=\"https:\/\/test4.mi-backup.ch\/wp-content\/uploads\/media\/Audio\/141123_trutt_pfingsten_24.mp3\" target=\"_blank\" rel=\"noopener noreferrer\" class=\"broken_link\">Predigt von Pater Helmut Trutt: Ein Diener Mariens geht nie verloren<\/a><\/p>\n<p>08.12.2014, M\u00fcnchen:<\/p>\n<p style=\"padding-left: 30px;\"><a href=\"https:\/\/test4.mi-backup.ch\/wp-content\/uploads\/media\/Audio\/141208_trutt_mariafest.mp3\" target=\"_blank\" rel=\"noopener noreferrer\" class=\"broken_link\">Predigt von Pater Helmut Trutt zum Fest Mari\u00e4 Unbefl. Empf\u00e4ngis u. Gr\u00fcndung der Militia Immaculatae<\/a><\/p>\n<h3>Vortr\u00e4ge<\/h3>\n<p>05.02.2017, Einkehrtag in Rheinhausen, Deutschland<\/p>\n<p style=\"padding-left: 30px;\"><a href=\"https:\/\/test4.mi-backup.ch\/wp-content\/uploads\/2017\/02\/1_MI-Einkehrtag_Rheinhausen_170205_Maria-unsere-Mutter_Die-Bedeutung-des-Jahres-2017.mp3\" target=\"_blank\" rel=\"noopener noreferrer\" class=\"broken_link\">Maria unsere Mutter &#8211; Die Bedeutung des Jahres 2017<\/a><br \/>\n<a href=\"https:\/\/test4.mi-backup.ch\/wp-content\/uploads\/2017\/02\/2_MI-Einkehrtag_Rheinhausen_170205_Die-Mittlerschaft-Mariens-im-Lichte-von-Fatima.mp3\" target=\"_blank\" rel=\"noopener noreferrer\" class=\"broken_link\">Die Mittlerschaft Mariens im Lichte von Fatima<\/a><br \/>\n<a href=\"https:\/\/test4.mi-backup.ch\/wp-content\/uploads\/2017\/02\/3_MI-Einkehrtag_Rheinhausen_170205_Der-Ritter-Mariens-Werkzeug-der-N\u00e4chstenliebe.mp3\" target=\"_blank\" rel=\"noopener noreferrer\" class=\"broken_link\">Der Ritter, Mariens Werkzeug der N\u00e4chstenliebe<\/a><br \/>\n<a href=\"https:\/\/test4.mi-backup.ch\/wp-content\/uploads\/2017\/02\/4_MI-Einkehrtag_Rheinhausen_170205_Die-Mittel-des-Kampfes-mit-Maria.mp3\" target=\"_blank\" rel=\"noopener noreferrer\" class=\"broken_link\">Die Mittel des Kampfes mit Maria<\/a><br \/>\n<a href=\"https:\/\/test4.mi-backup.ch\/wp-content\/uploads\/2017\/02\/PREDIGT-S\u00fchnenacht_170204_Die-Andacht-der-S\u00fchnesamstage-im-Hinblick-auf-2017.mp3\" target=\"_blank\" rel=\"noopener noreferrer\" class=\"broken_link\">Die Andacht der S\u00fchnesamstage im Hinblick auf 2017<\/a><\/p>\n<p>04.12.2016, Oberriet, Schweiz<\/p>\n<p style=\"padding-left: 30px;\"><a href=\"https:\/\/test4.mi-backup.ch\/wp-content\/uploads\/2016\/07\/Vortrag-ueber-die-MI-04-12-2016-Oberriet-BA.mp3\" target=\"_blank\" rel=\"noopener noreferrer\" class=\"broken_link\">Die Militia Immaculatae &#8211; Die Antwort auf den Ruf Mariens in Fatima von Benjamin Aepli<\/a><\/p>\n<p>17.01.2016, Wil, Schweiz<\/p>\n<p style=\"padding-left: 30px;\"><a href=\"https:\/\/test4.mi-backup.ch\/wp-content\/uploads\/media\/Audio\/160117_Mgr_Fellay_Vortrag_Fatima.mp3\" class=\"broken_link\">Die Bedeutung Fatimas heute<\/a><a href=\"https:\/\/test4.mi-backup.ch\/wp-content\/uploads\/media\/Audio\/160117_Mgr_Fellay_Vortrag_Fatima.mp3\" class=\"broken_link\"> von S.E. Msgr. Fellay anl\u00e4sslich des zehnj\u00e4hrigen Bestehens der MI in Wil<\/a><\/p>\n<p>09.02.2014, Darmstadt<\/p>\n<p style=\"padding-left: 30px;\"><a href=\"https:\/\/test4.mi-backup.ch\/wp-content\/uploads\/2017\/03\/P.-M.-Kolbe-und-die-Immaculata-Inge-Th\u00fcrkauf.mp3\" target=\"_blank\" rel=\"noopener noreferrer\" class=\"broken_link\">Pater Maximilian Kolbe und die Immaculata von Inge Th\u00fcrkauf<\/a><\/p>\n","protected":false},"excerpt":{"rendered":"<p>Predigten 16.01.2016, Wil, Schweiz Predigt von Bischof Fellay \u00fcber das Evangelium von Kana und die Bedeutung Mariens als unsere Mutter 08.12.2015, Enney\/Schweiz Predigt von Pater Heinrich M\u00f6rgeli zum Fest der Unbefleckten Empf\u00e4ngnis 03.05.2015, Wil SG, Pater Stefan Frey, Distriktoberer \u00d6sterreichs Predigt: Die Wundert\u00e4tige Medaille &#8211; ein \u00fcberaus kostbarer Schatz des<a class=\"more-link\" href=\"https:\/\/test4.mi-backup.ch\/de\/diverse-vortraege\/\">Weiterlesen &rarr;<\/a><\/p>\n","protected":false},"author":9,"featured_media":0,"parent":0,"menu_order":0,"comment_status":"closed","ping_status":"closed","template":"","meta":[],"_links":{"self":[{"href":"https:\/\/test4.mi-backup.ch\/de\/wp-json\/wp\/v2\/pages\/17137"}],"collection":[{"href":"https:\/\/test4.mi-backup.ch\/de\/wp-json\/wp\/v2\/pages"}],"about":[{"href":"https:\/\/test4.mi-backup.ch\/de\/wp-json\/wp\/v2\/types\/page"}],"author":[{"embeddable":true,"href":"https:\/\/test4.mi-backup.ch\/de\/wp-json\/wp\/v2\/users\/9"}],"replies":[{"embeddable":true,"href":"https:\/\/test4.mi-backup.ch\/de\/wp-json\/wp\/v2\/comments?post=17137"}],"version-history":[{"count":3,"href":"https:\/\/test4.mi-backup.ch\/de\/wp-json\/wp\/v2\/pages\/17137\/revisions"}],"predecessor-version":[{"id":17168,"href":"https:\/\/test4.mi-backup.ch\/de\/wp-json\/wp\/v2\/pages\/17137\/revisions\/17168"}],"wp:attachment":[{"href":"https:\/\/test4.mi-backup.ch\/de\/wp-json\/wp\/v2\/media?parent=17137"}],"curies":[{"name":"wp","href":"https:\/\/api.w.org\/{rel}","templated":true}]}}