{"id":18,"date":"2016-02-25T00:33:19","date_gmt":"2016-02-25T00:33:19","guid":{"rendered":"http:\/\/migration.mi-admin.ch\/demilitia-immaculataeablaesse\/"},"modified":"2021-10-15T20:57:10","modified_gmt":"2021-10-15T18:57:10","slug":"ablaesse","status":"publish","type":"page","link":"https:\/\/test4.mi-backup.ch\/de\/ablaesse\/","title":{"rendered":"Abl\u00e4sse"},"content":{"rendered":"<h2><a href=\"https:\/\/test4.mi-backup.ch\/wp-content\/uploads\/2021\/10\/church_general.jpg\"><img loading=\"lazy\" class=\"size-medium wp-image-41358 alignright\" src=\"https:\/\/test4.mi-backup.ch\/wp-content\/uploads\/2021\/10\/church_general-240x300.jpg\" alt=\"\" width=\"240\" height=\"300\" srcset=\"https:\/\/test4.mi-backup.ch\/wp-content\/uploads\/2021\/10\/church_general-240x300.jpg 240w, https:\/\/test4.mi-backup.ch\/wp-content\/uploads\/2021\/10\/church_general-768x958.jpg 768w, https:\/\/test4.mi-backup.ch\/wp-content\/uploads\/2021\/10\/church_general-425x530.jpg 425w, https:\/\/test4.mi-backup.ch\/wp-content\/uploads\/2021\/10\/church_general-600x749.jpg 600w, https:\/\/test4.mi-backup.ch\/wp-content\/uploads\/2021\/10\/church_general.jpg 783w\" sizes=\"(max-width: 240px) 100vw, 240px\" \/><\/a>Die der MI gew\u00e4hrten Abl\u00e4sse<\/h2>\n<div>Gem\u00e4ss dem Breve von Papst Pius XI. am 18. Dezember 1926, k\u00f6nnen die Mitglieder der MI einen vollkommenen Ablass (vollkommener Nachlass der S\u00fcndenstrafen) an folgenden Tagen gewinnen:<\/div>\n<ul>\n<li>am Tag der Aufnahme in die MI<\/li>\n<li>am Fest der Erscheinung U.L. Frau in Lourdes (11. Februar)<\/li>\n<li>am Fest Maria Verk\u00fcndigung (25. M\u00e4rz)<\/li>\n<li>am Tag der 1. Erscheinung U.L. Frau in Fatima (13. Mai)<\/li>\n<li>am Fest Maria Himmelfahrt (15. August)<\/li>\n<li>am Fest des hl. Franziskus von Assisi (4. Oktober)<\/li>\n<li>am Jahrestag der Gr\u00fcndung der MI (16. Oktober)<\/li>\n<li>am Fest der Wundert\u00e4tigen Medaille (27. November)<\/li>\n<li>am Fest der Unbefleckten Empf\u00e4ngnis (8. Dezember)<\/li>\n<\/ul>\n<div>Bedingungen zum Empfang des vollkommenen Ablasses: ausser den gew\u00f6hnlichen Bedingungen (siehe unten), muss man das Versprechen erneuern, die Statuten der MI zu beobachten und sie getreu bewahren.<\/div>\n<div>\n<hr \/>\n<\/div>\n<h2>Anhang mit generellen Fragen zum Ablass<\/h2>\n<div>\n<h5><strong>Was sind Abl\u00e4sse?<\/strong><\/h5>\n<p>\u201c1471-1479\/1498\u00a0 Abl\u00e4sse sind der Erlass einer zeitlichen Strafe vor Gott f\u00fcr S\u00fcnden, die hinsichtlich der Schuld schon vergeben sind. Einen solchen Erlass erlangt der Gl\u00e4ubige unter bestimmten Bedingungen f\u00fcr sich oder f\u00fcr die Verstorbenen durch den Dienst der Kirche, die als Vermittlerin der Erl\u00f6sung den Schatz der Verdienste Christi und der Heiligen austeilt.\u201d<\/p>\n<h5>\u00a0<strong>Gew\u00f6hnliche Bedingungen f\u00fcr einen vollkommen Ablass<br \/>\n<\/strong><\/h5>\n<ul>\n<li>Beichte (dabei gen\u00fcgt eine Beichte zur Gewinnung mehrerer Abl\u00e4sse. Wer alle vierzehn Tage beichtet kann jederzeit alle Abl\u00e4sse gewinnen, f\u00fcr welche die Beichte vorgeschrieben ist [<a href=\"http:\/\/www.kathpedia.com\/index.php?title=Katholischer_Katechismus_der_Bist%C3%BCmer_Deutschlands_1955#86._Der_Ablass\" target=\"_blank\" rel=\"noopener\">Quelle<\/a>])<\/li>\n<li>sakramentaler Kommunionempfang<\/li>\n<li>Gebet in der Meinung des Heiligen Vaters<\/li>\n<li>entschiedene Abkehr von jeder gewohnheitsm\u00e4ssigen Anh\u00e4nglichkeit an eine S\u00fcnde \u2013 auch eine l\u00e4ssliche<\/li>\n<\/ul>\n<p>Fehlt eine dieser Bedingungen kann dennoch ein Teilablass gewonnen werden.<\/p>\n<\/div>\n<div><\/div>\n","protected":false},"excerpt":{"rendered":"<p>Die der MI gew\u00e4hrten Abl\u00e4sse Gem\u00e4ss dem Breve von Papst Pius XI. am 18. Dezember 1926, k\u00f6nnen die Mitglieder der MI einen vollkommenen Ablass (vollkommener Nachlass der S\u00fcndenstrafen) an folgenden Tagen gewinnen: am Tag der Aufnahme in die MI am Fest der Erscheinung U.L. Frau in Lourdes (11. Februar) am<a class=\"more-link\" href=\"https:\/\/test4.mi-backup.ch\/de\/ablaesse\/\">Weiterlesen &rarr;<\/a><\/p>\n","protected":false},"author":9,"featured_media":0,"parent":0,"menu_order":0,"comment_status":"closed","ping_status":"closed","template":"","meta":[],"_links":{"self":[{"href":"https:\/\/test4.mi-backup.ch\/de\/wp-json\/wp\/v2\/pages\/18"}],"collection":[{"href":"https:\/\/test4.mi-backup.ch\/de\/wp-json\/wp\/v2\/pages"}],"about":[{"href":"https:\/\/test4.mi-backup.ch\/de\/wp-json\/wp\/v2\/types\/page"}],"author":[{"embeddable":true,"href":"https:\/\/test4.mi-backup.ch\/de\/wp-json\/wp\/v2\/users\/9"}],"replies":[{"embeddable":true,"href":"https:\/\/test4.mi-backup.ch\/de\/wp-json\/wp\/v2\/comments?post=18"}],"version-history":[{"count":10,"href":"https:\/\/test4.mi-backup.ch\/de\/wp-json\/wp\/v2\/pages\/18\/revisions"}],"predecessor-version":[{"id":41370,"href":"https:\/\/test4.mi-backup.ch\/de\/wp-json\/wp\/v2\/pages\/18\/revisions\/41370"}],"wp:attachment":[{"href":"https:\/\/test4.mi-backup.ch\/de\/wp-json\/wp\/v2\/media?parent=18"}],"curies":[{"name":"wp","href":"https:\/\/api.w.org\/{rel}","templated":true}]}}