{"id":19,"date":"2016-04-01T10:13:51","date_gmt":"2016-04-01T10:13:51","guid":{"rendered":"http:\/\/migration.mi-admin.ch\/demilitia-immaculataeleitfaden-zur-mi-aufnahme\/"},"modified":"2023-03-09T21:49:54","modified_gmt":"2023-03-09T20:49:54","slug":"leitfaden-zur-mi-aufnahme","status":"publish","type":"page","link":"https:\/\/test4.mi-backup.ch\/de\/leitfaden-zur-mi-aufnahme\/","title":{"rendered":"Leitfaden zur MI-Aufnahme"},"content":{"rendered":"<h3><img loading=\"lazy\" class=\"size-full wp-image-87837 alignright\" src=\"https:\/\/test4.mi-backup.ch\/wp-content\/uploads\/2023\/03\/Fatima_Wandermadonna_Copy1.jpg\" alt=\"\" width=\"270\" height=\"407\" srcset=\"https:\/\/test4.mi-backup.ch\/wp-content\/uploads\/2023\/03\/Fatima_Wandermadonna_Copy1.jpg 270w, https:\/\/test4.mi-backup.ch\/wp-content\/uploads\/2023\/03\/Fatima_Wandermadonna_Copy1-199x300.jpg 199w\" sizes=\"(max-width: 270px) 100vw, 270px\" \/>Wie werde ich MI-Mitglied?<\/h3>\n<p>Die Bedingung f\u00fcr die Aufnahme in die Militia Immaculatae ist das Befolgen der Statuten, welche der hl. Maximilian festgelegt hat und welche Sie <a href=\"https:\/\/test4.mi-backup.ch\/de\/militia-immaculatae\/\">hier<\/a> nachlesen k\u00f6nnen.<\/p>\n<p>Der heilige Pater Maximilian hat bewusst keine grossen Verpflichtungen aufgenommen, sodass es eigentlich jedem Menschen \u2013 unabh\u00e4ngig seines Geschlechtes, Standes und Alter \u2013 m\u00f6glich ist, ein Ritter der Immaculata zu werden.<\/p>\n<p>Nachstehend eine konkrete Anleitung, wie Sie MI-Mitglied werden k\u00f6nnen. Wenn m\u00f6glich suchen Sie sich doch noch Freunde oder Familienmitglieder, welche Sie auf dem Weg zum Ritter der Immaculata unterst\u00fctzen bzw. diese Weihe ebenfalls vollziehen m\u00f6chten.<\/p>\n<p>Wir empfehlen Ihnen folgende Schritte um Ritter der Unbefleckten zu werden:<\/p>\n<p><strong>1. Informieren Sie sich \u00fcber den Geist der MI \u2013 beispielsweise:<\/strong><\/p>\n<ul>\n<li>Schauen Sie sich das 10min Erkl\u00e4r-Video an: <a href=\"https:\/\/www.youtube.com\/watch?v=Om7ffv1Cf4Q\" target=\"_blank\" rel=\"noopener\">Die Weihe an Maria im Geiste der MI<\/a><\/li>\n<\/ul>\n<p><iframe loading=\"lazy\" title=\"YouTube video player\" src=\"https:\/\/www.youtube.com\/embed\/Om7ffv1Cf4Q\" width=\"560\" height=\"315\" frameborder=\"0\" allowfullscreen=\"allowfullscreen\"><\/iframe><\/p>\n<ul>\n<li>Schauen Sie sich die Videos \u00fcber den hl. Maximilian Kolbe und sein Werk an: <a href=\"https:\/\/www.youtube.com\/watch?v=FqEUs7DuS_g&amp;t=7s\" target=\"_blank\" rel=\"noopener\">Maximilian Kolbe &#8211; sein Leben und Werk<\/a><\/li>\n<li>Recherchieren Sie auf unserer Homepage und abonnieren Sie den <a href=\"https:\/\/test4.mi-backup.ch\/de\/newsletter\/\" target=\"_blank\" rel=\"noopener\">Newsletter<\/a> sowie den <a href=\"https:\/\/t.me\/MilitiaImmaculatae\" target=\"_blank\" rel=\"noopener\">Telegram-Kanal<\/a><\/li>\n<li>Lesen Sie die <a href=\"https:\/\/www.sarto.de\/der-heilige-pater-maximilian-kolbe\" target=\"_blank\" rel=\"noopener\">Biografie \u00fcber den heiligen Maximilian Kolbe<\/a> (Buch von Maria Winowska) und das MI-Buch &#8220;<a href=\"https:\/\/www.sarto.de\/die-immaculata-unser-ideal\" target=\"_blank\" rel=\"noopener\" class=\"broken_link\">Die Immaculata \u2013 unser Ideal<\/a>&#8220;<\/li>\n<li>H\u00f6ren Sie diverse Vortr\u00e4ge \u00fcber die MI und die Immaculata &#8211; kostenlos auf unserem <a href=\"https:\/\/www.youtube.com\/Militiaimmaculatae\" target=\"_blank\" rel=\"noopener\">YouTube Kanal<\/a>.<\/li>\n<\/ul>\n<p class=\"MsoNormal\"><strong>2<span style=\"mso-fareast-font-family: Verdana; mso-bidi-font-family: Verdana;\"><span style=\"mso-list: Ignore;\">. <\/span><\/span>Kontaktieren Sie fr\u00fchzeitig einen Priester<\/strong> und bitten Sie darum, bei ihm die Aufnahmezeremonie zu vollziehen. Es empfiehlt sich, die Aufnahme auf eine Marienfest zu planen \u2013 beispielsweise den 25. M\u00e4rz (Fest Maria Verk\u00fcndigung) oder 8. Dezember (Fest der Unbefleckten Empf\u00e4ngnis) oder ein anderes Marienfest. Falls Sie keinen Priester finden, <a href=\"https:\/\/test4.mi-backup.ch\/de\/kontakt\/\">kontaktieren Sie uns<\/a>.<\/p>\n<p class=\"MsoNormal\"><strong><span style=\"mso-fareast-font-family: Verdana; mso-bidi-font-family: Verdana;\"><span style=\"mso-list: Ignore;\">3. <\/span><\/span>Bereiten Sie sich geistig auf die MI-Weihe vor<\/strong>. Dazu dient Ihnen das B\u00fcchlein &#8220;<a href=\"https:\/\/test4.mi-backup.ch\/de\/leitfaden-zur-mi-aufnahme\/\">Die Weihe an die Immaculata<\/a>&#8221; von Pater Stehlin. Es enth\u00e4lt eine Einf\u00fchrung, eine <strong>13-t\u00e4gige Vorbereitung und die vollst\u00e4ndige Aufnahmezeremonie<\/strong>.<\/p>\n<p class=\"MsoNormal\"><strong><span style=\"mso-fareast-font-family: Verdana; mso-bidi-font-family: Verdana;\"><span style=\"mso-list: Ignore;\">4. <\/span><\/span>Legen Sie die MI-Weihe ab<\/strong> (<a href=\"https:\/\/test4.mi-backup.ch\/de\/aufnahmezeremonie\/\">hier gehts zur Aufnahmezeremonie)<\/a><\/p>\n<p class=\"MsoNormal\">Hinweis: Man wird erst dann als \u201eRitter der Immaculata\u201d anerkannt, wenn das Diplom der Mitgliedschaft vom Priester unterzeichnet und in das Register der Zentrale der MI eingeschrieben ist. Bei der Aufnahme erh\u00e4lt man vom Priester das Zertifikat und das MI-Abzeichen. Die zust\u00e4ndigen Priester k\u00f6nnen die n\u00f6tigen Formulare und Abzeichen bei uns <a href=\"https:\/\/test4.mi-backup.ch\/de\/kontakt\/\">bestellen<\/a>. Es empfielt sich bereits vorg\u00e4ngig das MI-Gebetsheft zu besorgen.<\/p>\n<p class=\"MsoNormal\"><strong><span style=\"mso-fareast-font-family: Verdana; mso-bidi-font-family: Verdana;\"><span style=\"mso-list: Ignore;\">5. <\/span><\/span>Leben Sie im Geiste der MI.<\/strong> Geistig dienlich ist dabei auch das Gebetsheft der Militia Immaculatae mit den Tagzeiten zu Ehren der Unbefleckten Empf\u00e4ngnis, enbenso gibt es f\u00fcr die Mitglieder ein Abzeichen als \u00e4usseres Erkennungsmerkmal. &#8211; siehe <a href=\"https:\/\/test4.mi-backup.ch\/de\/literatur-und-cds\/\" class=\"broken_link\">Literatur<\/a>.<\/p>\n<p class=\"MsoListParagraphCxSpLast\">6. Vielleicht haben Sie die M\u00f6glichkeit zusammen <strong>mit anderen Rittern der MI<\/strong> eine <a href=\"https:\/\/test4.mi-backup.ch\/de\/leitfaden-zur-gruendung-einer-mi-gruppe\/\">Gruppe zu gr\u00fcnden<\/a>.<\/p>\n","protected":false},"excerpt":{"rendered":"<p>Wie werde ich MI-Mitglied? Die Bedingung f\u00fcr die Aufnahme in die Militia Immaculatae ist das Befolgen der Statuten, welche der hl. Maximilian festgelegt hat und welche Sie hier nachlesen k\u00f6nnen. Der heilige Pater Maximilian hat bewusst keine grossen Verpflichtungen aufgenommen, sodass es eigentlich jedem Menschen \u2013 unabh\u00e4ngig seines Geschlechtes, Standes<a class=\"more-link\" href=\"https:\/\/test4.mi-backup.ch\/de\/leitfaden-zur-mi-aufnahme\/\">Weiterlesen &rarr;<\/a><\/p>\n","protected":false},"author":9,"featured_media":0,"parent":0,"menu_order":0,"comment_status":"closed","ping_status":"closed","template":"","meta":[],"_links":{"self":[{"href":"https:\/\/test4.mi-backup.ch\/de\/wp-json\/wp\/v2\/pages\/19"}],"collection":[{"href":"https:\/\/test4.mi-backup.ch\/de\/wp-json\/wp\/v2\/pages"}],"about":[{"href":"https:\/\/test4.mi-backup.ch\/de\/wp-json\/wp\/v2\/types\/page"}],"author":[{"embeddable":true,"href":"https:\/\/test4.mi-backup.ch\/de\/wp-json\/wp\/v2\/users\/9"}],"replies":[{"embeddable":true,"href":"https:\/\/test4.mi-backup.ch\/de\/wp-json\/wp\/v2\/comments?post=19"}],"version-history":[{"count":11,"href":"https:\/\/test4.mi-backup.ch\/de\/wp-json\/wp\/v2\/pages\/19\/revisions"}],"predecessor-version":[{"id":87847,"href":"https:\/\/test4.mi-backup.ch\/de\/wp-json\/wp\/v2\/pages\/19\/revisions\/87847"}],"wp:attachment":[{"href":"https:\/\/test4.mi-backup.ch\/de\/wp-json\/wp\/v2\/media?parent=19"}],"curies":[{"name":"wp","href":"https:\/\/api.w.org\/{rel}","templated":true}]}}