{"id":25,"date":"2015-07-18T16:31:22","date_gmt":"2015-07-18T16:31:22","guid":{"rendered":"http:\/\/migration.mi-admin.ch\/demilitia-immaculatae\/"},"modified":"2017-03-23T20:51:01","modified_gmt":"2017-03-23T19:51:01","slug":"militia-immaculatae","status":"publish","type":"page","link":"https:\/\/test4.mi-backup.ch\/de\/militia-immaculatae\/","title":{"rendered":"Die Militia"},"content":{"rendered":"<p style=\"text-align: right;\"><img loading=\"lazy\" class=\"alignright\" src=\"\/\/test4.mi-backup.ch\/wp-content\/uploads\/media\/kolbe4.jpg.jpg\" alt=\"\" width=\"250\" height=\"373\" align=\"top\" border=\"1\" hspace=\"5\" vspace=\"5\" \/><\/p>\n<p style=\"text-align: justify;\">Die Militia Immaculatae <span class=\"st\">(lateinisch, \u00fcbersetzt: Ritterschaft der Unbefleckten) geht auf den <\/span><span class=\"st\">hl. Pater Maximilian Kolbe zur\u00fcck.<\/span><\/p>\n<p><span class=\"st\">Pater Kolbe gr\u00fcndete 1917 in Rom zusammen mit anderen Franziskanern die katholische Organisation Militia Immaculatae (MI), die nach dem Ende des Ersten Weltkrieges ein eigenes Missionszentrum erbaute: Niepokalan\u00f3w in der N\u00e4he von Warschau. Nach der Idee des hl. Maximilian handelt es sich dabei um eine geistige Armee im Dienste der Immaculata im Kampf um die Rettung der Seelen. <\/span><\/p>\n<p><span class=\"st\">(Siehe <a href=\"https:\/\/test4.mi-backup.ch\/de\/ursprung-der-mi\/\">Ursprung<\/a> der MI und <a href=\"\/\/test4.mi-backup.ch\/wp-content\/uploads\/media\/Synthese_ApokalypseFatimaMI.pdf\">\u00dcbereinstimmung<\/a> der MI mit der Apokalypse und der Offenbarung Mariens in Fatima)<\/span><\/p>\n<h2>Die urspr\u00fcnglichen Statuten der MI<\/h2>\n<p><em>(Wir halten uns an diese Originalstatuten, welche vom hl. Maximilian handschriftlich verfasst wurden.)<\/em><\/p>\n<blockquote><p>\u201eSie wird dir das Haupt zertreten.\u201d (Gen 3, 15)<\/p>\n<p>\u201eDu allein hast alle H\u00e4resien auf der ganzen Welt besiegt.\u201d (aus dem r\u00f6m. Brevier)<\/p><\/blockquote>\n<h3>I. Ziel:<\/h3>\n<p>Sich bem\u00fchen um die Bekehrung der S\u00fcnder, H\u00e4retiker, Schismatiker etc., besonders der Freimaurer; und um die Heiligung aller unter dem Schutz und durch die Vermittlung der Unbefleckten Jungfrau.<\/p>\n<p style=\"text-align: right;\"><img loading=\"lazy\" class=\"alignright\" src=\"\/\/test4.mi-backup.ch\/wp-content\/uploads\/media\/Statuten.jpg\" alt=\"\" width=\"250\" height=\"389\" align=\"top\" border=\"1\" hspace=\"5\" vspace=\"5\" \/><\/p>\n<h3>II. Bedingungen:<\/h3>\n<ol>\n<li>Hingabe seiner selbst an die Unbefleckte Jungfrau Maria, als Instrument in Ihren Unbefleckten H\u00e4nden.<\/li>\n<li>Das Tragen der Wundert\u00e4tigen Medaille.<\/li>\n<\/ol>\n<h3>III. Mittel:<\/h3>\n<ol>\n<li>Wenn m\u00f6glich, wenigstens einmal t\u00e4glich die folgende Anrufung beten: \u201eO Maria, ohne S\u00fcnde empfangen, bitte f\u00fcr uns, die wir zu Dir unsere Zuflucht nehmen, und f\u00fcr alle, die ihre Zuflucht nicht zu Dir nehmen, besonders f\u00fcr die Freimaurer und f\u00fcr alle Dir Anempfohlenen\u201d.<\/li>\n<li>Alle legitimen Mittel ben\u00fctzen im Ma\u00dfe des M\u00f6glichen, gem\u00e4\u00df der Verschiedenheit des Lebensstandes, der Lebensbedingungen und Umst\u00e4nde eines jeden, und dies mit Eifer und Klugheit. Vor allem aber die Verbreitung der Wundert\u00e4tigen Medaille.<\/li>\n<\/ol>\n<p>N.B. Diese Mittel sind nur empfohlen als Ratschl\u00e4ge und nicht als Verpflichtung, keines verpflichtet unter S\u00fcnde, nicht einmal einer l\u00e4sslichen. Unser Hauptbeweggrund besteht darin, dass die gr\u00f6\u00dftm\u00f6gliche Anzahl von Seelen sich mit dem hl. Herzen Jesu vereinige durch die Mittlerschaft der Immaculata.<\/p>\n","protected":false},"excerpt":{"rendered":"<p>Die Militia Immaculatae (lateinisch, \u00fcbersetzt: Ritterschaft der Unbefleckten) geht auf den hl. Pater Maximilian Kolbe zur\u00fcck. Pater Kolbe gr\u00fcndete 1917 in Rom zusammen mit anderen Franziskanern die katholische Organisation Militia Immaculatae (MI), die nach dem Ende des Ersten Weltkrieges ein eigenes Missionszentrum erbaute: Niepokalan\u00f3w in der N\u00e4he von Warschau. Nach<a class=\"more-link\" href=\"https:\/\/test4.mi-backup.ch\/de\/militia-immaculatae\/\">Weiterlesen &rarr;<\/a><\/p>\n","protected":false},"author":9,"featured_media":0,"parent":0,"menu_order":0,"comment_status":"closed","ping_status":"closed","template":"","meta":[],"_links":{"self":[{"href":"https:\/\/test4.mi-backup.ch\/de\/wp-json\/wp\/v2\/pages\/25"}],"collection":[{"href":"https:\/\/test4.mi-backup.ch\/de\/wp-json\/wp\/v2\/pages"}],"about":[{"href":"https:\/\/test4.mi-backup.ch\/de\/wp-json\/wp\/v2\/types\/page"}],"author":[{"embeddable":true,"href":"https:\/\/test4.mi-backup.ch\/de\/wp-json\/wp\/v2\/users\/9"}],"replies":[{"embeddable":true,"href":"https:\/\/test4.mi-backup.ch\/de\/wp-json\/wp\/v2\/comments?post=25"}],"version-history":[{"count":10,"href":"https:\/\/test4.mi-backup.ch\/de\/wp-json\/wp\/v2\/pages\/25\/revisions"}],"predecessor-version":[{"id":4159,"href":"https:\/\/test4.mi-backup.ch\/de\/wp-json\/wp\/v2\/pages\/25\/revisions\/4159"}],"wp:attachment":[{"href":"https:\/\/test4.mi-backup.ch\/de\/wp-json\/wp\/v2\/media?parent=25"}],"curies":[{"name":"wp","href":"https:\/\/api.w.org\/{rel}","templated":true}]}}