{"id":28,"date":"2016-09-05T13:45:45","date_gmt":"2016-09-05T13:45:45","guid":{"rendered":"http:\/\/migration.mi-admin.ch\/deueber-uns\/"},"modified":"2017-03-23T21:37:32","modified_gmt":"2017-03-23T20:37:32","slug":"ueber-uns","status":"publish","type":"page","link":"https:\/\/test4.mi-backup.ch\/de\/ueber-uns\/","title":{"rendered":"Standorte"},"content":{"rendered":"<h2>\u00dcber uns<\/h2>\n<p><img class=\"alignright\" style=\"width: 150px; height: 212px; border-width: 1px; border-style: solid; margin: 5px; float: right;\" src=\"https:\/\/test4.mi-backup.ch\/wp-content\/uploads\/media\/kolbe6.jpg.jpg\" alt=\"\" \/>Die Militia Immaculatae wurde 1917 in Rom vom hl. Maximilian Kolbe als ein Werk der Kirche gegr\u00fcndet. Sie ist eine Reaktion auf die Angriffe gegen die Kirche und die Seelen, eine geistige Armee und eine Ritterschaft unter dem Heerbanner der Immaculata.<\/p>\n<p>Die MI wurde nach dem II. Vatikanischen Konzil dem neuen modernistischen Geist angepasst. Sie durfte nicht l\u00e4nger k\u00e4mpferisch und missionarisch sein. Deshalb wurde die MI im Jahr 2000 von der Priesterbruderschaft St. Pius X. wieder in ihrem urspr\u00fcnglichen Geist gegr\u00fcndet und von Bischof Bernard Fellay zur Verbreitung empfohlen.<\/p>\n<p>Angesichts der zunehmenden Kirchenkrise und der sich zuspitzenden \u201eEntscheidungsschlacht\u201c (Maria in Fatima), scheint eine entschlossene Kampfestruppe unter dem Banner der \u201emit der Sonne umkleideten Frau\u201c der Apokalypse n\u00f6tiger denn je.<\/p>\n<p>Das Wesen der MI besteht in der Weihe an die Immaculata. Die Ritter geben sich ihrer K\u00f6nigin als Instrument hin, um zuerst durch Gebet und Opfer, sodann auch durch \u00e4ussere Apostolatswerke, insbesondere die Verbreitung der Wundert\u00e4tigen Medaille, das Reich Christi durch Maria auszubreiten und die Seelen zu retten. Dadurch kann die MI als eine konkrete Antwort auf die Forderungen Mariens in Fatima bezeichnet werden.<\/p>\n<p><img class=\"alignright\" style=\"width: 150px; height: 133px; border-width: 1px; border-style: solid; margin: 5px; float: right;\" src=\"https:\/\/test4.mi-backup.ch\/wp-content\/uploads\/media\/Aktuelles\/2016\/Pater_Stehlin_Indien_2_(Copy).jpg\" alt=\"\" \/>Pater Karl Stehlin SSPX wurde im April 2016 von Bischof Fellay zum internationalen Direktor ernannt. Die MI erfreut sich einer guten Verbreitung, z\u00e4hlt aktuell (September 2016) rund 16000 Mitglieder und hat schon auf der ganzen Welt Fuss gefasst.<\/p>\n<h3>MI-Schweiz<\/h3>\n<p>Am Fest der Unbefleckten Empf\u00e4ngnis Mariens, am 8. Dezember 2014, wurde die MI-Schweiz als Verein in Wil SG gegr\u00fcndet, nachdem es bereits seit 2006 die Gruppe St. Maximilian Kolbe gab.<\/p>\n<p>Weitere Details zur MI-Schweiz finden Sie hier: <a href=\"https:\/\/test4.mi-backup.ch\/de\/schweiz\/\">MI-Schweiz<\/a><\/p>\n<h3>MI-Deutschland<\/h3>\n<p>Am Fest der Unbefleckten Empf\u00e4ngnis Mariens, am 8. Dezember 2014, wurde die MI-Deutschland in M\u00fcnchen gegr\u00fcndet.<\/p>\n<p>Weitere Details zur MI-Deutschland finden Sie hier: <a href=\"https:\/\/test4.mi-backup.ch\/de\/deutschland\/\">MI-Deutschland<\/a><\/p>\n<h3>MI-\u00d6sterreich<\/h3>\n<p>Am Pfingstmontag, am 25. Mai 2015 wurde die MI-\u00d6sterreich in Graz gegr\u00fcndet.<\/p>\n<p>Weitere Details zur MI-\u00d6sterreich finden Sie hier: <a href=\"https:\/\/test4.mi-backup.ch\/de\/oesterreich\/\">MI-\u00d6sterreich<\/a><\/p>\n","protected":false},"excerpt":{"rendered":"<p>\u00dcber uns Die Militia Immaculatae wurde 1917 in Rom vom hl. Maximilian Kolbe als ein Werk der Kirche gegr\u00fcndet. Sie ist eine Reaktion auf die Angriffe gegen die Kirche und die Seelen, eine geistige Armee und eine Ritterschaft unter dem Heerbanner der Immaculata. Die MI wurde nach dem II. Vatikanischen<a class=\"more-link\" href=\"https:\/\/test4.mi-backup.ch\/de\/ueber-uns\/\">Weiterlesen &rarr;<\/a><\/p>\n","protected":false},"author":9,"featured_media":0,"parent":0,"menu_order":0,"comment_status":"closed","ping_status":"closed","template":"","meta":[],"_links":{"self":[{"href":"https:\/\/test4.mi-backup.ch\/de\/wp-json\/wp\/v2\/pages\/28"}],"collection":[{"href":"https:\/\/test4.mi-backup.ch\/de\/wp-json\/wp\/v2\/pages"}],"about":[{"href":"https:\/\/test4.mi-backup.ch\/de\/wp-json\/wp\/v2\/types\/page"}],"author":[{"embeddable":true,"href":"https:\/\/test4.mi-backup.ch\/de\/wp-json\/wp\/v2\/users\/9"}],"replies":[{"embeddable":true,"href":"https:\/\/test4.mi-backup.ch\/de\/wp-json\/wp\/v2\/comments?post=28"}],"version-history":[{"count":4,"href":"https:\/\/test4.mi-backup.ch\/de\/wp-json\/wp\/v2\/pages\/28\/revisions"}],"predecessor-version":[{"id":4210,"href":"https:\/\/test4.mi-backup.ch\/de\/wp-json\/wp\/v2\/pages\/28\/revisions\/4210"}],"wp:attachment":[{"href":"https:\/\/test4.mi-backup.ch\/de\/wp-json\/wp\/v2\/media?parent=28"}],"curies":[{"name":"wp","href":"https:\/\/api.w.org\/{rel}","templated":true}]}}