{"id":29,"date":"2016-05-09T20:59:29","date_gmt":"2016-05-09T20:59:29","guid":{"rendered":"http:\/\/migration.mi-admin.ch\/despenden\/"},"modified":"2022-06-15T16:28:42","modified_gmt":"2022-06-15T14:28:42","slug":"spenden","status":"publish","type":"page","link":"https:\/\/test4.mi-backup.ch\/de\/spenden\/","title":{"rendered":"Spenden"},"content":{"rendered":"<p><img loading=\"lazy\" class=\"alignnone wp-image-32926 size-full\" src=\"https:\/\/test4.mi-backup.ch\/wp-content\/uploads\/2020\/11\/spenden_oben.jpg\" alt=\"\" width=\"800\" height=\"180\" srcset=\"https:\/\/test4.mi-backup.ch\/wp-content\/uploads\/2020\/11\/spenden_oben.jpg 800w, https:\/\/test4.mi-backup.ch\/wp-content\/uploads\/2020\/11\/spenden_oben-300x68.jpg 300w, https:\/\/test4.mi-backup.ch\/wp-content\/uploads\/2020\/11\/spenden_oben-768x173.jpg 768w, https:\/\/test4.mi-backup.ch\/wp-content\/uploads\/2020\/11\/spenden_oben-425x96.jpg 425w, https:\/\/test4.mi-backup.ch\/wp-content\/uploads\/2020\/11\/spenden_oben-600x135.jpg 600w\" sizes=\"(max-width: 800px) 100vw, 800px\" \/><\/p>\n<p><strong>Bei uns investieren Sie nicht nur nachhaltig, sondern mit Ewigkeitswert!<br \/>\n<\/strong><\/p>\n<p><a href=\"https:\/\/test4.mi-backup.ch\/wp-content\/uploads\/2020\/12\/Spende_wirkung.jpg\"><img loading=\"lazy\" class=\"alignright wp-image-33174 size-medium\" src=\"https:\/\/test4.mi-backup.ch\/wp-content\/uploads\/2020\/12\/Spende_wirkung-300x159.jpg\" alt=\"\" width=\"300\" height=\"159\" srcset=\"https:\/\/test4.mi-backup.ch\/wp-content\/uploads\/2020\/12\/Spende_wirkung-300x159.jpg 300w, https:\/\/test4.mi-backup.ch\/wp-content\/uploads\/2020\/12\/Spende_wirkung-425x225.jpg 425w, https:\/\/test4.mi-backup.ch\/wp-content\/uploads\/2020\/12\/Spende_wirkung-600x317.jpg 600w, https:\/\/test4.mi-backup.ch\/wp-content\/uploads\/2020\/12\/Spende_wirkung.jpg 664w\" sizes=\"(max-width: 300px) 100vw, 300px\" \/><\/a>Die Militia Immaculatae setzt sich ein f\u00fcr die weltweite Verbreitung der Wundert\u00e4tigen Medaille, des Rosenkranzes und des Skapuliers. Es sind die drei Sakramentalien, die Maria uns selbst gegeben hat f\u00fcr die Rettung der Seelen. Durch diese Mittel wirkt Maria als Mutter und Mittlerin aller Gnaden. Helfen Sie der Gottesmutter Seelen retten! Jede Seele wird Ihnen in Ewigkeit dankbar sein!<br \/>\nD\u00fcrfen wir Sie als Bettler der Immaculata um Ihre Unterst\u00fctzung f\u00fcr unser Apostolat bitten? Vergelt\u2019s Gott!<\/p>\n<p>Die Mutter Gottes l\u00e4sst sich punkto Gro\u00dfherzigkeit nie \u00fcberbieten, sondern wird Ihnen jedes Opfer ganz gewiss reich vergelten!<\/p>\n<blockquote><p>Wussten Sie? Der Verein ist nicht profitorientiert, alle &#8220;Mitarbeiter&#8221; der MI arbeiten ehrenamtlich (abgesehen von einer kleinen Teilzeitanstellung des Gesch\u00e4ftsf\u00fchrers der MI-Schweiz). Die Spenden gehen deshalb direkt in das Apostolat und der Verein ist deshalb auch steuerbefreit.<\/p><\/blockquote>\n<h3>Sofort-Spende<\/h3>\n<p><img loading=\"lazy\" class=\"alignleft wp-image-32818\" src=\"https:\/\/test4.mi-backup.ch\/wp-content\/uploads\/2020\/11\/zahlungsmoeglichkeiten-1-300x300.jpg\" alt=\"\" width=\"200\" height=\"200\" srcset=\"https:\/\/test4.mi-backup.ch\/wp-content\/uploads\/2020\/11\/zahlungsmoeglichkeiten-1-300x300.jpg 300w, https:\/\/test4.mi-backup.ch\/wp-content\/uploads\/2020\/11\/zahlungsmoeglichkeiten-1-150x150.jpg 150w, https:\/\/test4.mi-backup.ch\/wp-content\/uploads\/2020\/11\/zahlungsmoeglichkeiten-1-32x32.jpg 32w, https:\/\/test4.mi-backup.ch\/wp-content\/uploads\/2020\/11\/zahlungsmoeglichkeiten-1.jpg 400w, https:\/\/test4.mi-backup.ch\/wp-content\/uploads\/2020\/11\/zahlungsmoeglichkeiten-1-100x100.jpg 100w\" sizes=\"(max-width: 200px) 100vw, 200px\" \/><\/p>\n<p>Hier k\u00f6nnen Sie direkt online spenden &#8211; Sie haben mehrere Zahlungsm\u00f6glichkeiten zur Auswahl:<br \/>\nF\u00fcr EUR: Kreditkarten, Paypal, Sofort\u00fcberweisung, SEPA-Lastschrift<br \/>\nF\u00fcr CHF: Kreditkarten, Paypal, Sofort\u00fcberweisung, Twint<\/p>\n<p><strong><a href=\"https:\/\/test4.mi-backup.ch\/de\/sofort-spende-eur\/\">\u00bb Sofort-Spende in EUR<\/a><\/strong><\/p>\n<p><strong><a href=\"https:\/\/test4.mi-backup.ch\/de\/sofort-spende-chf\/\">\u00bb Sofort-Spende in CHF<\/a> <\/strong><\/p>\n<hr \/>\n<h3>MI-G\u00f6nner werden<\/h3>\n<p><img loading=\"lazy\" class=\"wp-image-32831 alignleft\" src=\"https:\/\/test4.mi-backup.ch\/wp-content\/uploads\/2020\/11\/goenner_werden1-300x300.jpg\" alt=\"\" width=\"200\" height=\"200\" srcset=\"https:\/\/test4.mi-backup.ch\/wp-content\/uploads\/2020\/11\/goenner_werden1-300x300.jpg 300w, https:\/\/test4.mi-backup.ch\/wp-content\/uploads\/2020\/11\/goenner_werden1-150x150.jpg 150w, https:\/\/test4.mi-backup.ch\/wp-content\/uploads\/2020\/11\/goenner_werden1-32x32.jpg 32w, https:\/\/test4.mi-backup.ch\/wp-content\/uploads\/2020\/11\/goenner_werden1.jpg 400w, https:\/\/test4.mi-backup.ch\/wp-content\/uploads\/2020\/11\/goenner_werden1-100x100.jpg 100w\" sizes=\"(max-width: 200px) 100vw, 200px\" \/><\/p>\n<p>MI-G\u00f6nner erm\u00f6glichen uns dauerhaftes und nachhaltiges Apostolat. Schon ab 10.- im Monat k\u00f6nnen Sie MI-G\u00f6nner werden! Das Apostolat der MI ist kostenintensiv, jedes Flugblatt, jede Medaille und jeder Rosenkranz kostet. Doch h\u00e4ngt die Rettung vieler Seelen von deren Verbreitung ab!<\/p>\n<p><strong>Ihre Vorteile als MI-G\u00f6nner:<\/strong><\/p>\n<ul>\n<li>Sie erhalten einen Ritter-Rosenkranz als Geschenk (ab 120.- pro Jahr)<\/li>\n<li>Sie werden in der monatlichen hl. Messe f\u00fcr die G\u00f6nner am Herz-Mari\u00e4-S\u00fchnesamstag miteingeschlossen<\/li>\n<li>Sie k\u00f6nnen die MI-G\u00f6nnerschaft jederzeit k\u00fcndigen<\/li>\n<li>Sie k\u00f6nnen sicher sein, dass die Immaculata Ihre Unterst\u00fctzung ewiglich vergelten wird<\/li>\n<\/ul>\n<p><strong><a href=\"https:\/\/test4.mi-backup.ch\/de\/goenner-werden-eur\/\">\u00bb MI-G\u00f6nner werden EUR<\/a><\/strong><\/p>\n<p><strong><a href=\"https:\/\/test4.mi-backup.ch\/de\/goenner-werden-chf\/\">\u00bb MI-G\u00f6nner werden CHF<\/a><\/strong><\/p>\n<hr \/>\n<h3>Projektspenden<\/h3>\n<p>Hier k\u00f6nnen Sie gezielt einzelne unserer Projekte unterst\u00fctzen. Diese finden Sie nachstehend kurz vorgestellt.<\/p>\n<p><strong>1) Projektspende: f\u00fcr die Missionen: Wundert\u00e4tige Medaillen und Rosenkr\u00e4nze<br \/>\n<\/strong><\/p>\n<p><img loading=\"lazy\" class=\"wp-image-32842 alignleft\" src=\"https:\/\/test4.mi-backup.ch\/wp-content\/uploads\/2020\/11\/spenden_mission1-300x300.jpg\" alt=\"\" width=\"200\" height=\"200\" srcset=\"https:\/\/test4.mi-backup.ch\/wp-content\/uploads\/2020\/11\/spenden_mission1-300x300.jpg 300w, https:\/\/test4.mi-backup.ch\/wp-content\/uploads\/2020\/11\/spenden_mission1-150x150.jpg 150w, https:\/\/test4.mi-backup.ch\/wp-content\/uploads\/2020\/11\/spenden_mission1-32x32.jpg 32w, https:\/\/test4.mi-backup.ch\/wp-content\/uploads\/2020\/11\/spenden_mission1.jpg 400w, https:\/\/test4.mi-backup.ch\/wp-content\/uploads\/2020\/11\/spenden_mission1-100x100.jpg 100w\" sizes=\"(max-width: 200px) 100vw, 200px\" \/><\/p>\n<p>Die MI versendet Medaillen und Rosenkr\u00e4nze in \u00fcber 50 L\u00e4nder. Inbesondere die armen Missionsl\u00e4nder unterst\u00fctzen wir damit kostenlos, da diese nicht in der Lage sind, f\u00fcr die Kosten aufzukommen. F\u00fcr dieses Jahr rechnen wir mit Unterst\u00fctzungsbedarf von EUR 8\u2018000.<\/p>\n<p><strong><a href=\"https:\/\/test4.mi-backup.ch\/de\/spendenprojekt-missionen-eur\/\">\u00bb Projekt &#8220;Missionen&#8221; unterst\u00fctzen in EUR<\/a><\/strong><\/p>\n<p><strong><a href=\"https:\/\/test4.mi-backup.ch\/de\/spendenprojekt-missionen-chf\/\">\u00bb Projekt &#8220;Missionen&#8221; unterst\u00fctzen in CHF<\/a><\/strong><\/p>\n<p>Wussten Sie? Allein die Versandgeb\u00fchren f\u00fcr ein Paket in die Missionsl\u00e4nder kosten 70.- bis 140.-<\/p>\n<p>&nbsp;<\/p>\n<p><strong>2) Projektspende: Neuanschaffung 10\u2018000 Rosenkr\u00e4nze f\u00fcr das Apostolat<\/strong><\/p>\n<p><img loading=\"lazy\" class=\"wp-image-32851 alignleft\" src=\"https:\/\/test4.mi-backup.ch\/wp-content\/uploads\/2020\/11\/spenden_rosenkranz1-300x300.jpg\" alt=\"\" width=\"200\" height=\"200\" srcset=\"https:\/\/test4.mi-backup.ch\/wp-content\/uploads\/2020\/11\/spenden_rosenkranz1-300x300.jpg 300w, https:\/\/test4.mi-backup.ch\/wp-content\/uploads\/2020\/11\/spenden_rosenkranz1-150x150.jpg 150w, https:\/\/test4.mi-backup.ch\/wp-content\/uploads\/2020\/11\/spenden_rosenkranz1-32x32.jpg 32w, https:\/\/test4.mi-backup.ch\/wp-content\/uploads\/2020\/11\/spenden_rosenkranz1.jpg 400w, https:\/\/test4.mi-backup.ch\/wp-content\/uploads\/2020\/11\/spenden_rosenkranz1-100x100.jpg 100w\" sizes=\"(max-width: 200px) 100vw, 200px\" \/><\/p>\n<p>Im Rahmen unseres Apostolates verschenken wir viele Rosenkr\u00e4nze. Um den Rosenkranz inkl. Brosch\u00fcre weiterhin zu verbreiten, ben\u00f6tigen wir rund EUR 16\u2018000 f\u00fcr die Neuanschaffung von weiteren 10\u2018000 Rosenkr\u00e4nzen (inkl. Brosch\u00fcren).<\/p>\n<p>Unterst\u00fctzen Sie die weitere Verbreitung des Rosenkranzes mit Ihrer Spende.<\/p>\n<p><strong><a href=\"https:\/\/test4.mi-backup.ch\/de\/spendenprojekt-rosenkraenze-eur\/\">\u00bb Projekt &#8220;Neuanschaffung Rosenkr\u00e4nze&#8221; unterst\u00fctzen in EUR<\/a><\/strong><\/p>\n<p><a href=\"https:\/\/test4.mi-backup.ch\/de\/spendenprojekt-rosenkraenze-chf\/\"><strong>\u00bb Projekt &#8220;Neuanschaffung Rosenkr\u00e4nze&#8221; unterst\u00fctzen in CHF<\/strong><\/a><\/p>\n<hr \/>\n<h3>Bank\u00fcberweisung<\/h3>\n<h3><img loading=\"lazy\" class=\"wp-image-32798 alignleft\" src=\"https:\/\/test4.mi-backup.ch\/wp-content\/uploads\/2020\/11\/einzahlungsschein-300x300.jpg\" alt=\"\" width=\"200\" height=\"200\" srcset=\"https:\/\/test4.mi-backup.ch\/wp-content\/uploads\/2020\/11\/einzahlungsschein-300x300.jpg 300w, https:\/\/test4.mi-backup.ch\/wp-content\/uploads\/2020\/11\/einzahlungsschein-150x150.jpg 150w, https:\/\/test4.mi-backup.ch\/wp-content\/uploads\/2020\/11\/einzahlungsschein-32x32.jpg 32w, https:\/\/test4.mi-backup.ch\/wp-content\/uploads\/2020\/11\/einzahlungsschein.jpg 400w, https:\/\/test4.mi-backup.ch\/wp-content\/uploads\/2020\/11\/einzahlungsschein-100x100.jpg 100w\" sizes=\"(max-width: 200px) 100vw, 200px\" \/><\/h3>\n<p>Die f\u00fcr uns g\u00fcnstigste Variante ist die normale Bank\u00fcberweisung &#8211; sei es als Einzelspende oder als Dauerauftrag.<\/p>\n<p><strong><a href=\"https:\/\/test4.mi-backup.ch\/de\/spendenkonto\/\">\u00bb Bankverbindungen<\/a><\/strong><\/p>\n<p>&nbsp;<\/p>\n<p>&nbsp;<\/p>\n<hr \/>\n<h3>Kontakt bei Fragen zum Thema &#8220;Spenden&#8221;<\/h3>\n<p><img loading=\"lazy\" class=\"wp-image-32951 alignleft\" src=\"https:\/\/test4.mi-backup.ch\/wp-content\/uploads\/2020\/11\/spenden_contact1-300x300.jpg\" alt=\"\" width=\"200\" height=\"200\" srcset=\"https:\/\/test4.mi-backup.ch\/wp-content\/uploads\/2020\/11\/spenden_contact1-300x300.jpg 300w, https:\/\/test4.mi-backup.ch\/wp-content\/uploads\/2020\/11\/spenden_contact1-150x150.jpg 150w, https:\/\/test4.mi-backup.ch\/wp-content\/uploads\/2020\/11\/spenden_contact1-32x32.jpg 32w, https:\/\/test4.mi-backup.ch\/wp-content\/uploads\/2020\/11\/spenden_contact1.jpg 400w, https:\/\/test4.mi-backup.ch\/wp-content\/uploads\/2020\/11\/spenden_contact1-100x100.jpg 100w\" sizes=\"(max-width: 200px) 100vw, 200px\" \/>Sollten Sie Fragen oder Anregungen haben, nehmen Sie mit uns Kontakt auf.<\/p>\n<p><strong><a href=\"https:\/\/test4.mi-backup.ch\/de\/kontakt-spenden\/\">\u00bb Kontakt zum Thema &#8220;Spenden&#8221;<\/a><\/strong><\/p>\n<h3><\/h3>\n","protected":false},"excerpt":{"rendered":"<p>Bei uns investieren Sie nicht nur nachhaltig, sondern mit Ewigkeitswert! Die Militia Immaculatae setzt sich ein f\u00fcr die weltweite Verbreitung der Wundert\u00e4tigen Medaille, des Rosenkranzes und des Skapuliers. Es sind die drei Sakramentalien, die Maria uns selbst gegeben hat f\u00fcr die Rettung der Seelen. Durch diese Mittel wirkt Maria als<a class=\"more-link\" href=\"https:\/\/test4.mi-backup.ch\/de\/spenden\/\">Weiterlesen &rarr;<\/a><\/p>\n","protected":false},"author":9,"featured_media":0,"parent":0,"menu_order":0,"comment_status":"closed","ping_status":"closed","template":"","meta":[],"_links":{"self":[{"href":"https:\/\/test4.mi-backup.ch\/de\/wp-json\/wp\/v2\/pages\/29"}],"collection":[{"href":"https:\/\/test4.mi-backup.ch\/de\/wp-json\/wp\/v2\/pages"}],"about":[{"href":"https:\/\/test4.mi-backup.ch\/de\/wp-json\/wp\/v2\/types\/page"}],"author":[{"embeddable":true,"href":"https:\/\/test4.mi-backup.ch\/de\/wp-json\/wp\/v2\/users\/9"}],"replies":[{"embeddable":true,"href":"https:\/\/test4.mi-backup.ch\/de\/wp-json\/wp\/v2\/comments?post=29"}],"version-history":[{"count":11,"href":"https:\/\/test4.mi-backup.ch\/de\/wp-json\/wp\/v2\/pages\/29\/revisions"}],"predecessor-version":[{"id":64160,"href":"https:\/\/test4.mi-backup.ch\/de\/wp-json\/wp\/v2\/pages\/29\/revisions\/64160"}],"wp:attachment":[{"href":"https:\/\/test4.mi-backup.ch\/de\/wp-json\/wp\/v2\/media?parent=29"}],"curies":[{"name":"wp","href":"https:\/\/api.w.org\/{rel}","templated":true}]}}