{"id":29229,"date":"2020-06-30T18:30:16","date_gmt":"2020-06-30T16:30:16","guid":{"rendered":"https:\/\/test4.mi-backup.ch\/?page_id=29229"},"modified":"2022-02-03T10:18:27","modified_gmt":"2022-02-03T09:18:27","slug":"ehrenamtliche-mitarbeit","status":"publish","type":"page","link":"https:\/\/test4.mi-backup.ch\/de\/ehrenamtliche-mitarbeit\/","title":{"rendered":"Ehrenamtliche Mitarbeit"},"content":{"rendered":"<div class=\"col-lg-10 col-md-9\">\n<p><img loading=\"lazy\" class=\"alignnone wp-image-29259 size-full\" src=\"https:\/\/test4.mi-backup.ch\/wp-content\/uploads\/2020\/07\/ehrenamtliche.jpg\" alt=\"\" width=\"800\" height=\"180\" srcset=\"https:\/\/test4.mi-backup.ch\/wp-content\/uploads\/2020\/07\/ehrenamtliche.jpg 800w, https:\/\/test4.mi-backup.ch\/wp-content\/uploads\/2020\/07\/ehrenamtliche-300x68.jpg 300w, https:\/\/test4.mi-backup.ch\/wp-content\/uploads\/2020\/07\/ehrenamtliche-768x173.jpg 768w, https:\/\/test4.mi-backup.ch\/wp-content\/uploads\/2020\/07\/ehrenamtliche-425x96.jpg 425w, https:\/\/test4.mi-backup.ch\/wp-content\/uploads\/2020\/07\/ehrenamtliche-600x135.jpg 600w\" sizes=\"(max-width: 800px) 100vw, 800px\" \/><\/p>\n<p>Liebe Ritter der Immaculata, liebe Leser<\/p>\n<p>Die Militia Immaculatae lebt ausschlie\u00dflich von <a href=\"https:\/\/test4.mi-backup.ch\/de\/spenden\/\">Spenden<\/a>, ist nicht profit-orientiert und deshalb steuerbefreit und alle \u201eMitarbeiter\u201c arbeiten ehrenamtlich (abgesehen von einer kleinen Teilzeitanstellung des Gesch\u00e4ftsf\u00fchrers). Deshalb ist das \u201eWunder der MI\u201c \u00fcberhaupt m\u00f6glich: dass wir das wunderbare Apostolat \u00fcberall auf der Welt verbreiten k\u00f6nnen.<\/p>\n<figure id=\"attachment_29268\" aria-describedby=\"caption-attachment-29268\" style=\"width: 300px\" class=\"wp-caption alignright\"><img loading=\"lazy\" class=\"wp-image-29268 size-medium\" src=\"https:\/\/test4.mi-backup.ch\/wp-content\/uploads\/2020\/07\/Karte-Medaillenversand-53-L\u00e4nder-300x180.png\" alt=\"\" width=\"300\" height=\"180\" srcset=\"https:\/\/test4.mi-backup.ch\/wp-content\/uploads\/2020\/07\/Karte-Medaillenversand-53-L\u00e4nder-300x180.png 300w, https:\/\/test4.mi-backup.ch\/wp-content\/uploads\/2020\/07\/Karte-Medaillenversand-53-L\u00e4nder-768x462.png 768w, https:\/\/test4.mi-backup.ch\/wp-content\/uploads\/2020\/07\/Karte-Medaillenversand-53-L\u00e4nder-425x256.png 425w, https:\/\/test4.mi-backup.ch\/wp-content\/uploads\/2020\/07\/Karte-Medaillenversand-53-L\u00e4nder-600x361.png 600w, https:\/\/test4.mi-backup.ch\/wp-content\/uploads\/2020\/07\/Karte-Medaillenversand-53-L\u00e4nder.png 815w\" sizes=\"(max-width: 300px) 100vw, 300px\" \/><figcaption id=\"caption-attachment-29268\" class=\"wp-caption-text\">Wir versenden die Wundert\u00e4tigen Medaillen in mehr als 50 L\u00e4nder<\/figcaption><\/figure>\n<p><strong>Werden auch Sie Teil dieses Wunders<\/strong> und setzen Sie Ihre Talente da ein, wo Sie k\u00f6nnen. Je mehr sich einsetzen, desto fruchtbarer und effektiver ist unser Apostolat. Viele Arbeiten lassen sich \u00f6rtlich und zeitlich unabh\u00e4ngig erledigen. Der heilige Maximilian Kolbe, unser Gr\u00fcnder schrieb: \u201eLeide, bete und arbeite f\u00fcr die Immaculata, und sie wird sich um dich und deine Anliegen k\u00fcmmern.\u201c<\/p>\n<p>Und Papst Pius XII. ruft uns auf: \u201eDie Zuflucht zur Barmherzigkeit Mariens verlangt von jedem Gl\u00e4ubigen \u2026 neu zu pr\u00fcfen, <strong>welchen Beitrag er zum Heilswerk Gottes leisten kann<\/strong>, um einer Welt zu helfen, die heute auf ihren Untergang zusteuert.\u201c<\/p>\n<p>Melden Sie sich bei uns, wenn Sie sich einsetzen m\u00f6chten, insbesondere in den Bereichen:<\/p>\n<ul>\n<li>Redaktionelle Arbeiten<\/li>\n<li>Administrative Arbeiten<\/li>\n<li>\u00dcbersetzungen<\/li>\n<li>Foto- und Filmproduktion<\/li>\n<li>Web- und Grafikdesign<\/li>\n<li>Verpackung und Versand &#8211; insbesondere in den Regionen:\n<ul>\n<li>Schweiz: Wil (SG)<\/li>\n<li>Deutschland: M\u00fcnchen<\/li>\n<li>\u00d6sterreich: Jaidhof, Wien<\/li>\n<\/ul>\n<\/li>\n<\/ul>\n<p>Wir freuen uns \u00fcber Ihre <a href=\"https:\/\/test4.mi-backup.ch\/de\/kontaktkontaktformular-mi-schweiz\/\">Kontaktaufnahme<\/a>.<\/p>\n<\/div>\n<h3>Aktuell gesucht:<\/h3>\n<p><a href=\"https:\/\/test4.mi-backup.ch\/wp-content\/uploads\/2021\/07\/Mitarbeiter-Telefonapostolat-1.png\"><img loading=\"lazy\" class=\"alignnone wp-image-38407 size-medium\" src=\"https:\/\/test4.mi-backup.ch\/wp-content\/uploads\/2021\/07\/Mitarbeiter-Telefonapostolat-1-213x300.png\" alt=\"\" width=\"213\" height=\"300\" srcset=\"https:\/\/test4.mi-backup.ch\/wp-content\/uploads\/2021\/07\/Mitarbeiter-Telefonapostolat-1-213x300.png 213w, https:\/\/test4.mi-backup.ch\/wp-content\/uploads\/2021\/07\/Mitarbeiter-Telefonapostolat-1-727x1024.png 727w, https:\/\/test4.mi-backup.ch\/wp-content\/uploads\/2021\/07\/Mitarbeiter-Telefonapostolat-1-768x1082.png 768w, https:\/\/test4.mi-backup.ch\/wp-content\/uploads\/2021\/07\/Mitarbeiter-Telefonapostolat-1-1090x1536.png 1090w, https:\/\/test4.mi-backup.ch\/wp-content\/uploads\/2021\/07\/Mitarbeiter-Telefonapostolat-1-390x550.png 390w, https:\/\/test4.mi-backup.ch\/wp-content\/uploads\/2021\/07\/Mitarbeiter-Telefonapostolat-1-600x845.png 600w, https:\/\/test4.mi-backup.ch\/wp-content\/uploads\/2021\/07\/Mitarbeiter-Telefonapostolat-1.png 1240w\" sizes=\"(max-width: 213px) 100vw, 213px\" \/><\/a> <a href=\"https:\/\/test4.mi-backup.ch\/wp-content\/uploads\/2021\/07\/Grafikdesigner-1.png\"><img loading=\"lazy\" class=\"alignnone wp-image-38447 size-medium\" src=\"https:\/\/test4.mi-backup.ch\/wp-content\/uploads\/2021\/07\/Grafikdesigner-1-213x300.png\" alt=\"\" width=\"213\" height=\"300\" srcset=\"https:\/\/test4.mi-backup.ch\/wp-content\/uploads\/2021\/07\/Grafikdesigner-1-213x300.png 213w, https:\/\/test4.mi-backup.ch\/wp-content\/uploads\/2021\/07\/Grafikdesigner-1-727x1024.png 727w, https:\/\/test4.mi-backup.ch\/wp-content\/uploads\/2021\/07\/Grafikdesigner-1-768x1082.png 768w, https:\/\/test4.mi-backup.ch\/wp-content\/uploads\/2021\/07\/Grafikdesigner-1-1090x1536.png 1090w, https:\/\/test4.mi-backup.ch\/wp-content\/uploads\/2021\/07\/Grafikdesigner-1-390x550.png 390w, https:\/\/test4.mi-backup.ch\/wp-content\/uploads\/2021\/07\/Grafikdesigner-1-600x845.png 600w, https:\/\/test4.mi-backup.ch\/wp-content\/uploads\/2021\/07\/Grafikdesigner-1.png 1240w\" sizes=\"(max-width: 213px) 100vw, 213px\" \/><\/a> <a href=\"https:\/\/test4.mi-backup.ch\/wp-content\/uploads\/2021\/07\/Multimedia-Producer-2.png\"><img loading=\"lazy\" class=\"alignnone wp-image-38439 size-medium\" src=\"https:\/\/test4.mi-backup.ch\/wp-content\/uploads\/2021\/07\/Multimedia-Producer-2-213x300.png\" alt=\"\" width=\"213\" height=\"300\" srcset=\"https:\/\/test4.mi-backup.ch\/wp-content\/uploads\/2021\/07\/Multimedia-Producer-2-213x300.png 213w, https:\/\/test4.mi-backup.ch\/wp-content\/uploads\/2021\/07\/Multimedia-Producer-2-727x1024.png 727w, https:\/\/test4.mi-backup.ch\/wp-content\/uploads\/2021\/07\/Multimedia-Producer-2-768x1082.png 768w, https:\/\/test4.mi-backup.ch\/wp-content\/uploads\/2021\/07\/Multimedia-Producer-2-1090x1536.png 1090w, https:\/\/test4.mi-backup.ch\/wp-content\/uploads\/2021\/07\/Multimedia-Producer-2-390x550.png 390w, https:\/\/test4.mi-backup.ch\/wp-content\/uploads\/2021\/07\/Multimedia-Producer-2-600x845.png 600w, https:\/\/test4.mi-backup.ch\/wp-content\/uploads\/2021\/07\/Multimedia-Producer-2.png 1240w\" sizes=\"(max-width: 213px) 100vw, 213px\" \/><\/a> <a href=\"https:\/\/test4.mi-backup.ch\/wp-content\/uploads\/2021\/07\/Mitarbeiter-Homepage-1.png\"><img loading=\"lazy\" class=\"alignnone wp-image-38415 size-medium\" src=\"https:\/\/test4.mi-backup.ch\/wp-content\/uploads\/2021\/07\/Mitarbeiter-Homepage-1-213x300.png\" alt=\"\" width=\"213\" height=\"300\" srcset=\"https:\/\/test4.mi-backup.ch\/wp-content\/uploads\/2021\/07\/Mitarbeiter-Homepage-1-213x300.png 213w, https:\/\/test4.mi-backup.ch\/wp-content\/uploads\/2021\/07\/Mitarbeiter-Homepage-1-727x1024.png 727w, https:\/\/test4.mi-backup.ch\/wp-content\/uploads\/2021\/07\/Mitarbeiter-Homepage-1-768x1082.png 768w, https:\/\/test4.mi-backup.ch\/wp-content\/uploads\/2021\/07\/Mitarbeiter-Homepage-1-1090x1536.png 1090w, https:\/\/test4.mi-backup.ch\/wp-content\/uploads\/2021\/07\/Mitarbeiter-Homepage-1-390x550.png 390w, https:\/\/test4.mi-backup.ch\/wp-content\/uploads\/2021\/07\/Mitarbeiter-Homepage-1-600x845.png 600w, https:\/\/test4.mi-backup.ch\/wp-content\/uploads\/2021\/07\/Mitarbeiter-Homepage-1.png 1240w\" sizes=\"(max-width: 213px) 100vw, 213px\" \/><\/a><\/p>\n","protected":false},"excerpt":{"rendered":"<p>Liebe Ritter der Immaculata, liebe Leser Die Militia Immaculatae lebt ausschlie\u00dflich von Spenden, ist nicht profit-orientiert und deshalb steuerbefreit und alle \u201eMitarbeiter\u201c arbeiten ehrenamtlich (abgesehen von einer kleinen Teilzeitanstellung des Gesch\u00e4ftsf\u00fchrers). Deshalb ist das \u201eWunder der MI\u201c \u00fcberhaupt m\u00f6glich: dass wir das wunderbare Apostolat \u00fcberall auf der Welt verbreiten k\u00f6nnen.<a class=\"more-link\" href=\"https:\/\/test4.mi-backup.ch\/de\/ehrenamtliche-mitarbeit\/\">Weiterlesen &rarr;<\/a><\/p>\n","protected":false},"author":9,"featured_media":0,"parent":0,"menu_order":0,"comment_status":"closed","ping_status":"closed","template":"","meta":[],"_links":{"self":[{"href":"https:\/\/test4.mi-backup.ch\/de\/wp-json\/wp\/v2\/pages\/29229"}],"collection":[{"href":"https:\/\/test4.mi-backup.ch\/de\/wp-json\/wp\/v2\/pages"}],"about":[{"href":"https:\/\/test4.mi-backup.ch\/de\/wp-json\/wp\/v2\/types\/page"}],"author":[{"embeddable":true,"href":"https:\/\/test4.mi-backup.ch\/de\/wp-json\/wp\/v2\/users\/9"}],"replies":[{"embeddable":true,"href":"https:\/\/test4.mi-backup.ch\/de\/wp-json\/wp\/v2\/comments?post=29229"}],"version-history":[{"count":10,"href":"https:\/\/test4.mi-backup.ch\/de\/wp-json\/wp\/v2\/pages\/29229\/revisions"}],"predecessor-version":[{"id":50458,"href":"https:\/\/test4.mi-backup.ch\/de\/wp-json\/wp\/v2\/pages\/29229\/revisions\/50458"}],"wp:attachment":[{"href":"https:\/\/test4.mi-backup.ch\/de\/wp-json\/wp\/v2\/media?parent=29229"}],"curies":[{"name":"wp","href":"https:\/\/api.w.org\/{rel}","templated":true}]}}