{"id":32180,"date":"2020-10-29T22:22:00","date_gmt":"2020-10-29T21:22:00","guid":{"rendered":"https:\/\/test4.mi-backup.ch\/?page_id=32180"},"modified":"2020-11-06T17:55:22","modified_gmt":"2020-11-06T16:55:22","slug":"mi-anmeldeformular-2020","status":"publish","type":"page","link":"https:\/\/test4.mi-backup.ch\/de\/mi-anmeldeformular-2020\/","title":{"rendered":"MI-Anmeldeformular 2020"},"content":{"rendered":"<h6>Hinweis: Aufgrund der Corona-Situation ist es m\u00f6glich, dass nicht alle geplanten Aufnahmen durchgef\u00fchrt werden k\u00f6nnen. Bitte melden Sie sich dennoch an, sollte es am gew\u00fcnschten Termin nicht klappen, wird ein Alterntivtermin gesucht.<\/h6>\n<p>Ja, ich bin noch nicht MI-Mitglied und m\u00f6chte gerne die Weihe an die Immaculata im Geiste der MI ablegen:<\/p>\n<div class=\"wpforms-container wpforms-container-full\" id=\"wpforms-32176\"><form id=\"wpforms-form-32176\" class=\"wpforms-validate wpforms-form\" data-formid=\"32176\" method=\"post\" enctype=\"multipart\/form-data\" action=\"\/de\/wp-json\/wp\/v2\/pages\/32180\" data-token=\"9387e0f40ed0a87dc7e336815c7e01e3\" data-token-time=\"1777107710\"><noscript class=\"wpforms-error-noscript\">Bitte aktiviere JavaScript in deinem Browser, um dieses Formular fertigzustellen.<\/noscript><div class=\"wpforms-field-container\"><div id=\"wpforms-32176-field_11-container\" class=\"wpforms-field wpforms-field-text\" data-field-id=\"11\"><label class=\"wpforms-field-label\" for=\"wpforms-32176-field_11\">Gew\u00fcnschte MI-Aufnahme Ort &amp; Datum <span class=\"wpforms-required-label\">*<\/span><\/label><input type=\"text\" id=\"wpforms-32176-field_11\" class=\"wpforms-field-medium wpforms-field-required\" name=\"wpforms[fields][11]\" required><\/div><div id=\"wpforms-32176-field_0-container\" class=\"wpforms-field wpforms-field-name\" data-field-id=\"0\"><label class=\"wpforms-field-label\" for=\"wpforms-32176-field_0\">Vorname Name <span class=\"wpforms-required-label\">*<\/span><\/label><input type=\"text\" id=\"wpforms-32176-field_0\" class=\"wpforms-field-medium wpforms-field-required\" name=\"wpforms[fields][0]\" required><\/div><div id=\"wpforms-32176-field_3-container\" class=\"wpforms-field wpforms-field-text\" data-field-id=\"3\"><label class=\"wpforms-field-label\" for=\"wpforms-32176-field_3\">Adresse <span class=\"wpforms-required-label\">*<\/span><\/label><input type=\"text\" id=\"wpforms-32176-field_3\" class=\"wpforms-field-medium wpforms-field-required\" name=\"wpforms[fields][3]\" required><\/div><div id=\"wpforms-32176-field_19-container\" class=\"wpforms-field wpforms-field-text\" data-field-id=\"19\"><label class=\"wpforms-field-label\" for=\"wpforms-32176-field_19\">Adresse Zusatz (falls n\u00f6tig)<\/label><input type=\"text\" id=\"wpforms-32176-field_19\" class=\"wpforms-field-medium\" name=\"wpforms[fields][19]\" ><\/div><div id=\"wpforms-32176-field_5-container\" class=\"wpforms-field wpforms-field-text\" data-field-id=\"5\"><label class=\"wpforms-field-label\" for=\"wpforms-32176-field_5\">PLZ Ort <span class=\"wpforms-required-label\">*<\/span><\/label><input type=\"text\" id=\"wpforms-32176-field_5\" class=\"wpforms-field-medium wpforms-field-required\" name=\"wpforms[fields][5]\" required><\/div><div id=\"wpforms-32176-field_4-container\" class=\"wpforms-field wpforms-field-text\" data-field-id=\"4\"><label class=\"wpforms-field-label\" for=\"wpforms-32176-field_4\">Telefon <span class=\"wpforms-required-label\">*<\/span><\/label><input type=\"text\" id=\"wpforms-32176-field_4\" class=\"wpforms-field-medium wpforms-field-required\" name=\"wpforms[fields][4]\" required><\/div><div id=\"wpforms-32176-field_1-container\" class=\"wpforms-field wpforms-field-email\" data-field-id=\"1\"><label class=\"wpforms-field-label\" for=\"wpforms-32176-field_1\">E-Mail <span class=\"wpforms-required-label\">*<\/span><\/label><input type=\"email\" id=\"wpforms-32176-field_1\" class=\"wpforms-field-medium wpforms-field-required\" name=\"wpforms[fields][1]\" spellcheck=\"false\" required><\/div><div id=\"wpforms-32176-field_8-container\" class=\"wpforms-field wpforms-field-text\" data-field-id=\"8\"><label class=\"wpforms-field-label\" for=\"wpforms-32176-field_8\">Sonntags-Kapelle\/Kirche (inkl. Ort) <span class=\"wpforms-required-label\">*<\/span><\/label><input type=\"text\" id=\"wpforms-32176-field_8\" class=\"wpforms-field-medium wpforms-field-required\" name=\"wpforms[fields][8]\" required><div class=\"wpforms-field-description\">Wo gehen Sie \u00fcblicherweise sonntags zur hl. Messe?<\/div><\/div><div id=\"wpforms-32176-field_12-container\" class=\"wpforms-field wpforms-field-number\" data-field-id=\"12\"><label class=\"wpforms-field-label\" for=\"wpforms-32176-field_12\">Ihr Geburtsjahr<\/label><input type=\"number\" id=\"wpforms-32176-field_12\" class=\"wpforms-field-medium\" name=\"wpforms[fields][12]\" ><div class=\"wpforms-field-description\">in welchem Jahr wurden Sie geboren?<\/div><\/div><div id=\"wpforms-32176-field_16-container\" class=\"wpforms-field wpforms-field-checkbox\" data-field-id=\"16\"><label class=\"wpforms-field-label\" for=\"wpforms-32176-field_16\">Weiheb\u00fcchlein mit 13-t\u00e4giger Vorbereitungsnovene (empfohlen)<\/label><ul id=\"wpforms-32176-field_16\"><li class=\"choice-1 depth-1\"><input type=\"checkbox\" id=\"wpforms-32176-field_16_1\" name=\"wpforms[fields][16][]\" value=\"Ja, bitte senden Sie mir kostenlos (gegen freie Spende) das Novenenb\u00fcchlein \u201eDie Weihe an die Immaculata\u201c per Post zu\"  ><label class=\"wpforms-field-label-inline\" for=\"wpforms-32176-field_16_1\">Ja, bitte senden Sie mir kostenlos (gegen freie Spende) das Novenenb\u00fcchlein \u201eDie Weihe an die Immaculata\u201c per Post zu<\/label><\/li><\/ul><\/div><div id=\"wpforms-32176-field_2-container\" class=\"wpforms-field wpforms-field-textarea\" data-field-id=\"2\"><label class=\"wpforms-field-label\" for=\"wpforms-32176-field_2\">Zus\u00e4tzliche Bemerkung (optional)<\/label><textarea id=\"wpforms-32176-field_2\" class=\"wpforms-field-medium\" name=\"wpforms[fields][2]\" ><\/textarea><div class=\"wpforms-field-description\">Falls Sie bzgl. der MI-Aufnahme Fragen oder Anmerkungen haben<\/div><\/div><div id=\"wpforms-32176-field_13-container\" class=\"wpforms-field wpforms-field-gdpr-checkbox\" data-field-id=\"13\"><label class=\"wpforms-field-label\">Datenschutz-Einverst\u00e4ndnis (DSGVO) <span class=\"wpforms-required-label\">*<\/span><\/label><ul id=\"wpforms-32176-field_13\" class=\"wpforms-field-required\"><li class=\"choice-1\"><input type=\"checkbox\" id=\"wpforms-32176-field_13_1\" name=\"wpforms[fields][13][]\" value=\"Ich willige ein, dass diese Website meine \u00fcbermittelten Informationen speichert, sodass meine Anfrage beantwortet werden kann.\" required ><label class=\"wpforms-field-label-inline\" for=\"wpforms-32176-field_13_1\">Ich willige ein, dass diese Website meine \u00fcbermittelten Informationen speichert, sodass meine Anfrage beantwortet werden kann.<\/label><\/li><\/ul><\/div><\/div><!-- .wpforms-field-container --><div class=\"wpforms-submit-container\" ><input type=\"hidden\" name=\"wpforms[id]\" value=\"32176\"><input type=\"hidden\" name=\"page_title\" value=\"\"><input type=\"hidden\" name=\"page_url\" value=\"https:\/\/test4.mi-backup.ch\/de\/wp-json\/wp\/v2\/pages\/32180\"><button type=\"submit\" name=\"wpforms[submit]\" id=\"wpforms-submit-32176\" class=\"wpforms-submit\" data-alt-text=\"Senden...\" data-submit-text=\"Absenden\" aria-live=\"assertive\" value=\"wpforms-submit\">Absenden<\/button><\/div><\/form><\/div>  <!-- .wpforms-container -->\n","protected":false},"excerpt":{"rendered":"<p>Hinweis: Aufgrund der Corona-Situation ist es m\u00f6glich, dass nicht alle geplanten Aufnahmen durchgef\u00fchrt werden k\u00f6nnen. Bitte melden Sie sich dennoch an, sollte es am gew\u00fcnschten Termin nicht klappen, wird ein Alterntivtermin gesucht. Ja, ich bin noch nicht MI-Mitglied und m\u00f6chte gerne die Weihe an die Immaculata im Geiste der MI<a class=\"more-link\" href=\"https:\/\/test4.mi-backup.ch\/de\/mi-anmeldeformular-2020\/\">Weiterlesen &rarr;<\/a><\/p>\n","protected":false},"author":9,"featured_media":0,"parent":0,"menu_order":0,"comment_status":"closed","ping_status":"closed","template":"","meta":[],"_links":{"self":[{"href":"https:\/\/test4.mi-backup.ch\/de\/wp-json\/wp\/v2\/pages\/32180"}],"collection":[{"href":"https:\/\/test4.mi-backup.ch\/de\/wp-json\/wp\/v2\/pages"}],"about":[{"href":"https:\/\/test4.mi-backup.ch\/de\/wp-json\/wp\/v2\/types\/page"}],"author":[{"embeddable":true,"href":"https:\/\/test4.mi-backup.ch\/de\/wp-json\/wp\/v2\/users\/9"}],"replies":[{"embeddable":true,"href":"https:\/\/test4.mi-backup.ch\/de\/wp-json\/wp\/v2\/comments?post=32180"}],"version-history":[{"count":5,"href":"https:\/\/test4.mi-backup.ch\/de\/wp-json\/wp\/v2\/pages\/32180\/revisions"}],"predecessor-version":[{"id":32360,"href":"https:\/\/test4.mi-backup.ch\/de\/wp-json\/wp\/v2\/pages\/32180\/revisions\/32360"}],"wp:attachment":[{"href":"https:\/\/test4.mi-backup.ch\/de\/wp-json\/wp\/v2\/media?parent=32180"}],"curies":[{"name":"wp","href":"https:\/\/api.w.org\/{rel}","templated":true}]}}