{"id":32525,"date":"2020-11-12T17:32:19","date_gmt":"2020-11-12T16:32:19","guid":{"rendered":"https:\/\/test4.mi-backup.ch\/?page_id=32525"},"modified":"2022-12-22T14:20:00","modified_gmt":"2022-12-22T13:20:00","slug":"spendenkonto","status":"publish","type":"page","link":"https:\/\/test4.mi-backup.ch\/de\/spendenkonto\/","title":{"rendered":"Spendenkonto"},"content":{"rendered":"<p><img loading=\"lazy\" class=\"size-thumbnail wp-image-32798 alignright\" src=\"https:\/\/test4.mi-backup.ch\/wp-content\/uploads\/2020\/11\/einzahlungsschein-150x150.jpg\" alt=\"\" width=\"150\" height=\"150\" srcset=\"https:\/\/test4.mi-backup.ch\/wp-content\/uploads\/2020\/11\/einzahlungsschein-150x150.jpg 150w, https:\/\/test4.mi-backup.ch\/wp-content\/uploads\/2020\/11\/einzahlungsschein-300x300.jpg 300w, https:\/\/test4.mi-backup.ch\/wp-content\/uploads\/2020\/11\/einzahlungsschein-32x32.jpg 32w, https:\/\/test4.mi-backup.ch\/wp-content\/uploads\/2020\/11\/einzahlungsschein.jpg 400w, https:\/\/test4.mi-backup.ch\/wp-content\/uploads\/2020\/11\/einzahlungsschein-100x100.jpg 100w\" sizes=\"(max-width: 150px) 100vw, 150px\" \/>Die f\u00fcr uns einfachste und kosteng\u00fcnstigste Variante ist, wenn Sie eine Bank\u00fcberweisung vornehmen (Einzel- oder Dauerauftrag) und dabei das entsprechende Konto verwenden.<\/p>\n<p><strong>Ewiges Vergelt&#8217;s Gott!<\/strong><\/p>\n<h2>Spendenkonto MI-Schweiz und international<\/h2>\n<p>Militia Immaculatae, CH-9500 Wil SG<br \/>\n<strong>IBAN f\u00fcr CHF:<\/strong> CH40 0078 4294 7153 7200 1<br \/>\n<strong>IBAN f\u00fcr EUR:<\/strong> CH13 0078 4294 7153 7200 2<br \/>\nBIC: KBTGCH22, Thurgauer Kantonalbank<\/p>\n<ul>\n<li>Allgemeine Spende (wo am N\u00f6tigsten): Vermerk &#8220;Spende&#8221;<\/li>\n<li>Um MI-G\u00f6nner zu werden: Vermerk &#8220;MI-G\u00f6nner&#8221; (monatlicher Dauerauftrag)<\/li>\n<li>Um Projekte zu unterst\u00fctzen: Vermerk &#8220;Missionen&#8221; oder &#8220;Neuanschaffung Rosenkr\u00e4nze&#8221;<\/li>\n<\/ul>\n<form action=\"https:\/\/www.paypal.com\/cgi-bin\/webscr\" method=\"post\" target=\"_top\">&nbsp;<\/p>\n<hr \/>\n<p>Wenn Sie speziell die MI von Deutschland oder \u00d6sterreich unterst\u00fctzen m\u00f6chten, so verwenden Sie bitte nachstehende Kontoverbindungen:<\/p>\n<\/form>\n<h2>MI-Deutschland<\/h2>\n<p><strong>F\u00fcr Spenden (EUR)<\/strong><\/p>\n<p>Militia Immaculatae<br \/>\nIBAN: DE69 6009 0100 0701 7270 12<br \/>\nBIC: VOBADESSXXX<\/p>\n<p><strong>F\u00fcr Shop-Bestellungen (EUR)<\/strong><\/p>\n<p>Militia Immaculatae<br \/>\nIBAN: DE91 6009 0100 0701 7270 04<br \/>\nBIC: VOBADESSXXX<\/p>\n<form action=\"https:\/\/www.paypal.com\/cgi-bin\/webscr\" method=\"post\" target=\"_top\"><\/form>\n<h2>MI-\u00d6sterreich<\/h2>\n<p><strong>Bankverbindung (EUR)<br \/>\n<\/strong>Priesterbruderschaft St. Pius X., Jaidhof 1, Schloss, 3542 Jaidhof<br \/>\nIBAN: AT94 2027 2034 0001 0918<br \/>\nBIC: SPZWAT21XXX, Waldviertler Sparkasse Bank AG<\/p>\n<figure id=\"attachment_74399\" aria-describedby=\"caption-attachment-74399\" style=\"width: 150px\" class=\"wp-caption alignnone\"><a href=\"https:\/\/test4.mi-backup.ch\/wp-content\/uploads\/2022\/08\/zahlungsverbindung_mi_oesterreich.png\"><img loading=\"lazy\" class=\"wp-image-74399\" src=\"https:\/\/test4.mi-backup.ch\/wp-content\/uploads\/2022\/08\/zahlungsverbindung_mi_oesterreich.png\" alt=\"\" width=\"150\" height=\"141\" srcset=\"https:\/\/test4.mi-backup.ch\/wp-content\/uploads\/2022\/08\/zahlungsverbindung_mi_oesterreich.png 435w, https:\/\/test4.mi-backup.ch\/wp-content\/uploads\/2022\/08\/zahlungsverbindung_mi_oesterreich-300x283.png 300w, https:\/\/test4.mi-backup.ch\/wp-content\/uploads\/2022\/08\/zahlungsverbindung_mi_oesterreich-425x401.png 425w\" sizes=\"(max-width: 150px) 100vw, 150px\" \/><\/a><figcaption id=\"caption-attachment-74399\" class=\"wp-caption-text\">Zahlungsverbindung MI-\u00d6sterreich<\/figcaption><\/figure>\n<p>Bei Fragen oder Problemen zum Thema &#8220;Spenden&#8221; nehmen Sie bitte mit uns <a href=\"https:\/\/test4.mi-backup.ch\/de\/kontakt-spenden\/\">Kontakt<\/a> auf.<\/p>\n","protected":false},"excerpt":{"rendered":"<p>Die f\u00fcr uns einfachste und kosteng\u00fcnstigste Variante ist, wenn Sie eine Bank\u00fcberweisung vornehmen (Einzel- oder Dauerauftrag) und dabei das entsprechende Konto verwenden. Ewiges Vergelt&#8217;s Gott! Spendenkonto MI-Schweiz und international Militia Immaculatae, CH-9500 Wil SG IBAN f\u00fcr CHF: CH40 0078 4294 7153 7200 1 IBAN f\u00fcr EUR: CH13 0078 4294 7153<a class=\"more-link\" href=\"https:\/\/test4.mi-backup.ch\/de\/spendenkonto\/\">Weiterlesen &rarr;<\/a><\/p>\n","protected":false},"author":9,"featured_media":0,"parent":0,"menu_order":0,"comment_status":"closed","ping_status":"closed","template":"","meta":[],"_links":{"self":[{"href":"https:\/\/test4.mi-backup.ch\/de\/wp-json\/wp\/v2\/pages\/32525"}],"collection":[{"href":"https:\/\/test4.mi-backup.ch\/de\/wp-json\/wp\/v2\/pages"}],"about":[{"href":"https:\/\/test4.mi-backup.ch\/de\/wp-json\/wp\/v2\/types\/page"}],"author":[{"embeddable":true,"href":"https:\/\/test4.mi-backup.ch\/de\/wp-json\/wp\/v2\/users\/9"}],"replies":[{"embeddable":true,"href":"https:\/\/test4.mi-backup.ch\/de\/wp-json\/wp\/v2\/comments?post=32525"}],"version-history":[{"count":10,"href":"https:\/\/test4.mi-backup.ch\/de\/wp-json\/wp\/v2\/pages\/32525\/revisions"}],"predecessor-version":[{"id":84413,"href":"https:\/\/test4.mi-backup.ch\/de\/wp-json\/wp\/v2\/pages\/32525\/revisions\/84413"}],"wp:attachment":[{"href":"https:\/\/test4.mi-backup.ch\/de\/wp-json\/wp\/v2\/media?parent=32525"}],"curies":[{"name":"wp","href":"https:\/\/api.w.org\/{rel}","templated":true}]}}