{"id":32534,"date":"2020-11-12T17:52:53","date_gmt":"2020-11-12T16:52:53","guid":{"rendered":"https:\/\/test4.mi-backup.ch\/?page_id=32534"},"modified":"2020-12-01T16:57:09","modified_gmt":"2020-12-01T15:57:09","slug":"sofort-spende-chf","status":"publish","type":"page","link":"https:\/\/test4.mi-backup.ch\/de\/sofort-spende-chf\/","title":{"rendered":"Sofort-Spende (CHF)"},"content":{"rendered":"<p><strong><img loading=\"lazy\" class=\"alignright wp-image-32818 size-thumbnail\" src=\"https:\/\/test4.mi-backup.ch\/wp-content\/uploads\/2020\/11\/zahlungsmoeglichkeiten-1-150x150.jpg\" alt=\"\" width=\"150\" height=\"150\" srcset=\"https:\/\/test4.mi-backup.ch\/wp-content\/uploads\/2020\/11\/zahlungsmoeglichkeiten-1-150x150.jpg 150w, https:\/\/test4.mi-backup.ch\/wp-content\/uploads\/2020\/11\/zahlungsmoeglichkeiten-1-300x300.jpg 300w, https:\/\/test4.mi-backup.ch\/wp-content\/uploads\/2020\/11\/zahlungsmoeglichkeiten-1-32x32.jpg 32w, https:\/\/test4.mi-backup.ch\/wp-content\/uploads\/2020\/11\/zahlungsmoeglichkeiten-1.jpg 400w, https:\/\/test4.mi-backup.ch\/wp-content\/uploads\/2020\/11\/zahlungsmoeglichkeiten-1-100x100.jpg 100w\" sizes=\"(max-width: 150px) 100vw, 150px\" \/><\/strong><\/p>\n<p>Vergelt&#8217;s Gott f\u00fcr Ihre Bereitschaft die MI zu unterst\u00fctzen.<\/p>\n<p>Hier k\u00f6nnen Sie direkt online spenden &#8211; Sie haben mehrere Zahlungsm\u00f6glichkeiten zur Auswahl:<\/p>\n<p><strong><a href=\"https:\/\/test4.mi-backup.ch\/de\/spenden-per-twint\/\">\u00bb Sofort-Spende in CHF mit Twint<\/a><\/strong><\/p>\n<p><strong>Sofort-Spende in CHF mit Kreditkarte, Paypal, Sofort\u00fcberweisung:<\/strong><\/p>\n<p>ALTRUJA-PAGE-PZIY<\/p>\n<p>Bei Fragen oder Problemen nehmen Sie bitte mit uns <a href=\"https:\/\/test4.mi-backup.ch\/de\/kontakt-spenden\/\">Kontakt<\/a> auf.<\/p>\n","protected":false},"excerpt":{"rendered":"<p>Vergelt&#8217;s Gott f\u00fcr Ihre Bereitschaft die MI zu unterst\u00fctzen. Hier k\u00f6nnen Sie direkt online spenden &#8211; Sie haben mehrere Zahlungsm\u00f6glichkeiten zur Auswahl: \u00bb Sofort-Spende in CHF mit Twint Sofort-Spende in CHF mit Kreditkarte, Paypal, Sofort\u00fcberweisung: ALTRUJA-PAGE-PZIY Bei Fragen oder Problemen nehmen Sie bitte mit uns Kontakt auf.<a class=\"more-link\" href=\"https:\/\/test4.mi-backup.ch\/de\/sofort-spende-chf\/\">Weiterlesen &rarr;<\/a><\/p>\n","protected":false},"author":9,"featured_media":0,"parent":0,"menu_order":0,"comment_status":"closed","ping_status":"closed","template":"","meta":[],"_links":{"self":[{"href":"https:\/\/test4.mi-backup.ch\/de\/wp-json\/wp\/v2\/pages\/32534"}],"collection":[{"href":"https:\/\/test4.mi-backup.ch\/de\/wp-json\/wp\/v2\/pages"}],"about":[{"href":"https:\/\/test4.mi-backup.ch\/de\/wp-json\/wp\/v2\/types\/page"}],"author":[{"embeddable":true,"href":"https:\/\/test4.mi-backup.ch\/de\/wp-json\/wp\/v2\/users\/9"}],"replies":[{"embeddable":true,"href":"https:\/\/test4.mi-backup.ch\/de\/wp-json\/wp\/v2\/comments?post=32534"}],"version-history":[{"count":11,"href":"https:\/\/test4.mi-backup.ch\/de\/wp-json\/wp\/v2\/pages\/32534\/revisions"}],"predecessor-version":[{"id":32995,"href":"https:\/\/test4.mi-backup.ch\/de\/wp-json\/wp\/v2\/pages\/32534\/revisions\/32995"}],"wp:attachment":[{"href":"https:\/\/test4.mi-backup.ch\/de\/wp-json\/wp\/v2\/media?parent=32534"}],"curies":[{"name":"wp","href":"https:\/\/api.w.org\/{rel}","templated":true}]}}