{"id":32540,"date":"2020-11-12T22:52:27","date_gmt":"2020-11-12T21:52:27","guid":{"rendered":"https:\/\/test4.mi-backup.ch\/?page_id=32540"},"modified":"2022-03-04T20:27:13","modified_gmt":"2022-03-04T19:27:13","slug":"goenner-werden-chf","status":"publish","type":"page","link":"https:\/\/test4.mi-backup.ch\/de\/goenner-werden-chf\/","title":{"rendered":"MI-G\u00f6nner werden (CHF)"},"content":{"rendered":"<p><img loading=\"lazy\" class=\"size-thumbnail wp-image-32831 alignleft\" src=\"https:\/\/test4.mi-backup.ch\/wp-content\/uploads\/2020\/11\/goenner_werden1-150x150.jpg\" alt=\"\" width=\"150\" height=\"150\" srcset=\"https:\/\/test4.mi-backup.ch\/wp-content\/uploads\/2020\/11\/goenner_werden1-150x150.jpg 150w, https:\/\/test4.mi-backup.ch\/wp-content\/uploads\/2020\/11\/goenner_werden1-300x300.jpg 300w, https:\/\/test4.mi-backup.ch\/wp-content\/uploads\/2020\/11\/goenner_werden1-32x32.jpg 32w, https:\/\/test4.mi-backup.ch\/wp-content\/uploads\/2020\/11\/goenner_werden1.jpg 400w, https:\/\/test4.mi-backup.ch\/wp-content\/uploads\/2020\/11\/goenner_werden1-100x100.jpg 100w\" sizes=\"(max-width: 150px) 100vw, 150px\" \/>Vergelt&#8217;s Gott, dass Sie die MI dauerhaft unterst\u00fctzen m\u00f6chten.<\/p>\n<p>Hier k\u00f6nnen Sie direkt online MI-G\u00f6nner werden &#8211; Sie haben mehrere Zahlungsm\u00f6glichkeiten zur Auswahl:<\/p>\n<p>F\u00fcr CHF: Kreditkarten, Paypal, Sofort\u00fcberweisung. Alternativ k\u00f6nnen Sie auch einen Dauerauftrag auf unser <a href=\"https:\/\/test4.mi-backup.ch\/de\/spendenkonto\/\">Spendenkonto<\/a> einrichten mit dem Vermerk &#8220;MI-G\u00f6nner&#8221;.<\/p>\n<p>ALTRUJA-PAGE-XTAQ<\/p>\n<p>Bei Fragen oder Problemen nehmen Sie bitte mit uns <a href=\"https:\/\/test4.mi-backup.ch\/de\/kontakt-spenden\/\">Kontakt<\/a> auf.<\/p>\n","protected":false},"excerpt":{"rendered":"<p>Vergelt&#8217;s Gott, dass Sie die MI dauerhaft unterst\u00fctzen m\u00f6chten. Hier k\u00f6nnen Sie direkt online MI-G\u00f6nner werden &#8211; Sie haben mehrere Zahlungsm\u00f6glichkeiten zur Auswahl: F\u00fcr CHF: Kreditkarten, Paypal, Sofort\u00fcberweisung. Alternativ k\u00f6nnen Sie auch einen Dauerauftrag auf unser Spendenkonto einrichten mit dem Vermerk &#8220;MI-G\u00f6nner&#8221;. ALTRUJA-PAGE-XTAQ Bei Fragen oder Problemen nehmen Sie bitte<a class=\"more-link\" href=\"https:\/\/test4.mi-backup.ch\/de\/goenner-werden-chf\/\">Weiterlesen &rarr;<\/a><\/p>\n","protected":false},"author":9,"featured_media":0,"parent":0,"menu_order":0,"comment_status":"closed","ping_status":"closed","template":"","meta":[],"_links":{"self":[{"href":"https:\/\/test4.mi-backup.ch\/de\/wp-json\/wp\/v2\/pages\/32540"}],"collection":[{"href":"https:\/\/test4.mi-backup.ch\/de\/wp-json\/wp\/v2\/pages"}],"about":[{"href":"https:\/\/test4.mi-backup.ch\/de\/wp-json\/wp\/v2\/types\/page"}],"author":[{"embeddable":true,"href":"https:\/\/test4.mi-backup.ch\/de\/wp-json\/wp\/v2\/users\/9"}],"replies":[{"embeddable":true,"href":"https:\/\/test4.mi-backup.ch\/de\/wp-json\/wp\/v2\/comments?post=32540"}],"version-history":[{"count":10,"href":"https:\/\/test4.mi-backup.ch\/de\/wp-json\/wp\/v2\/pages\/32540\/revisions"}],"predecessor-version":[{"id":32664,"href":"https:\/\/test4.mi-backup.ch\/de\/wp-json\/wp\/v2\/pages\/32540\/revisions\/32664"}],"wp:attachment":[{"href":"https:\/\/test4.mi-backup.ch\/de\/wp-json\/wp\/v2\/media?parent=32540"}],"curies":[{"name":"wp","href":"https:\/\/api.w.org\/{rel}","templated":true}]}}