{"id":32724,"date":"2020-11-25T18:26:21","date_gmt":"2020-11-25T17:26:21","guid":{"rendered":"https:\/\/test4.mi-backup.ch\/?page_id=32724"},"modified":"2020-12-13T00:04:58","modified_gmt":"2020-12-12T23:04:58","slug":"spendenprojekt-missionen-eur","status":"publish","type":"page","link":"https:\/\/test4.mi-backup.ch\/de\/spendenprojekt-missionen-eur\/","title":{"rendered":"Spendenprojekt f\u00fcr die Missionen: Wundert\u00e4tige Medaillen und Rosenkr\u00e4nze (EUR)"},"content":{"rendered":"<p><img loading=\"lazy\" class=\"alignleft wp-image-32842\" src=\"https:\/\/test4.mi-backup.ch\/wp-content\/uploads\/2020\/11\/spenden_mission1.jpg\" alt=\"\" width=\"150\" height=\"150\" srcset=\"https:\/\/test4.mi-backup.ch\/wp-content\/uploads\/2020\/11\/spenden_mission1.jpg 400w, https:\/\/test4.mi-backup.ch\/wp-content\/uploads\/2020\/11\/spenden_mission1-300x300.jpg 300w, https:\/\/test4.mi-backup.ch\/wp-content\/uploads\/2020\/11\/spenden_mission1-150x150.jpg 150w, https:\/\/test4.mi-backup.ch\/wp-content\/uploads\/2020\/11\/spenden_mission1-32x32.jpg 32w, https:\/\/test4.mi-backup.ch\/wp-content\/uploads\/2020\/11\/spenden_mission1-100x100.jpg 100w\" sizes=\"(max-width: 150px) 100vw, 150px\" \/>Vergelt\u2019s Gott, dass Sie die Missionen unterst\u00fctzen m\u00f6chten.<\/p>\n<p>Hier k\u00f6nnen Sie direkt online unterst\u00fctzen \u2013 Sie haben mehrere Zahlungsm\u00f6glichkeiten zur Auswahl: F\u00fcr EUR: Kreditkarten, Paypal, Sofort\u00fcberweisung, SEPA-Lastschrift.<\/p>\n<p>Hinweis: Aus organiatorischen Gr\u00fcnden ist der Spendenempf\u00e4nger die MI-Schweiz, da die Webseite, das internationale Apostolat und das Spenden-Formular von der MI-Schweiz betreut werden.<\/p>\n<p>ALTRUJA-PAGE-H7JV<\/p>\n<p>Bei Fragen oder Problemen nehmen Sie bitte mit uns <a href=\"https:\/\/test4.mi-backup.ch\/de\/kontakt-spenden\/\">Kontakt<\/a> auf.<\/p>\n","protected":false},"excerpt":{"rendered":"<p>Vergelt\u2019s Gott, dass Sie die Missionen unterst\u00fctzen m\u00f6chten. Hier k\u00f6nnen Sie direkt online unterst\u00fctzen \u2013 Sie haben mehrere Zahlungsm\u00f6glichkeiten zur Auswahl: F\u00fcr EUR: Kreditkarten, Paypal, Sofort\u00fcberweisung, SEPA-Lastschrift. Hinweis: Aus organiatorischen Gr\u00fcnden ist der Spendenempf\u00e4nger die MI-Schweiz, da die Webseite, das internationale Apostolat und das Spenden-Formular von der MI-Schweiz betreut werden.<a class=\"more-link\" href=\"https:\/\/test4.mi-backup.ch\/de\/spendenprojekt-missionen-eur\/\">Weiterlesen &rarr;<\/a><\/p>\n","protected":false},"author":9,"featured_media":0,"parent":0,"menu_order":0,"comment_status":"closed","ping_status":"closed","template":"","meta":[],"_links":{"self":[{"href":"https:\/\/test4.mi-backup.ch\/de\/wp-json\/wp\/v2\/pages\/32724"}],"collection":[{"href":"https:\/\/test4.mi-backup.ch\/de\/wp-json\/wp\/v2\/pages"}],"about":[{"href":"https:\/\/test4.mi-backup.ch\/de\/wp-json\/wp\/v2\/types\/page"}],"author":[{"embeddable":true,"href":"https:\/\/test4.mi-backup.ch\/de\/wp-json\/wp\/v2\/users\/9"}],"replies":[{"embeddable":true,"href":"https:\/\/test4.mi-backup.ch\/de\/wp-json\/wp\/v2\/comments?post=32724"}],"version-history":[{"count":10,"href":"https:\/\/test4.mi-backup.ch\/de\/wp-json\/wp\/v2\/pages\/32724\/revisions"}],"predecessor-version":[{"id":33268,"href":"https:\/\/test4.mi-backup.ch\/de\/wp-json\/wp\/v2\/pages\/32724\/revisions\/33268"}],"wp:attachment":[{"href":"https:\/\/test4.mi-backup.ch\/de\/wp-json\/wp\/v2\/media?parent=32724"}],"curies":[{"name":"wp","href":"https:\/\/api.w.org\/{rel}","templated":true}]}}