{"id":32872,"date":"2020-11-29T11:59:28","date_gmt":"2020-11-29T10:59:28","guid":{"rendered":"https:\/\/test4.mi-backup.ch\/?page_id=32872"},"modified":"2020-12-13T00:04:01","modified_gmt":"2020-12-12T23:04:01","slug":"sofort-spende-eur","status":"publish","type":"page","link":"https:\/\/test4.mi-backup.ch\/de\/sofort-spende-eur\/","title":{"rendered":"Sofort-Spende (EUR)"},"content":{"rendered":"<p><strong><img loading=\"lazy\" class=\"wp-image-32818 size-thumbnail alignright\" src=\"https:\/\/test4.mi-backup.ch\/wp-content\/uploads\/2020\/11\/zahlungsmoeglichkeiten-1-150x150.jpg\" alt=\"\" width=\"150\" height=\"150\" srcset=\"https:\/\/test4.mi-backup.ch\/wp-content\/uploads\/2020\/11\/zahlungsmoeglichkeiten-1-150x150.jpg 150w, https:\/\/test4.mi-backup.ch\/wp-content\/uploads\/2020\/11\/zahlungsmoeglichkeiten-1-300x300.jpg 300w, https:\/\/test4.mi-backup.ch\/wp-content\/uploads\/2020\/11\/zahlungsmoeglichkeiten-1-32x32.jpg 32w, https:\/\/test4.mi-backup.ch\/wp-content\/uploads\/2020\/11\/zahlungsmoeglichkeiten-1.jpg 400w, https:\/\/test4.mi-backup.ch\/wp-content\/uploads\/2020\/11\/zahlungsmoeglichkeiten-1-100x100.jpg 100w\" sizes=\"(max-width: 150px) 100vw, 150px\" \/><\/strong><\/p>\n<p>Vergelt&#8217;s Gott f\u00fcr Ihre Bereitschaft die MI zu unterst\u00fctzen.<\/p>\n<p>Hier k\u00f6nnen Sie direkt online spenden &#8211; Sie haben mehrere Zahlungsm\u00f6glichkeiten zur Auswahl: Sofort-Spende in EUR mit Kreditkarte, Paypal, Sofort\u00fcberweisung, SEPA-Lastschrift.<strong><br \/>\n<\/strong><\/p>\n<p>Hinweis: Aus organiatorischen Gr\u00fcnden ist der Spendenempf\u00e4nger die MI-Schweiz, da die Webseite, das internationale Apostolat und das Spenden-Formular von der MI-Schweiz betreut werden.<\/p>\n<p>ALTRUJA-PAGE-TE7G<\/p>\n<p>&nbsp;<\/p>\n<p>Bei Fragen oder Problemen nehmen Sie bitte mit uns <a href=\"https:\/\/test4.mi-backup.ch\/de\/kontakt-spenden\/\">Kontakt<\/a> auf.<\/p>\n","protected":false},"excerpt":{"rendered":"<p>Vergelt&#8217;s Gott f\u00fcr Ihre Bereitschaft die MI zu unterst\u00fctzen. Hier k\u00f6nnen Sie direkt online spenden &#8211; Sie haben mehrere Zahlungsm\u00f6glichkeiten zur Auswahl: Sofort-Spende in EUR mit Kreditkarte, Paypal, Sofort\u00fcberweisung, SEPA-Lastschrift. Hinweis: Aus organiatorischen Gr\u00fcnden ist der Spendenempf\u00e4nger die MI-Schweiz, da die Webseite, das internationale Apostolat und das Spenden-Formular von der<a class=\"more-link\" href=\"https:\/\/test4.mi-backup.ch\/de\/sofort-spende-eur\/\">Weiterlesen &rarr;<\/a><\/p>\n","protected":false},"author":9,"featured_media":0,"parent":0,"menu_order":0,"comment_status":"closed","ping_status":"closed","template":"","meta":[],"_links":{"self":[{"href":"https:\/\/test4.mi-backup.ch\/de\/wp-json\/wp\/v2\/pages\/32872"}],"collection":[{"href":"https:\/\/test4.mi-backup.ch\/de\/wp-json\/wp\/v2\/pages"}],"about":[{"href":"https:\/\/test4.mi-backup.ch\/de\/wp-json\/wp\/v2\/types\/page"}],"author":[{"embeddable":true,"href":"https:\/\/test4.mi-backup.ch\/de\/wp-json\/wp\/v2\/users\/9"}],"replies":[{"embeddable":true,"href":"https:\/\/test4.mi-backup.ch\/de\/wp-json\/wp\/v2\/comments?post=32872"}],"version-history":[{"count":10,"href":"https:\/\/test4.mi-backup.ch\/de\/wp-json\/wp\/v2\/pages\/32872\/revisions"}],"predecessor-version":[{"id":33266,"href":"https:\/\/test4.mi-backup.ch\/de\/wp-json\/wp\/v2\/pages\/32872\/revisions\/33266"}],"wp:attachment":[{"href":"https:\/\/test4.mi-backup.ch\/de\/wp-json\/wp\/v2\/media?parent=32872"}],"curies":[{"name":"wp","href":"https:\/\/api.w.org\/{rel}","templated":true}]}}