{"id":32898,"date":"2020-11-29T16:54:39","date_gmt":"2020-11-29T15:54:39","guid":{"rendered":"https:\/\/test4.mi-backup.ch\/?page_id=32898"},"modified":"2020-12-13T00:03:13","modified_gmt":"2020-12-12T23:03:13","slug":"spendenprojekt-rosenkraenze-eur","status":"publish","type":"page","link":"https:\/\/test4.mi-backup.ch\/de\/spendenprojekt-rosenkraenze-eur\/","title":{"rendered":"Spendenprojekt: Neuanschaffung 10\u2018000 Rosenkr\u00e4nze f\u00fcr das Apostolat (EUR)"},"content":{"rendered":"<p><img loading=\"lazy\" class=\"size-thumbnail wp-image-32851 alignleft\" src=\"https:\/\/test4.mi-backup.ch\/wp-content\/uploads\/2020\/11\/spenden_rosenkranz1-150x150.jpg\" alt=\"\" width=\"150\" height=\"150\" srcset=\"https:\/\/test4.mi-backup.ch\/wp-content\/uploads\/2020\/11\/spenden_rosenkranz1-150x150.jpg 150w, https:\/\/test4.mi-backup.ch\/wp-content\/uploads\/2020\/11\/spenden_rosenkranz1-300x300.jpg 300w, https:\/\/test4.mi-backup.ch\/wp-content\/uploads\/2020\/11\/spenden_rosenkranz1-32x32.jpg 32w, https:\/\/test4.mi-backup.ch\/wp-content\/uploads\/2020\/11\/spenden_rosenkranz1.jpg 400w, https:\/\/test4.mi-backup.ch\/wp-content\/uploads\/2020\/11\/spenden_rosenkranz1-100x100.jpg 100w\" sizes=\"(max-width: 150px) 100vw, 150px\" \/>Vergelt&#8217;s Gott, dass Sie dieses MI-Spendenprojekt unterst\u00fctzen m\u00f6chten.<\/p>\n<p>Im Rahmen unseres Apostolates verschenken wir viele Rosenkr\u00e4nze. Um den Rosenkranz inkl. Brosch\u00fcre weiterhin zu verbreiten, ben\u00f6tigen wir rund EUR 16\u2018000 f\u00fcr die Neuanschaffung von weiteren 10\u2018000 Rosenkr\u00e4nzen (inkl. Brosch\u00fcren).<\/p>\n<p>Hier k\u00f6nnen Sie online spenden, Sie haben mehrere Zahlungsm\u00f6glichkeiten zur Auswahl: Spenden in EUR mit Kreditkarte, Paypal, Sofort\u00fcberweisung, SEPA-Lastschrift.<\/p>\n<p>Hinweis: Aus organiatorischen Gr\u00fcnden ist der Spendenempf\u00e4nger die MI-Schweiz, da die Webseite, das internationale Apostolat und das Spenden-Formular von der MI-Schweiz betreut werden.<\/p>\n<p>ALTRUJA-PAGE-DNTU<\/p>\n<p>Bei Fragen oder Problemen nehmen Sie bitte mit uns <a href=\"https:\/\/test4.mi-backup.ch\/de\/kontakt-spenden\/\">Kontakt<\/a> auf.<\/p>\n","protected":false},"excerpt":{"rendered":"<p>Vergelt&#8217;s Gott, dass Sie dieses MI-Spendenprojekt unterst\u00fctzen m\u00f6chten. Im Rahmen unseres Apostolates verschenken wir viele Rosenkr\u00e4nze. Um den Rosenkranz inkl. Brosch\u00fcre weiterhin zu verbreiten, ben\u00f6tigen wir rund EUR 16\u2018000 f\u00fcr die Neuanschaffung von weiteren 10\u2018000 Rosenkr\u00e4nzen (inkl. Brosch\u00fcren). Hier k\u00f6nnen Sie online spenden, Sie haben mehrere Zahlungsm\u00f6glichkeiten zur Auswahl: Spenden<a class=\"more-link\" href=\"https:\/\/test4.mi-backup.ch\/de\/spendenprojekt-rosenkraenze-eur\/\">Weiterlesen &rarr;<\/a><\/p>\n","protected":false},"author":9,"featured_media":0,"parent":0,"menu_order":0,"comment_status":"closed","ping_status":"closed","template":"","meta":[],"_links":{"self":[{"href":"https:\/\/test4.mi-backup.ch\/de\/wp-json\/wp\/v2\/pages\/32898"}],"collection":[{"href":"https:\/\/test4.mi-backup.ch\/de\/wp-json\/wp\/v2\/pages"}],"about":[{"href":"https:\/\/test4.mi-backup.ch\/de\/wp-json\/wp\/v2\/types\/page"}],"author":[{"embeddable":true,"href":"https:\/\/test4.mi-backup.ch\/de\/wp-json\/wp\/v2\/users\/9"}],"replies":[{"embeddable":true,"href":"https:\/\/test4.mi-backup.ch\/de\/wp-json\/wp\/v2\/comments?post=32898"}],"version-history":[{"count":8,"href":"https:\/\/test4.mi-backup.ch\/de\/wp-json\/wp\/v2\/pages\/32898\/revisions"}],"predecessor-version":[{"id":33265,"href":"https:\/\/test4.mi-backup.ch\/de\/wp-json\/wp\/v2\/pages\/32898\/revisions\/33265"}],"wp:attachment":[{"href":"https:\/\/test4.mi-backup.ch\/de\/wp-json\/wp\/v2\/media?parent=32898"}],"curies":[{"name":"wp","href":"https:\/\/api.w.org\/{rel}","templated":true}]}}