{"id":32973,"date":"2020-12-01T16:08:21","date_gmt":"2020-12-01T15:08:21","guid":{"rendered":"https:\/\/test4.mi-backup.ch\/?page_id=32973"},"modified":"2022-02-03T10:21:13","modified_gmt":"2022-02-03T09:21:13","slug":"sofort-spende","status":"publish","type":"page","link":"https:\/\/test4.mi-backup.ch\/de\/sofort-spende\/","title":{"rendered":"Sofort-Spende"},"content":{"rendered":"<p><img loading=\"lazy\" class=\"alignnone wp-image-32926 size-full\" src=\"https:\/\/test4.mi-backup.ch\/wp-content\/uploads\/2020\/11\/spenden_oben.jpg\" alt=\"\" width=\"800\" height=\"180\" srcset=\"https:\/\/test4.mi-backup.ch\/wp-content\/uploads\/2020\/11\/spenden_oben.jpg 800w, https:\/\/test4.mi-backup.ch\/wp-content\/uploads\/2020\/11\/spenden_oben-300x68.jpg 300w, https:\/\/test4.mi-backup.ch\/wp-content\/uploads\/2020\/11\/spenden_oben-768x173.jpg 768w, https:\/\/test4.mi-backup.ch\/wp-content\/uploads\/2020\/11\/spenden_oben-425x96.jpg 425w, https:\/\/test4.mi-backup.ch\/wp-content\/uploads\/2020\/11\/spenden_oben-600x135.jpg 600w\" sizes=\"(max-width: 800px) 100vw, 800px\" \/><\/p>\n<p><strong><img loading=\"lazy\" class=\"alignright wp-image-33174 size-medium\" src=\"https:\/\/test4.mi-backup.ch\/wp-content\/uploads\/2020\/12\/Spende_wirkung-300x159.jpg\" alt=\"\" width=\"300\" height=\"159\" srcset=\"https:\/\/test4.mi-backup.ch\/wp-content\/uploads\/2020\/12\/Spende_wirkung-300x159.jpg 300w, https:\/\/test4.mi-backup.ch\/wp-content\/uploads\/2020\/12\/Spende_wirkung-425x225.jpg 425w, https:\/\/test4.mi-backup.ch\/wp-content\/uploads\/2020\/12\/Spende_wirkung-600x317.jpg 600w, https:\/\/test4.mi-backup.ch\/wp-content\/uploads\/2020\/12\/Spende_wirkung.jpg 664w\" sizes=\"(max-width: 300px) 100vw, 300px\" \/>Bei uns investieren Sie nicht nur nachhaltig, sondern mit Ewigkeitswert!<br \/>\n<\/strong><\/p>\n<p>Die Militia Immaculatae setzt sich ein f\u00fcr die weltweite Verbreitung der Wundert\u00e4tigen Medaille, des Rosenkranzes und des Skapuliers. Es sind die drei Sakramentalien, die Maria uns selbst gegeben hat f\u00fcr die Rettung der Seelen. Durch diese Mittel wirkt Maria als Mutter und Mittlerin aller Gnaden. Helfen Sie der Gottesmutter Seelen retten! Jede Seele wird Ihnen in Ewigkeit dankbar sein!<br \/>\nD\u00fcrfen wir Sie als Bettler der Immaculata um Ihre Unterst\u00fctzung f\u00fcr unser Apostolat bitten? Vergelt\u2019s Gott!<\/p>\n<p>Die Mutter Gottes l\u00e4sst sich punkto Gro\u00dfherzigkeit nie \u00fcberbieten, sondern wird Ihnen jedes Opfer ganz gewiss reich vergelten!<\/p>\n<blockquote><p>Wussten Sie? Der Verein ist nicht profitorientiert, alle \u201eMitarbeiter\u201c der MI arbeiten ehrenamtlich \/ nebenberuflich (abgesehen von einer kleinen Teilzeitanstellung des Gesch\u00e4ftsf\u00fchrers). Die Spenden gehen deshalb direkt in das Apostolat und der Verein ist deshalb auch steuerbefreit.<\/p><\/blockquote>\n<h3>Sofort-Spende<\/h3>\n<p><img loading=\"lazy\" class=\"alignleft wp-image-32818\" src=\"https:\/\/test4.mi-backup.ch\/wp-content\/uploads\/2020\/11\/zahlungsmoeglichkeiten-1-300x300.jpg\" alt=\"\" width=\"200\" height=\"200\" srcset=\"https:\/\/test4.mi-backup.ch\/wp-content\/uploads\/2020\/11\/zahlungsmoeglichkeiten-1-300x300.jpg 300w, https:\/\/test4.mi-backup.ch\/wp-content\/uploads\/2020\/11\/zahlungsmoeglichkeiten-1-150x150.jpg 150w, https:\/\/test4.mi-backup.ch\/wp-content\/uploads\/2020\/11\/zahlungsmoeglichkeiten-1-32x32.jpg 32w, https:\/\/test4.mi-backup.ch\/wp-content\/uploads\/2020\/11\/zahlungsmoeglichkeiten-1.jpg 400w, https:\/\/test4.mi-backup.ch\/wp-content\/uploads\/2020\/11\/zahlungsmoeglichkeiten-1-100x100.jpg 100w\" sizes=\"(max-width: 200px) 100vw, 200px\" \/><\/p>\n<p>Hier k\u00f6nnen Sie direkt online spenden &#8211; Sie haben mehrere Zahlungsm\u00f6glichkeiten zur Auswahl:<br \/>\nF\u00fcr EUR: Kreditkarten, Paypal, Sofort\u00fcberweisung, SEPA-Lastschrift<br \/>\nF\u00fcr CHF: Kreditkarten, Paypal, Sofort\u00fcberweisung, Twint<\/p>\n<p><strong><a href=\"https:\/\/test4.mi-backup.ch\/de\/sofort-spende-eur\/\">\u00bb Sofort-Spende in EUR<\/a><\/strong><\/p>\n<p><strong><a href=\"https:\/\/test4.mi-backup.ch\/de\/sofort-spende-chf\/\">\u00bb Sofort-Spende in CHF<\/a><\/strong><\/p>\n","protected":false},"excerpt":{"rendered":"<p>Bei uns investieren Sie nicht nur nachhaltig, sondern mit Ewigkeitswert! Die Militia Immaculatae setzt sich ein f\u00fcr die weltweite Verbreitung der Wundert\u00e4tigen Medaille, des Rosenkranzes und des Skapuliers. Es sind die drei Sakramentalien, die Maria uns selbst gegeben hat f\u00fcr die Rettung der Seelen. Durch diese Mittel wirkt Maria als<a class=\"more-link\" href=\"https:\/\/test4.mi-backup.ch\/de\/sofort-spende\/\">Weiterlesen &rarr;<\/a><\/p>\n","protected":false},"author":9,"featured_media":0,"parent":0,"menu_order":0,"comment_status":"closed","ping_status":"closed","template":"","meta":[],"_links":{"self":[{"href":"https:\/\/test4.mi-backup.ch\/de\/wp-json\/wp\/v2\/pages\/32973"}],"collection":[{"href":"https:\/\/test4.mi-backup.ch\/de\/wp-json\/wp\/v2\/pages"}],"about":[{"href":"https:\/\/test4.mi-backup.ch\/de\/wp-json\/wp\/v2\/types\/page"}],"author":[{"embeddable":true,"href":"https:\/\/test4.mi-backup.ch\/de\/wp-json\/wp\/v2\/users\/9"}],"replies":[{"embeddable":true,"href":"https:\/\/test4.mi-backup.ch\/de\/wp-json\/wp\/v2\/comments?post=32973"}],"version-history":[{"count":5,"href":"https:\/\/test4.mi-backup.ch\/de\/wp-json\/wp\/v2\/pages\/32973\/revisions"}],"predecessor-version":[{"id":50461,"href":"https:\/\/test4.mi-backup.ch\/de\/wp-json\/wp\/v2\/pages\/32973\/revisions\/50461"}],"wp:attachment":[{"href":"https:\/\/test4.mi-backup.ch\/de\/wp-json\/wp\/v2\/media?parent=32973"}],"curies":[{"name":"wp","href":"https:\/\/api.w.org\/{rel}","templated":true}]}}