{"id":32975,"date":"2020-12-01T16:10:33","date_gmt":"2020-12-01T15:10:33","guid":{"rendered":"https:\/\/test4.mi-backup.ch\/?page_id=32975"},"modified":"2022-02-03T10:20:47","modified_gmt":"2022-02-03T09:20:47","slug":"mi-goenner-werden","status":"publish","type":"page","link":"https:\/\/test4.mi-backup.ch\/de\/mi-goenner-werden\/","title":{"rendered":"MI-G\u00f6nner werden"},"content":{"rendered":"<p><img loading=\"lazy\" class=\"alignnone wp-image-32926 size-full\" src=\"https:\/\/test4.mi-backup.ch\/wp-content\/uploads\/2020\/11\/spenden_oben.jpg\" alt=\"\" width=\"800\" height=\"180\" srcset=\"https:\/\/test4.mi-backup.ch\/wp-content\/uploads\/2020\/11\/spenden_oben.jpg 800w, https:\/\/test4.mi-backup.ch\/wp-content\/uploads\/2020\/11\/spenden_oben-300x68.jpg 300w, https:\/\/test4.mi-backup.ch\/wp-content\/uploads\/2020\/11\/spenden_oben-768x173.jpg 768w, https:\/\/test4.mi-backup.ch\/wp-content\/uploads\/2020\/11\/spenden_oben-425x96.jpg 425w, https:\/\/test4.mi-backup.ch\/wp-content\/uploads\/2020\/11\/spenden_oben-600x135.jpg 600w\" sizes=\"(max-width: 800px) 100vw, 800px\" \/><\/p>\n<p><strong>Bei uns investieren Sie nicht nur nachhaltig, sondern mit Ewigkeitswert!<br \/>\n<\/strong><\/p>\n<p>Die Militia Immaculatae setzt sich ein f\u00fcr die weltweite Verbreitung der Wundert\u00e4tigen Medaille, des Rosenkranzes und des Skapuliers. Es sind die drei Sakramentalien, die Maria uns selbst gegeben hat f\u00fcr die Rettung der Seelen. Durch diese Mittel wirkt Maria als Mutter und Mittlerin aller Gnaden. Helfen Sie der Gottesmutter Seelen retten! Jede Seele wird Ihnen in Ewigkeit dankbar sein!<br \/>\nD\u00fcrfen wir Sie als Bettler der Immaculata um Ihre Unterst\u00fctzung f\u00fcr unser Apostolat bitten? Vergelt\u2019s Gott!<\/p>\n<p>Die Mutter Gottes l\u00e4sst sich punkto Gro\u00dfherzigkeit nie \u00fcberbieten, sondern wird Ihnen jedes Opfer ganz gewiss reich vergelten!<\/p>\n<p>Wussten Sie? Der Verein ist nicht profitorientiert, alle \u201eMitarbeiter\u201c der MI arbeiten ehrenamtlich \/ nebenberuflich (abgesehen von einer kleinen Teilzeitanstellung des Gesch\u00e4ftsf\u00fchrers). Die Spenden gehen deshalb direkt in das Apostolat und der Verein ist deshalb auch steuerbefreit.<\/p>\n<h3>MI-G\u00f6nner werden<\/h3>\n<p><img loading=\"lazy\" class=\"wp-image-32831 alignleft\" src=\"https:\/\/test4.mi-backup.ch\/wp-content\/uploads\/2020\/11\/goenner_werden1-300x300.jpg\" alt=\"\" width=\"200\" height=\"200\" srcset=\"https:\/\/test4.mi-backup.ch\/wp-content\/uploads\/2020\/11\/goenner_werden1-300x300.jpg 300w, https:\/\/test4.mi-backup.ch\/wp-content\/uploads\/2020\/11\/goenner_werden1-150x150.jpg 150w, https:\/\/test4.mi-backup.ch\/wp-content\/uploads\/2020\/11\/goenner_werden1-32x32.jpg 32w, https:\/\/test4.mi-backup.ch\/wp-content\/uploads\/2020\/11\/goenner_werden1.jpg 400w, https:\/\/test4.mi-backup.ch\/wp-content\/uploads\/2020\/11\/goenner_werden1-100x100.jpg 100w\" sizes=\"(max-width: 200px) 100vw, 200px\" \/><\/p>\n<p>MI-G\u00f6nner erm\u00f6glichen uns dauerhaftes und nachhaltiges Apostolat. Schon ab 10.- im Monat k\u00f6nnen Sie MI-G\u00f6nner werden! Das Apostolat der MI ist kostenintensiv, jedes Flugblatt, jede Medaille und jeder Rosenkranz kostet. Doch h\u00e4ngt die Rettung vieler Seelen von deren Verbreitung ab!<\/p>\n<p>Ihre Vorteile als MI-G\u00f6nner:<\/p>\n<ul>\n<li>Sie erhalten einen Ritter-Rosenkranz als Geschenk (ab 120.- pro Jahr)<\/li>\n<li>Sie werden in der monatlichen hl. Messe f\u00fcr die G\u00f6nner am Herz-Mari\u00e4-S\u00fchnesamstag miteingeschlossen<\/li>\n<li>Sie k\u00f6nnen die MI-G\u00f6nnerschaft jederzeit k\u00fcndigen<\/li>\n<li>Sie k\u00f6nnen sicher sein, dass die Immaculata Ihre Unterst\u00fctzung ewiglich vergelten wird<\/li>\n<\/ul>\n<p><strong><a href=\"https:\/\/test4.mi-backup.ch\/de\/goenner-werden-eur\/\">\u00bb MI-G\u00f6nner werden EUR<\/a><\/strong><\/p>\n<p><strong><a href=\"https:\/\/test4.mi-backup.ch\/de\/goenner-werden-chf\/\">\u00bb MI-G\u00f6nner werden CHF<\/a><\/strong><\/p>\n","protected":false},"excerpt":{"rendered":"<p>Bei uns investieren Sie nicht nur nachhaltig, sondern mit Ewigkeitswert! Die Militia Immaculatae setzt sich ein f\u00fcr die weltweite Verbreitung der Wundert\u00e4tigen Medaille, des Rosenkranzes und des Skapuliers. Es sind die drei Sakramentalien, die Maria uns selbst gegeben hat f\u00fcr die Rettung der Seelen. Durch diese Mittel wirkt Maria als<a class=\"more-link\" href=\"https:\/\/test4.mi-backup.ch\/de\/mi-goenner-werden\/\">Weiterlesen &rarr;<\/a><\/p>\n","protected":false},"author":9,"featured_media":0,"parent":0,"menu_order":0,"comment_status":"closed","ping_status":"closed","template":"","meta":[],"_links":{"self":[{"href":"https:\/\/test4.mi-backup.ch\/de\/wp-json\/wp\/v2\/pages\/32975"}],"collection":[{"href":"https:\/\/test4.mi-backup.ch\/de\/wp-json\/wp\/v2\/pages"}],"about":[{"href":"https:\/\/test4.mi-backup.ch\/de\/wp-json\/wp\/v2\/types\/page"}],"author":[{"embeddable":true,"href":"https:\/\/test4.mi-backup.ch\/de\/wp-json\/wp\/v2\/users\/9"}],"replies":[{"embeddable":true,"href":"https:\/\/test4.mi-backup.ch\/de\/wp-json\/wp\/v2\/comments?post=32975"}],"version-history":[{"count":6,"href":"https:\/\/test4.mi-backup.ch\/de\/wp-json\/wp\/v2\/pages\/32975\/revisions"}],"predecessor-version":[{"id":50460,"href":"https:\/\/test4.mi-backup.ch\/de\/wp-json\/wp\/v2\/pages\/32975\/revisions\/50460"}],"wp:attachment":[{"href":"https:\/\/test4.mi-backup.ch\/de\/wp-json\/wp\/v2\/media?parent=32975"}],"curies":[{"name":"wp","href":"https:\/\/api.w.org\/{rel}","templated":true}]}}