{"id":32977,"date":"2020-12-01T16:12:39","date_gmt":"2020-12-01T15:12:39","guid":{"rendered":"https:\/\/test4.mi-backup.ch\/?page_id=32977"},"modified":"2022-02-03T10:20:14","modified_gmt":"2022-02-03T09:20:14","slug":"projektspenden","status":"publish","type":"page","link":"https:\/\/test4.mi-backup.ch\/de\/projektspenden\/","title":{"rendered":"Projektspenden"},"content":{"rendered":"<p><img loading=\"lazy\" class=\"alignnone wp-image-32926 size-full\" src=\"https:\/\/test4.mi-backup.ch\/wp-content\/uploads\/2020\/11\/spenden_oben.jpg\" alt=\"\" width=\"800\" height=\"180\" srcset=\"https:\/\/test4.mi-backup.ch\/wp-content\/uploads\/2020\/11\/spenden_oben.jpg 800w, https:\/\/test4.mi-backup.ch\/wp-content\/uploads\/2020\/11\/spenden_oben-300x68.jpg 300w, https:\/\/test4.mi-backup.ch\/wp-content\/uploads\/2020\/11\/spenden_oben-768x173.jpg 768w, https:\/\/test4.mi-backup.ch\/wp-content\/uploads\/2020\/11\/spenden_oben-425x96.jpg 425w, https:\/\/test4.mi-backup.ch\/wp-content\/uploads\/2020\/11\/spenden_oben-600x135.jpg 600w\" sizes=\"(max-width: 800px) 100vw, 800px\" \/><\/p>\n<p><strong>Bei uns investieren Sie nicht nur nachhaltig, sondern mit Ewigkeitswert!<br \/>\n<\/strong><\/p>\n<p>Die Militia Immaculatae setzt sich ein f\u00fcr die weltweite Verbreitung der Wundert\u00e4tigen Medaille, des Rosenkranzes und des Skapuliers. Es sind die drei Sakramentalien, die Maria uns selbst gegeben hat f\u00fcr die Rettung der Seelen. Durch diese Mittel wirkt Maria als Mutter und Mittlerin aller Gnaden. Helfen Sie der Gottesmutter Seelen retten! Jede Seele wird Ihnen in Ewigkeit dankbar sein!<br \/>\nD\u00fcrfen wir Sie als Bettler der Immaculata um Ihre Unterst\u00fctzung f\u00fcr unser Apostolat bitten? Vergelt\u2019s Gott!<\/p>\n<p>Die Mutter Gottes l\u00e4sst sich punkto Gro\u00dfherzigkeit nie \u00fcberbieten, sondern wird Ihnen jedes Opfer ganz gewiss reich vergelten!<\/p>\n<blockquote><p>Wussten Sie? Der Verein ist nicht profitorientiert, alle \u201eMitarbeiter\u201c der MI arbeiten ehrenamtlich \/ nebenberuflich (abgesehen von einer kleinen Teilzeitanstellung des Gesch\u00e4ftsf\u00fchrers). Die Spenden gehen deshalb direkt in das Apostolat und der Verein ist deshalb auch steuerbefreit.<\/p><\/blockquote>\n<h3>Projektspenden<\/h3>\n<p>Hier k\u00f6nnen Sie gezielt einzelne unserer Projekte unterst\u00fctzen. Diese finden Sie nachstehend kurz vorgestellt.<\/p>\n<p><strong>1) Projektspende: f\u00fcr die Missionen: Wundert\u00e4tige Medaillen und Rosenkr\u00e4nze<br \/>\n<\/strong><\/p>\n<p><img loading=\"lazy\" class=\"wp-image-32842 alignleft\" src=\"https:\/\/test4.mi-backup.ch\/wp-content\/uploads\/2020\/11\/spenden_mission1-300x300.jpg\" alt=\"\" width=\"200\" height=\"200\" srcset=\"https:\/\/test4.mi-backup.ch\/wp-content\/uploads\/2020\/11\/spenden_mission1-300x300.jpg 300w, https:\/\/test4.mi-backup.ch\/wp-content\/uploads\/2020\/11\/spenden_mission1-150x150.jpg 150w, https:\/\/test4.mi-backup.ch\/wp-content\/uploads\/2020\/11\/spenden_mission1-32x32.jpg 32w, https:\/\/test4.mi-backup.ch\/wp-content\/uploads\/2020\/11\/spenden_mission1.jpg 400w, https:\/\/test4.mi-backup.ch\/wp-content\/uploads\/2020\/11\/spenden_mission1-100x100.jpg 100w\" sizes=\"(max-width: 200px) 100vw, 200px\" \/><\/p>\n<p>Die MI versendet Medaillen und Rosenkr\u00e4nze in \u00fcber 50 L\u00e4nder. Inbesondere die armen Missionsl\u00e4nder unterst\u00fctzen wir damit kostenlos, da diese nicht in der Lage sind, f\u00fcr die Kosten aufzukommen. F\u00fcr das Jahr 2021 rechnen wir mit Unterst\u00fctzungsbedarf von EUR 8\u2018000.<\/p>\n<p><strong><a href=\"https:\/\/test4.mi-backup.ch\/de\/spendenprojekt-missionen-eur\/\">\u00bb Projekt &#8220;Missionen&#8221; unterst\u00fctzen in EUR<\/a><\/strong><\/p>\n<p><strong><a href=\"https:\/\/test4.mi-backup.ch\/de\/spendenprojekt-missionen-chf\/\">\u00bb Projekt &#8220;Missionen&#8221; unterst\u00fctzen in CHF<\/a><\/strong><\/p>\n<p>Wussten Sie? Allein die Versandgeb\u00fchren f\u00fcr ein Paket in die Missionsl\u00e4nder kosten 70.- bis 140.-<\/p>\n<p>&nbsp;<\/p>\n<p><strong>2) Projektspende: Neuanschaffung 10\u2018000 Rosenkr\u00e4nze f\u00fcr das Apostolat<\/strong><\/p>\n<p><img loading=\"lazy\" class=\"wp-image-32851 alignleft\" src=\"https:\/\/test4.mi-backup.ch\/wp-content\/uploads\/2020\/11\/spenden_rosenkranz1-300x300.jpg\" alt=\"\" width=\"200\" height=\"200\" srcset=\"https:\/\/test4.mi-backup.ch\/wp-content\/uploads\/2020\/11\/spenden_rosenkranz1-300x300.jpg 300w, https:\/\/test4.mi-backup.ch\/wp-content\/uploads\/2020\/11\/spenden_rosenkranz1-150x150.jpg 150w, https:\/\/test4.mi-backup.ch\/wp-content\/uploads\/2020\/11\/spenden_rosenkranz1-32x32.jpg 32w, https:\/\/test4.mi-backup.ch\/wp-content\/uploads\/2020\/11\/spenden_rosenkranz1.jpg 400w, https:\/\/test4.mi-backup.ch\/wp-content\/uploads\/2020\/11\/spenden_rosenkranz1-100x100.jpg 100w\" sizes=\"(max-width: 200px) 100vw, 200px\" \/><\/p>\n<p>Im Rahmen unseres Apostolates verschenken wir viele Rosenkr\u00e4nze. Um den Rosenkranz inkl. Brosch\u00fcre weiterhin zu verbreiten, ben\u00f6tigen wir rund EUR 16\u2018000 f\u00fcr die Neuanschaffung von weiteren 10\u2018000 Rosenkr\u00e4nzen (inkl. Brosch\u00fcren).<\/p>\n<p>Unterst\u00fctzen Sie die weitere Verbreitung des Rosenkranzes mit Ihrer Spende.<\/p>\n<p><strong><a href=\"https:\/\/test4.mi-backup.ch\/de\/spendenprojekt-rosenkraenze-eur\/\">\u00bb Projekt &#8220;Neuanschaffung Rosenkr\u00e4nze&#8221; unterst\u00fctzen in EUR<\/a><\/strong><\/p>\n<p><a href=\"https:\/\/test4.mi-backup.ch\/de\/spendenprojekt-rosenkraenze-chf\/\"><strong>\u00bb Projekt &#8220;Neuanschaffung Rosenkr\u00e4nze&#8221; unterst\u00fctzen in CHF<\/strong><\/a><\/p>\n","protected":false},"excerpt":{"rendered":"<p>Bei uns investieren Sie nicht nur nachhaltig, sondern mit Ewigkeitswert! Die Militia Immaculatae setzt sich ein f\u00fcr die weltweite Verbreitung der Wundert\u00e4tigen Medaille, des Rosenkranzes und des Skapuliers. Es sind die drei Sakramentalien, die Maria uns selbst gegeben hat f\u00fcr die Rettung der Seelen. Durch diese Mittel wirkt Maria als<a class=\"more-link\" href=\"https:\/\/test4.mi-backup.ch\/de\/projektspenden\/\">Weiterlesen &rarr;<\/a><\/p>\n","protected":false},"author":9,"featured_media":0,"parent":0,"menu_order":0,"comment_status":"closed","ping_status":"closed","template":"","meta":[],"_links":{"self":[{"href":"https:\/\/test4.mi-backup.ch\/de\/wp-json\/wp\/v2\/pages\/32977"}],"collection":[{"href":"https:\/\/test4.mi-backup.ch\/de\/wp-json\/wp\/v2\/pages"}],"about":[{"href":"https:\/\/test4.mi-backup.ch\/de\/wp-json\/wp\/v2\/types\/page"}],"author":[{"embeddable":true,"href":"https:\/\/test4.mi-backup.ch\/de\/wp-json\/wp\/v2\/users\/9"}],"replies":[{"embeddable":true,"href":"https:\/\/test4.mi-backup.ch\/de\/wp-json\/wp\/v2\/comments?post=32977"}],"version-history":[{"count":5,"href":"https:\/\/test4.mi-backup.ch\/de\/wp-json\/wp\/v2\/pages\/32977\/revisions"}],"predecessor-version":[{"id":50459,"href":"https:\/\/test4.mi-backup.ch\/de\/wp-json\/wp\/v2\/pages\/32977\/revisions\/50459"}],"wp:attachment":[{"href":"https:\/\/test4.mi-backup.ch\/de\/wp-json\/wp\/v2\/media?parent=32977"}],"curies":[{"name":"wp","href":"https:\/\/api.w.org\/{rel}","templated":true}]}}