{"id":33,"date":"2016-08-02T20:36:16","date_gmt":"2016-08-02T20:36:16","guid":{"rendered":"http:\/\/migration.mi-admin.ch\/dewundertaetige-medaille\/"},"modified":"2022-12-28T22:27:20","modified_gmt":"2022-12-28T21:27:20","slug":"wundertaetige-medaille","status":"publish","type":"page","link":"https:\/\/test4.mi-backup.ch\/de\/wundertaetige-medaille\/","title":{"rendered":"Wundert\u00e4tige Medaille"},"content":{"rendered":"<blockquote><p>\u201eAlle, die diese Medaille tragen, werden gro\u00dfe Gnaden erlangen. \u00dcberreich werden die Gnaden f\u00fcr jene sein, die sie mit Vertrauen tragen.&#8221;<\/p><\/blockquote>\n<h3>Ein Zeichen der Liebe<\/h3>\n<p><img loading=\"lazy\" class=\"alignright\" src=\"https:\/\/test4.mi-backup.ch\/wp-content\/uploads\/media\/Medal.jpg\" alt=\"\" width=\"250\" height=\"173\" align=\"top\" border=\"1\" hspace=\"5\" vspace=\"5\" \/>Die Wundert\u00e4tige Medaille ist ein von der katholischen Kirche anerkanntes Sakramentale, ein \u00e4u\u00dferes Zeichen mit einer inneren Wirkung. Sakramentalien wirken nicht aus sich selbst, sondern durch die F\u00fcrbitte der Kirche und den frommen Gebrauch der Gl\u00e4ubigen. Daher wird die Medaille vor dem Gebrauch durch einen Priester gesegnet, Gottes Segen wird auf sie herabgerufen.<\/p>\n<p>Die Medaille ist ein Zeichen der Liebe unserer himmlischen Mutter zu ihren Kindern. Wenn wir die Medaille als Zeichen daf\u00fcr tragen, dass wir Kinder Mariens sind, und im Vertrauen darauf, dass uns Maria durch diese Medaille ihren Schutz und Segen gew\u00e4hrt, wird die Medaille auch zu einem Zeichen unserer Liebe zu Maria.<\/p>\n<h3>Der Ursprung der Medaille<\/h3>\n<div style=\"width: 270px; float: right;\">\n<p><img loading=\"lazy\" class=\"alignright\" src=\"https:\/\/test4.mi-backup.ch\/wp-content\/uploads\/media\/erscheinung2_sephia.jpg\" alt=\"\" width=\"250\" height=\"363\" align=\"top\" border=\"1\" hspace=\"5\" vspace=\"5\" \/><img loading=\"lazy\" class=\"alignright\" src=\"https:\/\/test4.mi-backup.ch\/wp-content\/uploads\/media\/Erscheinung_sephia.jpg\" alt=\"\" width=\"250\" height=\"365\" align=\"top\" border=\"1\" hspace=\"5\" vspace=\"5\" \/><\/p>\n<p><img loading=\"lazy\" class=\"alignright\" src=\"https:\/\/test4.mi-backup.ch\/wp-content\/uploads\/media\/CatherineLabour1.jpg\" alt=\"\" width=\"250\" height=\"178\" align=\"top\" border=\"1\" hspace=\"5\" vspace=\"5\" \/><\/p>\n<p><img loading=\"lazy\" class=\"alignright\" src=\"https:\/\/test4.mi-backup.ch\/wp-content\/uploads\/media\/d-1_merci.jpg\" alt=\"\" width=\"250\" height=\"170\" align=\"top\" border=\"1\" hspace=\"5\" vspace=\"5\" \/><\/p>\n<\/div>\n<p>Am 27. November 1830 erschien die allerseligste Jungfrau Maria im Mutterhaus der Vinzentinerinnen in Paris der Novizin Katharina Labour\u00e9. Unter dem Fu\u00df der allerseligsten Jungfrau, die auf einer Weltkugel stand, wand sich eine Schlange. Damit wird offensichtlich Bezug genommen auf das 1. Buch der Bibel, das Buch Genesis (3,15), wo Gott zur satanischen Schlange spricht: \u201eFeindschaft will ich setzen zwischen dir und der Frau und zwischen deinen Nachkommen und ihren Nachkommen; sie wird dir den Kopf zertreten.\u201c<\/p>\n<p>An den Fingern trug die Gottesmutter herrliche Ringe; von deren Edelsteinen gingen so leuchtende Strahlen aus, dass die ganze Gestalt Mariens in Licht geh\u00fcllt wurde. Sie erkl\u00e4rte:<strong> \u201eDie Strahlen sind das Sinnbild der Gnaden, die ich \u00fcber all jene ausgie\u00dfe, die mich darum bitten.\u201c<\/strong><\/p>\n<p>Dann bildete sich um die Jungfrau ein ovaler Rahmen, auf dem in goldenen Buchstaben die Worte standen: <strong><em>\u201eO Maria, ohne S\u00fcnden empfangen, bitte f\u00fcr uns, die wir zu Dir unsere Zuflucht nehmen.\u201c <\/em><\/strong><br \/>\nGleichzeitig h\u00f6rte die Schwester eine Stimme, die ihr sagte: <strong><em>\u201eLass nach diesem Muster eine Medaille pr\u00e4gen! Alle, die sie tragen, werden gro\u00dfe Gnaden erlangen. \u00dcberreich werden die Gnaden f\u00fcr jene sein, die sie mit Vertrauen tragen.\u201c<\/em><\/strong><\/p>\n<p>Dann sah die Schwester, wie die R\u00fcckseite der Medaille aussehen sollte: Ein <strong>M<\/strong> (f\u00fcr Maria) von einem Kreuz \u00fcberragt. Darunter die beiden Herzen Jesu und Mariens. Das Ganze umrahmt von 12 Sternen (siehe Offb 12,1). Bei einer weiteren Erscheinung wiederholte die Muttergottes den Auftrag, die Medaille pr\u00e4gen zu lassen.<\/p>\n<p>Schwester Katharina lebte noch bis zu ihrem Tod im Jahre 1876 in dem Kloster und diente den Armen und Kranken. Ihr Leib ist dort noch heute unversehrt zu sehen und die Kirche hat sie 1947 heiliggesprochen. Neben ihrer kindlichen Liebe zu Maria zeichnete sich die hl. Katharina besonders durch ihre Demut aus. Ihr ganzes Leben sprach sie, ihre Ordensoberen ausgenommen, mit niemandem \u00fcber die Erscheinungen.<\/p>\n<h3>Die \u201eWundert\u00e4tige\u201c<\/h3>\n<p>Die Medaille eroberte schnell die Herzen der Gl\u00e4ubigen und das Volk gab ihr den Beinamen die &#8220;Wundert\u00e4tige&#8221;, weil es durch sie von Beginn weg viele Wunder gab. Die vielen auffallenden Bekehrungen und Heilungen trugen m\u00e4chtig zur Verbreitung der Medaille bei. Bis zum Tod der hl. Katharina waren bereits \u00fcber eine Milliarde davon gepr\u00e4gt worden. Maria hat ihr Versprechen gehalten. Ohne Zahl sind die Gnaden, die sie durch die Medaille ihrer Unbefleckten Empf\u00e4ngnis schon verteilt hat. Bekehrungen von S\u00fcndern, wunderbare Heilungen von Krankheiten aller Art, Hilfe in gro\u00dfen Schwierigkeiten und Bedr\u00e4ngnissen, Errettung aus Lebensgefahren.<\/p>\n<p>Die Wundert\u00e4tige Medaille ist ein Geschenk des m\u00fctterlichen Herzens Mariens. So sollte die Liebe und Macht ihres makellosen Herzens aller Welt in besonderer Weise kundgetan werden, vielen Menschen zum Heil.<\/p>\n<p>Bitte h\u00f6ren deshalb auch Sie auf die Worte der Muttergottes! Tragen Sie die Medaille mit Ehrfurcht und Vertrauen und verbreiten Sie die Medaille, wo sie k\u00f6nnen.<\/p>\n<p>Beten Sie oft das Gebet, das auf der Medaille steht: <strong>\u201eO Maria, ohne S\u00fcnden empfangen, bitte f\u00fcr uns, die wir zu Dir unsere Zuflucht nehmen.\u201c<\/strong><\/p>\n<h3>Jetzt kostenlos eine Medaille bestellen<\/h3>\n<p><a href=\"https:\/\/test4.mi-backup.ch\/de\/bestellformular-medaille\/\"><img loading=\"lazy\" class=\"alignnone size-full wp-image-43666\" src=\"https:\/\/test4.mi-backup.ch\/wp-content\/uploads\/2021\/11\/202111_click_bestellformular.jpg\" alt=\"\" width=\"800\" height=\"120\" srcset=\"https:\/\/test4.mi-backup.ch\/wp-content\/uploads\/2021\/11\/202111_click_bestellformular.jpg 800w, https:\/\/test4.mi-backup.ch\/wp-content\/uploads\/2021\/11\/202111_click_bestellformular-300x45.jpg 300w, https:\/\/test4.mi-backup.ch\/wp-content\/uploads\/2021\/11\/202111_click_bestellformular-768x115.jpg 768w, https:\/\/test4.mi-backup.ch\/wp-content\/uploads\/2021\/11\/202111_click_bestellformular-425x64.jpg 425w, https:\/\/test4.mi-backup.ch\/wp-content\/uploads\/2021\/11\/202111_click_bestellformular-600x90.jpg 600w\" sizes=\"(max-width: 800px) 100vw, 800px\" \/><\/a><\/p>\n<h3>Video \u00fcber Katharina Labour\u00e9 und die Wundert\u00e4tige Medaille, ca. 18min<\/h3>\n<p><iframe loading=\"lazy\" src=\"https:\/\/www.youtube.com\/embed\/QpUmpaDnOl4?rel=0\" width=\"700\" height=\"480\" frameborder=\"0\" scrolling=\"no\" allowfullscreen=\"allowfullscreen\"><\/iframe><\/p>\n","protected":false},"excerpt":{"rendered":"<p>\u201eAlle, die diese Medaille tragen, werden gro\u00dfe Gnaden erlangen. \u00dcberreich werden die Gnaden f\u00fcr jene sein, die sie mit Vertrauen tragen.&#8221; Ein Zeichen der Liebe Die Wundert\u00e4tige Medaille ist ein von der katholischen Kirche anerkanntes Sakramentale, ein \u00e4u\u00dferes Zeichen mit einer inneren Wirkung. Sakramentalien wirken nicht aus sich selbst, sondern<a class=\"more-link\" href=\"https:\/\/test4.mi-backup.ch\/de\/wundertaetige-medaille\/\">Weiterlesen &rarr;<\/a><\/p>\n","protected":false},"author":9,"featured_media":84594,"parent":0,"menu_order":0,"comment_status":"closed","ping_status":"closed","template":"","meta":[],"_links":{"self":[{"href":"https:\/\/test4.mi-backup.ch\/de\/wp-json\/wp\/v2\/pages\/33"}],"collection":[{"href":"https:\/\/test4.mi-backup.ch\/de\/wp-json\/wp\/v2\/pages"}],"about":[{"href":"https:\/\/test4.mi-backup.ch\/de\/wp-json\/wp\/v2\/types\/page"}],"author":[{"embeddable":true,"href":"https:\/\/test4.mi-backup.ch\/de\/wp-json\/wp\/v2\/users\/9"}],"replies":[{"embeddable":true,"href":"https:\/\/test4.mi-backup.ch\/de\/wp-json\/wp\/v2\/comments?post=33"}],"version-history":[{"count":10,"href":"https:\/\/test4.mi-backup.ch\/de\/wp-json\/wp\/v2\/pages\/33\/revisions"}],"predecessor-version":[{"id":43680,"href":"https:\/\/test4.mi-backup.ch\/de\/wp-json\/wp\/v2\/pages\/33\/revisions\/43680"}],"wp:featuredmedia":[{"embeddable":true,"href":"https:\/\/test4.mi-backup.ch\/de\/wp-json\/wp\/v2\/media\/84594"}],"wp:attachment":[{"href":"https:\/\/test4.mi-backup.ch\/de\/wp-json\/wp\/v2\/media?parent=33"}],"curies":[{"name":"wp","href":"https:\/\/api.w.org\/{rel}","templated":true}]}}