{"id":3541,"date":"2017-02-21T11:09:10","date_gmt":"2017-02-21T10:09:10","guid":{"rendered":"https:\/\/test4.mi-backup.ch\/?page_id=3541\/"},"modified":"2017-03-23T21:38:45","modified_gmt":"2017-03-23T20:38:45","slug":"vortraege-ueber-die-immaculata-und-die-mi","status":"publish","type":"page","link":"https:\/\/test4.mi-backup.ch\/de\/vortraege-ueber-die-immaculata-und-die-mi\/","title":{"rendered":"Vortr\u00e4ge \u00fcber die Immaculata und die MI"},"content":{"rendered":"<p>Sie haben hier die M\u00f6glichkeit die Exerzitienvortr\u00e4ge von Pater Stehlin und Pater M\u00f6rgeli aus dem Jahre 2005 nachzuh\u00f6ren.<\/p>\n<p>&#8220;Die Vortr\u00e4ge m\u00f6gen uns die ganze Gr\u00f6sse der Immaculata aufzeigen, ihre Bedeutung f\u00fcr unser Leben und auch unsere Antwort auf sie&#8230;und uns die eigene tiefste Sendung unseres Lebens klar machen: Ritter in ihrem Dienste zu sein. Dies ist der sicherste Weg zur pers\u00f6nlichen Heiligkeit.&#8221; (P. Stehlin)<\/p>\n<p>Die Vortr\u00e4ge k\u00f6nnen auch heruntergeladen werden. Zuerst die Datei \u00f6ffnen, dann mit der rechten Maustaste anklicken und &#8220;Audio speichern&#8221; w\u00e4hlen.<\/p>\n<figure style=\"width: 350px\" class=\"wp-caption alignright\"><img loading=\"lazy\" src=\"https:\/\/test4.mi-backup.ch\/wp-content\/uploads\/media\/Audio\/MI_Exerzitien_1.jpg\" width=\"350\" height=\"344\" border=\"1\" \/><figcaption class=\"wp-caption-text\"><a href=\"https:\/\/test4.mi-backup.ch\/wp-content\/uploads\/media\/Audio\/08_-_Anonymus__Salve_Regina.mp3\" target=\"_blank\" class=\"broken_link\"><strong>Das Salve Regina des Klosters Einsiedeln<\/strong><\/a><\/figcaption><\/figure>\n<p style=\"text-align: left; padding-left: 30px;\">1a: <a href=\"https:\/\/test4.mi-backup.ch\/wp-content\/uploads\/media\/Audio\/V_01a_Heilsplan.mp3\" target=\"_blank\" class=\"broken_link\">Die Immaculata im Heilsplan Gottes (P. St.)<\/a><br \/>\n1b: <a href=\"https:\/\/test4.mi-backup.ch\/wp-content\/uploads\/media\/Audio\/V_01b.mp3\" target=\"_blank\" class=\"broken_link\">Fortsetzung<\/a><\/p>\n<p style=\"padding-left: 30px;\">2a: <a href=\"https:\/\/test4.mi-backup.ch\/wp-content\/uploads\/media\/Audio\/V_02a_Fatima.mp3\" target=\"_blank\" class=\"broken_link\">Fatima und die Apokalypse (P. St.)<\/a><br \/>\n2b: <a href=\"https:\/\/test4.mi-backup.ch\/wp-content\/uploads\/media\/Audio\/V_02b.mp3\" target=\"_blank\" class=\"broken_link\">Fortsetzung<\/a><\/p>\n<p style=\"padding-left: 30px;\">3a: <a href=\"https:\/\/test4.mi-backup.ch\/wp-content\/uploads\/media\/Audio\/V_03a_P._Kolbe.mp3\" target=\"_blank\" class=\"broken_link\">Die Militia des hl. Maximilian (P. St.)<\/a><br \/>\n3b: <a href=\"https:\/\/test4.mi-backup.ch\/wp-content\/uploads\/media\/Audio\/V_03b.mp3\" target=\"_blank\" class=\"broken_link\">Fortsetzung<\/a><\/p>\n<p style=\"padding-left: 30px;\">4a: <a href=\"https:\/\/test4.mi-backup.ch\/wp-content\/uploads\/media\/Audio\/V_04a_Lebensziel.mp3\" target=\"_blank\" class=\"broken_link\">Sinn und Ziel des Lebens (P. M.)<\/a><br \/>\n4b: <a href=\"https:\/\/test4.mi-backup.ch\/wp-content\/uploads\/media\/Audio\/V_04b.mp3\" target=\"_blank\" class=\"broken_link\">Fortsetzung<\/a><\/p>\n<p style=\"padding-left: 30px;\">5a: <a href=\"https:\/\/test4.mi-backup.ch\/wp-content\/uploads\/media\/Audio\/V_05a_Kampfgeist.mp3\" target=\"_blank\" class=\"broken_link\">Kampfgeist (P. St.)<\/a><br \/>\n5b: <a href=\"https:\/\/test4.mi-backup.ch\/wp-content\/uploads\/media\/Audio\/V_05b.mp3\" target=\"_blank\" class=\"broken_link\">Fortsetzung<\/a><\/p>\n<p style=\"padding-left: 30px;\">6a: <a href=\"https:\/\/test4.mi-backup.ch\/wp-content\/uploads\/media\/Audio\/V_06a_Feind.mp3\" target=\"_blank\" class=\"broken_link\">Taktik des Feindes (P. M.)<\/a><br \/>\n6b: <a href=\"https:\/\/test4.mi-backup.ch\/wp-content\/uploads\/media\/Audio\/V_06b.mp3\" target=\"_blank\" class=\"broken_link\">Fortsetzung<\/a><\/p>\n<p style=\"padding-left: 30px;\">7a: <a href=\"https:\/\/test4.mi-backup.ch\/wp-content\/uploads\/media\/Audio\/V_07a_Weltgeist.mp3\" target=\"_blank\" class=\"broken_link\">Weltgeist (P. St.)<\/a><\/p>\n<p style=\"padding-left: 30px;\">7b: <a href=\"https:\/\/test4.mi-backup.ch\/wp-content\/uploads\/media\/Audio\/V_07b.mp3\" target=\"_blank\" class=\"broken_link\">Fortsetzung<\/a><\/p>\n<p style=\"padding-left: 30px;\">8a: <a href=\"https:\/\/test4.mi-backup.ch\/wp-content\/uploads\/media\/Audio\/V_08a_Siegerin.mp3\" target=\"_blank\" class=\"broken_link\">Die Siegerin in unserem Leben (P. St.)<\/a><br \/>\n8b: <a href=\"https:\/\/test4.mi-backup.ch\/wp-content\/uploads\/media\/Audio\/V_08b.mp3\" target=\"_blank\" class=\"broken_link\">Fortsetzung<\/a><\/p>\n<p style=\"padding-left: 30px;\">9a: <a href=\"https:\/\/test4.mi-backup.ch\/wp-content\/uploads\/media\/Audio\/V_09a_Ritter.mp3\" target=\"_blank\" class=\"broken_link\">Das Wesen des Ritters (P. M.)<\/a><br \/>\n9b: <a href=\"https:\/\/test4.mi-backup.ch\/wp-content\/uploads\/media\/Audio\/V_09b.mp3\" target=\"_blank\" class=\"broken_link\">Fortsetzung<\/a><\/p>\n<p style=\"padding-left: 30px;\">10a: <a href=\"https:\/\/test4.mi-backup.ch\/wp-content\/uploads\/media\/Audio\/V_10a_Apostolat_I.mp3\" target=\"_blank\" class=\"broken_link\">Apostolat (innere Grundlage) (P. M.)<\/a><br \/>\n10b: <a href=\"https:\/\/test4.mi-backup.ch\/wp-content\/uploads\/media\/Audio\/V_10b.mp3\" target=\"_blank\" class=\"broken_link\">Fortsetzung<\/a><\/p>\n<p style=\"padding-left: 30px;\">11a: <a href=\"https:\/\/test4.mi-backup.ch\/wp-content\/uploads\/media\/Audio\/V_11a_Apostolat_II.mp3\" target=\"_blank\" class=\"broken_link\">Apostolat als \u00e4u\u00dfere T\u00e4tigkeit (P. St.)<\/a><br \/>\n11b: <a href=\"https:\/\/test4.mi-backup.ch\/wp-content\/uploads\/media\/Audio\/V_11b.mp3\" target=\"_blank\" class=\"broken_link\">Fortsetzung<\/a><\/p>\n<p style=\"padding-left: 30px;\">12a: <a href=\"https:\/\/test4.mi-backup.ch\/wp-content\/uploads\/media\/Audio\/V_12a_Weihe_leben.mp3\" target=\"_blank\" class=\"broken_link\">Die Weihe und das Leben mit Maria (P. St.)<\/a><br \/>\n12b: <a href=\"https:\/\/test4.mi-backup.ch\/wp-content\/uploads\/media\/Audio\/V_12b.mp3\" target=\"_blank\" class=\"broken_link\">Fortsetzung<\/a><\/p>\n<p style=\"padding-left: 30px;\">13a: <a href=\"https:\/\/test4.mi-backup.ch\/wp-content\/uploads\/media\/Audio\/V_13a_Weiheformel.mp3\" target=\"_blank\" class=\"broken_link\">Die Weiheformel der MI (P. St.)<\/a><br \/>\n13b: <a href=\"https:\/\/test4.mi-backup.ch\/wp-content\/uploads\/media\/Audio\/V_13b.mp3\" target=\"_blank\" class=\"broken_link\">Fortsetzung<\/a><\/p>\n<p style=\"padding-left: 30px;\">14: <a href=\"https:\/\/test4.mi-backup.ch\/wp-content\/uploads\/media\/Audio\/V_14_Messe.mp3\" target=\"_blank\" class=\"broken_link\">Die hl. Messe mit Maria (P. St.)<\/a><\/p>\n","protected":false},"excerpt":{"rendered":"<p>Sie haben hier die M\u00f6glichkeit die Exerzitienvortr\u00e4ge von Pater Stehlin und Pater M\u00f6rgeli aus dem Jahre 2005 nachzuh\u00f6ren. &#8220;Die Vortr\u00e4ge m\u00f6gen uns die ganze Gr\u00f6sse der Immaculata aufzeigen, ihre Bedeutung f\u00fcr unser Leben und auch unsere Antwort auf sie&#8230;und uns die eigene tiefste Sendung unseres Lebens klar machen: Ritter in<a class=\"more-link\" href=\"https:\/\/test4.mi-backup.ch\/de\/vortraege-ueber-die-immaculata-und-die-mi\/\">Weiterlesen &rarr;<\/a><\/p>\n","protected":false},"author":9,"featured_media":0,"parent":0,"menu_order":0,"comment_status":"closed","ping_status":"closed","template":"","meta":[],"_links":{"self":[{"href":"https:\/\/test4.mi-backup.ch\/de\/wp-json\/wp\/v2\/pages\/3541"}],"collection":[{"href":"https:\/\/test4.mi-backup.ch\/de\/wp-json\/wp\/v2\/pages"}],"about":[{"href":"https:\/\/test4.mi-backup.ch\/de\/wp-json\/wp\/v2\/types\/page"}],"author":[{"embeddable":true,"href":"https:\/\/test4.mi-backup.ch\/de\/wp-json\/wp\/v2\/users\/9"}],"replies":[{"embeddable":true,"href":"https:\/\/test4.mi-backup.ch\/de\/wp-json\/wp\/v2\/comments?post=3541"}],"version-history":[{"count":2,"href":"https:\/\/test4.mi-backup.ch\/de\/wp-json\/wp\/v2\/pages\/3541\/revisions"}],"predecessor-version":[{"id":4216,"href":"https:\/\/test4.mi-backup.ch\/de\/wp-json\/wp\/v2\/pages\/3541\/revisions\/4216"}],"wp:attachment":[{"href":"https:\/\/test4.mi-backup.ch\/de\/wp-json\/wp\/v2\/media?parent=3541"}],"curies":[{"name":"wp","href":"https:\/\/api.w.org\/{rel}","templated":true}]}}