{"id":36,"date":"2015-07-20T20:46:20","date_gmt":"2015-07-20T20:46:20","guid":{"rendered":"http:\/\/migration.mi-admin.ch\/deapostolat\/"},"modified":"2017-06-06T17:50:06","modified_gmt":"2017-06-06T15:50:06","slug":"apostolat","status":"publish","type":"page","link":"https:\/\/test4.mi-backup.ch\/de\/apostolat\/","title":{"rendered":"Apostolat"},"content":{"rendered":"<blockquote><p>Pro amore, usque ad victimam &#8211; Alles f\u00fcr die Liebe bis zur Aufopferung meines Lebens!<br \/>\n(Leitwort des hl. Maximilian)<\/p><\/blockquote>\n<p><img loading=\"lazy\" class=\"alignright\" src=\"https:\/\/test4.mi-backup.ch\/wp-content\/uploads\/media\/Apostolat\/Kolbe_Medaille_1.jpg\" alt=\"\" width=\"250\" height=\"365\" align=\"top\" border=\"1\" hspace=\"5\" vspace=\"5\" \/><\/p>\n<p>Das Apostolat der MI steht unter der geistigen F\u00fchrung und dem Schutz des hl. Maximilian Kolbe. Er ist uns mit seinem Eifer f\u00fcr das Heil der Seelen und die Ausbreitung des Reiches Christi durch die Immaculata ein leuchtendes Vorbild. Sein Eifer kannte dabei keine Grenzen. Am Liebsten h\u00e4tte er in allen L\u00e4ndern f\u00fcr die Immaculata gewirkt. Kaum hatte er die Stadt der Unbefleckten in Polen aufgebaut, als er die Oberen um Erlaubnis bat, als Missionar nach Japan gehen zu d\u00fcrfen. Die Oberen fragten erstaunt, ob er japanisch spreche, ob er dort Beziehungen habe, ob er Geld f\u00fcr dieses Vorhaben habe. Er musste alle Fragen verneinen. Aber die Oberen kannten ihn schon und lie\u00dfen ihn ziehen. Sein unermessliches Vertrauen in seine Herrin wurde nie entt\u00e4uscht. Seine Devise war es, alles der Immaculata hinzugeben, wirklich alles. Aber dann wandte er sich voller Vertrauen an sie, damit sie das, was nicht in seinen Kr\u00e4ften lag, bewirke. (Siehe dazu den <a href=\"https:\/\/test4.mi-backup.ch\/de\/tatsachenbericht-japan\/\">Tatsachenbericht aus Japan<\/a>.)<\/p>\n<p>Das Leitwort des hl. Ignatius &#8220;alles zur gr\u00f6\u00dferen Ehre Gottes&#8221; steigerte er zum &#8220;alles zur gr\u00f6\u00dften Ehre Gottes durch die Immaculata&#8221;.<\/p>\n<p>Die Ritter der Immaculata versuchen dem Beispiel Ihres Gr\u00fcnders nach Kr\u00e4ften nachzufolgen. Wir wollen uns dabei vor allem auf die Verbreitung der Wundert\u00e4tigen Medaille konzentrieren, sowohl jeder Einzelne im Alltag als auch durch das Versenden dieser Medaille mit dem Flugblatt in verschiedenen Sprachen in alle Welt. Allen Priestern, Missionaren und Laienaposteln, die nach Medaillen fragen, wollen wir diese zusenden.<\/p>\n<p><img loading=\"lazy\" class=\"alignright\" src=\"https:\/\/test4.mi-backup.ch\/wp-content\/uploads\/media\/Apostolat\/H20627PV_Heiligenbild-Hl-Maximilian-Kolbe.jpg\" alt=\"\" width=\"250\" height=\"438\" align=\"top\" border=\"1\" hspace=\"5\" vspace=\"5\" \/><\/p>\n<p>Der hl. Maximilian sagte \u00fcber dieses himmlische Apostolatsmittel:<\/p>\n<p>&#8220;Sich bem\u00fchen um die Bekehrung der S\u00fcnder durch die Vermittlung der Immaculata. Dazu alle legitimen Mittel ben\u00fctzen. Vor allem aber die Verbreitung der Wundert\u00e4tigen Medaille.&#8221; (Aus den Statuten der MI vom hl. Maximilian)<\/p>\n<p>&#8220;Insbesondere muss man jene Mittel ausw\u00e4hlen, die die Unbefleckte selbst uns gibt, und dazu geh\u00f6rt auch die Wundert\u00e4tige Medaille. Verteilen wir diese \u00fcberall, wo es nur m\u00f6glich ist.&#8221; Auf diese Weise wollen wir dem hl. Maximilian nachfolgen, um im Dienste der Immaculata und mit ihr &#8220;allen alles zu werden&#8221;. (vgl. 1 Kor 9,22)<\/p>\n<p>D\u00fcrfen wir auch Sie ermuntern, auf diese Weise in den Dienst der Immaculata zu treten und die Wundert\u00e4tige Medaille zu verbreiten?<\/p>\n<p>Gerne unterst\u00fctzten wir Sie dabei durch die Zusendung von Materialien. Besuchen Sie dazu <a href=\"https:\/\/test4.mi-backup.ch\/de\/shop\/\">unseren Shop<\/a>.<\/p>\n","protected":false},"excerpt":{"rendered":"<p>Pro amore, usque ad victimam &#8211; Alles f\u00fcr die Liebe bis zur Aufopferung meines Lebens! (Leitwort des hl. Maximilian) Das Apostolat der MI steht unter der geistigen F\u00fchrung und dem Schutz des hl. Maximilian Kolbe. Er ist uns mit seinem Eifer f\u00fcr das Heil der Seelen und die Ausbreitung des<a class=\"more-link\" href=\"https:\/\/test4.mi-backup.ch\/de\/apostolat\/\">Weiterlesen &rarr;<\/a><\/p>\n","protected":false},"author":9,"featured_media":0,"parent":0,"menu_order":0,"comment_status":"closed","ping_status":"closed","template":"","meta":[],"_links":{"self":[{"href":"https:\/\/test4.mi-backup.ch\/de\/wp-json\/wp\/v2\/pages\/36"}],"collection":[{"href":"https:\/\/test4.mi-backup.ch\/de\/wp-json\/wp\/v2\/pages"}],"about":[{"href":"https:\/\/test4.mi-backup.ch\/de\/wp-json\/wp\/v2\/types\/page"}],"author":[{"embeddable":true,"href":"https:\/\/test4.mi-backup.ch\/de\/wp-json\/wp\/v2\/users\/9"}],"replies":[{"embeddable":true,"href":"https:\/\/test4.mi-backup.ch\/de\/wp-json\/wp\/v2\/comments?post=36"}],"version-history":[{"count":8,"href":"https:\/\/test4.mi-backup.ch\/de\/wp-json\/wp\/v2\/pages\/36\/revisions"}],"predecessor-version":[{"id":5875,"href":"https:\/\/test4.mi-backup.ch\/de\/wp-json\/wp\/v2\/pages\/36\/revisions\/5875"}],"wp:attachment":[{"href":"https:\/\/test4.mi-backup.ch\/de\/wp-json\/wp\/v2\/media?parent=36"}],"curies":[{"name":"wp","href":"https:\/\/api.w.org\/{rel}","templated":true}]}}