{"id":37,"date":"2015-07-18T16:28:36","date_gmt":"2015-07-18T16:28:36","guid":{"rendered":"http:\/\/migration.mi-admin.ch\/dedie-immaculata\/"},"modified":"2017-09-27T22:18:43","modified_gmt":"2017-09-27T20:18:43","slug":"die-immaculata","status":"publish","type":"page","link":"https:\/\/test4.mi-backup.ch\/de\/die-immaculata\/","title":{"rendered":"Die Immaculata"},"content":{"rendered":"<blockquote><p>\u201eSie wird dir das Haupt zertreten.\u201d (Gen 3,15)<br \/>\n\u201eDu allein hast alle H\u00e4resien auf der ganzen Welt besiegt.\u201d (aus dem r\u00f6m. Brevier)<\/p><\/blockquote>\n<div style=\"width: 300px; float: right; padding-left: 15px;\">\n<p><img loading=\"lazy\" class=\"aligncenter\" src=\"https:\/\/test4.mi-backup.ch\/wp-content\/uploads\/media\/Immaculata.jpg\" alt=\"\" width=\"300\" height=\"454\" align=\"top\" border=\"1\" hspace=\"5\" vspace=\"5\" \/><\/p>\n<p style=\"text-align: center;\"><em>Gew\u00e4hre mir, dich zu preisen, o heiligste Jungfrau, gib mir Macht gegen deine Feinde.<\/em><br \/>\n(Aus dem Weihegebet der MI)<\/p>\n<p style=\"text-align: center;\"><em>O Maria, ohne S\u00fcnde empfangen, bitte f\u00fcr uns, die wir zu dir unsere Zuflucht nehmen, und f\u00fcr alle, die ihre Zuflucht nicht zu dir nehmen, besonders f\u00fcr die Freimaurer und f\u00fcr alle dir Anempfohlenen.<\/em><br \/>\n(Sto\u00dfgebet der MI vom hl. Maximilian)<\/p>\n<p>Oben: Das Gnadenbild aus der Kirche St. Andrea delle Fratte in Rom. Hier wirkte Maria im Jahr 1842 das bekannte Wunder der augenblicklichen Bekehrung des Juden Alphonse Ratisbonne durch eine Erscheinung. Erwirkt wurde dieses Wunder durch die Wundert\u00e4tige Medaille, welche er einem Freund zuliebe f\u00fcr ein paar Tage bei sich trug. Ratisbonne kannte nach der Erscheinung den ganzen katholischen Glauben und wurde Priester. Der hl. Maximilian feierte am Altar vor diesem Bild seine hl. Primiz.<\/p>\n<p>Ich werde Dich niemals allein lassen. Mein Unbeflecktes Herz wird deine Zuflucht sein und der Weg, der dich zu Gott f\u00fchrt.<\/p>\n<p>(Versprechen Mariens an Lucia in Fatima)<\/p>\n<p style=\"text-align: center;\"><img loading=\"lazy\" class=\"aligncenter\" src=\"https:\/\/test4.mi-backup.ch\/wp-content\/uploads\/media\/Fatima.jpg\" alt=\"\" width=\"300\" height=\"383\" align=\"top\" border=\"1\" hspace=\"5\" vspace=\"5\" \/><span style=\"font-family: Tahoma;\"><br \/>\n<\/span><\/p>\n<p style=\"text-align: center;\"><strong>Am Ende wird mein Unbeflecktes Herz triumphieren!<\/strong><\/p>\n<p style=\"text-align: center;\">Bild: Statue unserer lieben Frau von Fatima mit ihrem Unbefleckten Herzen<span style=\"font-family: Tahoma;\"><br \/>\n<\/span><\/p>\n<\/div>\n<p>Immer wieder h\u00f6rt man aus dem Munde der Heiligen den staunenden Ruf: \u201eWer bist Du, o Immaculata?&#8221; Der Name Immaculata &#8211; Unbefleckte &#8211; f\u00fcr Maria fand Verbreitung nach der Verk\u00fcndigung des Dogmas der Unbefleckten Empf\u00e4ngnis Mariens (1854) und den Erscheinungen in Lourdes (1858), wo Maria sich der hl. Bernadette vorstellte mit den Worten &#8220;<em><strong>Ich bin die Unbefleckte Empf\u00e4ngnis<\/strong><\/em>&#8220;. Der hl. Maximilian verwendete f\u00fcr Maria fast immer den Titel Immaculata. Sprachlos steht der Mensch vor den unz\u00e4hligen Wundern und Geheimnissen, welche in ihr ihren Ursprung haben. Sie steht als das Meisterwerk Gottes einzig da in ihrer Vollkommenheit und Macht. Die Kirche preist ihre Vorz\u00fcge und will, dass wir sie mehr als alle Engel und Heiligen verehren (Hyperdulia).<\/p>\n<p>Ihre Rolle im Erl\u00f6sungswerk Christi ist einzigartig. Durch die Gottesmutterschaft nimmt sie daran teil als neue Eva und Miterl\u00f6serin. Sie wendet die Fr\u00fcchte der Erl\u00f6sung allen ihren Kindern zu als Mittlerin aller Gnaden. So wird sie uns von Gott gegeben als die Macht, durch die sich der Mensch zuallererst bekehrt und dann als der Weg, auf dem er zu Christus kommt. Ihr verdanken wir alle unsere pers\u00f6nlichen Gnaden.<\/p>\n<p>Sie ist auch das gro\u00dfe Zeichen am Himmel, welches das christliche Heer anf\u00fchrt im Kampf gegen Satan. Sie ist die Siegerin in allen Schlachten Gottes. Insbesondere aber am Ende der Zeiten steht sie da als das letzte Heilmittel, das Gott der Welt gibt. So ist es bereits in der geheimen Offenbarung vorausgesagt: &#8220;<em><strong>Am Himmel erschien ein gro\u00dfes Zeichen: Eine Frau, mit der Sonne umkleidet, den Mond unter ihren F\u00fc\u00dfen und eine Krone von zw\u00f6lf Sternen auf ihrem Haupte.<\/strong><\/em>&#8221; (Offb. 12,1) &#8220;Durch Maria hat das Heil der Welt begonnen, durch sie wird es auch vollendet werden.&#8221; (hl. Ludwig Maria Grignion von Montfort)<\/p>\n<p>Sie offenbart sich selbst, unmittelbar durch ihre Erscheinungen, mittelbar durch besonders von ihr erw\u00e4hlte Werkzeuge, um ihre unvorstellbare Macht im Augenblick der furchtbarsten Angriffe des Feindes der Seelen zu beweisen. Ihr Herz wird zur letzten Zuflucht der verfolgten und bedr\u00e4ngten Kinder Gottes, welche treu ausharren m\u00f6chten unter dem Kreuze des Herrn. Unter ihr Banner stellen sich ihre Kinder, ihre Ritter und bilden eine kleine Armee, welche die gr\u00f6\u00dfte Pr\u00fcfung \u00fcbersteht und am Ende gegen die scheinbare \u00dcbermacht siegt. So wie es Maria in Fatima voraussagte: <strong>&#8220;Am Ende wird mein Unbeflecktes Herz triumphieren!&#8221;<\/strong><\/p>\n<p>So wollen wir nach dem Beispiel des hl. Maximilian, des hl. Ludwig und aller Heiligen in allen Bedr\u00e4ngnissen des Lebens und der heutigen Welt voll Vertrauen auf die Immaculata blicken, nach den Worten des hl. Bernhard von Clairvaux:<\/p>\n<p><em>&#8220;O, wer immer du bist &#8211; da du siehst, dass du im Strom dieser Zeit unter den St\u00fcrmen und Ungewittern mehr dahintreibst, als dass man sagen k\u00f6nnte, du wandelst auf sicherer Erde, wende nicht ab deinen Blick vom Leuchten dieses Gestirnes, wenn du nicht untergehen willst in den St\u00fcrmen.<br \/>\nWenn sich erheben die Sturmwinde der Versuchungen, wenn du hintreibst an die Klippen der \u00c4ngste, blicke auf zum Stern, ruf an Maria! Wenn du hingeri\u00dfen wirst von den Wellen des Hochmuts, oder des Ehrgeizes, oder der Verleumdung, oder der Eifersucht, blick auf zum Stern, ruf an Maria!<\/em><br \/>\n<em> Wenn der Zorn oder die Habsucht, die Gel\u00fcste des Fleisches das Schifflein deiner Seele zu kentern drohen, blick auf zu Maria! Wenn du, verwirrt von der furchtbaren Gr\u00f6\u00dfe der Schuld, besch\u00e4mt durch die Befleckung des Gewissens, entsetzt durch die Schrecken des Gerichtes, in den Abgrund der Traurigkeit zu versinken drohst, in den Schlund der Verzweiflung &#8211; dann denk an Maria!<\/em><br \/>\n<em> In Gefahren und \u00c4ngsten, in Zweifel und Not denk an Maria, ruf an Maria! Nicht weiche sie aus deinem Munde, nicht weiche sie aus deinem Herzen! Und um die Erh\u00f6rung deiner Gebete zu empfangen, h\u00f6re nicht auf, ihr Leben nachzuahmen.<\/em><br \/>\n<em> Wenn du ihr folgst, gehst du nicht in die Irre; wenn du zu ihr betest, wirst du nicht verzweifeln, wenn du sie in deinen Gedanken beh\u00e4ltst, wirst du keinen Fehltritt zun. Wenn sie dich h\u00e4lt, f\u00e4llst du nicht; wenn sie dich besch\u00fctzt, hast du nichts mehr zu bef\u00fcrchten; wenn sie dich f\u00fchrt, erm\u00fcdest du nicht mehr; unter ihrem Beistand gelangst du zum Hafen!&#8221;<\/em><\/p>\n<table style=\"height: 17px;\" width=\"75\" cellpadding=\"5\">\n<tbody>\n<tr>\n<td valign=\"top\" width=\"451\"><em><br \/>\n<\/em><\/td>\n<td valign=\"top\" width=\"277\"><\/td>\n<\/tr>\n<\/tbody>\n<\/table>\n<p>&nbsp;<\/p>\n","protected":false},"excerpt":{"rendered":"<p>\u201eSie wird dir das Haupt zertreten.\u201d (Gen 3,15) \u201eDu allein hast alle H\u00e4resien auf der ganzen Welt besiegt.\u201d (aus dem r\u00f6m. Brevier) Gew\u00e4hre mir, dich zu preisen, o heiligste Jungfrau, gib mir Macht gegen deine Feinde. (Aus dem Weihegebet der MI) O Maria, ohne S\u00fcnde empfangen, bitte f\u00fcr uns, die<a class=\"more-link\" href=\"https:\/\/test4.mi-backup.ch\/de\/die-immaculata\/\">Weiterlesen &rarr;<\/a><\/p>\n","protected":false},"author":9,"featured_media":0,"parent":0,"menu_order":0,"comment_status":"closed","ping_status":"closed","template":"","meta":[],"_links":{"self":[{"href":"https:\/\/test4.mi-backup.ch\/de\/wp-json\/wp\/v2\/pages\/37"}],"collection":[{"href":"https:\/\/test4.mi-backup.ch\/de\/wp-json\/wp\/v2\/pages"}],"about":[{"href":"https:\/\/test4.mi-backup.ch\/de\/wp-json\/wp\/v2\/types\/page"}],"author":[{"embeddable":true,"href":"https:\/\/test4.mi-backup.ch\/de\/wp-json\/wp\/v2\/users\/9"}],"replies":[{"embeddable":true,"href":"https:\/\/test4.mi-backup.ch\/de\/wp-json\/wp\/v2\/comments?post=37"}],"version-history":[{"count":10,"href":"https:\/\/test4.mi-backup.ch\/de\/wp-json\/wp\/v2\/pages\/37\/revisions"}],"predecessor-version":[{"id":7170,"href":"https:\/\/test4.mi-backup.ch\/de\/wp-json\/wp\/v2\/pages\/37\/revisions\/7170"}],"wp:attachment":[{"href":"https:\/\/test4.mi-backup.ch\/de\/wp-json\/wp\/v2\/media?parent=37"}],"curies":[{"name":"wp","href":"https:\/\/api.w.org\/{rel}","templated":true}]}}