{"id":37483,"date":"2021-05-14T10:46:07","date_gmt":"2021-05-14T08:46:07","guid":{"rendered":"https:\/\/test4.mi-backup.ch\/?page_id=37483"},"modified":"2023-02-20T14:24:48","modified_gmt":"2023-02-20T13:24:48","slug":"mi-zeitschrift-bestellen","status":"publish","type":"page","link":"https:\/\/test4.mi-backup.ch\/de\/mi-zeitschrift-bestellen\/","title":{"rendered":"MI-Zeitschrift &#8220;Ritter der Immaculata&#8221; kostenlos bestellen"},"content":{"rendered":"<p><img loading=\"lazy\" class=\"alignnone size-full wp-image-37486\" src=\"https:\/\/test4.mi-backup.ch\/wp-content\/uploads\/2021\/05\/202105_ritterzeitschrift_banner_transp.png\" alt=\"\" width=\"800\" height=\"200\" srcset=\"https:\/\/test4.mi-backup.ch\/wp-content\/uploads\/2021\/05\/202105_ritterzeitschrift_banner_transp.png 800w, https:\/\/test4.mi-backup.ch\/wp-content\/uploads\/2021\/05\/202105_ritterzeitschrift_banner_transp-300x75.png 300w, https:\/\/test4.mi-backup.ch\/wp-content\/uploads\/2021\/05\/202105_ritterzeitschrift_banner_transp-768x192.png 768w, https:\/\/test4.mi-backup.ch\/wp-content\/uploads\/2021\/05\/202105_ritterzeitschrift_banner_transp-425x106.png 425w, https:\/\/test4.mi-backup.ch\/wp-content\/uploads\/2021\/05\/202105_ritterzeitschrift_banner_transp-600x150.png 600w\" sizes=\"(max-width: 800px) 100vw, 800px\" \/><\/p>\n<ul>\n<li>ein Gemeinschaftsprojekt der drei L\u00e4nder<\/li>\n<li>erscheint dreimal pro Jahr: Jeweils am 13. Januar, am 13. Mai und am 13. September<\/li>\n<li>Alle registrierten MI-Mitglieder erhalten diese Zeitschrift automatisch kostenlos zugesandt<\/li>\n<li>Finanzierung erfolgt auf <a href=\"https:\/\/test4.mi-backup.ch\/de\/spenden\/\">Spendenbasis<\/a><\/li>\n<li>Auch kostenlos f\u00fcr Interessierte<\/li>\n<li>Nachbestellungen m\u00f6glich (\u00dcbersicht \u00fcber die Ausgaben finden Sie <a href=\"https:\/\/test4.mi-backup.ch\/de\/mi-zeitschrift\/\">hier<\/a>)<\/li>\n<\/ul>\n<h4>Bestellformular<\/h4>\n<div class=\"wpforms-container wpforms-container-full\" id=\"wpforms-37482\"><form id=\"wpforms-form-37482\" class=\"wpforms-validate wpforms-form\" data-formid=\"37482\" method=\"post\" enctype=\"multipart\/form-data\" action=\"\/de\/wp-json\/wp\/v2\/pages\/37483\" data-token=\"874377e8843abf8bf2cb2e769e2d3c34\" data-token-time=\"1776870055\"><noscript class=\"wpforms-error-noscript\">Bitte aktiviere JavaScript in deinem Browser, um dieses Formular fertigzustellen.<\/noscript><div class=\"wpforms-field-container\"><div id=\"wpforms-37482-field_14-container\" class=\"wpforms-field wpforms-field-radio\" data-field-id=\"14\"><label class=\"wpforms-field-label\" for=\"wpforms-37482-field_14\">Bestellung <span class=\"wpforms-required-label\">*<\/span><\/label><ul id=\"wpforms-37482-field_14\" class=\"wpforms-field-required\"><li class=\"choice-1 depth-1 wpforms-selected\"><input type=\"radio\" id=\"wpforms-37482-field_14_1\" name=\"wpforms[fields][14]\" value=\"Kostenloses Abo: Hiermit bestelle ich kostenlos die Zeitschrift \u201cRitter der Immaculata\u201d (erscheint 3x pro Jahr)\" required  checked='checked'><label class=\"wpforms-field-label-inline\" for=\"wpforms-37482-field_14_1\">Kostenloses Abo: Hiermit bestelle ich kostenlos die Zeitschrift \u201cRitter der Immaculata\u201d (erscheint 3x pro Jahr)<\/label><\/li><li class=\"choice-2 depth-1\"><input type=\"radio\" id=\"wpforms-37482-field_14_2\" name=\"wpforms[fields][14]\" value=\"Probe-Exemplar: Ich h\u00e4tte gerne einmalig die aktuelle Ausgabe als Probe-Exemplar\" required ><label class=\"wpforms-field-label-inline\" for=\"wpforms-37482-field_14_2\">Probe-Exemplar: Ich h\u00e4tte gerne einmalig die aktuelle Ausgabe als Probe-Exemplar<\/label><\/li><li class=\"choice-3 depth-1\"><input type=\"radio\" id=\"wpforms-37482-field_14_3\" name=\"wpforms[fields][14]\" value=\"Nachbestellung: ich h\u00e4tte gerne eine oder mehrere Ausgaben nachbestellt (bitte unter Bemerkungen angeben, welche Ausgabe und Anzahl Exemplare)\" required ><label class=\"wpforms-field-label-inline\" for=\"wpforms-37482-field_14_3\">Nachbestellung: ich h\u00e4tte gerne eine oder mehrere Ausgaben nachbestellt (bitte unter Bemerkungen angeben, welche Ausgabe und Anzahl Exemplare)<\/label><\/li><\/ul><\/div><div id=\"wpforms-37482-field_9-container\" class=\"wpforms-field wpforms-field-select wpforms-conditional-trigger wpforms-field-select-style-classic\" data-field-id=\"9\"><label class=\"wpforms-field-label\" for=\"wpforms-37482-field_9\">Anrede <span class=\"wpforms-required-label\">*<\/span><\/label><select id=\"wpforms-37482-field_9\" class=\"wpforms-field-small wpforms-field-required\" name=\"wpforms[fields][9]\" required=\"required\"><option value=\"Herr\"  selected='selected'>Herr<\/option><option value=\"Frau\" >Frau<\/option><option value=\"Familie\" >Familie<\/option><option value=\"Herr u. Frau\" >Herr u. Frau<\/option><option value=\"andere...\" >andere...<\/option><\/select><\/div><div id=\"wpforms-37482-field_11-container\" class=\"wpforms-field wpforms-field-text wpforms-conditional-field wpforms-conditional-show\" data-field-id=\"11\" style=\"display:none;\"><label class=\"wpforms-field-label\" for=\"wpforms-37482-field_11\">andere Anrede (z. B. H. H. Pater, Ehrw. Schwester, Herr Dr., etc.) <span class=\"wpforms-required-label\">*<\/span><\/label><input type=\"text\" id=\"wpforms-37482-field_11\" class=\"wpforms-field-small wpforms-field-required\" name=\"wpforms[fields][11]\" required><\/div><div id=\"wpforms-37482-field_0-container\" class=\"wpforms-field wpforms-field-name\" data-field-id=\"0\"><label class=\"wpforms-field-label\" for=\"wpforms-37482-field_0\">Name <span class=\"wpforms-required-label\">*<\/span><\/label><div class=\"wpforms-field-row wpforms-field-medium\"><div class=\"wpforms-field-row-block wpforms-first wpforms-one-half\"><input type=\"text\" id=\"wpforms-37482-field_0\" class=\"wpforms-field-name-first wpforms-field-required\" name=\"wpforms[fields][0][first]\" required><label for=\"wpforms-37482-field_0\" class=\"wpforms-field-sublabel after\">Vorname<\/label><\/div><div class=\"wpforms-field-row-block wpforms-one-half\"><input type=\"text\" id=\"wpforms-37482-field_0-last\" class=\"wpforms-field-name-last wpforms-field-required\" name=\"wpforms[fields][0][last]\" required><label for=\"wpforms-37482-field_0-last\" class=\"wpforms-field-sublabel after\">Nachname<\/label><\/div><\/div><\/div><div id=\"wpforms-37482-field_3-container\" class=\"wpforms-field wpforms-field-text\" data-field-id=\"3\"><label class=\"wpforms-field-label\" for=\"wpforms-37482-field_3\">Adresse und Hausnummer <span class=\"wpforms-required-label\">*<\/span><\/label><input type=\"text\" id=\"wpforms-37482-field_3\" class=\"wpforms-field-medium wpforms-field-required\" name=\"wpforms[fields][3]\" required><\/div><div id=\"wpforms-37482-field_5-container\" class=\"wpforms-field wpforms-field-text\" data-field-id=\"5\"><label class=\"wpforms-field-label\" for=\"wpforms-37482-field_5\">Adresszusatz (falls n\u00f6tig)<\/label><input type=\"text\" id=\"wpforms-37482-field_5\" class=\"wpforms-field-medium\" name=\"wpforms[fields][5]\" placeholder=\"z. B. Postfach\" ><\/div><div id=\"wpforms-37482-field_17-container\" class=\"wpforms-field wpforms-field-text wpforms-one-fifth wpforms-first\" data-field-id=\"17\"><label class=\"wpforms-field-label\" for=\"wpforms-37482-field_17\">PLZ <span class=\"wpforms-required-label\">*<\/span><\/label><input type=\"text\" id=\"wpforms-37482-field_17\" class=\"wpforms-field-large wpforms-field-required\" name=\"wpforms[fields][17]\" placeholder=\"PLZ\" required><\/div><div id=\"wpforms-37482-field_4-container\" class=\"wpforms-field wpforms-field-name wpforms-four-fifths\" data-field-id=\"4\"><label class=\"wpforms-field-label\" for=\"wpforms-37482-field_4\">Ort <span class=\"wpforms-required-label\">*<\/span><\/label><input type=\"text\" id=\"wpforms-37482-field_4\" class=\"wpforms-field-large wpforms-field-required\" name=\"wpforms[fields][4]\" placeholder=\"Ort\" required><\/div><div id=\"wpforms-37482-field_6-container\" class=\"wpforms-field wpforms-field-select wpforms-conditional-trigger wpforms-field-select-style-classic\" data-field-id=\"6\"><label class=\"wpforms-field-label\" for=\"wpforms-37482-field_6\">Land <span class=\"wpforms-required-label\">*<\/span><\/label><select id=\"wpforms-37482-field_6\" class=\"wpforms-field-medium wpforms-field-required\" name=\"wpforms[fields][6]\" required=\"required\"><option value=\"Deutschland\" >Deutschland<\/option><option value=\"\u00d6sterreich\" >\u00d6sterreich<\/option><option value=\"Schweiz\" >Schweiz<\/option><option value=\"andere...\" >andere...<\/option><\/select><\/div><div id=\"wpforms-37482-field_7-container\" class=\"wpforms-field wpforms-field-text wpforms-conditional-field wpforms-conditional-show\" data-field-id=\"7\" style=\"display:none;\"><label class=\"wpforms-field-label\" for=\"wpforms-37482-field_7\">anderes Land <span class=\"wpforms-required-label\">*<\/span><\/label><input type=\"text\" id=\"wpforms-37482-field_7\" class=\"wpforms-field-medium wpforms-field-required\" name=\"wpforms[fields][7]\" required><\/div><div id=\"wpforms-37482-field_1-container\" class=\"wpforms-field wpforms-field-email\" data-field-id=\"1\"><label class=\"wpforms-field-label\" for=\"wpforms-37482-field_1\">E-Mail <span class=\"wpforms-required-label\">*<\/span><\/label><input type=\"email\" id=\"wpforms-37482-field_1\" class=\"wpforms-field-medium wpforms-field-required\" name=\"wpforms[fields][1]\" spellcheck=\"false\" required><\/div><div id=\"wpforms-37482-field_13-container\" class=\"wpforms-field wpforms-field-gdpr-checkbox\" data-field-id=\"13\"><label class=\"wpforms-field-label\">Datenschutzerkl\u00e4rung-Einverst\u00e4ndnis <span class=\"wpforms-required-label\">*<\/span><\/label><ul id=\"wpforms-37482-field_13\" class=\"wpforms-field-required\"><li class=\"choice-1\"><input type=\"checkbox\" id=\"wpforms-37482-field_13_1\" name=\"wpforms[fields][13][]\" value=\"Ich bin mit den Datenschutzerkl\u00e4rungen einverstanden und willige ein, dass die MI meine Adresse an das zust\u00e4ndige Landessekretariat weiterleitet zwecks Abwicklung dieser Bestellung.\" required ><label class=\"wpforms-field-label-inline\" for=\"wpforms-37482-field_13_1\">Ich bin mit den Datenschutzerkl\u00e4rungen einverstanden und willige ein, dass die MI meine Adresse an das zust\u00e4ndige Landessekretariat weiterleitet zwecks Abwicklung dieser Bestellung.<\/label><\/li><\/ul><\/div><div id=\"wpforms-37482-field_2-container\" class=\"wpforms-field wpforms-field-textarea\" data-field-id=\"2\"><label class=\"wpforms-field-label\" for=\"wpforms-37482-field_2\">allf\u00e4llige Bemerkungen (optional):<\/label><textarea id=\"wpforms-37482-field_2\" class=\"wpforms-field-medium\" name=\"wpforms[fields][2]\" ><\/textarea><\/div><\/div><!-- .wpforms-field-container --><div class=\"wpforms-submit-container\" ><input type=\"hidden\" name=\"wpforms[id]\" value=\"37482\"><input type=\"hidden\" name=\"page_title\" value=\"\"><input type=\"hidden\" name=\"page_url\" value=\"https:\/\/test4.mi-backup.ch\/de\/wp-json\/wp\/v2\/pages\/37483\"><button type=\"submit\" name=\"wpforms[submit]\" id=\"wpforms-submit-37482\" class=\"wpforms-submit\" data-alt-text=\"Senden...\" data-submit-text=\"Absenden\" aria-live=\"assertive\" value=\"wpforms-submit\">Absenden<\/button><\/div><\/form><\/div>  <!-- .wpforms-container -->\n","protected":false},"excerpt":{"rendered":"<p>ein Gemeinschaftsprojekt der drei L\u00e4nder erscheint dreimal pro Jahr: Jeweils am 13. Januar, am 13. Mai und am 13. September Alle registrierten MI-Mitglieder erhalten diese Zeitschrift automatisch kostenlos zugesandt Finanzierung erfolgt auf Spendenbasis Auch kostenlos f\u00fcr Interessierte Nachbestellungen m\u00f6glich (\u00dcbersicht \u00fcber die Ausgaben finden Sie hier) Bestellformular<a class=\"more-link\" href=\"https:\/\/test4.mi-backup.ch\/de\/mi-zeitschrift-bestellen\/\">Weiterlesen &rarr;<\/a><\/p>\n","protected":false},"author":9,"featured_media":0,"parent":0,"menu_order":0,"comment_status":"closed","ping_status":"closed","template":"","meta":[],"_links":{"self":[{"href":"https:\/\/test4.mi-backup.ch\/de\/wp-json\/wp\/v2\/pages\/37483"}],"collection":[{"href":"https:\/\/test4.mi-backup.ch\/de\/wp-json\/wp\/v2\/pages"}],"about":[{"href":"https:\/\/test4.mi-backup.ch\/de\/wp-json\/wp\/v2\/types\/page"}],"author":[{"embeddable":true,"href":"https:\/\/test4.mi-backup.ch\/de\/wp-json\/wp\/v2\/users\/9"}],"replies":[{"embeddable":true,"href":"https:\/\/test4.mi-backup.ch\/de\/wp-json\/wp\/v2\/comments?post=37483"}],"version-history":[{"count":6,"href":"https:\/\/test4.mi-backup.ch\/de\/wp-json\/wp\/v2\/pages\/37483\/revisions"}],"predecessor-version":[{"id":37494,"href":"https:\/\/test4.mi-backup.ch\/de\/wp-json\/wp\/v2\/pages\/37483\/revisions\/37494"}],"wp:attachment":[{"href":"https:\/\/test4.mi-backup.ch\/de\/wp-json\/wp\/v2\/media?parent=37483"}],"curies":[{"name":"wp","href":"https:\/\/api.w.org\/{rel}","templated":true}]}}