{"id":39,"date":"2016-01-31T15:05:06","date_gmt":"2016-01-31T15:05:06","guid":{"rendered":"http:\/\/migration.mi-admin.ch\/deder-ruf-der-immaculata\/"},"modified":"2017-03-23T20:45:05","modified_gmt":"2017-03-23T19:45:05","slug":"der-ruf-der-immaculata","status":"publish","type":"page","link":"https:\/\/test4.mi-backup.ch\/de\/der-ruf-der-immaculata\/","title":{"rendered":"Der Ruf der Immaculata"},"content":{"rendered":"<figure style=\"width: 200px\" class=\"wp-caption alignright\"><img loading=\"lazy\" src=\"https:\/\/test4.mi-backup.ch\/wp-content\/uploads\/media\/Mary_serpent.jpg\" width=\"200\" height=\"302\" align=\"top\" border=\"1\" hspace=\"5\" vspace=\"5\" \/><figcaption class=\"wp-caption-text\">Maria besiegt den Drachen &#8211; mit dem Kreuz<\/figcaption><\/figure>\n<p>Unsere Liebe Frau von Fatima nannte die moderne Zeit die \u201eZeit der entscheidenden Schlacht\u201c. Durch das Angebot ihres Unbefleckten Herzens als \u201eunsere Zuflucht\u201c, bietet sie uns das Mittel an gegen die Versuchung der Abschaffung des Glaubens.<\/p>\n<p>Ohne diese Ma\u00dfnahme w\u00fcrde die Menschheit v\u00f6llig machtlos sein gegen die \u201eteuflische Welle, die durch die Welt fegt\u201c.<\/p>\n<p>In verschiedenen Offenbarungen (etwa in La Salette) und in den Schriften der Heiligen (z.B. hl. Ludwig Maria Grignion von Montfort) offenbart Maria das Heilmittel gegen die zeitgen\u00f6ssische Krise: <em>Ich werde eine kleine Armee von Gl\u00e4ubigen ernennen, \u201edie Apostel von Jesus und Maria\u201c, welche mit meiner Hilfe siegen wird.<\/em><\/p>\n<p>Dieses Ziel hatte der hl. Maximilian vor Augen, als er 1917 die Ritterschaft der Unbefleckten \u2013 die Militia Immaculatae (MI) gr\u00fcndete.<\/p>\n<h3>Die Vision und die Lehre des hl. Maximilian<\/h3>\n<p>Von der Sorge f\u00fcr das Heil der Seelen angetrieben, f\u00fchrte der hl. Maximilian einen aktiven Kampf gegen die Feinde der katholischen Kirche. Er wusste, dass Gott nur von einer Person vorhersagte, dass sie dem Satan den Kopf zertreten, ihn besiegen werde. Nur einer Frau hatte er versprochen alle H\u00e4resien auf der ganzen Welt zu \u00fcberwinden. Nur die allerseligste Jungfrau Maria f\u00fchrt erfolgreich bis zum sicheren Sieg.<\/p>\n<p>Die Statuten der MI zeigen die Natur dieses Kampfes im ersten Satz: \u201eSie wird dir den Kopf zertreten.\u201c Dieser Kampf resultiert aus der einzigartigen, unwiderruflichen Feindschaft zwischen Himmel und H\u00f6lle. Da die Immaculata in diesem Kampf steht, m\u00fcssen auch ihre Ritter und Knechte k\u00e4mpfen. Daher gab der hl. Maximilian seiner Organisation den Namen Militia \u2013 Armee. Es war dieser Geist des Kampfes und des Apostolates welcher in der ersten H\u00e4lfte des 20. Jahrhunderts weltweit Millionen anzog, um sich in der MI unter dem Banner der Immaculata zu vereinigen.<\/p>\n<h3>Relevanz der MI heute<\/h3>\n<figure style=\"width: 200px\" class=\"wp-caption alignright\"><img loading=\"lazy\" src=\"https:\/\/test4.mi-backup.ch\/wp-content\/uploads\/media\/Erstes_Heft_kolbe.jpg\" width=\"200\" height=\"300\" align=\"top\" border=\"1\" hspace=\"5\" vspace=\"5\" \/><figcaption class=\"wp-caption-text\">Die urspr\u00fcngliche Ausgabe der Zeitschrift &#8220;Der Ritter der Unbefleckten&#8221; des hl. Maximilians<\/figcaption><\/figure>\n<p>Der Gr\u00fcnder der MI hatte keine Zweifel, dass die Irrlehren und falschen Religionen ein t\u00f6dliches Gift f\u00fcr die Seelen sind, weil sie den Menschen ein falsches Lebensziel vorgaukeln, das logische Denken verbiegen und sie von der Quelle der Gnade trennen.<\/p>\n<p>Die Ritter welche sich der Immaculata hingegeben haben, sollten als Werkzeug in ihren H\u00e4nden den Geist der Immaculata ausstrahlen und alle m\u00f6glichen Mittel anwenden f\u00fcr die Bekehrung der S\u00fcnder.<\/p>\n<p>Eine Kampfestruppe unter dem Banner der Immaculata f\u00fcr den wahren Glauben, die katholische Kirche und die Rettung der Seelen ist heute noch viel notwendiger als bei der Gr\u00fcndung der MI vor rund 100 Jahren. Um das Erbe des hl. Maximilian \u2013 welches nach dem Konzil ebenfalls umgestaltet wurde \u2013 wieder zu beleben, wurde im Jahr 2000 die MI in der Priesterbruderschaft St. Pius X. in ihrem urspr\u00fcnglichen Geist wieder gegr\u00fcndet.<\/p>\n<h2>Der spezifische Charakter der Weihe an die Immaculata<\/h2>\n<figure id=\"attachment_3562\" aria-describedby=\"caption-attachment-3562\" style=\"width: 200px\" class=\"wp-caption alignright\"><img loading=\"lazy\" class=\"wp-image-3562 size-full\" src=\"https:\/\/test4.mi-backup.ch\/wp-content\/uploads\/2016\/01\/Schmaler-Weg.jpg\" width=\"200\" height=\"497\" srcset=\"https:\/\/test4.mi-backup.ch\/wp-content\/uploads\/2016\/01\/Schmaler-Weg.jpg 200w, https:\/\/test4.mi-backup.ch\/wp-content\/uploads\/2016\/01\/Schmaler-Weg-121x300.jpg 121w\" sizes=\"(max-width: 200px) 100vw, 200px\" \/><figcaption id=\"caption-attachment-3562\" class=\"wp-caption-text\">Der schmale und der breite Weg Das irdische Leben ist etwas anderes als die meisten glauben. Kein behagliches oder langweiliges Bummeln durch die Welt: Es geht um Gott oder Teufel! Das Schicksal der Seele, wie das eines Landes, wird gew\u00f6hnlich an der Grenze entschieden. Wir m\u00fcssen starke Festungen an der Grenze bauen. Wir m\u00fcssen die Sinne, die Eingangstore in die Seele, sorgf\u00e4ltig h\u00fcten. Wir m\u00fcssen \u00fcberall Wachtposten aufstellen, betende Wachtposten. Wir d\u00fcrfen uns nicht zu weit hinauswagen ins Feindesland. Die n\u00e4chste Gelegenheit meiden auf allen Gebieten! Keine Zugest\u00e4ndnisse, keine Kompromisse! Kein Spielen mit der Schlange! Das ist Muttergottestaktik. Sie soll uns vorbildlich sein im Privatleben wie in der Politik. Die kleinen Zugest\u00e4ndnisse und kleinen Unvorsichtigkeiten an der Grenze entscheiden sehr oft den Ausgang des Krieges. Die Schlangenkopfzermalmerin mit dem Kindlein, muss in uns auch den katholischen Offensivgeist wecken. Wir m\u00fcssen den Teufel hinaustreiben aus dem besetzten Gebiet. Pr\u00e4lat Robert M\u00e4der (+1945)<\/figcaption><\/figure>\n<p>Ist es noch n\u00f6tig eine weitere Marienweihe vorzunehmen, wenn man bereits die vollkommene Hingabe des hl. Ludwig Maria vollzogen hat?<\/p>\n<p>Bei der vollkommenen Hingabe geht es um die Erneuerung der Taufgel\u00fcbde und die pers\u00f6nliche Beziehung zwischen der Seele und Maria. Es ist eine Hingabe des Knechtes an die Herrin und Mutter. Die pers\u00f6nliche Heiligung steht im Vordergrund. Diese Weihe bildet ohne Zweifel die Grundlage der marianischen Spiritualit\u00e4t.<\/p>\n<p>Die Weihe an die Immaculata des hl. Maximilian k\u00f6nnte man als Erneuerung des Firmversprechens bezeichnen. Der k\u00fcnftige Ritter gibt sich seiner K\u00f6nigin als Werkzeug hin. Das Ziel dieser Hingabe ist der Triumph Mariens \u00fcber die Schlange und alle H\u00e4resien. Der Ritter setzt alle seine Kr\u00e4fte daf\u00fcr ein, damit seine K\u00f6nigin in m\u00f6glichst allen Seelen herrsche, gerade auch in den \u201eabgefallenen und lauen Seelen\u201c. Das letzte Ziel ist die \u201eVerbreitung des milden K\u00f6nigtums des Heiligsten Herzens. Denn wo Du eintrittst, da erflehst Du die Gnade der Bekehrung und der Heiligung, denn vom Heiligsten Herzen Jesu gelangen zu uns alle Gnaden nur durch Deine H\u00e4nde\u201c (Weiheformel).<\/p>\n<h2>Empfehlung des Generaloberen der Priesterbruderschaft St. Pius X.<\/h2>\n<p>Im Februar 2002 schrieb der Generalobere Bischof Fellay in einem Brief an die Mitglieder der Priesterbruderschaft: \u201eIch kann Sie nur dazu einladen, sich dieser wunderbaren, ganz apostolischen Initiative anzunehmen und sie zu verbreiten. Wir sehen in ihr eine vollkommene \u00dcbereinstimmung mit Fatima einerseits und andererseits mit jener frommen Hingabe, die unsere Statuten von uns gegen\u00fcber der allerseligsten Jungfrau Maria einfordern\u201d.<\/p>\n<h2>F\u00fchlen auch Sie sich von diesem Ruf der Immaculata angesprochen?<\/h2>\n<p>Bitte erw\u00e4gen Sie vor Gott und der Immaculata, ob auch f\u00fcr Sie die Weihe an die Immaculata und der Kampf als Ritter der MI &#8211; unter dem Banner der Immaculata &#8211; der gottgewollte Weg ist, um diesem Ruf zu entsprechen. Nat\u00fcrlich handelt es sich dabei um einen rein geistigen Kampf, welchen der Apostel Paulus schon beschrieben hat: &#8220;Legt die Waffenr\u00fcstung Gottes an, damit ihr den R\u00e4nken des Teufels widerstehen k\u00f6nnt. Unser Kampf gilt ja nicht Fleisch und Blut, sondern den M\u00e4chten und Gewalten, den finsteren Weltherrschern und den b\u00f6sen Geistern in den Himmelsh\u00f6hen.&#8221; (Eph 6,11-12) Die Mitgliedschaft in der MI steht daher M\u00e4nnern und Frauen gleicherma\u00dfen offen.<\/p>\n<p>Bei Interesse melden Sie sich bitte bei Ihrem Priester vor Ort, oder nehmen Sie mit uns <a href=\"https:\/\/test4.mi-backup.ch\/de\/kontakt\/\">Kontakt<\/a> auf. (Siehe auch <a href=\"https:\/\/test4.mi-backup.ch\/de\/leitfaden-zur-mi-aufnahme\/\">Aufnahme in die MI<\/a>)<\/p>\n<p>Auch wenn Sie es in Erw\u00e4gung ziehen, gemeinsam mit anderen ebenfalls eine MI-Gruppe (MI 2) zu gr\u00fcnden, unterst\u00fctzen wir Sie gerne dabei. Den Leitfaden dazu finden Sie dazu <a href=\"https:\/\/test4.mi-backup.ch\/de\/leitfaden-zur-gruendung-einer-mi-gruppe\/\">hier<\/a>.<\/p>\n","protected":false},"excerpt":{"rendered":"<p>Unsere Liebe Frau von Fatima nannte die moderne Zeit die \u201eZeit der entscheidenden Schlacht\u201c. Durch das Angebot ihres Unbefleckten Herzens als \u201eunsere Zuflucht\u201c, bietet sie uns das Mittel an gegen die Versuchung der Abschaffung des Glaubens. Ohne diese Ma\u00dfnahme w\u00fcrde die Menschheit v\u00f6llig machtlos sein gegen die \u201eteuflische Welle, die<a class=\"more-link\" href=\"https:\/\/test4.mi-backup.ch\/de\/der-ruf-der-immaculata\/\">Weiterlesen &rarr;<\/a><\/p>\n","protected":false},"author":9,"featured_media":0,"parent":0,"menu_order":0,"comment_status":"closed","ping_status":"closed","template":"","meta":[],"_links":{"self":[{"href":"https:\/\/test4.mi-backup.ch\/de\/wp-json\/wp\/v2\/pages\/39"}],"collection":[{"href":"https:\/\/test4.mi-backup.ch\/de\/wp-json\/wp\/v2\/pages"}],"about":[{"href":"https:\/\/test4.mi-backup.ch\/de\/wp-json\/wp\/v2\/types\/page"}],"author":[{"embeddable":true,"href":"https:\/\/test4.mi-backup.ch\/de\/wp-json\/wp\/v2\/users\/9"}],"replies":[{"embeddable":true,"href":"https:\/\/test4.mi-backup.ch\/de\/wp-json\/wp\/v2\/comments?post=39"}],"version-history":[{"count":11,"href":"https:\/\/test4.mi-backup.ch\/de\/wp-json\/wp\/v2\/pages\/39\/revisions"}],"predecessor-version":[{"id":4152,"href":"https:\/\/test4.mi-backup.ch\/de\/wp-json\/wp\/v2\/pages\/39\/revisions\/4152"}],"wp:attachment":[{"href":"https:\/\/test4.mi-backup.ch\/de\/wp-json\/wp\/v2\/media?parent=39"}],"curies":[{"name":"wp","href":"https:\/\/api.w.org\/{rel}","templated":true}]}}