{"id":40,"date":"2016-10-29T09:27:24","date_gmt":"2016-10-29T09:27:24","guid":{"rendered":"http:\/\/migration.mi-admin.ch\/deder-rosenkranz\/"},"modified":"2022-12-28T22:44:18","modified_gmt":"2022-12-28T21:44:18","slug":"der-rosenkranz","status":"publish","type":"page","link":"https:\/\/test4.mi-backup.ch\/de\/der-rosenkranz\/","title":{"rendered":"Der Rosenkranz"},"content":{"rendered":"<blockquote><p>\u201eDer Rosenkranz ist die Kette, die uns zu Gott erhebt und uns an ihn bindet.\u201c<br \/>\n<em> Schwester Lucia von Fatima<\/em><\/p><\/blockquote>\n<figure style=\"width: 250px\" class=\"wp-caption alignright\"><img loading=\"lazy\" src=\"https:\/\/test4.mi-backup.ch\/wp-content\/uploads\/media\/Fatima.jpg\" width=\"250\" height=\"319\" align=\"top\" border=\"1\" hspace=\"5\" vspace=\"5\" \/><figcaption class=\"wp-caption-text\">Unsere Liebe Frau von Fatima &#8211; die K\u00f6nigin des hl. Rosenkranzes<\/figcaption><\/figure>\n<p>Der Rosenkranz ist notwendig! Der Himmel selber will es! In allen Erscheinungen von Fatima bat Maria um das t\u00e4gliche Rosenkranzgebet, in der letzten Erscheinung \u2013 am 13. Oktober 1917 \u2013 stellte sie sich als K\u00f6nigin des Rosenkranzes vor.<\/p>\n<p>Schwester Lucia, eines der drei Seherkinder, sagte sp\u00e4ter gegen\u00fcber Pater Fuentes:<\/p>\n<p style=\"text-align: left;\">\u201eMaria hat sowohl meinen Cousins wie mir gesagt, dass sie der Welt die letzten Heilmittel gebe: Den Rosenkranz und die Verehrung des Unbefleckten Herzens Mariens. Und da dies die letzten Heilmittel sind, hei\u00dft es, dass es keine anderen geben wird. Gott bietet uns das letzte Mittel des Heils an, seine heiligste Mutter. Wenn wir dieses letzte Mittel abweisen, werden wir die Verzeihung des Himmels nicht mehr erlangen. Sehen Sie, Pater, die Muttergottes hat in diesen letzten Zeiten, in denen wir leben, dem Rosenkranzgebet eine neue Wirksamkeit gegeben. Auf diese Weise gibt es kein Problem, sei es zeitlicher Art oder vor allem geistlicher Art, &#8230; so schwierig es auch sei, das wir nicht durch das Gebet des Rosenkranzes l\u00f6sen k\u00f6nnten. Mit dem Rosenkranz werden wir uns retten, wir werden uns heiligen, wir werden unseren Herrn tr\u00f6sten und viele Seelen retten.\u201c<\/p>\n<p>Diese Aussagen scheinen gewagt, doch sie sind es nicht. Gott gebraucht n\u00e4mlich gerne unscheinbare und bescheidene Mittel, um Gro\u00dfes zu erreichen: \u201eWas der Welt schwach erscheint, hat Gott auserw\u00e4hlt, um das Starke zu besch\u00e4men\u201c (1 Kor 1,27).<\/p>\n<p>Lassen wir Sr. Lucia noch genauer den Wert des Rosenkranzes beschreiben:<\/p>\n<h3>1) Der Rosenkranz ist der beste Schutz gegen den Irrtum<\/h3>\n<figure style=\"width: 250px\" class=\"wp-caption alignright\"><img loading=\"lazy\" src=\"https:\/\/test4.mi-backup.ch\/wp-content\/uploads\/media\/Fatima_children_with_rosaries.jpg\" width=\"250\" height=\"160\" align=\"top\" border=\"1\" hspace=\"5\" vspace=\"5\" \/><figcaption class=\"wp-caption-text\">Die drei Seherkinder: Jacinta, Lucia und Francisco<\/figcaption><\/figure>\n<p>\u201eMan bete alle Tage den Rosenkranz! Unsere Liebe Frau hat dies in all ihren Erscheinungen wiederholt, wie um uns im Vorhinein zu sch\u00fctzen gegen diese Zeiten des teuflischen Verwirrungsspiels, damit wir uns nicht durch falsche Lehren t\u00e4uschen lassen. &#8230; Die teuflische Verwirrung bricht \u00fcber die Welt herein und t\u00e4uscht die Seelen. Es ist notwendig, ihr die Stirn zu bieten.\u201c<\/p>\n<h3>2) Der Rosenkranz erh\u00e4lt und n\u00e4hrt den Glauben<\/h3>\n<p>\u201eDurch dieses Gebet wird die kleine Flamme des Glaubens wieder entfacht, welche in vielen Seelen noch nicht ganz ausgel\u00f6scht ist. Dies geschieht sogar bei denen, die den Rosenkranz nicht betrachtend beten. Nur schon die Tatsache, dass sie den Rosenkranz zur Hand nehmen, ist schon eine Erinnerung an Gott, an das \u00dcbernat\u00fcrliche. Die einfache Erinnerung an das Geheimnis bei jedem Ges\u00e4tzchen ist mehr als ein Lichtstrahl, der in den Seelen den glimmenden Docht am Leben erh\u00e4lt.\u201c<\/p>\n<h3>3) Der Rosenkranz f\u00fchrt zur Vereinigung mit Gott<\/h3>\n<figure style=\"width: 250px\" class=\"wp-caption alignright\"><img loading=\"lazy\" src=\"https:\/\/test4.mi-backup.ch\/wp-content\/uploads\/media\/lucia-impostor-1949.jpg\" width=\"250\" height=\"333\" align=\"top\" border=\"1\" hspace=\"5\" vspace=\"5\" \/><figcaption class=\"wp-caption-text\">Schwester Lucia<\/figcaption><\/figure>\n<p>\u201eDas Gebet des Rosenkranzes ist jenes, das uns nach der heiligen Liturgie der Messe am meisten mit Gott vereinigt und uns am besten in das innerste Geheimnis der heiligsten Dreifaltigkeit und der Eucharistie einf\u00fchrt. &#8230; Der Rosenkranz ist das Gebet der Armen und der Reichen, der Gelehrten und der Unwissenden. Wer den Seelen diese Andacht wegnimmt, entzieht ihnen das geistige t\u00e4gliche Brot.\u201c<\/p>\n<p>Haben Sie noch keinen Rosenkranz, oder m\u00f6chten Sie jemandem einen schenken? Helfen Sie den Rosenkranz, den heute viele nicht mehr kennen, zu verbreiten!<\/p>\n<p>Bei uns k\u00f6nnen Sie bereits gesegnete Rosenkr\u00e4nze, einen Flyer \u00fcber den Rosenkranz und zwei Rosenkranzb\u00fcchlein zur Vertiefung des Rosenkranz-Gebetes <a href=\"https:\/\/test4.mi-backup.ch\/de\/apostolat\/\">bestellen<\/a>.<\/p>\n<p>Weitere Artikel \u00fcber den Rosenkranz:<\/p>\n<ul>\n<li><a href=\"http:\/\/www.katholisches.info\/2014\/10\/die-rosenkranzkoenigin-und-die-schlacht-von-lepanto\/\" target=\"_blank\" rel=\"noopener noreferrer\">Die Rosenkranzk\u00f6nigin und die Schlacht von Lepanto<\/a><\/li>\n<li><a href=\"http:\/\/www.fsspx.at\/de\/news-events\/news\/rosenkranzmonat-wie-betet-man-den-rosenkranz-5221\" target=\"_blank\" rel=\"noopener noreferrer\" class=\"broken_link\">Eine Anleitung zum Rosenkranzgebet finden Sie hier. <\/a><\/li>\n<\/ul>\n<p style=\"text-align: center;\">\n","protected":false},"excerpt":{"rendered":"<p>\u201eDer Rosenkranz ist die Kette, die uns zu Gott erhebt und uns an ihn bindet.\u201c Schwester Lucia von Fatima Der Rosenkranz ist notwendig! Der Himmel selber will es! In allen Erscheinungen von Fatima bat Maria um das t\u00e4gliche Rosenkranzgebet, in der letzten Erscheinung \u2013 am 13. Oktober 1917 \u2013 stellte<a class=\"more-link\" href=\"https:\/\/test4.mi-backup.ch\/de\/der-rosenkranz\/\">Weiterlesen &rarr;<\/a><\/p>\n","protected":false},"author":9,"featured_media":31847,"parent":0,"menu_order":0,"comment_status":"closed","ping_status":"closed","template":"","meta":[],"_links":{"self":[{"href":"https:\/\/test4.mi-backup.ch\/de\/wp-json\/wp\/v2\/pages\/40"}],"collection":[{"href":"https:\/\/test4.mi-backup.ch\/de\/wp-json\/wp\/v2\/pages"}],"about":[{"href":"https:\/\/test4.mi-backup.ch\/de\/wp-json\/wp\/v2\/types\/page"}],"author":[{"embeddable":true,"href":"https:\/\/test4.mi-backup.ch\/de\/wp-json\/wp\/v2\/users\/9"}],"replies":[{"embeddable":true,"href":"https:\/\/test4.mi-backup.ch\/de\/wp-json\/wp\/v2\/comments?post=40"}],"version-history":[{"count":10,"href":"https:\/\/test4.mi-backup.ch\/de\/wp-json\/wp\/v2\/pages\/40\/revisions"}],"predecessor-version":[{"id":27394,"href":"https:\/\/test4.mi-backup.ch\/de\/wp-json\/wp\/v2\/pages\/40\/revisions\/27394"}],"wp:featuredmedia":[{"embeddable":true,"href":"https:\/\/test4.mi-backup.ch\/de\/wp-json\/wp\/v2\/media\/31847"}],"wp:attachment":[{"href":"https:\/\/test4.mi-backup.ch\/de\/wp-json\/wp\/v2\/media?parent=40"}],"curies":[{"name":"wp","href":"https:\/\/api.w.org\/{rel}","templated":true}]}}