{"id":4098,"date":"2017-03-22T16:13:46","date_gmt":"2017-03-22T15:13:46","guid":{"rendered":"https:\/\/test4.mi-backup.ch\/?page_id=4098\/"},"modified":"2019-11-19T21:28:56","modified_gmt":"2019-11-19T20:28:56","slug":"rundbriefe","status":"publish","type":"page","link":"https:\/\/test4.mi-backup.ch\/de\/rundbriefe\/","title":{"rendered":"Rundbriefe"},"content":{"rendered":"<p><img class=\"alignright\" style=\"width: 150px; height: 200px; float: right;\" src=\"https:\/\/test4.mi-backup.ch\/wp-content\/uploads\/media\/Aktuelles\/rundbrief_icon.jpg\" alt=\"\" \/>In Nachahmung der Tradition des hl. Pater Kolbe, werden in mehr oder weniger regelm\u00e4\u00dfigen Abst\u00e4nden Briefe an die Ritter ver\u00f6ffentlicht. Diese werden jeweils vom internationalen Moderator der \u201eMilitia Immaculatae \u2013 traditionelle Observanz\u201c, Pater Karl Stehlin, geschrieben.<\/p>\n<p>Hier finden Sie alle Rundbriefe des Pater Direktors:<\/p>\n<ul>\n<li><a href=\"https:\/\/test4.mi-backup.ch\/de\/pater-direktors-brief-nr-15\/\">Nr. 15, November 2019: Der Generalobere der Priesterbruderschaft St. Pius X. hat im Anschluss an die Amazonassynode zu Gebet und S\u00fchne aufgerufen: \u201eDie j\u00fcngste Synode \u00fcber Amazonien war der Schauplatz abscheulicher Veranstaltungen, bei der der Gr\u00e4uel g\u00f6tzendienerischer Riten auf nie dagewesene und undenkbare Weise in das Heiligtum Gottes eingedrungen ist.\u201c<\/a><\/li>\n<li><a href=\"https:\/\/test4.mi-backup.ch\/de\/pater-direktors-brief-nr-14\/\">Nr. 14, Oktober 2019: Nach einem l\u00e4ngeren Unterbruch freut es mich, zum Jahrestag der Gr\u00fcndung der MI wieder ein paar Worte an Sie richten zu k\u00f6nnen. Heute vor 102 Jahren gr\u00fcndete der hl. Maximilian Kolbe die MI, weil er im geistigen Kampf, der sich vor seinen Augen abspielte, allein auf die Immaculata vertrauen wollte, auf die Siegerin in allen Schlachten Gottes&#8230;<\/a><\/li>\n<li><a href=\"https:\/\/test4.mi-backup.ch\/de\/pater-direktors-brief-nr-13\/\" target=\"_blank\" rel=\"noopener noreferrer\">Nr. 13, M\u00e4rz 2019: Wir geh\u00f6ren der Immaculata, wir wollen ihren Willen tun, wir wollen alles in unserer Macht Stehende tun, damit ihre W\u00fcnsche erf\u00fcllt werden k\u00f6nnen. Aber welches sind die tiefsten W\u00fcnsche unserer himmlischen Mutter? Ihrem Sohn so viel Ehre wie m\u00f6glich zu geben&#8230;<\/a><\/li>\n<li><a href=\"https:\/\/test4.mi-backup.ch\/de\/pater-direktors-brief-nr-12\/\">Nr. 12, Dezember 2018: Mit Freude und Dankbarkeit darf ich Sie informieren, dass unser neuer Generaloberer die Errichtung der internationalen Zentrale der MI in Warschau erlaubt und gesegnet hat. Er hat auch ein Empfehlungswort zum \u201eHandb\u00fcchlein der MI\u201c geschrieben, das bereits in englischer, franz\u00f6sischer und spanischer Sprache erschienen ist und auch bald&#8230;<\/a><\/li>\n<li><a href=\"https:\/\/test4.mi-backup.ch\/de\/pater-direktors-brief-nr-11\/\">Nr. 11, Juni 2018: Zu den tiefsten Betrachtungen des hl. Maximilian Kolbe geh\u00f6rt sicher das Geheimnis der Vereinigung Jesu mit Maria, bzw. des heiligsten Herzen Jesu mit der Immaculata. Wir k\u00f6nnen seine Gedanken zu diesem Geheimnis mit den bekannten Worten des hl. Johannes Eudes zusammenfassen: \u201eDas, was Gott selber so vollkommen vereint hat&#8230;<\/a><\/li>\n<li><a href=\"https:\/\/test4.mi-backup.ch\/de\/pater-direktors-brief-nr-10\/\">Nr. 10, M\u00e4rz 2018: Um den hl. Maximilian Kolbe richtig verstehen zu k\u00f6nnen, muss man auf die wichtigsten Quellen zur\u00fcckgehen, die sein Innenleben geformt und inspiriert haben: die katholische Vergangenheit seines Volkes \u2013 ganz gepr\u00e4gt von der Gegenwart Mariens, der Anf\u00fchrerin der christlichen Heere \u2013 die Wundert\u00e4tige Medaille&#8230;<\/a><\/li>\n<li><a href=\"https:\/\/test4.mi-backup.ch\/de\/pater-direktors-brief-nr-9\/\">Nr. 9, Dezember 2017: Das Jubeljahr 2017 geht seinem Ende zu. Viele fragen sich, was in diesem Jahr geschehen ist. Viele erwarteten eine besondere Intervention des Himmels, \u00e4hnlich wie vor 100 Jahren das Sonnenwunder. Andere ersehnten sich, dass das ganze dritte Geheimnis von Fatima geoffenbart w\u00fcrde, und alle w\u00fcnschten sich so sehr, dass in&#8230;<\/a><\/li>\n<li><a href=\"https:\/\/test4.mi-backup.ch\/de\/pater-direktors-brief-nr-8\/\">Nr. 8, Oktober 2017: Genau vor 100 Jahren gr\u00fcndete der hl. Maximilian Kolbe mit der Erlaubnis seines Vorgesetzten die Militia Immaculatae. Es gibt keine bessere Art, sich dieses denkw\u00fcrdigen Ereignisses zu erinnern, als den Gr\u00fcnder selbst sprechen zu lassen: <em>\u201eViel Wasser ist seither den Berg hinuntergelaufen, beinahe achtzehn&#8230;<\/em><\/a><\/li>\n<li><a href=\"https:\/\/test4.mi-backup.ch\/de\/pater-direktors-brief-nr-7\/\" target=\"_blank\" rel=\"noopener noreferrer\">Nr. 7, Juli 2017: Es ist eine alte Tradition, welche bereits auf das Alte Testament zur\u00fcckgeht und dann besonders von den Aposteln im Abendmahlssaal gepr\u00e4gt wurde, dass wir uns auf gro\u00dfe Gnadentage geb\u00fchrend vorbereiten. Das Jubil\u00e4um, das wir im August in Fatima gemeinsam \u2013 oder zumindest im Geiste verbunden \u2013 begehen, darf man ohne \u00dcbertreibung als einmalig und&#8230;<\/a><\/li>\n<li><a href=\"https:\/\/test4.mi-backup.ch\/de\/pater-direktors-brief-nr-6\/\" target=\"_blank\" rel=\"noopener noreferrer\">Nr. 6, Mai 2017: Wenn der hl. Maximilian \u00fcber Maria spricht, ben\u00fctzt er meistens dieselben Titel: \u201eImmaculata\u201c, \u201ehimmlische Mutter\u201c (die er meist mit dem Kosenamen Mamusia \u2013 M\u00fctterchen anredet), und \u201eK\u00f6nigin Himmels und der Erde\u201c.Wir wollen in diesem Brief die letzten beiden Titel ein wenig n\u00e4her betrachten, ist es doch das Ziel und die gro\u00dfe Sehnsucht&#8230;<\/a><\/li>\n<li><a href=\"https:\/\/test4.mi-backup.ch\/de\/pater-direktors-brief-nr-5\/\" target=\"_blank\" rel=\"noopener noreferrer\">Nr. 5, M\u00e4rz 2017: Warum umgibt sich Satan auf der Welt mit solch gigantischen Armeen? Weshalb die Bestien in der Apokalypse? Um seine Gottlosigkeit mit gr\u00f6\u00dferer Wirksamkeit auszubreiten, um die Menschen zu verderben, sodass sie aufh\u00f6ren Gott anzubeten, und sich dem Chor der Undankbaren und Gleichg\u00fcltigen anschlie\u00dfen. Welche Freude f\u00fcr die h\u00f6llische Schlange, Gott beleidigt&#8230;<\/a><\/li>\n<li><a href=\"https:\/\/test4.mi-backup.ch\/de\/postspater-direktors-brief-nr-4-234\/\" target=\"_blank\" rel=\"noopener noreferrer\">Nr. 4, Dezember 2016: Von seiner Kindheit an empfing der hl. Maximilian Kolbe eine tiefe Liebe und Verehrung zur Muttergottes. Er wuchs auf mit der polnischen Verehrung der \u201eMuttergottes\u201c, der \u201eMutter der Barmherzigkeit\u201c, der \u201eallerseligsten Jungfrau\u201c und vieler anderer Titel, welche jedem Katholiken in diesem Land bekannt waren. Die Unbefleckte Empf\u00e4ngnis wurde besonders festlich&#8230;<\/a><\/li>\n<li><a href=\"https:\/\/test4.mi-backup.ch\/de\/postspater-direktors-brief-nr-3-184\/\" target=\"_blank\" rel=\"noopener noreferrer\">Nr. 3, Oktober 2016: Lasst uns den Rosenkranzmonat mit dem gro\u00dfen Wunsch und dem festen Entschluss beginnen, dem Herzen der Unbefleckten zu folgen, wenn sie von uns verlangt, t\u00e4glich den Rosenkranz zu beten. Mehr denn je leben wir in schrecklichen apokalyptischen Zeiten. Darum sollten wir von Schwester Luzias Worten tief beeindruckt sein: \u201eJetzt gibt Gott uns die beiden letzten&#8230;<\/a><\/li>\n<li><a href=\"https:\/\/test4.mi-backup.ch\/de\/postspater-direktors-brief-nr-2-154\/\" target=\"_blank\" rel=\"noopener noreferrer\">Nr. 2, August 2016: Am 14. August 1941, an der Vigil von Mari\u00e4 Himmelfahrt, wurde der hl. Maximilian mittels einer Karbolspritze im Konzentrationslager Auschwitz get\u00f6tet. Seit dem 17. Februar wurde er von Hitlers Sklaven gefangen gehalten aufgrund seines Mutes in der Bewahrung der Prinzipien des katholischen Glaubens gegen\u00fcber den nationalsozialistischen Angreifern. Im Mai wurde&#8230;<\/a><\/li>\n<li><a href=\"https:\/\/test4.mi-backup.ch\/de\/postsmi-rundbrief-juni-138\/\" target=\"_blank\" rel=\"noopener noreferrer\">Nr. 1, Juni 2016: Wenn der hl. Maximilian seinen Rittern schrieb, nannten diese seine Briefe \u201edie Briefe von unserem Pater Direktor\u201c. Nach seinem Tod f\u00fchrten seine Nachfolger, die internationalen Moderatoren der MI, diese Tradition eine lange Zeit weiter, aus dem einfachen Grund, da es f\u00fcr die Ritter einfacher war, den Begriff \u201eDirektor\u201c zu verwenden als den eher komplizierten kanonischen&#8230;<\/a><\/li>\n<\/ul>\n","protected":false},"excerpt":{"rendered":"<p>In Nachahmung der Tradition des hl. Pater Kolbe, werden in mehr oder weniger regelm\u00e4\u00dfigen Abst\u00e4nden Briefe an die Ritter ver\u00f6ffentlicht. Diese werden jeweils vom internationalen Moderator der \u201eMilitia Immaculatae \u2013 traditionelle Observanz\u201c, Pater Karl Stehlin, geschrieben. Hier finden Sie alle Rundbriefe des Pater Direktors: Nr. 15, November 2019: Der Generalobere<a class=\"more-link\" href=\"https:\/\/test4.mi-backup.ch\/de\/rundbriefe\/\">Weiterlesen &rarr;<\/a><\/p>\n","protected":false},"author":9,"featured_media":0,"parent":0,"menu_order":0,"comment_status":"closed","ping_status":"closed","template":"","meta":[],"_links":{"self":[{"href":"https:\/\/test4.mi-backup.ch\/de\/wp-json\/wp\/v2\/pages\/4098"}],"collection":[{"href":"https:\/\/test4.mi-backup.ch\/de\/wp-json\/wp\/v2\/pages"}],"about":[{"href":"https:\/\/test4.mi-backup.ch\/de\/wp-json\/wp\/v2\/types\/page"}],"author":[{"embeddable":true,"href":"https:\/\/test4.mi-backup.ch\/de\/wp-json\/wp\/v2\/users\/9"}],"replies":[{"embeddable":true,"href":"https:\/\/test4.mi-backup.ch\/de\/wp-json\/wp\/v2\/comments?post=4098"}],"version-history":[{"count":10,"href":"https:\/\/test4.mi-backup.ch\/de\/wp-json\/wp\/v2\/pages\/4098\/revisions"}],"predecessor-version":[{"id":22549,"href":"https:\/\/test4.mi-backup.ch\/de\/wp-json\/wp\/v2\/pages\/4098\/revisions\/22549"}],"wp:attachment":[{"href":"https:\/\/test4.mi-backup.ch\/de\/wp-json\/wp\/v2\/media?parent=4098"}],"curies":[{"name":"wp","href":"https:\/\/api.w.org\/{rel}","templated":true}]}}