{"id":42,"date":"2016-02-21T21:18:25","date_gmt":"2016-02-21T21:18:25","guid":{"rendered":"http:\/\/migration.mi-admin.ch\/denewsletter\/"},"modified":"2021-04-28T22:49:46","modified_gmt":"2021-04-28T20:49:46","slug":"newsletter","status":"publish","type":"page","link":"https:\/\/test4.mi-backup.ch\/de\/newsletter\/","title":{"rendered":"Newsletter"},"content":{"rendered":"<p>Hier k\u00f6nnen Sie sich f\u00fcr unseren Newsletter an- oder abmelden.<\/p>\n<p>Der Newsletter erscheint <strong>etwa 1x pro Monat<\/strong> und enth\u00e4lt aktuelle Themen und Neuerungen auf unserer Homepage sowie den MI-Rundbrief. Nat\u00fcrlich k\u00f6nnen Sie sich <strong>jederzeit wieder abmelden<\/strong>. Die E-Mail-Adresse wird selbstverst\u00e4ndlich <strong>NICHT an Dritte weitergegeben<\/strong>.<\/p>\n<p><script id=\"n2g_script\">\n!function(e,t,n,c,r,a,i){e.Newsletter2GoTrackingObject=r,e[r]=e[r]||function(){(e[r].q=e[r].q||[]).push(arguments)},e[r].l=1*new Date,a=t.createElement(n),i=t.getElementsByTagName(n)[0],a.async=1,a.src=c,i.parentNode.insertBefore(a,i)}(window,document,\"script\",\"\/\/static.newsletter2go.com\/utils.js\",\"n2g\");\nn2g('create', '5ndxh4on-g2abl39z-p3w');\nn2g('subscribe:createForm');\n<\/script><\/p>\n<p><strong>Hinweis:<\/strong> Bei der Anmeldung wird an die angegebene E-Mail-Adresse automatisch <strong>ein E-Mail mit einem Best\u00e4tigungslink verschickt<\/strong>.<strong> Erst nach Klick auf diesen Best\u00e4tigungslink<\/strong> in dem E-Mail wird die entsprechende Eintragung im Newsletter-System vorgenommen.<\/p>\n","protected":false},"excerpt":{"rendered":"<p>Hier k\u00f6nnen Sie sich f\u00fcr unseren Newsletter an- oder abmelden. Der Newsletter erscheint etwa 1x pro Monat und enth\u00e4lt aktuelle Themen und Neuerungen auf unserer Homepage sowie den MI-Rundbrief. Nat\u00fcrlich k\u00f6nnen Sie sich jederzeit wieder abmelden. Die E-Mail-Adresse wird selbstverst\u00e4ndlich NICHT an Dritte weitergegeben. Hinweis: Bei der Anmeldung wird an<a class=\"more-link\" href=\"https:\/\/test4.mi-backup.ch\/de\/newsletter\/\">Weiterlesen &rarr;<\/a><\/p>\n","protected":false},"author":9,"featured_media":9590,"parent":0,"menu_order":0,"comment_status":"closed","ping_status":"closed","template":"","meta":[],"_links":{"self":[{"href":"https:\/\/test4.mi-backup.ch\/de\/wp-json\/wp\/v2\/pages\/42"}],"collection":[{"href":"https:\/\/test4.mi-backup.ch\/de\/wp-json\/wp\/v2\/pages"}],"about":[{"href":"https:\/\/test4.mi-backup.ch\/de\/wp-json\/wp\/v2\/types\/page"}],"author":[{"embeddable":true,"href":"https:\/\/test4.mi-backup.ch\/de\/wp-json\/wp\/v2\/users\/9"}],"replies":[{"embeddable":true,"href":"https:\/\/test4.mi-backup.ch\/de\/wp-json\/wp\/v2\/comments?post=42"}],"version-history":[{"count":11,"href":"https:\/\/test4.mi-backup.ch\/de\/wp-json\/wp\/v2\/pages\/42\/revisions"}],"predecessor-version":[{"id":37136,"href":"https:\/\/test4.mi-backup.ch\/de\/wp-json\/wp\/v2\/pages\/42\/revisions\/37136"}],"wp:featuredmedia":[{"embeddable":true,"href":"https:\/\/test4.mi-backup.ch\/de\/wp-json\/wp\/v2\/media\/9590"}],"wp:attachment":[{"href":"https:\/\/test4.mi-backup.ch\/de\/wp-json\/wp\/v2\/media?parent=42"}],"curies":[{"name":"wp","href":"https:\/\/api.w.org\/{rel}","templated":true}]}}