{"id":43645,"date":"2021-11-24T22:43:02","date_gmt":"2021-11-24T21:43:02","guid":{"rendered":"https:\/\/test4.mi-backup.ch\/?page_id=43645"},"modified":"2023-02-20T14:55:04","modified_gmt":"2023-02-20T13:55:04","slug":"bestellformular-medaille","status":"publish","type":"page","link":"https:\/\/test4.mi-backup.ch\/de\/bestellformular-medaille\/","title":{"rendered":"Bestellformular Wundert\u00e4tige Medaille und Erkl\u00e4rflyer"},"content":{"rendered":"<p><!-- Global site tag (gtag.js) - Google Analytics --><script async src=\"https:\/\/www.googletagmanager.com\/gtag\/js?id=UA-171149784-1\">\n<\/script> <script>\n  window.dataLayer = window.dataLayer || [];\n  function gtag(){dataLayer.push(arguments);}\n  gtag('js', new Date());<\/p>\n<p>  gtag('config', 'UA-171149784-1');\n<\/script> <script async src=\"https:\/\/www.googletagmanager.com\/gtag\/js?id=AW-654911608\"><\/script> <script>\n  window.dataLayer = window.dataLayer || [];\n  function gtag(){dataLayer.push(arguments);}\n  gtag('js', new Date());<\/p>\n<p>  gtag('config', 'AW-654911608');\n<\/script><br \/>\n<img loading=\"lazy\" class=\"alignnone wp-image-43650 size-full\" src=\"https:\/\/test4.mi-backup.ch\/wp-content\/uploads\/2021\/11\/202111_wt_medaille_bestellen.jpg\" alt=\"\" width=\"800\" height=\"400\" srcset=\"https:\/\/test4.mi-backup.ch\/wp-content\/uploads\/2021\/11\/202111_wt_medaille_bestellen.jpg 800w, https:\/\/test4.mi-backup.ch\/wp-content\/uploads\/2021\/11\/202111_wt_medaille_bestellen-300x150.jpg 300w, https:\/\/test4.mi-backup.ch\/wp-content\/uploads\/2021\/11\/202111_wt_medaille_bestellen-768x384.jpg 768w, https:\/\/test4.mi-backup.ch\/wp-content\/uploads\/2021\/11\/202111_wt_medaille_bestellen-425x213.jpg 425w, https:\/\/test4.mi-backup.ch\/wp-content\/uploads\/2021\/11\/202111_wt_medaille_bestellen-600x300.jpg 600w\" sizes=\"(max-width: 800px) 100vw, 800px\" \/><\/p>\n<p>Hiermit bestelle ich die ausgew\u00e4hlte Anzahl gesegnete Wundert\u00e4tige Medaillen (Geschichte und Hintergrundinformationen: <a href=\"https:\/\/test4.mi-backup.ch\/de\/wundertaetige-medaille\/\">hier<\/a>) in gold oder silber inklusive Erkl\u00e4rflyer &#8220;Ein Zeichen der Liebe&#8221; f\u00fcr den Privatgebrauch. <strong>Diese sind bereits gesegnet und deshalb grunds\u00e4tzlich kostenlos<\/strong>, die MI ist aber dankbar f\u00fcr eine <a href=\"https:\/\/test4.mi-backup.ch\/de\/spenden\/\">Spende<\/a> zur Deckung der Unkosten.<\/p>\n<p>Hinweis: Sie k\u00f6nnen maximal je 3 Medaillen in gold und silber bestellen. Gr\u00f6ssere Mengen oder Flyer in anderen Sprachen bitte via <a href=\"https:\/\/test4.mi-backup.ch\/de\/shop\/wundertaetige-medaille\/wundertaetige-medaillen-silber\/\">Webshop<\/a> bestellen.<\/p>\n<h2>Bestellformular kostenlose Wundert\u00e4tige Medaille<\/h2>\n<div class=\"wpforms-container wpforms-container-full\" id=\"wpforms-43643\"><form id=\"wpforms-form-43643\" class=\"wpforms-validate wpforms-form wpforms-ajax-form\" data-formid=\"43643\" method=\"post\" enctype=\"multipart\/form-data\" action=\"\/de\/wp-json\/wp\/v2\/pages\/43645\" data-token=\"125686cd8ae5ce9cb1e45f5ea4ba4698\" data-token-time=\"1776882294\"><noscript class=\"wpforms-error-noscript\">Bitte aktiviere JavaScript in deinem Browser, um dieses Formular fertigzustellen.<\/noscript><div class=\"wpforms-field-container\"><div id=\"wpforms-43643-field_12-container\" class=\"wpforms-field wpforms-field-select wpforms-field-select-style-classic\" data-field-id=\"12\"><label class=\"wpforms-field-label\" for=\"wpforms-43643-field_12\">Anzahl Medaillen gold <span class=\"wpforms-required-label\">*<\/span><\/label><select id=\"wpforms-43643-field_12\" class=\"wpforms-field-small wpforms-field-required\" name=\"wpforms[fields][12]\" required=\"required\"><option value=\"keine\" >keine<\/option><option value=\"1 Medaille und Flyer\"  selected='selected'>1 Medaille und Flyer<\/option><option value=\"2 Medaillen und Flyer\" >2 Medaillen und Flyer<\/option><option value=\"3 Medaillen und Flyer\" >3 Medaillen und Flyer<\/option><\/select><\/div><div id=\"wpforms-43643-field_13-container\" class=\"wpforms-field wpforms-field-select wpforms-field-select-style-classic\" data-field-id=\"13\"><label class=\"wpforms-field-label\" for=\"wpforms-43643-field_13\">Anzahl Medaillen silber <span class=\"wpforms-required-label\">*<\/span><\/label><select id=\"wpforms-43643-field_13\" class=\"wpforms-field-small wpforms-field-required\" name=\"wpforms[fields][13]\" required=\"required\"><option value=\"keine\"  selected='selected'>keine<\/option><option value=\"1 Medaille und Flyer\" >1 Medaille und Flyer<\/option><option value=\"2 Medaillen und Flyer\" >2 Medaillen und Flyer<\/option><option value=\"3 Medaillen und Flyer\" >3 Medaillen und Flyer<\/option><\/select><\/div><div id=\"wpforms-43643-field_0-container\" class=\"wpforms-field wpforms-field-name\" data-field-id=\"0\"><label class=\"wpforms-field-label\" for=\"wpforms-43643-field_0\">Name <span class=\"wpforms-required-label\">*<\/span><\/label><div class=\"wpforms-field-row wpforms-field-medium\"><div class=\"wpforms-field-row-block wpforms-first wpforms-one-half\"><input type=\"text\" id=\"wpforms-43643-field_0\" class=\"wpforms-field-name-first wpforms-field-required\" name=\"wpforms[fields][0][first]\" required><label for=\"wpforms-43643-field_0\" class=\"wpforms-field-sublabel after\">Vorname<\/label><\/div><div class=\"wpforms-field-row-block wpforms-one-half\"><input type=\"text\" id=\"wpforms-43643-field_0-last\" class=\"wpforms-field-name-last wpforms-field-required\" name=\"wpforms[fields][0][last]\" required><label for=\"wpforms-43643-field_0-last\" class=\"wpforms-field-sublabel after\">Nachname<\/label><\/div><\/div><\/div><div id=\"wpforms-43643-field_14-container\" class=\"wpforms-field wpforms-field-text\" data-field-id=\"14\"><label class=\"wpforms-field-label\" for=\"wpforms-43643-field_14\">Adresse <span class=\"wpforms-required-label\">*<\/span><\/label><input type=\"text\" id=\"wpforms-43643-field_14\" class=\"wpforms-field-medium wpforms-field-required\" name=\"wpforms[fields][14]\" required><\/div><div id=\"wpforms-43643-field_15-container\" class=\"wpforms-field wpforms-field-text\" data-field-id=\"15\"><label class=\"wpforms-field-label\" for=\"wpforms-43643-field_15\">Adresszusatz (z. B. Postfach, etc.)<\/label><input type=\"text\" id=\"wpforms-43643-field_15\" class=\"wpforms-field-medium\" name=\"wpforms[fields][15]\" ><\/div><div id=\"wpforms-43643-field_21-container\" class=\"wpforms-field wpforms-field-text wpforms-one-fifth wpforms-first\" data-field-id=\"21\"><label class=\"wpforms-field-label\" for=\"wpforms-43643-field_21\">PLZ <span class=\"wpforms-required-label\">*<\/span><\/label><input type=\"text\" id=\"wpforms-43643-field_21\" class=\"wpforms-field-large wpforms-field-required\" name=\"wpforms[fields][21]\" required><\/div><div id=\"wpforms-43643-field_16-container\" class=\"wpforms-field wpforms-field-text wpforms-four-fifths\" data-field-id=\"16\"><label class=\"wpforms-field-label\" for=\"wpforms-43643-field_16\">Ort <span class=\"wpforms-required-label\">*<\/span><\/label><input type=\"text\" id=\"wpforms-43643-field_16\" class=\"wpforms-field-medium wpforms-field-required\" name=\"wpforms[fields][16]\" required><\/div><div id=\"wpforms-43643-field_17-container\" class=\"wpforms-field wpforms-field-select wpforms-conditional-trigger wpforms-field-select-style-classic\" data-field-id=\"17\"><label class=\"wpforms-field-label\" for=\"wpforms-43643-field_17\">Land <span class=\"wpforms-required-label\">*<\/span><\/label><select id=\"wpforms-43643-field_17\" class=\"wpforms-field-medium wpforms-field-required\" name=\"wpforms[fields][17]\" required=\"required\"><option value=\"Deutschland\"  selected='selected'>Deutschland<\/option><option value=\"\u00d6sterreich\" >\u00d6sterreich<\/option><option value=\"Schweiz\" >Schweiz<\/option><option value=\"andere (bitte angeben)\" >andere (bitte angeben)<\/option><\/select><\/div><div id=\"wpforms-43643-field_18-container\" class=\"wpforms-field wpforms-field-text wpforms-conditional-field wpforms-conditional-show\" data-field-id=\"18\" style=\"display:none;\"><label class=\"wpforms-field-label\" for=\"wpforms-43643-field_18\">anderes Land <span class=\"wpforms-required-label\">*<\/span><\/label><input type=\"text\" id=\"wpforms-43643-field_18\" class=\"wpforms-field-medium wpforms-field-required\" name=\"wpforms[fields][18]\" required><\/div><div id=\"wpforms-43643-field_19-container\" class=\"wpforms-field wpforms-field-text\" data-field-id=\"19\"><label class=\"wpforms-field-label\" for=\"wpforms-43643-field_19\">Telefon (optional)<\/label><input type=\"text\" id=\"wpforms-43643-field_19\" class=\"wpforms-field-medium\" name=\"wpforms[fields][19]\" ><\/div><div id=\"wpforms-43643-field_1-container\" class=\"wpforms-field wpforms-field-email\" data-field-id=\"1\"><label class=\"wpforms-field-label\" for=\"wpforms-43643-field_1\">E-Mail <span class=\"wpforms-required-label\">*<\/span><\/label><input type=\"email\" id=\"wpforms-43643-field_1\" class=\"wpforms-field-medium wpforms-field-required\" name=\"wpforms[fields][1]\" spellcheck=\"false\" required><\/div><div id=\"wpforms-43643-field_2-container\" class=\"wpforms-field wpforms-field-textarea\" data-field-id=\"2\"><label class=\"wpforms-field-label\" for=\"wpforms-43643-field_2\">Allf\u00e4llige Bemerkung (optional)<\/label><textarea id=\"wpforms-43643-field_2\" class=\"wpforms-field-medium\" name=\"wpforms[fields][2]\" ><\/textarea><\/div><div id=\"wpforms-43643-field_10-container\" class=\"wpforms-field wpforms-field-gdpr-checkbox\" data-field-id=\"10\"><label class=\"wpforms-field-label\">DSGVO-Einverst\u00e4ndnis <span class=\"wpforms-required-label\">*<\/span><\/label><ul id=\"wpforms-43643-field_10\" class=\"wpforms-field-required\"><li class=\"choice-1\"><input type=\"checkbox\" id=\"wpforms-43643-field_10_1\" name=\"wpforms[fields][10][]\" value=\"Ich willige ein, dass diese Website meine \u00fcbermittelten Informationen speichert, sodass meine Anfrage beantwortet werden kann.\" required ><label class=\"wpforms-field-label-inline\" for=\"wpforms-43643-field_10_1\">Ich willige ein, dass diese Website meine \u00fcbermittelten Informationen speichert, sodass meine Anfrage beantwortet werden kann.<\/label><\/li><\/ul><\/div><\/div><!-- .wpforms-field-container --><div class=\"wpforms-submit-container\" ><input type=\"hidden\" name=\"wpforms[id]\" value=\"43643\"><input type=\"hidden\" name=\"page_title\" value=\"\"><input type=\"hidden\" name=\"page_url\" value=\"https:\/\/test4.mi-backup.ch\/de\/wp-json\/wp\/v2\/pages\/43645\"><button type=\"submit\" name=\"wpforms[submit]\" id=\"wpforms-submit-43643\" class=\"wpforms-submit\" data-alt-text=\"wird geschickt...\" data-submit-text=\"Senden\" aria-live=\"assertive\" value=\"wpforms-submit\">Senden<\/button><img src=\"https:\/\/test4.mi-backup.ch\/wp-content\/plugins\/wpforms\/assets\/images\/submit-spin.svg\" class=\"wpforms-submit-spinner\" style=\"display: none;\" width=\"26\" height=\"26\" alt=\"Wird geladen\"><\/div><\/form><\/div>  <!-- .wpforms-container -->\n","protected":false},"excerpt":{"rendered":"<p>Hiermit bestelle ich die ausgew\u00e4hlte Anzahl gesegnete Wundert\u00e4tige Medaillen (Geschichte und Hintergrundinformationen: hier) in gold oder silber inklusive Erkl\u00e4rflyer &#8220;Ein Zeichen der Liebe&#8221; f\u00fcr den Privatgebrauch. Diese sind bereits gesegnet und deshalb grunds\u00e4tzlich kostenlos, die MI ist aber dankbar f\u00fcr eine Spende zur Deckung der Unkosten. Hinweis: Sie k\u00f6nnen maximal<a class=\"more-link\" href=\"https:\/\/test4.mi-backup.ch\/de\/bestellformular-medaille\/\">Weiterlesen &rarr;<\/a><\/p>\n","protected":false},"author":9,"featured_media":43650,"parent":0,"menu_order":0,"comment_status":"closed","ping_status":"closed","template":"","meta":[],"_links":{"self":[{"href":"https:\/\/test4.mi-backup.ch\/de\/wp-json\/wp\/v2\/pages\/43645"}],"collection":[{"href":"https:\/\/test4.mi-backup.ch\/de\/wp-json\/wp\/v2\/pages"}],"about":[{"href":"https:\/\/test4.mi-backup.ch\/de\/wp-json\/wp\/v2\/types\/page"}],"author":[{"embeddable":true,"href":"https:\/\/test4.mi-backup.ch\/de\/wp-json\/wp\/v2\/users\/9"}],"replies":[{"embeddable":true,"href":"https:\/\/test4.mi-backup.ch\/de\/wp-json\/wp\/v2\/comments?post=43645"}],"version-history":[{"count":10,"href":"https:\/\/test4.mi-backup.ch\/de\/wp-json\/wp\/v2\/pages\/43645\/revisions"}],"predecessor-version":[{"id":86872,"href":"https:\/\/test4.mi-backup.ch\/de\/wp-json\/wp\/v2\/pages\/43645\/revisions\/86872"}],"wp:featuredmedia":[{"embeddable":true,"href":"https:\/\/test4.mi-backup.ch\/de\/wp-json\/wp\/v2\/media\/43650"}],"wp:attachment":[{"href":"https:\/\/test4.mi-backup.ch\/de\/wp-json\/wp\/v2\/media?parent=43645"}],"curies":[{"name":"wp","href":"https:\/\/api.w.org\/{rel}","templated":true}]}}