{"id":45,"date":"2016-03-22T14:04:14","date_gmt":"2016-03-22T14:04:14","guid":{"rendered":"http:\/\/migration.mi-admin.ch\/dekontakt\/"},"modified":"2022-11-23T21:46:03","modified_gmt":"2022-11-23T20:46:03","slug":"kontakt","status":"publish","type":"page","link":"https:\/\/test4.mi-backup.ch\/de\/kontakt\/","title":{"rendered":"Kontakt"},"content":{"rendered":"<p>Haben Sie Fragen? Wir stehen Ihnen gerne zur Verf\u00fcgung.<\/p>\n<p>Richten Sie die Anfrage bitte direkt an das Sekretariat Ihres Landes:<\/p>\n<p><strong>Bitte beachten Sie: Alle &#8220;Mitarbeiter&#8221; sind ehrenamtlich und nebenberuflich f\u00fcr die MI t\u00e4tig (also prim\u00e4r abends und an den Wochenenden), abgesehen von einer kleinen Teilzeitanstellung des Gesch\u00e4ftsf\u00fchrers der MI-Schweiz. Bitte haben Sie deshalb Verst\u00e4ndnis daf\u00fcr, dass die Beantwortung Ihrer Anfrage oftmals mehrere Tage dauert. Vergelt&#8217;s Gott.<br \/>\n<\/strong><\/p>\n<h2>MI-Schweiz<\/h2>\n<p>Militia Immaculatae (MI-Schweiz)<br \/>\nCH-9500 Wil SG<br \/>\nSchweiz<br \/>\nTel. 071 511 51 44 (Anrufbeantworter)<br \/>\nE-Mail: <a href=\"mailto:contact@m-i.info\">contact(at)m-i.info<\/a><\/p>\n<p><a href=\"https:\/\/test4.mi-backup.ch\/de\/kontaktkontaktformular-mi-schweiz\/\">Kontaktformular MI-Schweiz<\/a><\/p>\n<h2>MI-Deutschland<\/h2>\n<p>Militia Immaculatae (MI-Deutschland)<br \/>\nJohann-Clanze-Str. 100<br \/>\nDE-81369 M\u00fcnchen<br \/>\nDeutschland<br \/>\nTel. 089 2152 91 91 (Anrufbeantworter)<br \/>\nE-Mail: <a href=\"mailto:deutschland@m-i.info\">deutschland(at)m-i.info<\/a><\/p>\n<p><a href=\"https:\/\/test4.mi-backup.ch\/de\/kontaktkontaktformular-deutschland\/\">Kontaktformular MI-Deutschland<\/a><\/p>\n<h2>MI-\u00d6sterreich<\/h2>\n<p>Militia Immaculatae (MI-\u00d6sterreich)<br \/>\nJaidhof 1, Schloss<br \/>\nAT-3542 Jaidhof<br \/>\n\u00d6sterreich<br \/>\nE-Mail: <a href=\"mailto:oesterreich@m-i.info\">oesterreich(at)m-i.info<\/a><br \/>\nTel.: 02716 \/ 6515<\/p>\n<p><a href=\"https:\/\/test4.mi-backup.ch\/de\/kontaktkontaktformular-mi-oesterreich\/\">Kontaktformular MI-\u00d6sterreich<\/a><\/p>\n","protected":false},"excerpt":{"rendered":"<p>Haben Sie Fragen? Wir stehen Ihnen gerne zur Verf\u00fcgung. Richten Sie die Anfrage bitte direkt an das Sekretariat Ihres Landes: Bitte beachten Sie: Alle &#8220;Mitarbeiter&#8221; sind ehrenamtlich und nebenberuflich f\u00fcr die MI t\u00e4tig (also prim\u00e4r abends und an den Wochenenden), abgesehen von einer kleinen Teilzeitanstellung des Gesch\u00e4ftsf\u00fchrers der MI-Schweiz. Bitte<a class=\"more-link\" href=\"https:\/\/test4.mi-backup.ch\/de\/kontakt\/\">Weiterlesen &rarr;<\/a><\/p>\n","protected":false},"author":9,"featured_media":0,"parent":0,"menu_order":0,"comment_status":"closed","ping_status":"closed","template":"","meta":[],"_links":{"self":[{"href":"https:\/\/test4.mi-backup.ch\/de\/wp-json\/wp\/v2\/pages\/45"}],"collection":[{"href":"https:\/\/test4.mi-backup.ch\/de\/wp-json\/wp\/v2\/pages"}],"about":[{"href":"https:\/\/test4.mi-backup.ch\/de\/wp-json\/wp\/v2\/types\/page"}],"author":[{"embeddable":true,"href":"https:\/\/test4.mi-backup.ch\/de\/wp-json\/wp\/v2\/users\/9"}],"replies":[{"embeddable":true,"href":"https:\/\/test4.mi-backup.ch\/de\/wp-json\/wp\/v2\/comments?post=45"}],"version-history":[{"count":11,"href":"https:\/\/test4.mi-backup.ch\/de\/wp-json\/wp\/v2\/pages\/45\/revisions"}],"predecessor-version":[{"id":82124,"href":"https:\/\/test4.mi-backup.ch\/de\/wp-json\/wp\/v2\/pages\/45\/revisions\/82124"}],"wp:attachment":[{"href":"https:\/\/test4.mi-backup.ch\/de\/wp-json\/wp\/v2\/media?parent=45"}],"curies":[{"name":"wp","href":"https:\/\/api.w.org\/{rel}","templated":true}]}}