{"id":46,"date":"2015-07-28T18:49:12","date_gmt":"2015-07-28T18:49:12","guid":{"rendered":"http:\/\/migration.mi-admin.ch\/dedas-skapulier\/"},"modified":"2020-06-30T14:39:05","modified_gmt":"2020-06-30T12:39:05","slug":"das-skapulier","status":"publish","type":"page","link":"https:\/\/test4.mi-backup.ch\/de\/das-skapulier\/","title":{"rendered":"Das Skapulier"},"content":{"rendered":"<h3>Der Schutzmantel Mariens<\/h3>\n<blockquote><p>\u201eDie allerseligste Jungfrau verspricht den Tr\u00e4gern des Skapuliers die Erlangung des ewigen Lebens. Das ist die wichtigste Gnade \u00fcberhaupt&#8221;<\/p>\n<p><em>Papst Pius XII.<\/em><\/p><\/blockquote>\n<h3><strong>Ursprung des Skapuliers vom Berge Karmel<\/strong><\/h3>\n<figure style=\"width: 250px\" class=\"wp-caption alignright\"><img loading=\"lazy\" src=\"https:\/\/test4.mi-backup.ch\/wp-content\/uploads\/media\/Favorit_innen_(Copy).jpg\" alt=\"\" width=\"250\" height=\"336\" border=\"1\" hspace=\"5\" vspace=\"5\" \/><figcaption class=\"wp-caption-text\">Maria reicht dem hl. Simon Stock das Skapulier am 16. Juli 1251.<\/figcaption><\/figure>\n<p>Am 16. Juli 1251 erschien die allerseligste Jungfrau Maria dem hl. Simon Stock, Ordensgeneral der Karmeliten, mit einem Skapulier in der Hand und sprach:<br \/>\n<strong>\u201eNimm hin, mein vielgeliebter Sohn, dieses Skapulier. Wer mit diesem Gewand bekleidet stirbt, wird das ewige Feuer nicht erleiden. Es ist ein Zeichen des Heils, eine Schutzwehr in Gefahren und ein Unterpfand des Friedens.\u201c<\/strong><br \/>\nDer Karmel-Orden entstand im 12. Jahrhundert auf dem Berge Karmel im Heiligen Land. Nach der \u00dcberlieferung pilgerte Maria mit dem Jesuskind jeweils zu diesem Berg. Aber bereits im Alten Testament hatte dieser Berg am Mittelmeer einen Bezug zu Maria. Als der Prophet Elias nach dreij\u00e4hriger D\u00fcrre um Regen betete, stieg \u00fcber dem Meer eine kleine Wolke auf, welche immer gr\u00f6sser wurde und endlich den ersehnten Regen brachte. Elias sah darin ein Zeichen der verhei\u00dfenen Jungfrau, welche den ersehnten Erl\u00f6ser bringen wird. Seit jener Zeit gab es auf dem Karmelberg Einsiedler, die um die Ankunft des Erl\u00f6sers beteten. Daher steht der Karmel-Orden seit jeher unter dem speziellen Schutz Mariens.<\/p>\n<h3>Die Verhei\u00dfungen des Skapuliers<\/h3>\n<p style=\"text-align: left;\">Das ist uns verhei\u00dfen, wenn wir das Skapulier treu tragen:<\/p>\n<p style=\"text-align: center;\"><strong>Maria sch\u00fctzt uns in Gefahren.<br \/>\nMaria verspricht uns die Rettung.<br \/>\nMaria kommt uns im Fegefeuer zu Hilfe<\/strong>.<\/p>\n<p>Die katholische Kirche hat dieses Geschenk Mariens anerkannt und zum Sakramentale f\u00fcr alle Gl\u00e4ubigen erhoben. Der Himmel hat es immer wieder durch Wunder der Bekehrung und durch Schutz in gro\u00dfer Not f\u00fcr Leib und Seele best\u00e4tigt.<br \/>\nDas Skapulier ist ein Zeichen unserer Zugeh\u00f6rigkeit und unserer Liebe zu unserer himmlischen Mutter. Wir d\u00fcrfen fest darauf vertrauen, dass sie uns durch das Skapulier die Gnade der Bekehrung bzw. der Beharrlichkeit bis ans Ende verleiht und uns so die enge Pforte des Himmels aufschlie\u00dft. Es w\u00e4re jedoch vermessen, das Kleid Mariens zu tragen, ohne die gute Gesinnung, ihr auf dem Weg der Gebote Gottes und der Tugenden nachzufolgen.<\/p>\n<h3>Das Samstagsprivileg<\/h3>\n<figure style=\"width: 250px\" class=\"wp-caption alignright\"><img loading=\"lazy\" src=\"https:\/\/test4.mi-backup.ch\/wp-content\/uploads\/media\/elie-terry-nelson_(Copy).jpg\" alt=\"\" width=\"250\" height=\"320\" border=\"1\" hspace=\"5\" vspace=\"5\" \/><figcaption class=\"wp-caption-text\">Der Prophet Elias erblickt in der ersehnten Regenwolke die Ankunft des Messias durch die Jungfrau Maria.<\/figcaption><\/figure>\n<p>1317 erschien die allerseligste Jungfrau Maria Papst Johannes XXII. und versprach ihm, diejenigen, die ihr Skapulier tragen, im Fegefeuer zu tr\u00f6sten und sobald als m\u00f6glich, bevorzugt am Samstag, daraus zu befreien.<br \/>\nAuch dieses Privileg unserer himmlischen Mutter wurde von den P\u00e4psten bis in unsere Zeit immer wieder best\u00e4tigt.<\/p>\n<h3>Die Bedingungen<\/h3>\n<p>Das Skapulier besteht aus zwei braunen viereckigen Teilen aus gewobener Wolle, welche durch zwei B\u00e4nder verbunden sind, so dass man es auf Brust und R\u00fccken tragen kann. Die erste Auflegung muss durch einen Priester mit den Gebeten aus dem Rituale Romanum erfolgen. Durch diese Zeremonie wird man Mitglied der Skapulierbruderschaft und hat Anteil an den Verdiensten des Karmelordens. Nach Verschlei\u00df kann man sich selbst ein neues auflegen, wobei der Segen stets \u00fcbertragen wird.<\/p>\n<p>F\u00fcr das Samstagsprivileg kommen neben dem Tragen des Skapuliers noch diese Bedingungen hinzu:<br \/>\n1. Die Einhaltung der standesgem\u00e4\u00dfen Keuschheit.<br \/>\n2. Das t\u00e4gliche Beten des kleinen Offiziums Mariens oder der Verzicht auf Fleisch mittwochs und samstags. Jeder Priester kann diese Bedingung in ein anderes gutes Werk \u2013 etwa das t\u00e4gliche Beten des Rosenkranzes \u2013 umwandeln, wenn es Gr\u00fcnde daf\u00fcr gibt.<br \/>\nAuch Nichtkatholiken darf das Skapulier gegeben werden, jedoch k\u00f6nnen sie nicht durch die Zeremonie der Auflegung in die Skapulierbruderschaft aufgenommen werden. Sie kommen also nicht in den Genuss der Verhei\u00dfungen. Wir d\u00fcrfen jedoch darauf vertrauen, dass sie, indem sie sich dadurch unter den Schutzmantel Mariens begeben, von ihr auch die n\u00f6tige Gnade der Bekehrung erhalten. Das bezeugen etliche Beispiele.<br \/>\nIm Notfall kann auch ein Laie sich oder einem anderen ein gesegnetes Skapulier auflegen, w\u00e4hrend er ein Gebet zu Maria spricht.<\/p>\n<h3>Die Skapuliermedaille<\/h3>\n<figure style=\"width: 250px\" class=\"wp-caption alignright\"><img loading=\"lazy\" src=\"https:\/\/test4.mi-backup.ch\/wp-content\/uploads\/media\/MadonnadelCarmeloSaluzzoCN_2107285723_(Copy).jpeg\" alt=\"\" width=\"250\" height=\"333\" align=\"top\" border=\"1\" hspace=\"5\" vspace=\"5\" \/><figcaption class=\"wp-caption-text\">Unsere Liebe Frau vom Berge Karmel, Saluzzo\/Italien<\/figcaption><\/figure>\n<p>Papst Pius X. erlaubte auf Bitten der Missionare, dass das Skapulier, nachdem es einmal aufgelegt wurde, durch eine gesegnete Skapuliermedaille ersetzt werden darf. Dies vor allem im Hinblick auf das Klima der Missionsl\u00e4nder oder f\u00fcr diejenigen, die aus anderen ernsten Gr\u00fcnden das Stoffskapulier nicht tragen k\u00f6nnen. In demselben Dekret w\u00fcnschte er jedoch ausdr\u00fccklich, dass man am Stoffskapulier festhalte und sagte sp\u00e4ter: \u201eIch trage das Stoffskapulier. Lasst es uns niemals ablegen.\u201c<br \/>\nDas bekr\u00e4ftige nochmals Papst Benedikt XV., indem er f\u00fcr das K\u00fcssen des Stoffskapuliers einen Ablass von 500 Tagen gew\u00e4hrte.<\/p>\n<h3>Fatima und das Skapulier<\/h3>\n<p>Am 13. Oktober 1917, bei der letzten Erscheinung in Fatima, zeigte sich Maria als Unsere Liebe Frau vom Berge Karmel mit dem Skapulier in der Hand. Schwester Lucia, eines der drei Seherkinder, sagte sp\u00e4ter:<br \/>\n<strong>\u201eMaria w\u00fcnscht, dass alle Gl\u00e4ubigen das Skapulier tragen!\u201c <\/strong><\/p>\n<p>Papst Pius XII. deutete das so: \u201eDie Skapuliertr\u00e4ger m\u00f6gen in diesem Kleid den Ausdruck der Weihe an das Unbefleckte Herz Mariens sehen, die wir lebhaft empfohlen haben.\u201c<\/p>\n<hr \/>\n<p><span style=\"font-family: Verdana;\"> <img loading=\"lazy\" class=\"alignright\" src=\"https:\/\/test4.mi-backup.ch\/wp-content\/uploads\/media\/Apostolat\/Flyer_Skapulier_Sarto.jpg\" alt=\"\" width=\"250\" height=\"341\" hspace=\"5\" vspace=\"5\" \/> <\/span><\/p>\n<h3>Tragen Sie das Skapulier bereits?<\/h3>\n<p>Nutzen auch Sie dieses einmalige Gandengeschenk Mariens und lassen Sie es sich von einem Priester mit den Gebeten aus dem R\u00f6mischen Rituale auflegen!<br \/>\nEin sch\u00f6ner Tag f\u00fcr diese Auflegung ist das Skapulierfest am 16. Juli.<\/p>\n<p style=\"text-align: left;\">Das Skapulier in einem Set mit einem Faltblatt k\u00f6nnen Sie bei uns bestellen.<\/p>\n<p><strong>Link:<\/strong> <a href=\"https:\/\/test4.mi-backup.ch\/de\/shop\/skapulier\/skapulierset\/\">Skapulierset im Webshop<\/a><\/p>\n<hr \/>\n<h3>Eigene Webseite mit ausf\u00fchrlicher Dokumentation und Gebetstexten<\/h3>\n<p>Auf unserer Webseite zum Skapulier &#8211; siehe <a href=\"https:\/\/skapulier.info\" target=\"_blank\" rel=\"noopener noreferrer\">https:\/\/skapulier.info<\/a> finden Sie eine 10-seitiges PDF mit weiterf\u00fchrenden Informationen zum Skapulier sowie auch die Gebete zur Segnung und Auflegung des Braunen Skapuliers in lateinischer Sprache und deutscher \u00dcbersetzung.<\/p>\n<p><a href=\"http:\/\/skapulier.info\" target=\"_blank\" rel=\"noopener noreferrer\"><img loading=\"lazy\" class=\"alignnone size-medium wp-image-29214\" src=\"https:\/\/test4.mi-backup.ch\/wp-content\/uploads\/2020\/06\/Skapulier_DasLogo-300x87.png\" alt=\"\" width=\"300\" height=\"87\" srcset=\"https:\/\/test4.mi-backup.ch\/wp-content\/uploads\/2020\/06\/Skapulier_DasLogo-300x87.png 300w, https:\/\/test4.mi-backup.ch\/wp-content\/uploads\/2020\/06\/Skapulier_DasLogo-1024x296.png 1024w, https:\/\/test4.mi-backup.ch\/wp-content\/uploads\/2020\/06\/Skapulier_DasLogo-768x222.png 768w, https:\/\/test4.mi-backup.ch\/wp-content\/uploads\/2020\/06\/Skapulier_DasLogo-425x123.png 425w, https:\/\/test4.mi-backup.ch\/wp-content\/uploads\/2020\/06\/Skapulier_DasLogo-600x174.png 600w, https:\/\/test4.mi-backup.ch\/wp-content\/uploads\/2020\/06\/Skapulier_DasLogo.png 1182w\" sizes=\"(max-width: 300px) 100vw, 300px\" \/><\/a><\/p>\n","protected":false},"excerpt":{"rendered":"<p>Der Schutzmantel Mariens \u201eDie allerseligste Jungfrau verspricht den Tr\u00e4gern des Skapuliers die Erlangung des ewigen Lebens. Das ist die wichtigste Gnade \u00fcberhaupt&#8221; Papst Pius XII. Ursprung des Skapuliers vom Berge Karmel Am 16. Juli 1251 erschien die allerseligste Jungfrau Maria dem hl. Simon Stock, Ordensgeneral der Karmeliten, mit einem Skapulier<a class=\"more-link\" href=\"https:\/\/test4.mi-backup.ch\/de\/das-skapulier\/\">Weiterlesen &rarr;<\/a><\/p>\n","protected":false},"author":9,"featured_media":0,"parent":0,"menu_order":0,"comment_status":"closed","ping_status":"closed","template":"","meta":[],"_links":{"self":[{"href":"https:\/\/test4.mi-backup.ch\/de\/wp-json\/wp\/v2\/pages\/46"}],"collection":[{"href":"https:\/\/test4.mi-backup.ch\/de\/wp-json\/wp\/v2\/pages"}],"about":[{"href":"https:\/\/test4.mi-backup.ch\/de\/wp-json\/wp\/v2\/types\/page"}],"author":[{"embeddable":true,"href":"https:\/\/test4.mi-backup.ch\/de\/wp-json\/wp\/v2\/users\/9"}],"replies":[{"embeddable":true,"href":"https:\/\/test4.mi-backup.ch\/de\/wp-json\/wp\/v2\/comments?post=46"}],"version-history":[{"count":10,"href":"https:\/\/test4.mi-backup.ch\/de\/wp-json\/wp\/v2\/pages\/46\/revisions"}],"predecessor-version":[{"id":29224,"href":"https:\/\/test4.mi-backup.ch\/de\/wp-json\/wp\/v2\/pages\/46\/revisions\/29224"}],"wp:attachment":[{"href":"https:\/\/test4.mi-backup.ch\/de\/wp-json\/wp\/v2\/media?parent=46"}],"curies":[{"name":"wp","href":"https:\/\/api.w.org\/{rel}","templated":true}]}}