{"id":52,"date":"2016-07-31T19:52:32","date_gmt":"2016-07-31T19:52:32","guid":{"rendered":"http:\/\/migration.mi-admin.ch\/demi-gebetskreuzzug\/"},"modified":"2021-08-19T18:27:49","modified_gmt":"2021-08-19T16:27:49","slug":"mi-gebetskreuzzug","status":"publish","type":"page","link":"https:\/\/test4.mi-backup.ch\/de\/mi-gebetskreuzzug\/","title":{"rendered":"MI-Gebetskreuzzug"},"content":{"rendered":"<div style=\"width: 300px; float: right; padding-left: 15px;\">\n<p><img loading=\"lazy\" class=\"alignright\" src=\"https:\/\/test4.mi-backup.ch\/wp-content\/uploads\/media\/kolbe_Rosenkranz.jpg\" alt=\"\" width=\"300\" height=\"373\" \/><\/p>\n<p style=\"text-align: center;\"><span style=\"font-family: tahoma,geneva,sans-serif;\"><strong>Die Gebetsanliegen der MI<\/strong><\/span><\/p>\n<ul>\n<li><span style=\"font-family: tahoma,geneva,sans-serif;\">Die Rettung der Seelen<\/span><\/li>\n<li><span style=\"font-family: tahoma,geneva,sans-serif;\">Der Triumph des unbefleckten Herzen Mariens<\/span><\/li>\n<li><span style=\"font-family: tahoma,geneva,sans-serif;\">Dass die ganze Welt f\u00fcr Christus durch die Immaculata zur\u00fcckgewonnen werde<\/span><\/li>\n<\/ul>\n<p><span style=\"font-family: tahoma,geneva,sans-serif;\"><strong>Die aktuellen Anliegen:<\/strong><\/span><\/p>\n<ul>\n<li><span style=\"font-family: tahoma,geneva,sans-serif;\">F\u00fcr die Verbreitung der Herz-Mari\u00e4-S\u00fchneandacht in der katholischen Kirche<\/span><\/li>\n<li><span style=\"font-family: tahoma,geneva,sans-serif;\">F\u00fcr alle Seelen, welche durch das Apostolat der MI ber\u00fchrt werden oder wurden<\/span><\/li>\n<li><span style=\"font-family: tahoma,geneva,sans-serif;\">Die neu gegr\u00fcndeten MI-Gruppen im deutschen Sprachraum<\/span><\/li>\n<\/ul>\n<\/div>\n<p>Der hl. Maximilian betonte immer wieder, dass das Hauptmittel im Kampf der MI das Gebet ist. Von Beginn weg konnten die Ritter der MI auch ihre <strong>pers\u00f6nlichen Anliegen dem MI-Sekretariat melden<\/strong>. So beteten die Ritter nicht nur in den allgemeinen Anliegen der MI, sondern auch f\u00fcreinander.<\/p>\n<p>Der gemeinsame <strong>Gebetskreuzzug<\/strong> besteht darin, dass m\u00f6glichst alle Ritter t\u00e4glich:<\/p>\n<ul>\n<li>ein Ges\u00e4tz des Rosenkranzes und<\/li>\n<li>das \u201eGedenke\u201c des <a href=\"https:\/\/test4.mi-backup.ch\/de\/der-heilige-bernhard-von-clairvaux\/\">hl. Bernhard von Clairvaux<\/a> (im <a href=\"https:\/\/test4.mi-backup.ch\/de\/shop\/buecher\/gebetsheft-der-militia-immaculatae\/\">MI-Gebetsheft<\/a> oder <a href=\"https:\/\/test4.mi-backup.ch\/de\/der-heilige-bernhard-von-clairvaux\/\">hier<\/a>)<\/li>\n<\/ul>\n<p>in den Anliegen der MI und in den besonderen Anliegen der Mitstreiter beten. Durch diese t\u00e4glichen Gebete miteinander und f\u00fcreinander wird die MI als geistige Armee verbunden. Die Gebete geh\u00f6ren nicht zu den Pflichten der Mitglieder, sie sollen vielmehr Ehrensache jedes Ritters sein.<\/p>\n<p><strong>Bedenken Sie immer:<\/strong><\/p>\n<ul>\n<li>Wenn Sie f\u00fcr sich selbst ernsthaft beten, werden Sie erh\u00f6rt.<\/li>\n<li>Wenn Sie f\u00fcr andere beten, werden Sie doppelt erh\u00f6rt.<\/li>\n<\/ul>\n<p><strong>Gebetsanliegen melden:<br \/>\n<\/strong><\/p>\n<p>Haben Sie auch ein Gebetsanliegen? Das gemeinsame Gebet am Throne unserer Herrin vermag viel! Z\u00f6gern Sie nicht, von diesem Angebot zu profitieren \u2013 auch wenn Sie (noch nicht) Ritter der MI sind!<\/p>\n<p>Die Informationen werden selbstverst\u00e4ndlich vertraulich behandelt und in unpers\u00f6nlicher Form (sofern gew\u00fcnscht) im <a href=\"https:\/\/test4.mi-backup.ch\/de\/newsletter\/\">Newsletter<\/a> ver\u00f6ffentlicht. Wenn Ihr Anliegen erh\u00f6rt wurde, sind Sie ebenfalls eingeladen, dies zu melden: aus Dankbarkeit, zur Ehre der Immaculata und um das Vertrauen der anderen Beter zu f\u00f6rdern.<\/p>\n<p>Mittels untenstehendem Formular oder per E-Mail k\u00f6nnen Sie uns Ihre Anliegen melden:<\/p>\n<p><a href=\"mailto:gebetskreuzzug@m-i.info\">gebetskreuzzug@m-i.info<\/a><\/p>\n\n\n<!-- Fast Secure Contact Form plugin 4.0.52 - begin - FastSecureContactForm.com -->\r\n<div style=\"clear:both;\"><\/div>\n\r\n<div id=\"FSContact4\" style=\"width:99%; max-width:555px;\">\r\n<form action=\"https:\/\/test4.mi-backup.ch\/de\/wp-json\/wp\/v2\/pages\/52#FSContact4\" id=\"fscf_form4\" method=\"post\">\r\n\n<div id=\"fscf_div_clear4_0\" style=\"clear:both;\">\n  <div id=\"fscf_div_field4_0\" style=\"clear:left; float:left; width:99%; max-width:550px; margin-right:10px;\">\r\n    <div style=\"text-align:left; padding-top:5px;\">\n      <label style=\"text-align:left;\" for=\"fscf_name4\">Name:<span style=\"text-align:left;\">*<\/span><\/label>\n    <\/div>\r\n    <div style=\"text-align:left;\">\r\n      <input style=\"text-align:left; margin:0; width:99%; max-width:250px;\" type=\"text\" id=\"fscf_name4\" name=\"full_name\" value=\"\"  \/>\r\n    <\/div>\r\n  <\/div>\n<\/div>\n\n<div id=\"fscf_div_clear4_1\" style=\"clear:both;\">\n  <div id=\"fscf_div_field4_1\" style=\"clear:left; float:left; width:99%; max-width:550px; margin-right:10px;\">\n    <div style=\"text-align:left; padding-top:5px;\">\n      <label style=\"text-align:left;\" for=\"fscf_email4\">E-Mail:<span style=\"text-align:left;\">*<\/span><\/label>\n    <\/div>\n    <div style=\"text-align:left;\">\n      <input style=\"text-align:left; margin:0; width:99%; max-width:250px;\" type=\"text\" id=\"fscf_email4\" name=\"email\" value=\"\"  \/>\n    <\/div>\n  <\/div>\n<\/div>\n\n<div id=\"fscf_div_clear4_2\" style=\"clear:both;\">\n  <div id=\"fscf_div_field4_2\" style=\"clear:left; float:left; width:99%; max-width:550px; margin-right:10px;\">\n    <div style=\"text-align:left; padding-top:5px;\">\n      <label style=\"text-align:left;\" for=\"fscf_field4_2\">Betreff:<span style=\"text-align:left;\">*<\/span><\/label>\n    <\/div>\n    <div style=\"text-align:left;\">\n      <input style=\"text-align:left; margin:0; width:99%; max-width:250px;\" type=\"text\" id=\"fscf_field4_2\" name=\"subject\" value=\"\"  \/>\n    <\/div>\n  <\/div>\n<\/div>\n\n<div id=\"fscf_div_clear4_3\" style=\"clear:both;\">\n  <div id=\"fscf_div_field4_3\" style=\"clear:left; float:left; width:99%; max-width:550px; margin-right:10px;\">\n    <div style=\"text-align:left; padding-top:5px;\">\n      <label style=\"text-align:left;\" for=\"fscf_field4_3\">Nachricht:<span style=\"text-align:left;\">*<\/span><\/label>\n    <\/div>\n    <div style=\"text-align:left;\">\n      <textarea style=\"text-align:left; margin:0; width:99%; max-width:250px; height:120px;\" id=\"fscf_field4_3\" name=\"message\" cols=\"30\" rows=\"10\" ><\/textarea>\n    <\/div>\n  <\/div>\n<\/div>\n\n<div id=\"fscf_div_clear4_4\" style=\"clear:both;\">\n  <div id=\"fscf_div_field4_4\" style=\"clear:left; float:left; width:99%; max-width:550px; margin-right:10px;\">\n    <div  id=\"fscf_label4_4\" style=\"text-align:left; padding-top:5px;\">\r\n      <label style=\"text-align:left;\" for=\"fscf_field4_4\">Das Anliegen soll anonym im Newsletter ver\u00f6ffentlicht werden<span style=\"text-align:left;\">*<\/span><\/label>\n    <\/div>\n    <div style=\"text-align:left;\">\n      <span><input type=\"radio\" style=\"width:22px; height:32px;\" id=\"fscf_field4_4_1\" name=\"Das-Anliegen-soll-anonym-im-Newsletter-v\" value=\"1\" \/> <label style=\"display:inline;\" for=\"fscf_field4_4_1\">Ja<\/label><\/span><br \/>\n      <span><input type=\"radio\" style=\"width:22px; height:32px;\" id=\"fscf_field4_4_2\" name=\"Das-Anliegen-soll-anonym-im-Newsletter-v\" value=\"2\" \/> <label style=\"display:inline;\" for=\"fscf_field4_4_2\">Nein<\/label><\/span>\n    <\/div>\n  <\/div>\n<\/div>\r\n<div style=\"clear:both;\"><\/div>\n        \r\n<div style=\"display:none;\">\r\n     <label for=\"city4\"><small>Lassen sie dieses Feld leer<\/small><\/label>\r\n     <input type=\"text\" name=\"city\" id=\"city4\" value=\"\" \/>\r\n<\/div>\r\n\n<div id=\"fscf_submit_div4\" style=\"text-align:left; clear:both; padding-top:15px;\">\r\n\t\t<input type=\"submit\" id=\"fscf_submit4\" style=\"cursor:pointer; margin:0;\" value=\"senden\"  onclick=\"this.disabled=true; this.value='Submitting...'; this.form.submit();\" \/> \n<\/div>\n\n<input type=\"hidden\" name=\"fscf_submitted\" value=\"0\" \/>\n<input type=\"hidden\" name=\"fs_postonce_4\" value=\"1692c13f4619061f05b13b19ef5388fb,1776882230\" \/>\n<input type=\"hidden\" name=\"si_contact_action\" value=\"send\" \/>\n<input type=\"hidden\" name=\"form_id\" value=\"4\" \/>\n<input type=\"hidden\" name=\"mailto_id\" value=\"1\" \/>\n\n<\/form>\n<\/div>\r\n<div style=\"clear:both;\"><\/div>\n\n<!-- Fast Secure Contact Form plugin 4.0.52 - end - FastSecureContactForm.com -->\n\n","protected":false},"excerpt":{"rendered":"<p>Die Gebetsanliegen der MI Die Rettung der Seelen Der Triumph des unbefleckten Herzen Mariens Dass die ganze Welt f\u00fcr Christus durch die Immaculata zur\u00fcckgewonnen werde Die aktuellen Anliegen: F\u00fcr die Verbreitung der Herz-Mari\u00e4-S\u00fchneandacht in der katholischen Kirche F\u00fcr alle Seelen, welche durch das Apostolat der MI ber\u00fchrt werden oder wurden<a class=\"more-link\" href=\"https:\/\/test4.mi-backup.ch\/de\/mi-gebetskreuzzug\/\">Weiterlesen &rarr;<\/a><\/p>\n","protected":false},"author":9,"featured_media":0,"parent":0,"menu_order":0,"comment_status":"closed","ping_status":"closed","template":"","meta":[],"_links":{"self":[{"href":"https:\/\/test4.mi-backup.ch\/de\/wp-json\/wp\/v2\/pages\/52"}],"collection":[{"href":"https:\/\/test4.mi-backup.ch\/de\/wp-json\/wp\/v2\/pages"}],"about":[{"href":"https:\/\/test4.mi-backup.ch\/de\/wp-json\/wp\/v2\/types\/page"}],"author":[{"embeddable":true,"href":"https:\/\/test4.mi-backup.ch\/de\/wp-json\/wp\/v2\/users\/9"}],"replies":[{"embeddable":true,"href":"https:\/\/test4.mi-backup.ch\/de\/wp-json\/wp\/v2\/comments?post=52"}],"version-history":[{"count":12,"href":"https:\/\/test4.mi-backup.ch\/de\/wp-json\/wp\/v2\/pages\/52\/revisions"}],"predecessor-version":[{"id":39090,"href":"https:\/\/test4.mi-backup.ch\/de\/wp-json\/wp\/v2\/pages\/52\/revisions\/39090"}],"wp:attachment":[{"href":"https:\/\/test4.mi-backup.ch\/de\/wp-json\/wp\/v2\/media?parent=52"}],"curies":[{"name":"wp","href":"https:\/\/api.w.org\/{rel}","templated":true}]}}