{"id":53,"date":"2016-08-02T20:17:26","date_gmt":"2016-08-02T20:17:26","guid":{"rendered":"http:\/\/migration.mi-admin.ch\/devideo\/"},"modified":"2020-11-30T11:23:45","modified_gmt":"2020-11-30T10:23:45","slug":"video","status":"publish","type":"page","link":"https:\/\/test4.mi-backup.ch\/de\/video\/","title":{"rendered":"Video"},"content":{"rendered":"<p>Alle Videos finden sie auf unserem YouTube-Kanal:<\/p>\n<p><a href=\"https:\/\/www.youtube.com\/militiaimmaculatae\" target=\"_blank\" rel=\"noopener noreferrer\"><img loading=\"lazy\" class=\"alignnone size-full wp-image-25325\" src=\"https:\/\/test4.mi-backup.ch\/wp-content\/uploads\/2020\/03\/Youtube_Militia-immaculata-2.png\" alt=\"\" width=\"150\" height=\"35\" \/><\/a><\/p>\n<p>&nbsp;<\/p>\n<p>Nachstehend dennoch einige Videos \u00fcber die MI:<\/p>\n<h3>Video \u00fcber die MI<\/h3>\n<p><iframe loading=\"lazy\" src=\"https:\/\/player.vimeo.com\/video\/366948342?title=0&amp;byline=0&amp;portrait=0\" width=\"640\" height=\"272\" frameborder=\"0\" allowfullscreen=\"allowfullscreen\"><\/iframe><\/p>\n<p><a href=\"https:\/\/vimeo.com\/366948342\" class=\"broken_link\" target=\"_blank\" rel=\"noopener\">Die Militia Immaculatae (MILITIA IMMACULATAE)<\/a><\/p>\n<h3>Originalaufnahmen vom hl. Maximilian Kolbe, ca. 40 sec.<\/h3>\n<p><iframe loading=\"lazy\" src=\"https:\/\/www.youtube.com\/embed\/uvjBS-s8ib8?rel=0\" width=\"700\" height=\"480\" frameborder=\"0\" scrolling=\"no\" allowfullscreen=\"allowfullscreen\"><\/iframe><\/p>\n<p>&nbsp;<\/p>\n<h3>Video \u00fcber Katharina Labour\u00e9 und die Wundert\u00e4tige Medaille, ca. 18min<\/h3>\n<p><iframe loading=\"lazy\" src=\"https:\/\/www.youtube.com\/embed\/QpUmpaDnOl4?rel=0\" width=\"700\" height=\"480\" frameborder=\"0\" scrolling=\"no\" allowfullscreen=\"allowfullscreen\"><\/iframe><\/p>\n<p>&nbsp;<\/p>\n<h3>Video \u00fcber das Bild unserer lieben Frau von Guadalupe, Mexico ca. 23min<\/h3>\n<p><iframe loading=\"lazy\" src=\"https:\/\/www.youtube.com\/embed\/jiyzHRHxwag?rel=0\" width=\"700\" height=\"480\" frameborder=\"0\" scrolling=\"no\" allowfullscreen=\"allowfullscreen\"><span style=\"display: inline-block; width: 0px; overflow: hidden; line-height: 0;\" data-mce-type=\"bookmark\" class=\"mce_SELRES_start\">\ufeff<\/span><\/iframe><\/p>\n","protected":false},"excerpt":{"rendered":"<p>Alle Videos finden sie auf unserem YouTube-Kanal: &nbsp; Nachstehend dennoch einige Videos \u00fcber die MI: Video \u00fcber die MI Die Militia Immaculatae (MILITIA IMMACULATAE) Originalaufnahmen vom hl. Maximilian Kolbe, ca. 40 sec. &nbsp; Video \u00fcber Katharina Labour\u00e9 und die Wundert\u00e4tige Medaille, ca. 18min &nbsp; Video \u00fcber das Bild unserer lieben<a class=\"more-link\" href=\"https:\/\/test4.mi-backup.ch\/de\/video\/\">Weiterlesen &rarr;<\/a><\/p>\n","protected":false},"author":9,"featured_media":0,"parent":0,"menu_order":0,"comment_status":"closed","ping_status":"closed","template":"","meta":[],"_links":{"self":[{"href":"https:\/\/test4.mi-backup.ch\/de\/wp-json\/wp\/v2\/pages\/53"}],"collection":[{"href":"https:\/\/test4.mi-backup.ch\/de\/wp-json\/wp\/v2\/pages"}],"about":[{"href":"https:\/\/test4.mi-backup.ch\/de\/wp-json\/wp\/v2\/types\/page"}],"author":[{"embeddable":true,"href":"https:\/\/test4.mi-backup.ch\/de\/wp-json\/wp\/v2\/users\/9"}],"replies":[{"embeddable":true,"href":"https:\/\/test4.mi-backup.ch\/de\/wp-json\/wp\/v2\/comments?post=53"}],"version-history":[{"count":11,"href":"https:\/\/test4.mi-backup.ch\/de\/wp-json\/wp\/v2\/pages\/53\/revisions"}],"predecessor-version":[{"id":32969,"href":"https:\/\/test4.mi-backup.ch\/de\/wp-json\/wp\/v2\/pages\/53\/revisions\/32969"}],"wp:attachment":[{"href":"https:\/\/test4.mi-backup.ch\/de\/wp-json\/wp\/v2\/media?parent=53"}],"curies":[{"name":"wp","href":"https:\/\/api.w.org\/{rel}","templated":true}]}}