{"id":54,"date":"2016-11-12T20:40:47","date_gmt":"2016-11-12T20:40:47","guid":{"rendered":"http:\/\/migration.mi-admin.ch\/deueber-unsdeutschland\/"},"modified":"2022-12-15T14:30:51","modified_gmt":"2022-12-15T13:30:51","slug":"deutschland","status":"publish","type":"page","link":"https:\/\/test4.mi-backup.ch\/de\/deutschland\/","title":{"rendered":"Deutschland"},"content":{"rendered":"<figure style=\"width: 267px\" class=\"wp-caption alignright\"><img loading=\"lazy\" src=\"https:\/\/test4.mi-backup.ch\/wp-content\/uploads\/media\/standorte\/muenchen1.jpg\" alt=\"\" width=\"267\" height=\"506\" \/><figcaption class=\"wp-caption-text\">Patrona Bavariae<\/figcaption><\/figure>\n<p>Zeitgleich mit der MI Asien und der MI Schweiz wurde die MI Deutschland am 08.12.2014 gegr\u00fcndet.<\/p>\n<p>Seitdem ist ein auffallend schneller Anstieg sowohl der Mitgliederzahlen als auch der Bestellungen unserer Apostolatsartikel deutschlandweit zu verzeichnen. Anfang 2017 gab es in Deutschland bereits knapp 700 Ritter.<\/p>\n<h3>M\u00fcnchen<\/h3>\n<p>In M\u00fcnchen wird das zentrale MI-Register der Ritter der Immaculata Deutschlands gef\u00fchrt. Auch s\u00e4mtliche Bestellungen der auf der Homepage angebotenen Artikel werden \u00fcber M\u00fcnchen abgewickelt.<\/p>\n<p>Die M\u00fcnchner Ortsgruppe trifft sich jeden dritten Mittwoch des Monats im Anschluss an die Abendmesse (18 h), um zuerst die Gruppengebete zu verrichten und danach einen Vortrag des MI-Priesters zu h\u00f6ren, der uns dem Geist Maximilian Kolbes n\u00e4her bringen soll, damit wir immer besser die Notwendigkeit des Apostolats f\u00fcr unsere N\u00e4chsten verstehen lernen. Einen festen Bestandteil machen auch die Vortr\u00e4ge \u00fcber den inneren Zusammenhang Fatimas und der MI aus.<\/p>\n<p>Anschlie\u00dfend wird meist bei einem kleinen Imbiss Aktuelles besprochen, wie z. B. anstehende Standaktionen in der Innenstadt, Benefizkonzerte und Verkaufsaktionen im Priorat zugunsten der MI. Manchmal bef\u00fcllen wir auch in gemeinsamer Runde Medaillen in die transparenten T\u00e4schchen, um sie versenden und verteilen zu k\u00f6nnen.<\/p>\n<p>Einer der ersten gro\u00dfen Erfolge, den sich die MI M\u00fcnchen auf die Fahne schreiben kann, war die Abwendung eines in M\u00fcnchen geplanten Islamzentrums durch eine ausgerufene Rosenkranzinitiative. In diesem Sinne versuchen wir, unser M\u00f6glichstes zu tun, damit das unbefleckte Herz Mariens bald \u00fcber den Unglauben triumphieren m\u00f6ge, um die ganze Welt Christus zu F\u00fcssen zu legen.<\/p>\n<p><strong>Kontakt<\/strong><\/p>\n<p>Militia Immaculatae (MI-Deutschland)<br \/>\nJohann-Clanze-Str. 100<br \/>\nDE-81369 M\u00fcnchen<br \/>\nDeutschland<\/p>\n<p>E-Mail: deutschland@m-i.info<br \/>\nTel.: 089-712707<br \/>\nFax: 089-71668720<\/p>\n<p>Internetseite des Priorates M\u00fcnchen auf <a href=\"http:\/\/fsspx.de\/de\/m%C3%BCnchen\" class=\"broken_link\" target=\"_blank\" rel=\"noopener\">fsspx.de<\/a>.<\/p>\n<hr \/>\n<h3 id=\"Goeffingen\">G\u00f6ffingen<\/h3>\n<p><a href=\"https:\/\/test4.mi-backup.ch\/wp-content\/uploads\/2022\/08\/goeffingen1.jpg\"><img loading=\"lazy\" class=\"size-medium wp-image-76150 alignright\" src=\"https:\/\/test4.mi-backup.ch\/wp-content\/uploads\/2022\/08\/goeffingen1-300x223.jpg\" alt=\"\" width=\"300\" height=\"223\" srcset=\"https:\/\/test4.mi-backup.ch\/wp-content\/uploads\/2022\/08\/goeffingen1-300x223.jpg 300w, https:\/\/test4.mi-backup.ch\/wp-content\/uploads\/2022\/08\/goeffingen1-1024x762.jpg 1024w, https:\/\/test4.mi-backup.ch\/wp-content\/uploads\/2022\/08\/goeffingen1-768x571.jpg 768w, https:\/\/test4.mi-backup.ch\/wp-content\/uploads\/2022\/08\/goeffingen1-425x316.jpg 425w, https:\/\/test4.mi-backup.ch\/wp-content\/uploads\/2022\/08\/goeffingen1-600x446.jpg 600w, https:\/\/test4.mi-backup.ch\/wp-content\/uploads\/2022\/08\/goeffingen1.jpg 1265w\" sizes=\"(max-width: 300px) 100vw, 300px\" \/><\/a>Die MI aus G\u00f6ffingen z\u00e4hlt \u00fcber 100 Ritter. Die Gruppe trifft sich jeden Monat am 13. zum S\u00fchnegebet in der Kapelle Heilig Geist um 19:00 Uhr. \u00dcblicherweise direkt am Sonntag nach dem 13. des Monats trifft sich die MI nachmittags meist um 14:30 Uhr zu einem Rittertreffen. Dabei werden meist verschiedene Wallfahrtsorte und andere Heiligt\u00fcmer in der Umgebung aufgesucht um die Entstehung des Ortes kennenzulernen. Anschliessend folgt ein \u00f6ffentliches Gebet um f\u00fcr die vereinten Herzen Jesu und Mariens s\u00fchne zu leisten und sie zu ehren. Danach folgt ein geistiger Vortrag und zum Abschluss ein gem\u00fctliches Beisammensein um sich \u00fcber Erfahrungen im Apostolat auszutauschen und sich gegenseitig zu st\u00e4rken. 18:15 Uhr ist Abschluss durch die Vesper und Sakramentsandacht in der Hl. Geist Kapelle.<\/p>\n<p><strong>Kontakt<\/strong><\/p>\n<p>Priorat Heilig Geist<br \/>\nBiberacher Str. 2<br \/>\n88527 G\u00f6ffingen<\/p>\n<p>E-Mail: goeffingen@m-i.info<\/p>\n<p>Internetseite des Priorates G\u00f6ffingen auf <a href=\"https:\/\/fsspx.de\/de\/g%C3%B6ffingen-%E2%80%93-priorat-heilig-geist\" target=\"_blank\" rel=\"noopener\" class=\"broken_link\">fsspx.de<\/a>.<\/p>\n<hr \/>\n<h3>Memmingen<\/h3>\n<p><img loading=\"lazy\" class=\"alignright wp-image-4885 size-medium\" src=\"https:\/\/test4.mi-backup.ch\/wp-content\/uploads\/2016\/11\/Memmingen-300x200.jpg\" alt=\"\" width=\"300\" height=\"200\" srcset=\"https:\/\/test4.mi-backup.ch\/wp-content\/uploads\/2016\/11\/Memmingen-300x200.jpg 300w, https:\/\/test4.mi-backup.ch\/wp-content\/uploads\/2016\/11\/Memmingen.jpg 350w\" sizes=\"(max-width: 300px) 100vw, 300px\" \/>Die Gemeinde Memmingen z\u00e4hlt derzeit etwas mehr als 50 MI-Mitglieder.<\/p>\n<p>In regelm\u00e4\u00dfigen Abst\u00e4nden treffen sich die MI- Mitglieder von Memmingen in der Kirche St. Joseph nach der Fr\u00fchmesse. Nach einem gemeinsamen Gebet tauschen sich die Mitglieder aus und es werden Gebetsanliegen besprochen sowie diese unter den Mitgliedern verteilt. Anschlie\u00dfend findet meist ein kurzer Vortrag statt, der das geistige Leben und Apostolat der Ritter der Immaculata anspornen soll.<\/p>\n<p>F\u00fcr die Anliegen von Fatima findet in Memmingen immer am Samstag um den 13. eines Monats nach der Samstagsmesse eine Anbetung mit sakramentalen Segen statt.<\/p>\n<p>Unsere erste gro\u00dfe gemeinsame Apostolatsaktion war das Verteilen des Weihnachtsflyers mit der Wundert\u00e4tigen Medaille in der Adventszeit. Diese Aktion soll jedes Jahr in der Weihnachtszeit wiederholt werden.<\/p>\n<p style=\"margin-bottom: 12.0pt;\"><strong>Kontakt<\/strong><\/p>\n<p style=\"margin-bottom: 12.0pt;\">Kirche Sankt Joseph<br \/>\nTeramostr. 2a<br \/>\n87700 Memmingen-Amendingen<\/p>\n<p style=\"margin-bottom: 12.0pt;\">E-Mail: <a href=\"mailto:memmingen@militia-immaculatae.info\">memmingen(at)militia-immaculatae.info<\/a><\/p>\n<p>Internetseite des Priorates Memmingen auf <a href=\"http:\/\/fsspx.de\/de\/memmingen-kirche-sankt-joseph\" class=\"broken_link\" target=\"_blank\" rel=\"noopener\">fsspx.de<\/a>.<\/p>\n<hr \/>\n<h3>Rheinhausen<\/h3>\n<p><img loading=\"lazy\" class=\"alignright\" style=\"width: 250px; height: 289px; border-width: 1px; border-style: solid; margin: 5px;\" src=\"https:\/\/test4.mi-backup.ch\/wp-content\/uploads\/media\/standorte\/rheinhausen-kirche_skaliert_(Copy)_-_Kopie.jpg\" alt=\"\" width=\"299\" height=\"346\" \/><\/p>\n<p>In der Kirche St. Michael in Rheinhausen treffen sich die MI-Mitglieder von Rheinhausen und Umgebung sowie Interessierte monatlich. Normalerweise finden die Treffen am vierten Freitag im Monat statt. Um 19.00 Uhr ist die hl. Messe, anschliessend werden gemeinsam die Gruppengebete gebetet und danach gibt es einen kurzen Vortrag.<\/p>\n<p>Au\u00dferdem gibt es einen Termin am dritten Mittwoch des Monats, morgens um 8.00 Uhr zur Sch\u00fclermesse. Der Ablauf ist der gleiche. Es wird ebenfalls gebetet und anschlie\u00dfend ein kurzer Vortrag gehalten. Dieser Termin wird haupts\u00e4chlich von M\u00fcttern mit Kindern wahrgenommen. Er steht aber allen Interessierten offen.<\/p>\n<p>Die Termine k\u00f6nnen sich ab und zu verschieben.<\/p>\n<p><strong>Kontakt<\/strong><\/p>\n<p>Priorat St. Michael<br \/>\nKronenstra\u00dfe 2<br \/>\nD-79365 Rheinhausen<br \/>\nDeutschland<\/p>\n<p>E-Mail: <a href=\"mailto:rheinhausen@militia-immaculatae.info\">rheinhausen(at)militia-immaculatae.info<\/a><\/p>\n<p>Internetseite des Priorates Rheinhausen auf <a href=\"https:\/\/fsspx.de\/de\/rheinhausen\" class=\"broken_link\" target=\"_blank\" rel=\"noopener\">fsspx.de<\/a>.<\/p>\n","protected":false},"excerpt":{"rendered":"<p>Zeitgleich mit der MI Asien und der MI Schweiz wurde die MI Deutschland am 08.12.2014 gegr\u00fcndet. Seitdem ist ein auffallend schneller Anstieg sowohl der Mitgliederzahlen als auch der Bestellungen unserer Apostolatsartikel deutschlandweit zu verzeichnen. Anfang 2017 gab es in Deutschland bereits knapp 700 Ritter. M\u00fcnchen In M\u00fcnchen wird das zentrale<a class=\"more-link\" href=\"https:\/\/test4.mi-backup.ch\/de\/deutschland\/\">Weiterlesen &rarr;<\/a><\/p>\n","protected":false},"author":9,"featured_media":0,"parent":0,"menu_order":0,"comment_status":"closed","ping_status":"closed","template":"","meta":[],"_links":{"self":[{"href":"https:\/\/test4.mi-backup.ch\/de\/wp-json\/wp\/v2\/pages\/54"}],"collection":[{"href":"https:\/\/test4.mi-backup.ch\/de\/wp-json\/wp\/v2\/pages"}],"about":[{"href":"https:\/\/test4.mi-backup.ch\/de\/wp-json\/wp\/v2\/types\/page"}],"author":[{"embeddable":true,"href":"https:\/\/test4.mi-backup.ch\/de\/wp-json\/wp\/v2\/users\/9"}],"replies":[{"embeddable":true,"href":"https:\/\/test4.mi-backup.ch\/de\/wp-json\/wp\/v2\/comments?post=54"}],"version-history":[{"count":10,"href":"https:\/\/test4.mi-backup.ch\/de\/wp-json\/wp\/v2\/pages\/54\/revisions"}],"predecessor-version":[{"id":83805,"href":"https:\/\/test4.mi-backup.ch\/de\/wp-json\/wp\/v2\/pages\/54\/revisions\/83805"}],"wp:attachment":[{"href":"https:\/\/test4.mi-backup.ch\/de\/wp-json\/wp\/v2\/media?parent=54"}],"curies":[{"name":"wp","href":"https:\/\/api.w.org\/{rel}","templated":true}]}}