{"id":55,"date":"2016-09-10T19:01:10","date_gmt":"2016-09-10T19:01:10","guid":{"rendered":"http:\/\/migration.mi-admin.ch\/deueber-unsschweiz\/"},"modified":"2022-03-28T17:56:12","modified_gmt":"2022-03-28T15:56:12","slug":"schweiz","status":"publish","type":"page","link":"https:\/\/test4.mi-backup.ch\/de\/schweiz\/","title":{"rendered":"Schweiz"},"content":{"rendered":"<div style=\"width: 300px; float: right;\">\n<p><img loading=\"lazy\" class=\"alignright\" src=\"https:\/\/test4.mi-backup.ch\/wp-content\/uploads\/media\/standorte\/wil_altar_jpg.jpg\" alt=\"\" width=\"300\" height=\"569\" align=\"right\" \/><\/p>\n<p><img loading=\"lazy\" class=\"alignright\" src=\"https:\/\/test4.mi-backup.ch\/wp-content\/uploads\/media\/Dreifaltigkeitskirche.jpg\" alt=\"\" width=\"300\" height=\"150\" align=\"middle\" border=\"0\" hspace=\"0\" vspace=\"0\" \/><\/p>\n<p>Dreifaltigkeitskirche in Wil<\/p>\n<\/div>\n<p>Die Schweizer MI wurde am 08.12.2014 gegr\u00fcndet. Der Verein mit Sitz in Wil\/SG steht unter der geistlichen Leitung der <a href=\"http:\/\/fsspx.ch\/de\" target=\"_blank\" rel=\"noopener noreferrer\">Priesterbruderschaft St. Pius X.<\/a>.<\/p>\n<h3>Wil<\/h3>\n<p>Im <a href=\"http:\/\/fsspx.ch\/de\/kirchgemeinde-sancta-maria\" target=\"_blank\" rel=\"noopener noreferrer\" class=\"broken_link\">Priorat Wil<\/a> besteht eine Gruppe (MI 2), die sich monatlich trifft, um gemeinsam zu beten und den katholischen Glauben durch geistliche Vortr\u00e4ge zu vertiefen. Zentrale Gedanken sind dabei die von den Mitgliedern vollzogene Weihe an die Immaculata und die Mitgliedschaft in der MI. Als Werkzeug unserer K\u00f6nigin wollen wir uns nach dem Vorbild unseres Patrons f\u00fcr die Bekehrung der Seelen zu Gott und die Ausbreitung des Reiches Christi durch Maria einsetzen. Neben Standaktionen in verschiedenen St\u00e4dten besteht dabei unser haupts\u00e4chlicher Einsatz in der weltweiten Verbreitung der Wundert\u00e4tigen Medaille.<\/p>\n<p>Wir versuchen mit diesem Apostolat das Ideal, welches der hl. Maximilian f\u00fcr die MI vorsah, umzusetzen:<\/p>\n<p><em>Sich bem\u00fchen um die Bekehrung der S\u00fcnder durch die Vermittlung der Immaculata. Dazu alle legitimen Mittel ben\u00fctzen. Vor allem aber die Verbreitung der Wundert\u00e4tigen Medaille. <\/em><br \/>\n<em>(Aus den Statuten der MI vom hl. Maximilian)<\/em><\/p>\n<p><em>Insbesondere muss man jene Mittel ausw\u00e4hlen, die die Unbefleckte selbst uns gibt, und dazu geh\u00f6rt auch die Wundert\u00e4tige Medaille. Verteilen wir diese \u00fcberall, wo es nur m\u00f6glich ist.<\/em><br \/>\n(Zitat des hl. Maximilian)<\/p>\n<p>D\u00fcrfen wir Sie als Bettler der Immaculata um Ihre <a href=\"https:\/\/test4.mi-backup.ch\/de\/spenden\/\">Unterst\u00fctzung<\/a> f\u00fcr unser Apostolat bitten? Vergelt\u2019s Gott!<\/p>\n<p><strong>Kontakt MI-Schweiz und MI-Wil<\/strong><\/p>\n<p>Militia Immaculatae (MI-Schweiz)<br \/>\nKirchgemeinde St. Maria<br \/>\nSt. Gallerstr. 65<br \/>\nCH-9500 Wil SG<br \/>\nSchweiz<br \/>\nE-Mail: contact@m-i.info<\/p>\n<hr \/>\n<h3 id=\"Basel\">Basel<\/h3>\n<p><img loading=\"lazy\" class=\"alignright\" src=\"https:\/\/test4.mi-backup.ch\/wp-content\/uploads\/media\/standorte\/basel1.jpg\" alt=\"\" width=\"301\" height=\"246\" \/>In der <a href=\"https:\/\/fsspx.ch\/de\/kapelle-st-theresia-vom-kinde-jesu\" target=\"_blank\" rel=\"noopener noreferrer\">Kapelle St. Theresia vom Kinde Jesu<\/a> in Basel treffen sich die MI-Mitglieder von Basel und Umgebung sowie Interessierte ca. monatlich meistens am Freitag Abend zur hl. Messe, den anschlie\u00dfenden Gruppengebeten und einem Vortrag sowie ggf. Besprechung von weiteren Aktionen. Termine gem\u00e4\u00df Gottesdienstordnung oder auf Anfrage.<\/p>\n<p><strong>Kontakt<\/strong><\/p>\n<p>Kapelle St. Theresia vom Kinde Jesu<br \/>\nSchliengerweg 33<br \/>\nCH-4057 Basel<br \/>\nSchweiz<br \/>\nE-Mail: basel@m-i.info<\/p>\n<hr \/>\n<h3 id=\"Basel\">Oberriet SG<a href=\"https:\/\/test4.mi-backup.ch\/wp-content\/uploads\/2022\/03\/202203_oberriet.jpg\"><img loading=\"lazy\" class=\"wp-image-57273 alignright\" src=\"https:\/\/test4.mi-backup.ch\/wp-content\/uploads\/2022\/03\/202203_oberriet.jpg\" alt=\"\" width=\"300\" height=\"245\" srcset=\"https:\/\/test4.mi-backup.ch\/wp-content\/uploads\/2022\/03\/202203_oberriet.jpg 1200w, https:\/\/test4.mi-backup.ch\/wp-content\/uploads\/2022\/03\/202203_oberriet-300x245.jpg 300w, https:\/\/test4.mi-backup.ch\/wp-content\/uploads\/2022\/03\/202203_oberriet-1024x836.jpg 1024w, https:\/\/test4.mi-backup.ch\/wp-content\/uploads\/2022\/03\/202203_oberriet-768x627.jpg 768w, https:\/\/test4.mi-backup.ch\/wp-content\/uploads\/2022\/03\/202203_oberriet-425x347.jpg 425w, https:\/\/test4.mi-backup.ch\/wp-content\/uploads\/2022\/03\/202203_oberriet-600x490.jpg 600w\" sizes=\"(max-width: 300px) 100vw, 300px\" \/><\/a><\/h3>\n<p>Im <a href=\"https:\/\/fsspx.ch\/de\/priorat-st-karl-borrom%C3%A4us\" target=\"_blank\" rel=\"noopener\" class=\"broken_link\">Priorat St. Karl Borrom\u00e4us<\/a> in Oberriet treffen sich die MI-Mitglieder der Region ca. alle 6 Wochen an einem Samstag nach der hl. Messe um 08:00 zu einem gemeinsamen Fr\u00fchst\u00fcck und Vortrag.<\/p>\n<p><strong>Kontakt<\/strong><\/p>\n<p>Priorat St Karl Borrom\u00e4us<br \/>\nStaatstrasse 87<br \/>\nCH-9463 Oberriet<br \/>\nSchweiz<br \/>\nE-Mail: oberriet@m-i.info<\/p>\n<p>&nbsp;<\/p>\n","protected":false},"excerpt":{"rendered":"<p>Dreifaltigkeitskirche in Wil Die Schweizer MI wurde am 08.12.2014 gegr\u00fcndet. Der Verein mit Sitz in Wil\/SG steht unter der geistlichen Leitung der Priesterbruderschaft St. Pius X.. Wil Im Priorat Wil besteht eine Gruppe (MI 2), die sich monatlich trifft, um gemeinsam zu beten und den katholischen Glauben durch geistliche Vortr\u00e4ge<a class=\"more-link\" href=\"https:\/\/test4.mi-backup.ch\/de\/schweiz\/\">Weiterlesen &rarr;<\/a><\/p>\n","protected":false},"author":9,"featured_media":0,"parent":0,"menu_order":0,"comment_status":"closed","ping_status":"closed","template":"","meta":[],"_links":{"self":[{"href":"https:\/\/test4.mi-backup.ch\/de\/wp-json\/wp\/v2\/pages\/55"}],"collection":[{"href":"https:\/\/test4.mi-backup.ch\/de\/wp-json\/wp\/v2\/pages"}],"about":[{"href":"https:\/\/test4.mi-backup.ch\/de\/wp-json\/wp\/v2\/types\/page"}],"author":[{"embeddable":true,"href":"https:\/\/test4.mi-backup.ch\/de\/wp-json\/wp\/v2\/users\/9"}],"replies":[{"embeddable":true,"href":"https:\/\/test4.mi-backup.ch\/de\/wp-json\/wp\/v2\/comments?post=55"}],"version-history":[{"count":11,"href":"https:\/\/test4.mi-backup.ch\/de\/wp-json\/wp\/v2\/pages\/55\/revisions"}],"predecessor-version":[{"id":57283,"href":"https:\/\/test4.mi-backup.ch\/de\/wp-json\/wp\/v2\/pages\/55\/revisions\/57283"}],"wp:attachment":[{"href":"https:\/\/test4.mi-backup.ch\/de\/wp-json\/wp\/v2\/media?parent=55"}],"curies":[{"name":"wp","href":"https:\/\/api.w.org\/{rel}","templated":true}]}}