{"id":56,"date":"2015-06-02T14:10:19","date_gmt":"2015-06-02T14:10:19","guid":{"rendered":"http:\/\/migration.mi-admin.ch\/deueber-unsoesterreich\/"},"modified":"2020-05-06T15:20:57","modified_gmt":"2020-05-06T13:20:57","slug":"oesterreich","status":"publish","type":"page","link":"https:\/\/test4.mi-backup.ch\/de\/oesterreich\/","title":{"rendered":"\u00d6sterreich"},"content":{"rendered":"<figure style=\"width: 250px\" class=\"wp-caption alignright\"><img loading=\"lazy\" src=\"https:\/\/test4.mi-backup.ch\/wp-content\/uploads\/media\/standorte\/graz1a.jpg\" alt=\"\" width=\"250\" height=\"474\" align=\"right\" \/><figcaption class=\"wp-caption-text\">Altar der Kirche St. Thomas von Aquin<\/figcaption><\/figure>\n<p>Am Pfingstmontag, dem 25.05.2015, wurde die MI-\u00d6sterreich in Graz gegr\u00fcndet.<\/p>\n<p>Begonnen hat alles am Fest der Unbefleckten Empf\u00e4ngnis 2013. Damals beschlossen der Seelsorger und die Gl\u00e4ubigen von Graz, das Apostolat der Immaculata zu beginnen. Mit Erlaubnis und Sendung des Distriktsoberen und der Guthei\u00dfung in Form eines Gru\u00dfschreibens des Generaloberen. Eineinhalb Jahre sind seither vergangen. Die Gl\u00e4ubigen haben bereits mehrere tausend Medaillen ausgeteilt, haben in Zweiergruppen die viele Haushalte von Graz besucht. Dazu kommen noch die regelm\u00e4\u00dfigen Apostolatstreffen alle drei Monate. Auch andere Projekte wurden in diesen 18 Monaten gestemmt: Flugbl\u00e4tter am Grazer Hauptplatz verteilt, eine CD mit Weihnachtsliedern vom Kirchenchor aufgenommen, ein Adventnachmittag mit Konzert hat viele neue Fremde in die Kirche gelockt ebenso wie das Sommertheater \u201eJedermann\u201c. Und nat\u00fcrlich das regelm\u00e4\u00dfige Verteilen der Medaillen.<\/p>\n<p>Dennoch ist das Apostolatstreffen am Pfingstmontag 2015 ein besonderes: Benjamin Aepli aus Wil (CH) stellt die neu organisierte Militia Immaculatae (MI) innerhalb der deutschsprachigen Priesterbruderschaft vor. Etwas \u00fcber drei\u00dfig Gl\u00e4ubige sind anwesend und h\u00f6ren aufmerksam seinem bestens ausgearbeiteten Bildervortrag \u00fcber das Leben von Pater Maximilian Kolbe und das Werk der MI zu.<\/p>\n<p>Anschlie\u00dfend begibt sich die kleine Gruppe der Streiter Mariens in die Kirche St. Thomas um vor dem ausgesetzten Allerheiligsten das Weihegebet an die Unbefleckte zu sprechen. Drei\u00dfig Gl\u00e4ubige weihen sich in der Ganzhingabe an Maria als Werkzeug um Graz, die Steiermark und \u00d6sterreich f\u00fcr den Christk\u00f6nig zu gewinnen. Feierlich werden die Taufgel\u00fcbde erneuert, auch das Apostolatsgebet von Graz wird gemeinsam gebetet. Es folgt der Segen mit dem Allerheiligsten und als Schlusslied \u2013 nat\u00fcrlich ein Preis an die Gottesmutter.<\/p>\n<p>Ein gro\u00dfer Tag f\u00fcr Graz, eine wichtige Stunde: Die MI ist nun auch in \u00d6sterreich offiziell gegr\u00fcndet. M\u00f6ge Maria uns als Werkzeuge in ihren H\u00e4nden gebrauchen! Es lebe die Immaculata!<\/p>\n<p><strong>Kontakt MI-Graz<br \/>\n<\/strong><\/p>\n<p><img loading=\"lazy\" class=\"alignright\" src=\"https:\/\/test4.mi-backup.ch\/wp-content\/uploads\/media\/standorte\/graz2.JPG\" alt=\"\" width=\"401\" height=\"224\" \/><\/p>\n<p>Militia Immaculatae (MI-Graz)<br \/>\nPriorat St. Thomas von Aquin<br \/>\nKalvarienbergstr. 77<br \/>\nAT-8020 Graz<br \/>\n\u00d6sterreich<br \/>\nE-Mail: <a title=\"E-Mail\" href=\"mailto:%67%72%61%7A%40%6D%69%6C%69%74%69%61%2D%69%6D%6D%61%63%75%6C%61%74%61%65%2E%69%6E%66%6F \">graz(at)militia-immaculatae.info<\/a><\/p>\n<p>&nbsp;<\/p>\n<p><strong>Kontakt MI-\u00d6sterreich<\/strong><\/p>\n<p>Militia Immaculatae (MI-\u00d6sterreich)<br \/>\nJaidhof 1<br \/>\nAT-3542 Jaidhof<br \/>\n\u00d6sterreich<br \/>\nTel.: <span class=\"LrzXr zdqRlf kno-fv\"><span data-dtype=\"d3ifr\" data-local-attribute=\"d3ph\">+43 2716 65150<br \/>\nE-Mail: <a href=\"mailto:oesterreich@militia-immaculatae.info\">oesterreich(at)militia-immaculatae.info<\/a><\/span><\/span><\/p>\n","protected":false},"excerpt":{"rendered":"<p>Am Pfingstmontag, dem 25.05.2015, wurde die MI-\u00d6sterreich in Graz gegr\u00fcndet. Begonnen hat alles am Fest der Unbefleckten Empf\u00e4ngnis 2013. Damals beschlossen der Seelsorger und die Gl\u00e4ubigen von Graz, das Apostolat der Immaculata zu beginnen. Mit Erlaubnis und Sendung des Distriktsoberen und der Guthei\u00dfung in Form eines Gru\u00dfschreibens des Generaloberen. Eineinhalb<a class=\"more-link\" href=\"https:\/\/test4.mi-backup.ch\/de\/oesterreich\/\">Weiterlesen &rarr;<\/a><\/p>\n","protected":false},"author":9,"featured_media":0,"parent":0,"menu_order":0,"comment_status":"closed","ping_status":"closed","template":"","meta":[],"_links":{"self":[{"href":"https:\/\/test4.mi-backup.ch\/de\/wp-json\/wp\/v2\/pages\/56"}],"collection":[{"href":"https:\/\/test4.mi-backup.ch\/de\/wp-json\/wp\/v2\/pages"}],"about":[{"href":"https:\/\/test4.mi-backup.ch\/de\/wp-json\/wp\/v2\/types\/page"}],"author":[{"embeddable":true,"href":"https:\/\/test4.mi-backup.ch\/de\/wp-json\/wp\/v2\/users\/9"}],"replies":[{"embeddable":true,"href":"https:\/\/test4.mi-backup.ch\/de\/wp-json\/wp\/v2\/comments?post=56"}],"version-history":[{"count":10,"href":"https:\/\/test4.mi-backup.ch\/de\/wp-json\/wp\/v2\/pages\/56\/revisions"}],"predecessor-version":[{"id":28161,"href":"https:\/\/test4.mi-backup.ch\/de\/wp-json\/wp\/v2\/pages\/56\/revisions\/28161"}],"wp:attachment":[{"href":"https:\/\/test4.mi-backup.ch\/de\/wp-json\/wp\/v2\/media?parent=56"}],"curies":[{"name":"wp","href":"https:\/\/api.w.org\/{rel}","templated":true}]}}