{"id":58,"date":"2014-06-05T14:44:28","date_gmt":"2014-06-05T14:44:28","guid":{"rendered":"http:\/\/migration.mi-admin.ch\/dewundertaetige-medaillemaximilian-und-die-wundertaetige-medaille\/"},"modified":"2017-03-23T21:27:34","modified_gmt":"2017-03-23T20:27:34","slug":"maximilian-und-die-wundertaetige-medaille","status":"publish","type":"page","link":"https:\/\/test4.mi-backup.ch\/de\/maximilian-und-die-wundertaetige-medaille\/","title":{"rendered":"Maximilian und die Wundert\u00e4tige Medaille"},"content":{"rendered":"<p>(aus dem Buch: \u201eDie Immaculata, unser Ideal\u201c von P. Karl Stehlin, kursiv dargestellt Zitate des hl. Maximilian)<\/p>\n<figure style=\"width: 250px\" class=\"wp-caption alignright\"><img loading=\"lazy\" src=\"https:\/\/test4.mi-backup.ch\/wp-content\/uploads\/media\/Notre_Dame_du_Medaille.jpg\" width=\"250\" height=\"427\" align=\"top\" border=\"1\" hspace=\"5\" vspace=\"5\" \/><figcaption class=\"wp-caption-text\">Unsere liebe Frau von der Wundert\u00e4tigen Medaille am Erscheinungsort in der Rue du Bac in Paris.<\/figcaption><\/figure>\n<p>Als \u00e4u\u00dferes Zeichen der Zugeh\u00f6rigkeit zur MI tr\u00e4gt der Ritter der Immaculata ihre Wundert\u00e4tige Medaille. Wir Menschen sind nicht nur Geist, sondern auch Leib. Das innere Leben, das Ideal und die Geisteshaltung m\u00fcssen nach au\u00dfen hin wahrnehmbar sein, muss sich im \u00e4u\u00dferen Leben ausdr\u00fccken. Deshalb braucht es \u00e4u\u00dfere Zeichen, die die innere Gesinnung zu Tage bringen. Nicht anders hat der Heiland seine Gnaden den Menschen schenken wollen, als durch solche \u201eheilige Zeichen&#8221;, n\u00e4mlich die Sakramente. In \u00e4hnlicher Weise muss auch der Ritter der Immaculata nach au\u00dfen hin ein Bekenntnis ablegen.<\/p>\n<p>Die Wundert\u00e4tige Medaille ist das \u00e4u\u00dfere Zeichen der inneren Ganzhingabe an die Immaculata.<\/p>\n<p>Mehr noch: als Waffe im Kampf um die Seelen verteilt er dieselbe, wo immer er kann:<\/p>\n<p style=\"padding-left: 30px;\"><em>Die Wundert\u00e4tige Medaille soll die Waffe sein, die Kugel, derer sich der Ritter der Unbefleckten bedient. Selbst wenn jemand der allerschlimmste w\u00e4re, wenn er einverstanden ist, die Wundert\u00e4tige Medaille zu tragen, gib sie ihm und bete f\u00fcr ihn und bei Gelegenheit versuche ihn, durch ein gutes Wort dahin zu f\u00fchren, dass er die Mutter Gottes zu lieben beginne und sich zu ihr fl\u00fcchte in allen Schwierigkeiten und Versuchungen. Wer aber ehrlich zur Unbefleckten zu beten beginnt, der wird sich auch bald zur Beichte \u00fcberreden lassen. Es ist viel B\u00f6ses in der Welt, denken wir jedoch daran, dass die Immaculata noch m\u00e4chtiger ist: \u201eSie wird der h\u00f6llischen Schlange den Kopf zertreten&#8221;. <\/em><\/p>\n<figure style=\"width: 250px\" class=\"wp-caption alignright\"><img loading=\"lazy\" src=\"https:\/\/test4.mi-backup.ch\/wp-content\/uploads\/media\/S._Andrea_delle_Fratte012.JPG\" width=\"250\" height=\"333\" align=\"top\" border=\"1\" hspace=\"5\" vspace=\"5\" \/><figcaption class=\"wp-caption-text\">Der Gnadenaltar in der Kirche St. Andrea delle Fratte in Rom<\/figcaption><\/figure>\n<p>Ist eine solche Praxis nicht etwas \u00fcbertrieben? Wie kommt es, dass der Gr\u00fcnder der MI ein solches Vertrauen auf ein so \u00e4u\u00dferliches \u201eDing&#8221; setzt? Darauf ist zun\u00e4chst zu antworten, dass gerade der Ursprung der MI im innigen Zusammenhang steht mit einem gro\u00dfen Wunder, gewirkt durch die Wundert\u00e4tige Medaille, n\u00e4mlich die Bekehrung des Juden Alfons Ratisbonne. Im Jahre der Gr\u00fcndung der MI (1917) feierte man n\u00e4mlich in Rom den 75. Jahrestag dieses gro\u00dfen Wunders. Schon lange hatte sich der junge Bruder Maximilian die Frage gestellt:<\/p>\n<p style=\"padding-left: 30px;\"><em>Ist es m\u00f6glich, dass unsere Feinde eine solche Aktivit\u00e4t entfalten und die \u00dcbermacht gewinnen, wir aber tatenlos bleiben, ohne uns ans Werk zu machen? Haben wir nicht noch st\u00e4rkere Waffen, n\u00e4mlich den Schutz des Himmels und der Unbefleckten Jungfrau?<\/em><\/p>\n<p>Die Antwort fand er an jenem denkw\u00fcrdigen 20. Januar, als der Hausobere ihnen die Bekehrungsgeschichte des Juden zur Betrachtung vortrug. Pater Pal, sein Freund und Mitbegr\u00fcnder der MI best\u00e4tigte, dass der Heilige in jener Betrachtung die Anregung empfing, eine Ritterschaft zu Ehren der Immaculata zu gr\u00fcnden, die als Abzeichen und Schutzmittel der zuk\u00fcnftigen Ritter die Wundert\u00e4tige Medaille w\u00e4hlt. Von diesem Tag an begab sich Bruder Maximilian oft zur Kirche Sant Andrea delle Fratte, um vor dem Altar zu beten, wo sich Alfons Ratisbonne bekehrt hatte. Jenen Altar hat er auch erw\u00e4hlt, um nach seiner Priesterweihe das erste heilige Messopfer darzubringen.<\/p>\n<p>Au\u00dferdem erz\u00e4hlte Pater Maximilian seinen Br\u00fcdern des \u00f6fteren recht au\u00dferordentliche Begebenheiten, die er selber erlebt hatte mit der Wundert\u00e4tige Medaille. Zum Beispiel w\u00e4hrend eines seiner Heilungsaufenthalte in Zakopane versuchte er, einen jungen Freigeist zu bekehren, der sich stolz \u201eH\u00e4retiker&#8221; nannte.<\/p>\n<p style=\"padding-left: 30px;\"><em>Alle Argumente waren umsonst. Jedoch aus H\u00f6flichkeit nahm er die Medaille entgegen. Anschlie\u00dfend schlug ich ihm vor zu beichten. \u201eIch bin nicht vorbereitet. Auf keinen Fall&#8221;, lautete die Antwort. Aber&#8230; im gleichen Augenblick fiel er auf die Knie, wie von einer h\u00f6heren Kraft dazu gezwungen. Die Beichte begann, der junge Mann weinte wie ein Kind. Die Immaculata hatte gesiegt.<\/em><\/p>\n<p>Nat\u00fcrlich nicht die Medaille als ein physisches Objekt war die Ursache dieser wunderbaren Ver\u00e4nderung im Menschenherzen, sondern die Immaculata, die dem Tragen der Wundert\u00e4tigen Medaille ihre besonderen Gnaden beif\u00fcgt. Und solcher Ereignisse gab es im Leben des Heiligen Maximilian sehr viele. Deshalb:<\/p>\n<p style=\"padding-left: 30px;\"><em>Ihre Medaille verteilen, wo immer es geht: den Kindern, dass sie sie immer um den Hals tragen, den Alten und Jungen, auf dass sie unter ihrem Schutz gen\u00fcgend Kraft haben, den Versuchungen und Fallen zu widerstehen, die sie besonders in unseren Zeiten bedr\u00e4ngen. Und auch denen, die nicht zur Kirche gehen, die sich f\u00fcrchten zu beichten, die sich \u00fcber die religi\u00f6sen Praktiken lustig machen, die lachen \u00fcber die Wahrheiten des Glaubens, die im moralischen Sumpf versunken sind oder au\u00dferhalb der Kirche in der H\u00e4resie leben &#8211; all diesen unbedingt die Medaille der Immaculata anbieten und sie bitten, dass sie sie tragen, aber dann auch inst\u00e4ndig die Immaculata um ihre Bekehrung anflehen. Viele finden auch dann noch eine M\u00f6glichkeit, wenn jemand sich weigert, die Wundert\u00e4tige Medaille anzunehmen. Ganz einfach n\u00e4hen sie sie heimlich in das Gewand ein und beten f\u00fcr diese Person, die Immaculata aber wird fr\u00fcher oder sp\u00e4ter zeigen, was sie vermag. <\/em><em>Die Wundert\u00e4tige Medaille &#8211; die Kugel der MI!<\/em><\/p>\n","protected":false},"excerpt":{"rendered":"<p>(aus dem Buch: \u201eDie Immaculata, unser Ideal\u201c von P. Karl Stehlin, kursiv dargestellt Zitate des hl. Maximilian) Als \u00e4u\u00dferes Zeichen der Zugeh\u00f6rigkeit zur MI tr\u00e4gt der Ritter der Immaculata ihre Wundert\u00e4tige Medaille. Wir Menschen sind nicht nur Geist, sondern auch Leib. Das innere Leben, das Ideal und die Geisteshaltung m\u00fcssen<a class=\"more-link\" href=\"https:\/\/test4.mi-backup.ch\/de\/maximilian-und-die-wundertaetige-medaille\/\">Weiterlesen &rarr;<\/a><\/p>\n","protected":false},"author":9,"featured_media":0,"parent":0,"menu_order":0,"comment_status":"closed","ping_status":"closed","template":"","meta":[],"_links":{"self":[{"href":"https:\/\/test4.mi-backup.ch\/de\/wp-json\/wp\/v2\/pages\/58"}],"collection":[{"href":"https:\/\/test4.mi-backup.ch\/de\/wp-json\/wp\/v2\/pages"}],"about":[{"href":"https:\/\/test4.mi-backup.ch\/de\/wp-json\/wp\/v2\/types\/page"}],"author":[{"embeddable":true,"href":"https:\/\/test4.mi-backup.ch\/de\/wp-json\/wp\/v2\/users\/9"}],"replies":[{"embeddable":true,"href":"https:\/\/test4.mi-backup.ch\/de\/wp-json\/wp\/v2\/comments?post=58"}],"version-history":[{"count":10,"href":"https:\/\/test4.mi-backup.ch\/de\/wp-json\/wp\/v2\/pages\/58\/revisions"}],"predecessor-version":[{"id":4188,"href":"https:\/\/test4.mi-backup.ch\/de\/wp-json\/wp\/v2\/pages\/58\/revisions\/4188"}],"wp:attachment":[{"href":"https:\/\/test4.mi-backup.ch\/de\/wp-json\/wp\/v2\/media?parent=58"}],"curies":[{"name":"wp","href":"https:\/\/api.w.org\/{rel}","templated":true}]}}