{"id":60,"date":"2015-11-27T20:57:44","date_gmt":"2015-11-27T20:57:44","guid":{"rendered":"http:\/\/migration.mi-admin.ch\/dewundertaetige-medailleneuzeitliches-wunder\/"},"modified":"2017-03-23T21:29:18","modified_gmt":"2017-03-23T20:29:18","slug":"neuzeitliches-wunder","status":"publish","type":"page","link":"https:\/\/test4.mi-backup.ch\/de\/neuzeitliches-wunder\/","title":{"rendered":"Neuzeitliches Wunder"},"content":{"rendered":"<p>Ein wahrer Bericht \u00fcber ein Wunder, welches durch die F\u00fcrbitte unserer Lieben Frau von der Wundert\u00e4tigen Medaille geschah, m\u00f6ge uns helfen, ein immer gr\u00f6\u00dferes Vertrauen zu Maria und ihrer Medaille zu bekommen.<\/p>\n<p><img loading=\"lazy\" class=\"alignright\" src=\"https:\/\/test4.mi-backup.ch\/wp-content\/uploads\/media\/OurLadyoftheMiraculousMedal-6.jpg\" alt=\"\" width=\"250\" height=\"363\" align=\"right\" border=\"1\" hspace=\"5\" vspace=\"5\" \/>Eine brasilianische Mutter machte im Jahre 1995 mit ihrer kleinen f\u00fcnfj\u00e4hrigen Tochter eine Wallfahrt in die Rue du Bac in Paris, wo Maria damals der hl. Katharina Labour\u00e9 erschien. Das Kind litt an einem eigenartigen Muskelschwund, den die \u00c4rzte f\u00fcr unheilbar erkl\u00e4rten. Die H\u00e4nde waren bereits g\u00e4nzlich gel\u00e4hmt und zusammengeschrumpft. Die Frau hatte etwas \u00fcber die Erscheinung der Gottesmutter in Paris gelesen. Ein Umstand ber\u00fchrte sie ganz besonders. Bei ihrem ersten Erscheinen sa\u00df Maria, w\u00e4hrend sie mit Katharina Labour\u00e9 sprach, auf einem gepolsterten Stuhl, der dort in der Kirche war. Diesen Stuhl kann man heute noch sehen. So kam dieser Frau eine Idee, von der sie fest \u00fcberzeugt war: wenn ihre Tochter sich auf diesen Stuhl setzen k\u00f6nnte, dann w\u00fcrde die Gottesmutter sie heilen. In diesem Glauben reiste sie mit ihrer Tochter nach Paris. In der Kirche angelangt, die immer von vielen Gl\u00e4ubigen besucht ist, sah sie, dass es gar nicht so einfach war, zu diesem Stuhl der Gottesmutter zu gelangen. Der Erscheinungsbereich war durch Kordeln abgegrenzt. Sie fragte eine der barmherzigen Schwestern, die gerade die Kirche putzten, ob sich ihre Tochter auf den Stuhl setzen d\u00fcrfe.<\/p>\n<p>Aber die Schwester sagte: &#8220;Entschuldigen sie, das kann ich ihnen nicht erlauben, denn sonst w\u00fcrde ja jeder darum bitten \u2013 und das ist unm\u00f6glich.&#8221; Das war nat\u00fcrlich eine schwere Entt\u00e4uschung f\u00fcr die Mutter. Als die Schwestern weggegangen waren, fasste sie einen anderen Plan: Wenn ihre Tochter schon nicht auf dem Stuhl sitzen durfte, dann sollte sie ihn wenigstens ber\u00fchren. Und so fl\u00fcsterte sie ihr zu, sie solle unter den Kordeln auf allen Vieren hindurch unter den Sessel kriechen und ihn von unten ber\u00fchren. Das kleine M\u00e4dchen machte es so, wie die Mutter gesagt hatte. Doch als sie zum Sessel hinkam, stand sie pl\u00f6tzlich auf und legte ihren Kopf auf die Samtpolsterung des Stuhles und nach einer gewi\u00dfen Zeit kroch sie wieder zur\u00fcck. Ihre Mutter tadelte sie: \u201eWarum hast du das gemacht? Ich habe dir doch gesagt, du sollst nur kurz den Sessel ber\u00fchren!\u201c Die Kleine antwortete strahlend: \u201eAber Mama, die FRAU hat mir gesagt, ich soll meinen Kopf auf ihr Knie legen.\u201c<\/p>\n<p>Nach Brasilien zur\u00fcckgekehrt, konnten die \u00c4rzte best\u00e4tigen, dass das Kind v\u00f6llig geheilt war.<br \/>\nDiese Begebenheit gibt uns ein wunderbares Bild daf\u00fcr, mit welcher Haltung und mit welchem Vertrauen wir zu Maria kommen sollen: wie dieses M\u00e4dchen, das ihren Kopf auf die Knie der Gottesmutter legte. Wer sich von Mariens Liebe ber\u00fchren l\u00e4sst, der wird von vielen Wunden und Leiden geheilt.<\/p>\n","protected":false},"excerpt":{"rendered":"<p>Ein wahrer Bericht \u00fcber ein Wunder, welches durch die F\u00fcrbitte unserer Lieben Frau von der Wundert\u00e4tigen Medaille geschah, m\u00f6ge uns helfen, ein immer gr\u00f6\u00dferes Vertrauen zu Maria und ihrer Medaille zu bekommen. Eine brasilianische Mutter machte im Jahre 1995 mit ihrer kleinen f\u00fcnfj\u00e4hrigen Tochter eine Wallfahrt in die Rue du<a class=\"more-link\" href=\"https:\/\/test4.mi-backup.ch\/de\/neuzeitliches-wunder\/\">Weiterlesen &rarr;<\/a><\/p>\n","protected":false},"author":9,"featured_media":0,"parent":0,"menu_order":0,"comment_status":"closed","ping_status":"closed","template":"","meta":[],"_links":{"self":[{"href":"https:\/\/test4.mi-backup.ch\/de\/wp-json\/wp\/v2\/pages\/60"}],"collection":[{"href":"https:\/\/test4.mi-backup.ch\/de\/wp-json\/wp\/v2\/pages"}],"about":[{"href":"https:\/\/test4.mi-backup.ch\/de\/wp-json\/wp\/v2\/types\/page"}],"author":[{"embeddable":true,"href":"https:\/\/test4.mi-backup.ch\/de\/wp-json\/wp\/v2\/users\/9"}],"replies":[{"embeddable":true,"href":"https:\/\/test4.mi-backup.ch\/de\/wp-json\/wp\/v2\/comments?post=60"}],"version-history":[{"count":3,"href":"https:\/\/test4.mi-backup.ch\/de\/wp-json\/wp\/v2\/pages\/60\/revisions"}],"predecessor-version":[{"id":4193,"href":"https:\/\/test4.mi-backup.ch\/de\/wp-json\/wp\/v2\/pages\/60\/revisions\/4193"}],"wp:attachment":[{"href":"https:\/\/test4.mi-backup.ch\/de\/wp-json\/wp\/v2\/media?parent=60"}],"curies":[{"name":"wp","href":"https:\/\/api.w.org\/{rel}","templated":true}]}}