{"id":603,"date":"2017-01-14T13:53:10","date_gmt":"2017-01-14T12:53:10","guid":{"rendered":"http:\/\/migration.mi-admin.ch\/?page_id=603\/"},"modified":"2023-03-09T21:17:46","modified_gmt":"2023-03-09T20:17:46","slug":"die-ritter","status":"publish","type":"page","link":"https:\/\/test4.mi-backup.ch\/de\/die-ritter\/","title":{"rendered":"Die Ritter"},"content":{"rendered":"<p><img loading=\"lazy\" class=\"alignright wp-image-87827\" src=\"https:\/\/test4.mi-backup.ch\/wp-content\/uploads\/2023\/03\/ritter.jpg\" alt=\"\" width=\"250\" height=\"375\" srcset=\"https:\/\/test4.mi-backup.ch\/wp-content\/uploads\/2023\/03\/ritter.jpg 400w, https:\/\/test4.mi-backup.ch\/wp-content\/uploads\/2023\/03\/ritter-200x300.jpg 200w, https:\/\/test4.mi-backup.ch\/wp-content\/uploads\/2023\/03\/ritter-367x550.jpg 367w\" sizes=\"(max-width: 250px) 100vw, 250px\" \/>Maximilian Kolbe benannte die Mitglieder der MI nicht \u201eRitter\u201c, weil sie aus sich selbst so besonders stark, tapfer und herausragend sind, sondern weil sie einer solch erhabenen K\u00f6nigin dienen, der nichts weniger als das Ideal des Ritters geb\u00fchrt; des Ritters, der bereit ist, sich selbstvergessen hinzugeben\u00a0f\u00fcr sein Ideal, f\u00fcr seine K\u00f6nigin. Der hl. Maximilian hat dieses Ideal so skizziert: Pro amore usque ad victimam \u2013 alles f\u00fcr die Liebe bis zur Hingabe des Lebens.<br \/>\nDa es sich um einen geistlichen Kampf handelt, sind Frauen und M\u00e4nner gleicherma\u00dfen zu diesem Rittertum berufen.<\/p>\n<p>Das Ideal des Ritters:<\/p>\n<ul>\n<li>\u201eDer Ritter ist beseelt von einem hohen Ideal. Er begn\u00fcgt sich nicht mit Halbheiten, vorletzten Dingen; er will alles! Die Welt ist f\u00fcr ihn zu klein.\u201c (hl. Maximilian)<\/li>\n<li>Nachdem er die Immaculata kennen und lieben gelernt hat, hat er seine Sendung erkannt, sich f\u00fcr sie einzusetzen, ihr Instrument zu werden, sich von ihr f\u00fchren zu lassen. Diesen Willen bringt er durch die Weihe an die Immaculata zum Ausdruck. Er begn\u00fcgt sich jedoch nicht mit einer Weihe, \u201esondern bem\u00fcht sich, soviel er kann, auch die Herzen anderer f\u00fcr sie zu erobern, damit auch die Herzen anderer sich ihr weihen\u201c (hl. Maximilian). Mit dem hl. Maximilian sagt er: \u201eIch lebe nur f\u00fcr die Seelen, das ist mein Auftrag!\u201c<\/li>\n<li>Maria f\u00fchrt den Ritter zu Christus, deshalb ist sein Leitwort: Die ganze Welt f\u00fcr Christus durch die Immaculata! Er sehnt sich danach, dass Christus auch in der Gesellschaft wieder anerkannt werde, im Bewusstsein, es gebe \u201ekein anderes wirksameres Mittel (gegen die \u00dcbel der heutigen Zeit) als die Souver\u00e4nit\u00e4t unseres Herrn wiederherzustellen\u201c (Pius X.).<\/li>\n<li>Der Ritter l\u00e4sst sich von der eigenen Schw\u00e4che und der \u00dcbermacht des Feindes nicht entmutigen. \u201eEs gibt zwei Wege: die eigene Kraft oder Gottes Kraft. Alles kommt darauf an, welchen Weg wir gehen. Wenn die Ursache null ist (n\u00e4mlich das Bauen auf eigene Kraft), dann wird auch die Wirkung null sein. Werden wir also auf uns selber bauen oder auf Gott?\u201c (hl. Maximilian). So ruft er mit David den Goliaths dieser Welt, welche Christus entthront haben, zu: \u201eDu kommst zu mir mit Schwert, Lanze und Schild; ich aber komme zu dir im Namen des Herrn der Heerscharen, des Gottes des Heeres Israels, das du verh\u00f6hnt hast\u201c (1. Sam 17,45). Er setzt also sein Vertrauen nicht auf die Mittel und Weisheit dieser Welt, sondern allein auf Gott. Gleich David bedient er sich f\u00fcr diesen Kampf bestimmter Mittel, die in den Augen der Welt eine Torheit sind. Er vertraut auf die \u201eWaffen\u201c, welche ihm seine Herrin gegeben hat, insbesondere auf die Wundert\u00e4tige Medaille und den Rosenkranz \u2013 die \u201eSchleuder Davids\u201c (Pius XII.) und \u201edas letzte Rettungsmittel\u201c (U.L. Frau von Fatima).<\/li>\n<\/ul>\n<p><img loading=\"lazy\" class=\"alignleft wp-image-35936\" src=\"https:\/\/test4.mi-backup.ch\/wp-content\/uploads\/2021\/03\/Kolbe_Medaille_1.jpg\" alt=\"\" width=\"250\" height=\"365\" srcset=\"https:\/\/test4.mi-backup.ch\/wp-content\/uploads\/2021\/03\/Kolbe_Medaille_1.jpg 349w, https:\/\/test4.mi-backup.ch\/wp-content\/uploads\/2021\/03\/Kolbe_Medaille_1-205x300.jpg 205w\" sizes=\"(max-width: 250px) 100vw, 250px\" \/>Unser Patron fasst dieses Ideal so zusammen: \u201eBetrachten wir heute das Bild eines echten Ritters der Unbefleckten. Er verengt sein Herz nicht zu sich selbst, noch zu seiner Familie, zu seinen engen Verwandten, Freunden, Landsleuten, sondern er nimmt die ganze Welt hinein, alle und jeden einzelnen, denn alle ohne Ausnahme sind erkauft mit dem Blut Jesu Christi, alle \u2013 unsere Br\u00fcder. Allen w\u00fcnscht er das wahre Gl\u00fcck, die Erleuchtung durch das Licht des Glaubens, Reinigung von den S\u00fcnden und ein von Liebe zu Gott entbranntes Herz, einer Liebe ohne Grenzen. Das Gl\u00fcck der ganzen Menschheit in Gott durch die Immaculata \u2013 das ist sein Traum.<\/p>\n<p>Der Ritter der Immaculata ist ein K\u00e4mpfer f\u00fcr die Eroberung aller Herzen f\u00fcr sie! \u2013 Allen streckt er die liebende Hand entgegen, f\u00fcr alle betet er, f\u00fcr alle leidet er.\u201c (hl. Maximilian Kolbe)<\/p>\n<p>Wenn auch Sie dieses Ideal anspricht, finden Sie auf den weiteren Unterseiten Informationen \u00fcber die <a href=\"https:\/\/test4.mi-backup.ch\/de\/leitfaden-zur-mi-aufnahme\/\">Aufnahme in die MI<\/a> und die Ritter der Immaculata.<\/p>\n<p>Wenn Sie die Aufnahme in die MI bereits gemacht haben, aber dieses Ideal mit der Zeit etwas in Vergessenheit geriet, finden Sie auf den weiteren Unterseiten wertvolle Hilfe, um es wieder neu zu beleben: Vielleicht finden Sie Anschluss in einer MI-Gruppe (<a href=\"https:\/\/test4.mi-backup.ch\/de\/ueber-uns\/\">Standorte<\/a>), lesen unsere <a href=\"https:\/\/test4.mi-backup.ch\/de\/mi-zeitschrift\/\">Zeitschrift <\/a>oder abonnieren unseren <a href=\"https:\/\/test4.mi-backup.ch\/de\/newsletter\/\">Newsletter<\/a> oder <a href=\"https:\/\/t.me\/MilitiaImmaculatae\" target=\"_blank\" rel=\"noopener\">Telegram-Kanal<\/a><u>,<\/u> um regelm\u00e4\u00dfigen Ansporn zu bekommen.<\/p>\n<p>Bei Fragen stehen wir Ihnen gerne zur Verf\u00fcgung: <a href=\"https:\/\/test4.mi-backup.ch\/de\/kontakt\/\">Kontakt<\/a><\/p>\n","protected":false},"excerpt":{"rendered":"<p>Maximilian Kolbe benannte die Mitglieder der MI nicht \u201eRitter\u201c, weil sie aus sich selbst so besonders stark, tapfer und herausragend sind, sondern weil sie einer solch erhabenen K\u00f6nigin dienen, der nichts weniger als das Ideal des Ritters geb\u00fchrt; des Ritters, der bereit ist, sich selbstvergessen hinzugeben\u00a0f\u00fcr sein Ideal, f\u00fcr seine<a class=\"more-link\" href=\"https:\/\/test4.mi-backup.ch\/de\/die-ritter\/\">Weiterlesen &rarr;<\/a><\/p>\n","protected":false},"author":9,"featured_media":0,"parent":0,"menu_order":0,"comment_status":"closed","ping_status":"closed","template":"","meta":[],"_links":{"self":[{"href":"https:\/\/test4.mi-backup.ch\/de\/wp-json\/wp\/v2\/pages\/603"}],"collection":[{"href":"https:\/\/test4.mi-backup.ch\/de\/wp-json\/wp\/v2\/pages"}],"about":[{"href":"https:\/\/test4.mi-backup.ch\/de\/wp-json\/wp\/v2\/types\/page"}],"author":[{"embeddable":true,"href":"https:\/\/test4.mi-backup.ch\/de\/wp-json\/wp\/v2\/users\/9"}],"replies":[{"embeddable":true,"href":"https:\/\/test4.mi-backup.ch\/de\/wp-json\/wp\/v2\/comments?post=603"}],"version-history":[{"count":9,"href":"https:\/\/test4.mi-backup.ch\/de\/wp-json\/wp\/v2\/pages\/603\/revisions"}],"predecessor-version":[{"id":87835,"href":"https:\/\/test4.mi-backup.ch\/de\/wp-json\/wp\/v2\/pages\/603\/revisions\/87835"}],"wp:attachment":[{"href":"https:\/\/test4.mi-backup.ch\/de\/wp-json\/wp\/v2\/media?parent=603"}],"curies":[{"name":"wp","href":"https:\/\/api.w.org\/{rel}","templated":true}]}}