{"id":61,"date":"2016-03-04T03:13:20","date_gmt":"2016-03-04T03:13:20","guid":{"rendered":"http:\/\/migration.mi-admin.ch\/dewundertaetige-medaillewelche-wundertaetige-medaille-ist-echt\/"},"modified":"2022-01-13T17:34:13","modified_gmt":"2022-01-13T16:34:13","slug":"welche-wundertaetige-medaille-ist-echt","status":"publish","type":"page","link":"https:\/\/test4.mi-backup.ch\/de\/welche-wundertaetige-medaille-ist-echt\/","title":{"rendered":"Welche Wundert\u00e4tige Medaille ist echt?"},"content":{"rendered":"<figure style=\"width: 350px\" class=\"wp-caption alignright\"><img loading=\"lazy\" src=\"https:\/\/test4.mi-backup.ch\/wp-content\/uploads\/media\/Aktuelles\/2016\/Catherine-et-la-medaille-miraculeuse.JPG\" alt=\"\" width=\"350\" height=\"520\" \/><figcaption class=\"wp-caption-text\">Erscheinung der hl. Katharina Labour\u00e9<\/figcaption><\/figure>\n<p>Immer wieder werden wir mit Kritik konfrontiert, unsere Medaillen seien nicht echt und somit ung\u00fcltig, weil die Anzahl der Zacken der Sterne nicht stimme oder weil ein anderes Detail nicht authentisch gepr\u00e4gt sei. Die wichtigsten Argumente betreffen die Form und die Anordnung der Sterne, die Weglassung einiger Worte des Sto\u00dfgebetes sowie anderer Details (Jahreszahl, Schlange etc.).<\/p>\n<h3>Pater Karl Stehlin nahm zu dieser Frage Stellung<\/h3>\n<p><em>Die hl. Katharina Labour\u00e9 hat die Erscheinungen von 1830 ausschliesslich ihrem Beichtvater, Pater Aladel, anvertraut und nur durch ihn haben wir den vollst\u00e4ndigen Bericht der Geschehnisse in der Rue de Bac. Ich habe eine Kopie der ersten Ausgabe des Buches von P. Aladel, geschrieben um 1845. Es enth\u00e4lt die Beschreibung der Erscheinungen und einiger Wunder, die aufgrund der Medaille in der ganzen Welt geschehen sind.<\/em><\/p>\n<p><em>W\u00e4hrend der Erscheinung vom 27.11.1830 bildet sich um die Muttergottes ein ovaler Rahmen, auf dem in Gold geschrieben steht: \u201e<strong>O Maria, ohne S\u00fcnde empfangen, bitte f\u00fcr uns, die wir zu Dir unsere Zuflucht nehmen.\u201c <\/strong>Gleichzeitig h\u00f6rt Katharina die Worte: &#8220;Lass nach diesem Bilde eine Medaille pr\u00e4gen. Die Personen, welche sie tragen, werden gro\u00dfe Gnaden erhalten. Die Gnaden werden \u00fcberreich sein f\u00fcr jene, die Vertrauen haben.&#8221;<br \/>\nUnd dann erblickt sie den Buchstaben <strong>M<\/strong>, von einem Kreuz \u00fcberragt, das auf einem Querbalken ruht, darunter das Herz Jesu, von einer Dornenkrone umgeben, und das Herz Mariens, mit dem Schwert durchbohrt.<\/em><\/p>\n<figure style=\"width: 350px\" class=\"wp-caption alignright\"><img loading=\"lazy\" src=\"https:\/\/test4.mi-backup.ch\/wp-content\/uploads\/media\/Aktuelles\/2016\/Erste_Medaille.jpg\" alt=\"\" width=\"350\" height=\"290\" \/><figcaption class=\"wp-caption-text\">Erste Medaille 1832.<\/figcaption><\/figure>\n<p><em>Damit haben wir die wesentlichen Elemente, die notwendig sind, damit diese Medaille wirklich die \u201eWundert\u00e4tige Medaille\u201c von der Rue de Bac genannt werden kann.<\/em><\/p>\n<p><em>Sicherlich findet man die treueste und beste Realisierung derselben in der Rue de Bac selber, wo seit vielen Jahren immer dieselbe Medaille gepr\u00e4gt wird, allerdings nur auf Franz\u00f6sisch. Dort gibt es allerdings ein paar Zus\u00e4tze, die im Originaltext nicht enthalten sind, z.B. die Jahreszahl 1830.<\/em><\/p>\n<p><em>Wichtig ist dabei die Bemerkung der Muttergottes, diese Medaille gem\u00e4\u00df der Vision, die Katharina hatte, pr\u00e4gen zu lassen. Nun kann man eine so gro\u00dfartige Vision nicht einfach auf ein Papier kopieren, ebenso wie die Statuen U.L. Frau von Lourdes und Fatima sich in Details unterscheiden, aber alle als solche anerkannt werden.<\/em><\/p>\n<figure id=\"attachment_48071\" aria-describedby=\"caption-attachment-48071\" style=\"width: 339px\" class=\"wp-caption alignright\"><a href=\"https:\/\/test4.mi-backup.ch\/wp-content\/uploads\/2022\/01\/neue-medaille-gold2.jpg\"><img loading=\"lazy\" class=\"wp-image-48071\" src=\"https:\/\/test4.mi-backup.ch\/wp-content\/uploads\/2022\/01\/neue-medaille-gold2-300x240.jpg\" alt=\"\" width=\"339\" height=\"271\" srcset=\"https:\/\/test4.mi-backup.ch\/wp-content\/uploads\/2022\/01\/neue-medaille-gold2-300x240.jpg 300w, https:\/\/test4.mi-backup.ch\/wp-content\/uploads\/2022\/01\/neue-medaille-gold2-768x614.jpg 768w, https:\/\/test4.mi-backup.ch\/wp-content\/uploads\/2022\/01\/neue-medaille-gold2-425x340.jpg 425w, https:\/\/test4.mi-backup.ch\/wp-content\/uploads\/2022\/01\/neue-medaille-gold2-600x480.jpg 600w, https:\/\/test4.mi-backup.ch\/wp-content\/uploads\/2022\/01\/neue-medaille-gold2.jpg 1000w\" sizes=\"(max-width: 339px) 100vw, 339px\" \/><\/a><figcaption id=\"caption-attachment-48071\" class=\"wp-caption-text\">Die Medaille der MI heute<\/figcaption><\/figure>\n<p><em>\u00a0Dies hat auch Pater Aladel so verstanden, denn im selben Buch befinden sich verschiedene Kupferstiche und Bilder, die die Medaille recht unterschiedlich zeigen: mit einem Stern, mit mehreren Sternen, manchmal mit sechs Zacken, manchmal mit f\u00fcnf.<br \/>\nDazu kommt noch dieses Argument: Wenn man die Medaille nur genauso pr\u00e4gen wollte, wie die hl. Katharina sie gesehen hat, dann m\u00fcsste das Gebet immer nur auf Franz\u00f6sisch erscheinen. Die Kirche hingegen hat die \u00dcbersetzung in andere Sprachen von Anfang an erlaubt. Nun ist die franz\u00f6sische Sprache sehr pr\u00e4zis und kurz. Will man das Sto\u00dfgebet von der Rue de Bac wortgetreu \u00fcbersetzen, dann wird es in den meisten Sprachen bedeutend verl\u00e4ngert, was f\u00fcr die Pr\u00e4gung ein gro\u00dfes Problem aufwirft: Entweder wird der Text dann unlesbar oder man muss ihn leicht verk\u00fcrzen, was tats\u00e4chlich seit eh und je getan worden ist. Auch diese Versionen der Wundert\u00e4tigen Medaillen sind kirchlich anerkannt.<\/em><\/p>\n<p><em>Vielleicht muss man die Problematik des Vorwurfs \u201eunechter Medaillen\u201c noch etwas tiefer sehen:<br \/>\nDie Medaille ist n\u00e4mlich ein Sakramentale, das bedeutet ein hl. Zeichen, ein symbolischer Gegenstand, durch welchen Gnaden vermittelt werden.<\/em><\/p>\n<h5>Welches ist die besondere Gnade der Wundert\u00e4tigen Medaille?<\/h5>\n<p><em>Es ist geistliche Gegenwart und machtvolle Wirksamkeit der Immaculata in unserem Leben: Durch die Medaille sind wir im Alltag mit unserer himmlischen Mutter verbunden und erfahren ihre besondere Hilfe.<br \/>\nDas sinnenhafte Zeichen soll uns an die gro\u00dfen herrlichen Geheimnisse Mariens erinnern. In der Tat erinnert die Medaille an alle gro\u00dfen Wahrheiten und \u201eHerrlichkeiten Mariens\u201c. Man kann jedoch nicht in eine winzige Medaille alle gro\u00dfen Geheimnisse der Immaculata einpressen. Die Medaille ist gleichsam eine sichtbare Erinnerung und Ermahnung: \u201eDenk an mich, ICH bin bei Dir!\u201c \u2013 Und durch die Medaille steht die IMMACULATA selbst mir vor Augen, damit ich sie ehre, liebe und auf ihre Weisungen h\u00f6re.<\/em><\/p>\n<p><em>Ihn \u00e4hnlicher Weise ehren wir die Statue U.L. Frau von Fatima, jedoch w\u00fcrde niemand daran denken, alle Geheimnisse, Wun<\/em><em>der und Ereignisse Fa<\/em><em>timas irgendwo auf der Statue vermerkt zu haben. Die Statue ist die Erinnerung an die Macht und wirksame Liebe des Unbefleckten Herzens Mariens, nicht das Inhaltsverzeichnis all dessen, was in Fatima geschehen ist.<\/em><\/p>\n<p><em>Singapur, den 3. M\u00e4rz 2016<\/em><\/p>\n","protected":false},"excerpt":{"rendered":"<p>Immer wieder werden wir mit Kritik konfrontiert, unsere Medaillen seien nicht echt und somit ung\u00fcltig, weil die Anzahl der Zacken der Sterne nicht stimme oder weil ein anderes Detail nicht authentisch gepr\u00e4gt sei. Die wichtigsten Argumente betreffen die Form und die Anordnung der Sterne, die Weglassung einiger Worte des Sto\u00dfgebetes<a class=\"more-link\" href=\"https:\/\/test4.mi-backup.ch\/de\/welche-wundertaetige-medaille-ist-echt\/\">Weiterlesen &rarr;<\/a><\/p>\n","protected":false},"author":9,"featured_media":0,"parent":0,"menu_order":0,"comment_status":"closed","ping_status":"closed","template":"","meta":[],"_links":{"self":[{"href":"https:\/\/test4.mi-backup.ch\/de\/wp-json\/wp\/v2\/pages\/61"}],"collection":[{"href":"https:\/\/test4.mi-backup.ch\/de\/wp-json\/wp\/v2\/pages"}],"about":[{"href":"https:\/\/test4.mi-backup.ch\/de\/wp-json\/wp\/v2\/types\/page"}],"author":[{"embeddable":true,"href":"https:\/\/test4.mi-backup.ch\/de\/wp-json\/wp\/v2\/users\/9"}],"replies":[{"embeddable":true,"href":"https:\/\/test4.mi-backup.ch\/de\/wp-json\/wp\/v2\/comments?post=61"}],"version-history":[{"count":10,"href":"https:\/\/test4.mi-backup.ch\/de\/wp-json\/wp\/v2\/pages\/61\/revisions"}],"predecessor-version":[{"id":48080,"href":"https:\/\/test4.mi-backup.ch\/de\/wp-json\/wp\/v2\/pages\/61\/revisions\/48080"}],"wp:attachment":[{"href":"https:\/\/test4.mi-backup.ch\/de\/wp-json\/wp\/v2\/media?parent=61"}],"curies":[{"name":"wp","href":"https:\/\/api.w.org\/{rel}","templated":true}]}}