{"id":62,"date":"2016-11-26T19:50:26","date_gmt":"2016-11-26T19:50:26","guid":{"rendered":"http:\/\/migration.mi-admin.ch\/dewundertaetige-medailledas-immaculata-bild-der-mi\/"},"modified":"2017-03-23T20:40:16","modified_gmt":"2017-03-23T19:40:16","slug":"das-immaculata-bild-der-mi","status":"publish","type":"page","link":"https:\/\/test4.mi-backup.ch\/de\/das-immaculata-bild-der-mi\/","title":{"rendered":"Das Immaculata-Bild der MI"},"content":{"rendered":"<h3>Unsere Liebe Frau vom Wunder<\/h3>\n<div style=\"width: 300px; float: right; padding-left: 15px;\">\n<p><img loading=\"lazy\" class=\"\" src=\"https:\/\/test4.mi-backup.ch\/wp-content\/uploads\/media\/Immaculata.jpg\" alt=\"\" width=\"300\" height=\"454\" \/><\/p>\n<p><img loading=\"lazy\" class=\"\" src=\"https:\/\/test4.mi-backup.ch\/wp-content\/uploads\/media\/Aktuelles\/2016\/Die_Erscheinung_an_Alphons_Ratisbonne.jpg\" alt=\"\" width=\"299\" height=\"421\" \/><\/p>\n<p><span style=\"font-family: tahoma,geneva,sans-serif;\">Eines der ber\u00fchmtesten Wunder des 19. Jahrhunderts, gewirkt durch Unsere Liebe Frau von der Wundert\u00e4tigen Medaille: Am 20 Januar 1846 erschien die Muttergottes dem Juden Alphons Ratisbonne und erwirkte dessen Bekehrung in einem Augenblick. <\/span><\/p>\n<\/div>\n<p>Alfons Ratisbonne war ein 27 Jahre junger lebensfroher Mann. Aufgrund seines j\u00fcdischen Bekenntnisses verabscheute er die katholische Religion, verlachte deren Dogmen und Praktiken, verspottete die Wundert\u00e4tige Medaille. Trotzdem war ihm das Schicksal stets gut gewogen: Sein Rechtsstudium hatte er erfolgreich abgeschlossen, er war gl\u00fccklich verlobt und umgeben von vielen reichen Menschen, darunter einige Bankiers aus seiner Verwandtschaft, die ihm ein sch\u00f6nes, von Liebe und Gl\u00fcck erf\u00fclltes Leben versprachen. Um sich abzulenken, entschloss sich eines Tages der junge Mann, eine Reise anzutreten, um einige St\u00e4dte im Westen und im Osten zu besichtigen. Dabei schloss er Rom aus, welches er hasste, da es der Sitz des Papstes war und die Luft dort als ungesund galt.<\/p>\n<p>Er war in Neapel angekommen, als er, getrieben von einer geheimen Kraft, der er nicht widerstehen konnte, seine Reisepl\u00e4ne \u00e4nderte und sich eine Fahrkarte in die ewige Stadt reservierte, anstatt nach Palermo! In Rom angekommen, ging er viele bekannte Freunde besuchen, u.a. Theodor De Bussi\u00e8re, ein eifriger Katholik. Dieser wusste vom Unglauben seines Freundes, konnte ihm aber dennoch das Versprechen abgewinnen, die Wundert\u00e4tige Medaille an sich zu nehmen und t\u00e4glich das Gebet zur Muttergottes vom hl. Bernhard zu verrichten. Im Annehmen meinte Alfons noch l\u00e4sternd, es sei f\u00fcr ihn eine Gelegenheit, gemeinsam mit seinen Freunden die albernen Glaubensgewohnheiten der Katholiken zu verspotten. Theodor de Bussi\u00e8re aber fing an, <strong>beseelt von einem tiefen Vertrauen<\/strong>, gemeinsam mit seiner Familie f\u00fcr die Bekehrung seines j\u00fcdischen Freundes zu beten.<\/p>\n<p>Am 20. Januar waren beide Freunde gemeinsam in Rom unterwegs. Vor der Kirche Sant\u2018Andrea delle Fratte machten sie Halt. W\u00e4hrend der Katholik in die Sakristei ging, um dort eine Requiem-Messe zu bestellen, zog es Alfons vor, sich in dem \u201eTempel\u201c umzusehen, um vielleicht einige wertvolle Kunstwerke zu entdecken. Nichts aber zog ihn wirklich an, wenngleich die Kirche verschiedene Werke von Bernini, Borromini, Vanvitelli, Maini und anderer namhafter K\u00fcnstler darzubieten hatte.<\/p>\n<p>Es war um die Mittagszeit. Die leere Kirche machte einen verlassenen Eindruck; ein schwarzer Hund ging an ihm vor\u00fcber und verschwand. \u201ePl\u00f6tzlich \u2013 wir lassen den Seher selbst zu Worte kommen, gem\u00e4\u00df seiner Aussage unter Eid beim folgenden Prozess \u2013 w\u00e4hrend ich in der Kirche weiterging und bereits auf die Begr\u00e4bnisvorbereitungen gesto\u00dfen war, f\u00fchlte ich eine gewi\u00dfe Ersch\u00fctterung in mir. Mein Blick war wie von einem Schleier eingeh\u00fcllt. Die ganze Kirche lag nun dunkel vor mir bis auf eine Kapelle. Es war, als ob sich das gesamte Licht an diesem einen Ort gesammelt h\u00e4tte. Ich richtete meine Augen auf die lichtumstrahlte Kapelle und erblickte auf dem Altar, aufrecht stehend, lebendig, gro\u00df, majest\u00e4tisch, wundersch\u00f6n, barmherzig, die heiligste Jungfrau Maria, <strong>\u00e4hnlich wie sie auf der Wundert\u00e4tigen Medaille dargestellt wird<\/strong>. Dieser Anblick zwang mich auf die Knie; des \u00d6fteren versuchte ich die Augen zur heiligsten Jungfrau zu erheben, aber die Ehrfurcht und der Glanz lie\u00dfen meine Blicke immer wieder senken, ohne mich jedoch der klaren Erkenntnis zu berauben. So sah ich in ihren H\u00e4nden den Ausdruck der Verzeihung und Barmherzigkeit. Wenngleich sie nicht zu mir sprach, begriff ich den schrecklichen Zustand, in dem ich mich befand, die Bosheit der S\u00fcnde, die Sch\u00f6nheit der katholischen Religion. Um es in einem Wort zu sagen: Ich verstand alles. Als Jude bin ich niedergefallen, als Christ wieder aufgestanden!\u201c<\/p>\n<p>Im Anschluss an seine Bekehrung folgte Alfons Ratisbonne dem Rufe Gottes und wurde Priester. Als Missionar wirkte er in Pal\u00e4stina, wo er heiligm\u00e4\u00dfig starb.<\/p>\n<p>Dieses Wunder hat die Geschichte der zentral gelegenen Kirche in Rom stark beeinflusst und sie zu einem marianischen Heiligtum gemacht. Am 18. Januar 1848 wurde der Altar, an dem die Muttergottes erschienen war, und der bis dahin dem hl. Erzengel Michael geweiht war, der allerseligsten Jungfrau geweiht, mit dem Titel der Medaille, eingedenk der Wundert\u00e4tigen Medaille, die Alfons Ratisbonne im Augenblick der Erscheinung trug. Das r\u00f6mische Volk aber pr\u00e4gte den Namen MADONNA DEL MIRACOLO, da die Bekehrung auf der ganzen Welt widerhallte. Innerhalb von wenigen Jahren wurde die Kirche weltweit zu einem der bekanntesten marianischen Heiligt\u00fcmer. Viele Heilige sind nach Rom gereist, um vor dem Altar der Erscheinung zu beten oder auf ihm das hl. Messopfer darzubringen: Don Bosco, Theresia vom Kinde Jesu, Vinzenz Pallotti, Luigi Guanella, u.v.a.). Ein Name der nicht vergessen werden darf in Zusammenhang mit dem Bekehrungswunder, ist jener des hl. Maximilian Kolbe, der \u2013 damals noch Seminarist \u2013 durch die Geschichte der Bekehrung des Ratisbonne <strong>seine erste Eingebung zur die Gr\u00fcndung der Militia Immaculatae hatte<\/strong>. Am 29. April 1918 zelebrierte er als Neupriester am Altar der Erscheinung seine erste hl. Messe und erflehte dabei auf besondere Weise von der himmlischen Mutter einen reichen Gnadensegen f\u00fcr das begonnene Werk der MI!<\/p>\n","protected":false},"excerpt":{"rendered":"<p>Unsere Liebe Frau vom Wunder Eines der ber\u00fchmtesten Wunder des 19. Jahrhunderts, gewirkt durch Unsere Liebe Frau von der Wundert\u00e4tigen Medaille: Am 20 Januar 1846 erschien die Muttergottes dem Juden Alphons Ratisbonne und erwirkte dessen Bekehrung in einem Augenblick. Alfons Ratisbonne war ein 27 Jahre junger lebensfroher Mann. Aufgrund seines<a class=\"more-link\" href=\"https:\/\/test4.mi-backup.ch\/de\/das-immaculata-bild-der-mi\/\">Weiterlesen &rarr;<\/a><\/p>\n","protected":false},"author":9,"featured_media":0,"parent":0,"menu_order":0,"comment_status":"closed","ping_status":"closed","template":"","meta":[],"_links":{"self":[{"href":"https:\/\/test4.mi-backup.ch\/de\/wp-json\/wp\/v2\/pages\/62"}],"collection":[{"href":"https:\/\/test4.mi-backup.ch\/de\/wp-json\/wp\/v2\/pages"}],"about":[{"href":"https:\/\/test4.mi-backup.ch\/de\/wp-json\/wp\/v2\/types\/page"}],"author":[{"embeddable":true,"href":"https:\/\/test4.mi-backup.ch\/de\/wp-json\/wp\/v2\/users\/9"}],"replies":[{"embeddable":true,"href":"https:\/\/test4.mi-backup.ch\/de\/wp-json\/wp\/v2\/comments?post=62"}],"version-history":[{"count":5,"href":"https:\/\/test4.mi-backup.ch\/de\/wp-json\/wp\/v2\/pages\/62\/revisions"}],"predecessor-version":[{"id":4148,"href":"https:\/\/test4.mi-backup.ch\/de\/wp-json\/wp\/v2\/pages\/62\/revisions\/4148"}],"wp:attachment":[{"href":"https:\/\/test4.mi-backup.ch\/de\/wp-json\/wp\/v2\/media?parent=62"}],"curies":[{"name":"wp","href":"https:\/\/api.w.org\/{rel}","templated":true}]}}