{"id":64,"date":"2015-07-20T20:50:25","date_gmt":"2015-07-20T18:50:25","guid":{"rendered":"http:\/\/migration.mi-admin.ch\/deapostolatapostolat-konkret\/"},"modified":"2023-03-03T21:08:05","modified_gmt":"2023-03-03T20:08:05","slug":"apostolat-konkret","status":"publish","type":"page","link":"https:\/\/test4.mi-backup.ch\/de\/apostolat-konkret\/","title":{"rendered":"Apostolat konkret"},"content":{"rendered":"<figure id=\"attachment_43811\" aria-describedby=\"caption-attachment-43811\" style=\"width: 200px\" class=\"wp-caption alignright\"><a href=\"https:\/\/test4.mi-backup.ch\/de\/shop\/wundertaetige-medaille\/apostolatssets\/\" target=\"_blank\" rel=\"noopener\"><img loading=\"lazy\" class=\"wp-image-43811\" src=\"https:\/\/test4.mi-backup.ch\/wp-content\/uploads\/2021\/11\/Medaillenset.jpg\" alt=\"Apostolatsset Wundert\u00e4tige Medaille\" width=\"200\" height=\"200\" srcset=\"https:\/\/test4.mi-backup.ch\/wp-content\/uploads\/2021\/11\/Medaillenset.jpg 600w, https:\/\/test4.mi-backup.ch\/wp-content\/uploads\/2021\/11\/Medaillenset-300x300.jpg 300w, https:\/\/test4.mi-backup.ch\/wp-content\/uploads\/2021\/11\/Medaillenset-150x150.jpg 150w, https:\/\/test4.mi-backup.ch\/wp-content\/uploads\/2021\/11\/Medaillenset-32x32.jpg 32w, https:\/\/test4.mi-backup.ch\/wp-content\/uploads\/2021\/11\/Medaillenset-425x425.jpg 425w, https:\/\/test4.mi-backup.ch\/wp-content\/uploads\/2021\/11\/Medaillenset-400x400.jpg 400w, https:\/\/test4.mi-backup.ch\/wp-content\/uploads\/2021\/11\/Medaillenset-100x100.jpg 100w\" sizes=\"(max-width: 200px) 100vw, 200px\" \/><\/a><figcaption id=\"caption-attachment-43811\" class=\"wp-caption-text\">Unser Apostolatset mit 10 Medaillen und Erkl\u00e4rflyern in einem verschlie\u00dfbaren Kunststoffm\u00e4ppchen<\/figcaption><\/figure>\n<p>Auf dieser Seite geben wir Ihnen konkrete Hinweise f\u00fcr das Apostolat und schildern unsere Erfahrungen.<\/p>\n<h2><strong>Konkrete Erfahrungen mit dem Apostolat der Wundert\u00e4tigen Medaille:<\/strong><\/h2>\n<ul>\n<li>Da die Gelegenheiten, eine Medaille zu verschenken, im Alltag kaum vorhersehbar sind, ist es Vorraussetzung immer ein paar Medaillen mit Erkl\u00e4rflyer\u00a0 dabei zu haben. Besonders <strong>hilfreich sind dazu unsere <a href=\"https:\/\/test4.mi-backup.ch\/de\/shop\/wundertaetige-medaille\/apostolatssets\/\" target=\"_blank\" rel=\"noopener\">Apostolatsets<\/a><\/strong>, die problemlos in jede Handtasche, Rucksack, Auto, etc passen.<\/li>\n<li>Um Erfolg zu haben, ist es entscheidend, wie man die Personen anspricht. Mit folgender Anrede haben wir gute Erfahrungen gemacht: <em>Darf ich Ihnen eine Wundert\u00e4tige Medaille (oder Medaille der Mutter Gottes) <strong>schenken<\/strong>? <\/em>(Dabei zeigt man die Medaille.) Wichtig ist das Wort &#8220;<strong>schenken<\/strong>&#8220;; die Bef\u00fcrchtung vieler Leute, dass man ihnen etwas verkaufen m\u00f6chte, kommerzielle Absichten hat, kann so gleich zu Beginn ausger\u00e4umt werden.<\/li>\n<li>Unser Gesichtsausdruck ist nat\u00fcrlich auch wichtig. Wenn wir von der Liebe Jesus und Mariens Zeugnis geben wollen, sollte man uns das auch an einem<strong> freundlichen Gesichtsausdruck<\/strong> ansehen.<\/li>\n<li>Wenn wir auf diese Weise und voll Vertrauen auf die m\u00e4chtige Hilfe der Immaculata auf die Leute zugehen, werden wir \u00fcberrascht sein, wie viele Menschen positiv und wohlwollend reagieren. Viele sind schon erfreut, dass ihnen jemand ohne Eigennutz etwas schenken m\u00f6chte. Und Maria, die K\u00f6nigin der Herzen, \u00f6ffnet wirklich die Herzen.<\/li>\n<li>Es ist normal, dass man<strong> sich \u00fcberwinden<\/strong> muss eine fremde Person einfach so anzusprechen. Aber unter Umst\u00e4nden muss man auch die Menschenfurcht bek\u00e4mpfen, um eine bekannte Person -etwa einen Nachbarn oder Arbeitskollegen- anzusprechen. Gerade diese \u00dcberwindung -in der rechten Gesinnung aufgeopfert- kann f\u00fcr die Seelen wertvoll sein. Dazu hilft es auch im Alltag durch<strong> kleine Sto\u00dfgebete mit Jesus und Maria verbunden zu sein<\/strong> (z.B: Jesus, Maria ich liebe Euch; rettet Seelen!). Gerade auch unmittelbar vor dem Ansprechen einer Person ist es ratsam ein solches Sto\u00dfgebet zu verrichten.<\/li>\n<li>Was ist in unseren Breitengraden die schlimmste Reaktion die man erleben kann? Es ist ein entschiedenes \u201cNein\u201d, evtl. ein sp\u00f6ttisches L\u00e4cheln oder die Antwort, welche wir auch schon bekommen haben: \u201cMit DER m\u00f6chte ich nichts zu tun haben!\u201d (Wobei Maria gemeint war.) Die Missionare nehmen da teilweise ganz andere Risiken in Kauf!<\/li>\n<li>Wo kann man die Medaille verteilen? Der Volksmund sagt: \u201cLiebe ist erfinderisch\u201d. So ist es auch hier. Die M\u00f6glichkeiten sind so vielf\u00e4ltig wie der Alltag selbst. Wir wollen hier nur ein paar M\u00f6glichkeiten aufzeigen: Familienmitglieder, Freunde, Verwandte, Nachbarn, Arbeitskollegen, Notleidende an Leib und Seele (Kranke, Arme, Bettler etc.), Passanten, Passagiere im \u00f6ffentlichen Verkehr, Besucher von \u00f6ffentlichen Kirchen\u2026, etc. Auch anl\u00e4sslich von Wallfahrten, Prozessionen, Schriftenst\u00e4nden l\u00e4sst sich die Medaille gut verteilen.<\/li>\n<li>Da die<strong> Medaille gesegnet ist<\/strong>, sollte sie<strong> immer pers\u00f6nlich und mit der Zustimmung des Empf\u00e4ngers \u00fcbergeben<\/strong> werden. So kann man die Gefahr des Missbrauchs verringern. Die Medaille sollte also z.B. <strong>nicht<\/strong> fremden Leuten einfach in den Briefkasten geworfen werden.<\/li>\n<\/ul>\n<h2>Weitere Apostolatserfahrungen und -vorschl\u00e4ge<\/h2>\n<h3><img loading=\"lazy\" class=\"wp-image-84633 alignleft\" src=\"https:\/\/test4.mi-backup.ch\/wp-content\/uploads\/2022\/12\/rosenkranz-korb.jpg\" alt=\"\" width=\"200\" height=\"225\" srcset=\"https:\/\/test4.mi-backup.ch\/wp-content\/uploads\/2022\/12\/rosenkranz-korb.jpg 401w, https:\/\/test4.mi-backup.ch\/wp-content\/uploads\/2022\/12\/rosenkranz-korb-267x300.jpg 267w\" sizes=\"(max-width: 200px) 100vw, 200px\" \/>Apostolat in ihrem Priorat \/ Pfarrei \/ Kapelle<\/h3>\n<p>Liegen bei Ihrer Kirche noch keine Wundert\u00e4tigen Medaillen, keine Rosenkranzsets aus? Fragen Sie den zust\u00e4ndigen Pfarrer, ob Sie diese beim Schriftenstand auslegen d\u00fcrfen. Ebenso k\u00f6nnen Sie evtl. daf\u00fcr besorgt sein, dass dort regelm\u00e4ssig nachgef\u00fcllt wird?<\/p>\n<h3>Schriften \/ Zeitschriften<\/h3>\n<p>Der hl. Don Bosco sagt: <em>\u00bbWer ein gutes Buch schenkt, und h\u00e4tte er nur das Verdienst, einen Gedanken an Gott erweckt zu haben, der hat bei Gott schon ein unvergleichliches Verdienst erworben. Und doch, wieviel mehr wird gew\u00f6hnlich erreicht!\u00ab<\/em> Der hl. Augustinus und der hl. Ignatius wurden durch gute B\u00fccher bekehrt!<\/p>\n<p>Nach dem Vorbild unseres Gr\u00fcnders, des hl. Maximilian, setzen sich die Ritter der Immaculata f\u00fcr die Verbreitung guter Schriften ein. Das bedeutet das Verschenken oder Ausleihen guter B\u00fccher, die Verteilung von Flugbl\u00e4ttern und Zeitschriften (z.B. unsere <a href=\"https:\/\/test4.mi-backup.ch\/de\/mi-zeitschrift\/\">MI-Ritter-Zeitschrift<\/a>). Gelegenheiten dazu bieten sich im Kontakt mit Personen in unserem pers\u00f6nlichen Umfeld. Wenn wir zu einer Frage des Glaubens angesprochen werden, oder ein religi\u00f6ses Gespr\u00e4ch haben, bietet es sich auch an, sp\u00e4ter der betreffenden Person noch eine Schrift zu diesem Thema zu geben.<\/p>\n<h3>Apostolatsst\u00e4nde<\/h3>\n<p><img loading=\"lazy\" class=\"size-full wp-image-23934 alignright\" title=\"R\u00fcckblick Weihnachtsapostolat in Basel 1\" src=\"https:\/\/test4.mi-backup.ch\/wp-content\/uploads\/2020\/01\/2020118_post_basel.jpg\" alt=\"2020118 post basel\" width=\"261\" height=\"200\" \/>Mit unseren Apostolatsst\u00e4nden, die wir bereits in verschiedenen St\u00e4dten durchgef\u00fchrt haben, wollen wir ein \u00f6ffentliches Zeugnis f\u00fcr den Glauben geben.Dazu verteilen wir Flugbl\u00e4tter, Medaillen, Rosenkr\u00e4nze und religi\u00f6se Schriften. Auch wenn sich die Leute auf der Stra\u00dfe vielfach keine Zeit nehmen wollen, sind sie doch oft bereit ein Flugblatt zu nehmen und es ergeben sich auch jedes Mal gute Gespr\u00e4che. Auch wurden mehrfach an verschiedenen Weihnachtsm\u00e4rkten positive Erfahrungen gesammelt (z. B. siehe <a href=\"https:\/\/test4.mi-backup.ch\/de\/weihnachtsapostolat-basel-2019\/\">R\u00fcckblick Weihnachtsapostolat in Basel<\/a>).<\/p>\n<h3>Leserbriefe<\/h3>\n<p>Wenn der liebe Gott, die Kirche oder unser Glaube in der \u00d6ffentlichkeit angegriffen werden, d\u00fcrfen wir nicht wegschauen. Wir sind als Gefirmte und erst recht als Ritter der Immaculata verpflichtet, im Rahmen unserer M\u00f6glichkeiten zu reagieren. Eine gute und kostenlose M\u00f6glichkeit ist das Schreiben von Leserbriefen.<\/p>\n<h3>Wichtig: Gebet<\/h3>\n<p><img loading=\"lazy\" class=\"wp-image-84641 alignleft\" src=\"https:\/\/test4.mi-backup.ch\/wp-content\/uploads\/2022\/12\/betende_haende.jpg\" alt=\"\" width=\"200\" height=\"159\" srcset=\"https:\/\/test4.mi-backup.ch\/wp-content\/uploads\/2022\/12\/betende_haende.jpg 593w, https:\/\/test4.mi-backup.ch\/wp-content\/uploads\/2022\/12\/betende_haende-300x238.jpg 300w, https:\/\/test4.mi-backup.ch\/wp-content\/uploads\/2022\/12\/betende_haende-425x337.jpg 425w\" sizes=\"(max-width: 200px) 100vw, 200px\" \/>Die Ritter sind sich bewusst, dass ein fruchtbares \u00e4u\u00dferes Apostolat nur aus einem gottverbundenen Leben hevorkommen kann. Entsprechend ist es wichtig f\u00fcr einfruchtbares Apostolat sowie die angesprochenen Seelen zu beten.<\/p>\n<p><em>&#8220;Apostel sein bedeutet, Jesus den Seelen zu schenken und die Seelen Jesus\u2026 Seien sie erf\u00fcllt von ihm, um ihn hinzuschenken nach dem sch\u00f6nen Wort von Pater Mateo: Ein Apostel ist ein Kelch voll von Jesus, der seine \u00dcberf\u00fclle auf die Seelen ausstr\u00f6men l\u00e4sst. <\/em><em>Das \u00e4u\u00dfere Apostolat der Laien ist keine freiwillige Angelegenheit, kein Luxus, sondern eine Verpflichtung, eine gebieterische Notwendigkeit.&#8221; (<\/em>Pater Jean du Coeur de J\u00e9sus d\u2019Elb\u00e9e, aus: &#8220;An die Liebe glauben&#8221;, Sarto-Verlag)<\/p>\n<p>&nbsp;<\/p>\n","protected":false},"excerpt":{"rendered":"<p>Auf dieser Seite geben wir Ihnen konkrete Hinweise f\u00fcr das Apostolat und schildern unsere Erfahrungen. Konkrete Erfahrungen mit dem Apostolat der Wundert\u00e4tigen Medaille: Da die Gelegenheiten, eine Medaille zu verschenken, im Alltag kaum vorhersehbar sind, ist es Vorraussetzung immer ein paar Medaillen mit Erkl\u00e4rflyer\u00a0 dabei zu haben. Besonders hilfreich sind<a class=\"more-link\" href=\"https:\/\/test4.mi-backup.ch\/de\/apostolat-konkret\/\">Weiterlesen &rarr;<\/a><\/p>\n","protected":false},"author":9,"featured_media":84649,"parent":0,"menu_order":0,"comment_status":"closed","ping_status":"closed","template":"","meta":[],"_links":{"self":[{"href":"https:\/\/test4.mi-backup.ch\/de\/wp-json\/wp\/v2\/pages\/64"}],"collection":[{"href":"https:\/\/test4.mi-backup.ch\/de\/wp-json\/wp\/v2\/pages"}],"about":[{"href":"https:\/\/test4.mi-backup.ch\/de\/wp-json\/wp\/v2\/types\/page"}],"author":[{"embeddable":true,"href":"https:\/\/test4.mi-backup.ch\/de\/wp-json\/wp\/v2\/users\/9"}],"replies":[{"embeddable":true,"href":"https:\/\/test4.mi-backup.ch\/de\/wp-json\/wp\/v2\/comments?post=64"}],"version-history":[{"count":10,"href":"https:\/\/test4.mi-backup.ch\/de\/wp-json\/wp\/v2\/pages\/64\/revisions"}],"predecessor-version":[{"id":87662,"href":"https:\/\/test4.mi-backup.ch\/de\/wp-json\/wp\/v2\/pages\/64\/revisions\/87662"}],"wp:featuredmedia":[{"embeddable":true,"href":"https:\/\/test4.mi-backup.ch\/de\/wp-json\/wp\/v2\/media\/84649"}],"wp:attachment":[{"href":"https:\/\/test4.mi-backup.ch\/de\/wp-json\/wp\/v2\/media?parent=64"}],"curies":[{"name":"wp","href":"https:\/\/api.w.org\/{rel}","templated":true}]}}