{"id":65,"date":"2015-07-18T16:28:54","date_gmt":"2015-07-18T16:28:54","guid":{"rendered":"http:\/\/migration.mi-admin.ch\/dedie-immaculataimmaculata-enzyklika-ad-diem-illum\/"},"modified":"2017-03-23T20:50:03","modified_gmt":"2017-03-23T19:50:03","slug":"immaculata-enzyklika-ad-diem-illum","status":"publish","type":"page","link":"https:\/\/test4.mi-backup.ch\/de\/immaculata-enzyklika-ad-diem-illum\/","title":{"rendered":"Die Enzyklika &#8220;Ad Diem Illum&#8221;"},"content":{"rendered":"<p style=\"text-align: left;\"><strong><img loading=\"lazy\" src=\"https:\/\/test4.mi-backup.ch\/wp-content\/uploads\/media\/piusx.jpg\" alt=\"\" width=\"250\" height=\"317\" align=\"right\" border=\"1\" hspace=\"5\" vspace=\"5\" \/><\/strong><\/p>\n<p>Das Geheimnis und die Bedeutung der Unbefleckten Empf\u00e4ngnis Mariens wurde anl\u00e4sslich der 50. Jubelfeier der Dogmenverk\u00fcndigung in der Enzyklika &#8220;Ad Diem Illum&#8221; von dem hl. Papst Pius X. erl\u00e4utert.<\/p>\n<p style=\"text-align: left;\">Lesen Sie diese bedeutungsvolle Enzyklika \u00fcber die Immaculata <a href=\"https:\/\/www.stjosef.at\/dokumente\/ad_diem_illum_laetissimum.htm\" target=\"_blank\" rel=\"noopener\">hier<\/a>.<\/p>\n","protected":false},"excerpt":{"rendered":"<p>Das Geheimnis und die Bedeutung der Unbefleckten Empf\u00e4ngnis Mariens wurde anl\u00e4sslich der 50. Jubelfeier der Dogmenverk\u00fcndigung in der Enzyklika &#8220;Ad Diem Illum&#8221; von dem hl. Papst Pius X. erl\u00e4utert. Lesen Sie diese bedeutungsvolle Enzyklika \u00fcber die Immaculata hier.<a class=\"more-link\" href=\"https:\/\/test4.mi-backup.ch\/de\/immaculata-enzyklika-ad-diem-illum\/\">Weiterlesen &rarr;<\/a><\/p>\n","protected":false},"author":9,"featured_media":0,"parent":0,"menu_order":0,"comment_status":"closed","ping_status":"closed","template":"","meta":[],"_links":{"self":[{"href":"https:\/\/test4.mi-backup.ch\/de\/wp-json\/wp\/v2\/pages\/65"}],"collection":[{"href":"https:\/\/test4.mi-backup.ch\/de\/wp-json\/wp\/v2\/pages"}],"about":[{"href":"https:\/\/test4.mi-backup.ch\/de\/wp-json\/wp\/v2\/types\/page"}],"author":[{"embeddable":true,"href":"https:\/\/test4.mi-backup.ch\/de\/wp-json\/wp\/v2\/users\/9"}],"replies":[{"embeddable":true,"href":"https:\/\/test4.mi-backup.ch\/de\/wp-json\/wp\/v2\/comments?post=65"}],"version-history":[{"count":8,"href":"https:\/\/test4.mi-backup.ch\/de\/wp-json\/wp\/v2\/pages\/65\/revisions"}],"predecessor-version":[{"id":4156,"href":"https:\/\/test4.mi-backup.ch\/de\/wp-json\/wp\/v2\/pages\/65\/revisions\/4156"}],"wp:attachment":[{"href":"https:\/\/test4.mi-backup.ch\/de\/wp-json\/wp\/v2\/media?parent=65"}],"curies":[{"name":"wp","href":"https:\/\/api.w.org\/{rel}","templated":true}]}}