{"id":66,"date":"2016-07-02T18:49:58","date_gmt":"2016-07-02T18:49:58","guid":{"rendered":"http:\/\/migration.mi-admin.ch\/deaudiomi-exerzitien\/"},"modified":"2017-03-23T21:28:08","modified_gmt":"2017-03-23T20:28:08","slug":"mi-exerzitien","status":"publish","type":"page","link":"https:\/\/test4.mi-backup.ch\/de\/mi-exerzitien\/","title":{"rendered":"MI-Exerzitien"},"content":{"rendered":"<p><strong>Pater Karl Stehlin, der internationale MI-Moderator, predigte vom 12-16. Mai 2016 in Porta Caeli (D) Exerzitien zur Vorbereitung auf das gro\u00dfe Jubil\u00e4um von 2017: 100 Jahre Fatima und MI. <\/strong><\/p>\n<p><a href=\"https:\/\/test4.mi-backup.ch\/de\/literatur-und-cds\/\" class=\"broken_link\">S\u00e4mtliche Vortr\u00e4ge sind als MP3-CD erh\u00e4tlich.<\/a><\/p>\n<table style=\"width: 740px;\" border=\"0\" cellspacing=\"1\" cellpadding=\"1\">\n<tbody>\n<tr>\n<td style=\"vertical-align: top;\"><a href=\"https:\/\/test4.mi-backup.ch\/wp-content\/uploads\/media\/Audio\/MI-Exerzitien_2016\/01_Die_Bedeutung_Fatimas_und_der_MI_Teil_1.mp3\" target=\"_blank\" class=\"broken_link\">1. Vortrag: Die Bedeutung Fatimas und der MI, Folge 1<\/a><\/p>\n<p><a href=\"https:\/\/test4.mi-backup.ch\/wp-content\/uploads\/media\/Audio\/MI-Exerzitien_2016\/02_Die_Bedeutung_Fatimas_und_der_MI_Teil_2.mp3\" target=\"_blank\" class=\"broken_link\">2. Vortrag: Die Bedeutung Fatimas und der MI, Folge 2<\/a><\/p>\n<p><a href=\"https:\/\/test4.mi-backup.ch\/wp-content\/uploads\/media\/Audio\/MI-Exerzitien_2016\/03_Fatima_und_die_MI_heute.mp3\" target=\"_blank\" class=\"broken_link\">3. Vortrag: Fatima und die MI heute<\/a><\/p>\n<p><a href=\"https:\/\/test4.mi-backup.ch\/wp-content\/uploads\/media\/Audio\/MI-Exerzitien_2016\/04_Das_erste_Ziel_die_Gottesliebe.mp3\" target=\"_blank\" class=\"broken_link\">4. Vortrag: Das erste Ziel: die Gottesliebe<\/a><\/p>\n<p><a href=\"https:\/\/test4.mi-backup.ch\/wp-content\/uploads\/media\/Audio\/MI-Exerzitien_2016\/05_Die_Erscheinung_vom_13_Mai_1917.mp3\" target=\"_blank\" class=\"broken_link\">5. Vortrag: Die Erscheinung vom 13. Mai 1917<\/a><\/p>\n<p><a href=\"https:\/\/test4.mi-backup.ch\/wp-content\/uploads\/media\/Audio\/MI-Exerzitien_2016\/06_Das_zweite_Ziel_die_Naechstenliebe.mp3\" target=\"_blank\" class=\"broken_link\">6. Vortrag: Das zweite Ziel: die N\u00e4chstenliebe<\/a><\/p>\n<p><a href=\"https:\/\/test4.mi-backup.ch\/wp-content\/uploads\/media\/Audio\/MI-Exerzitien_2016\/07_Das_hl_Altarssakrament_und_die_hl_Beichte.mp3\" target=\"_blank\" class=\"broken_link\">7. Vortrag: Das hl. Altarssakrament und die hl. Beichte<\/a><\/p>\n<p><a href=\"https:\/\/test4.mi-backup.ch\/wp-content\/uploads\/media\/Audio\/MI-Exerzitien_2016\/08_Die_Offenbarung_des_unbefleckten_Herzens_Mariens.mp3\" target=\"_blank\" class=\"broken_link\">8. Vortrag: Die Offenbarung des unbefleckten Herzens Mariens<\/a><\/p>\n<p><a href=\"https:\/\/test4.mi-backup.ch\/wp-content\/uploads\/media\/Audio\/MI-Exerzitien_2016\/09_Das_Geheimnis_des_unbefleckten_Herzens_Mariens.mp3\" target=\"_blank\" class=\"broken_link\">9. Vortrag: Das Geheimnis des unbefleckten Herzens Mariens<\/a><\/p>\n<p><a href=\"https:\/\/test4.mi-backup.ch\/wp-content\/uploads\/media\/Audio\/MI-Exerzitien_2016\/10_Das_erste_Mittel_das_Gebet.mp3\" target=\"_blank\" class=\"broken_link\">10. Vortrag: Das erste Mittel &#8211; das Gebet<\/a><\/p>\n<p><a href=\"https:\/\/test4.mi-backup.ch\/wp-content\/uploads\/media\/Audio\/MI-Exerzitien_2016\/11_Das_zweite_Mittel_das_Opfer.mp3\" target=\"_blank\" class=\"broken_link\">11. Vortrag: Das zweite Mittel &#8211; das Opfer<\/a><\/p>\n<p><a href=\"https:\/\/test4.mi-backup.ch\/wp-content\/uploads\/media\/Audio\/MI-Exerzitien_2016\/12_Das_Wirken_der_Immaculata_in_Asien.mp3\" target=\"_blank\" class=\"broken_link\">12. Vortrag: Das Wirken der Immaculata in Asien<\/a><\/p>\n<p><a href=\"https:\/\/test4.mi-backup.ch\/wp-content\/uploads\/media\/Audio\/MI-Exerzitien_2016\/13_Der_Weg_der_Dich_zu_Gott_fuehrt.mp3\" target=\"_blank\" class=\"broken_link\">13. Votrag: Der Weg, der Dich zu Gott f\u00fchrt<\/a><\/p>\n<p><a href=\"https:\/\/test4.mi-backup.ch\/wp-content\/uploads\/media\/Audio\/MI-Exerzitien_2016\/14_Apokalypse_Fatima_MI.mp3\" target=\"_blank\" class=\"broken_link\">14. Vortrag: Apokalypse &#8211; Fatima &#8211; MI<\/a><\/p>\n<p><a href=\"https:\/\/test4.mi-backup.ch\/wp-content\/uploads\/media\/Audio\/MI-Exerzitien_2016\/15_Der_Blick_auf_das_letzte_Ziel.mp3\" class=\"broken_link\">15. Vortrag: der Blick auf das letzte Ziel<\/a><\/p>\n<p><a href=\"https:\/\/test4.mi-backup.ch\/wp-content\/uploads\/media\/Audio\/MI-Exerzitien_2016\/16_Die_MI_in_Aktion.mp3\" class=\"broken_link\">16. Vortrag: die MI in Aktion<\/a><\/p>\n<p>Download aller MP3-Vortr\u00e4ge in einer ZIP-Datei (507 MB):<br \/>\n<a href=\"https:\/\/test4.mi-backup.ch\/wp-content\/uploads\/media\/Audio\/MI-Exerzitien_2016\/MI-Exerzitien.zip\" class=\"broken_link\">MI-Exerzitien.zip<\/a><\/p>\n<p><a href=\"https:\/\/test4.mi-backup.ch\/de\/literatur-und-cds\/\" class=\"broken_link\">S\u00e4mtliche Vortr\u00e4ge sind als MP3-CD erh\u00e4tlich.<\/a><\/p>\n<p><img style=\"width: 285px; height: 168px;\" src=\"https:\/\/test4.mi-backup.ch\/wp-content\/uploads\/media\/Apostolat\/cd_cover_mi_exerzitien.jpg\" alt=\"\" \/><\/td>\n<td style=\"width: 250px; vertical-align: top;\"><img style=\"width: 250px; height: 222px; border-width: 1px; border-style: solid; margin: 5px;\" src=\"https:\/\/test4.mi-backup.ch\/wp-content\/uploads\/media\/Aktuelles\/2016\/Pater_Stehlin_Indien_2_(Copy).jpg\" alt=\"\" \/><\/td>\n<\/tr>\n<\/tbody>\n<\/table>\n","protected":false},"excerpt":{"rendered":"<p>Pater Karl Stehlin, der internationale MI-Moderator, predigte vom 12-16. Mai 2016 in Porta Caeli (D) Exerzitien zur Vorbereitung auf das gro\u00dfe Jubil\u00e4um von 2017: 100 Jahre Fatima und MI. S\u00e4mtliche Vortr\u00e4ge sind als MP3-CD erh\u00e4tlich. 1. Vortrag: Die Bedeutung Fatimas und der MI, Folge 1 2. Vortrag: Die Bedeutung Fatimas<a class=\"more-link\" href=\"https:\/\/test4.mi-backup.ch\/de\/mi-exerzitien\/\">Weiterlesen &rarr;<\/a><\/p>\n","protected":false},"author":9,"featured_media":0,"parent":0,"menu_order":0,"comment_status":"closed","ping_status":"closed","template":"","meta":[],"_links":{"self":[{"href":"https:\/\/test4.mi-backup.ch\/de\/wp-json\/wp\/v2\/pages\/66"}],"collection":[{"href":"https:\/\/test4.mi-backup.ch\/de\/wp-json\/wp\/v2\/pages"}],"about":[{"href":"https:\/\/test4.mi-backup.ch\/de\/wp-json\/wp\/v2\/types\/page"}],"author":[{"embeddable":true,"href":"https:\/\/test4.mi-backup.ch\/de\/wp-json\/wp\/v2\/users\/9"}],"replies":[{"embeddable":true,"href":"https:\/\/test4.mi-backup.ch\/de\/wp-json\/wp\/v2\/comments?post=66"}],"version-history":[{"count":7,"href":"https:\/\/test4.mi-backup.ch\/de\/wp-json\/wp\/v2\/pages\/66\/revisions"}],"predecessor-version":[{"id":4190,"href":"https:\/\/test4.mi-backup.ch\/de\/wp-json\/wp\/v2\/pages\/66\/revisions\/4190"}],"wp:attachment":[{"href":"https:\/\/test4.mi-backup.ch\/de\/wp-json\/wp\/v2\/media?parent=66"}],"curies":[{"name":"wp","href":"https:\/\/api.w.org\/{rel}","templated":true}]}}