{"id":71,"date":"2015-07-18T16:43:29","date_gmt":"2015-07-18T16:43:29","guid":{"rendered":"http:\/\/migration.mi-admin.ch\/demilitia-immaculataeleitfaden-zur-mi-aufnahmeaufnahmezeremonie\/"},"modified":"2021-11-04T18:03:16","modified_gmt":"2021-11-04T17:03:16","slug":"aufnahmezeremonie","status":"publish","type":"page","link":"https:\/\/test4.mi-backup.ch\/de\/aufnahmezeremonie\/","title":{"rendered":"Aufnahmezeremonie"},"content":{"rendered":"<figure id=\"attachment_42152\" aria-describedby=\"caption-attachment-42152\" style=\"width: 261px\" class=\"wp-caption alignnone\"><a href=\"https:\/\/www.youtube.com\/watch?v=Om7ffv1Cf4Q\" target=\"_blank\" rel=\"noopener\"><img loading=\"lazy\" class=\"wp-image-42152 size-full\" src=\"https:\/\/test4.mi-backup.ch\/wp-content\/uploads\/2021\/10\/202111_post_weihe_an_maria_film5.jpg\" alt=\"\" width=\"261\" height=\"200\" \/><\/a><figcaption id=\"caption-attachment-42152\" class=\"wp-caption-text\">Die Weihe an Maria im Geiste der MI &#8211; ein Erkl\u00e4rvideo<\/figcaption><\/figure>\n<h3>Zeremonie der Aufnahme in die Militia Immaculatae<\/h3>\n<ol>\n<li><strong>Veni Creator oder \u201eKomm Sch\u00f6pfer Geist\u201d<\/strong><\/li>\n<li><strong>Ave Maris Stella (Ave Stern der Meere)<\/strong><\/li>\n<li><strong>Ansprache des Priesters<\/strong><\/li>\n<li><strong>Erneuerung des Taufversprechens (fakultativ):<\/strong><\/li>\n<\/ol>\n<p style=\"padding-left: 30px;\">Priester: Am Tage unserer hl. Taufe haben wir dem Satan, seinen Werken und der Welt widersagt. Wir haben versprochen, Gott dem Herrn getreulich zu dienen in Seiner heiligen katholischen Kirche. Lasst uns dieses heilige Taufgel\u00f6bnis erneuern. So frage ich euch:<\/p>\n<p style=\"padding-left: 30px;\">Widersagt ihr dem Satan? \u2014 Wir widersagen!<\/p>\n<p style=\"padding-left: 30px;\">Und all seinen Werken? \u2014 Wir widersagen!<\/p>\n<p style=\"padding-left: 30px;\">Und all seinem Gepr\u00e4nge? \u2014 Wir widersagen!<\/p>\n<p style=\"padding-left: 30px;\">Glaubt ihr an Gott, den allm\u00e4chtigen Vater, den Sch\u00f6pfer des Himmels und der Erde? \u2014 Wir glauben!<\/p>\n<p style=\"padding-left: 30px;\">Glaubt ihr an Jesus Christus, Seinen eingeborenen Sohn, unsern Herrn, der geboren wurde und gelitten hat? \u2014 Wir glauben!<\/p>\n<p style=\"padding-left: 30px;\">Glaubt ihr an den Heiligen Geist, an die heilige Katholische Kirche, die Gemeinschaft der Heiligen, den Nachlass der S\u00fcnden, die Auferstehung des Fleisches und das ewige Leben? \u2014 Wir glauben!<\/p>\n<p style=\"padding-left: 30px;\">So lasset uns beten zu Gott, dem Vaters wie unser Herr Jesus Christus uns gelehrt hat: Vater unser&#8230;<\/p>\n<ol start=\"5\">\n<li><strong>Segnung und Auflegung der Wunderbaren Medaille (aus dem Rituale Romanum):<\/strong><\/li>\n<\/ol>\n<ul>\n<li>Adjutorium nostrum in nomine Domini.<\/li>\n<li>Qui fecit coelum et terram.<\/li>\n<li>Dominus vobiscum.<\/li>\n<li>Et cum spiritu tuo.<\/li>\n<li>Oremus. Omnipotens et misericors Deus, qui per multiplices immaculatae Mariae Virginis apparitiones in terris mirabilia jugiter pro animarum salute operati dignatus es: super hoc numismatis signum, tuam benedictionem benignus infunde; ut pie hoc recolentes ac devote gestantes et illius patrocinium sentiant et tuam misericordiam consequantur Per Christum Dominum nostrum.<\/li>\n<li>Amen.<\/li>\n<\/ul>\n<p>Der Priester besprengt die Medaillen mit Weihwasser und legt sie, folgendes betend, jedem um Aufnahme Bittenden, einzeln auf:<\/p>\n<ul>\n<li>Accipe sanctum Numisma, gesta fideliter, et digna veneratione prosequere: ut piissima et immaculata caelorum Domina te protegat atque defendat: et pietatis suae prodigia renovans, quae a Deo suppliciter postulaveris, tibi misericorditer impetret, ut vivens et moriens in materno ejus amplexu feliciter requiescas. R. Amen.<\/li>\n<\/ul>\n<p>Nach der Auflegung betet der Priester:<\/p>\n<ul>\n<li>V Kyrie, eleison. R. Christe, eleison Kyrie, eleison. V Pater noster.. (still weiter bis&#8230;) Et ne nos inducas in tentationem.<\/li>\n<li>Sed libera nos a malo.<\/li>\n<li>Regina sine labe originale concepta.<\/li>\n<li>Ora pro nobis.<\/li>\n<li>Domine, exaudi orationem meam.<\/li>\n<li>Et clamor meus ad te veniat.<\/li>\n<li>Dominus vobiscum.<\/li>\n<li>Et cum spiritu tuo.<\/li>\n<li>Oremus. Domine Jesu Christe, qui beatissimam Virginem Mariam matrem tuam ab origine immaculatam innumeris miraculis clarescere voluisti: concede: ut ejusdem patrocinium semper implorantes, gaudia consequamur aeterna. Qui vivis et regnas cum Deo Patre in unitate Spiritus Sancti, Deus, per omnia saecula saeculorum.<\/li>\n<li>Amen.<\/li>\n<\/ul>\n<ol start=\"6\">\n<li><strong>Weiheakt der MI an die Immaculata:<\/strong><\/li>\n<\/ol>\n<p>O Immaculata, K\u00f6nigin des Himmels und der Erde, Zuflucht der S\u00fcnder und unsere Mutter, die uns so sehr liebt und welcher Gott die ganze Ordnung der Barmherzigkeit anvertraut hat! Ich, N.N., unw\u00fcrdiger S\u00fcnder, werfe mich zu Deinen F\u00fc\u00dfen nieder und flehe Dich aus tiefstem Herzen an: w\u00fcrdige Dich, mich ganz und gar als Dein Gut und Dein Eigentum anzunehmen. Was Dir gef\u00e4llt, mache mit mir, mit allen F\u00e4higkeiten meiner Seele und meines Leibes, mit meinem ganzen Leben, mit meinem Tod und meiner Ewigkeit. Bestimme ganz \u00fcber mich, so wie Du es willst, auf dass sich erf\u00fclle, was von Dir gesagt ist: \u00abSie wird der Schlange das Haupt zertreten\u00bb \u2014 und ebenso: \u00abDu allein hast alle H\u00e4resien auf der ganzen Welt besiegt\u00bb. Mach, dass ich in Deinen unbefleckten und erbarmungsvollen H\u00e4nden ein Werkzeug sei das Dir dient, um soviel als m\u00f6glich Deine Ehre zu vermehren in so vielen abgefallenen und lauen Seelen. So wird sich immer mehr das milde K\u00f6nigtum des Heiligsten Herzens Jesu verbreiten. Denn wo Du eintrittst, da erflehst Du die Gnade der Bekehrung und der Heiligung, denn vom Heiligsten Herzen Jesu gelangen zu uns alle Gnaden nur durch Deine H\u00e4nde. Gew\u00e4hre mir, Dich zu preisen, o Heiligste Jungfrau, Gib mir Macht gegen Deine Feinde.<\/p>\n<ol start=\"7\">\n<li><strong>Sto\u00dfgebet der MI:<\/strong><br \/>\nO Maria, ohne S\u00fcnde empfangen, bitte f\u00fcr uns, die wir zu Dir unsere Zuflucht nehmen, und f\u00fcr alle, die ihre Zuflucht nicht zu Dir nehmen, besonders f\u00fcr die Freimaurer und f\u00fcr alle Dir Anempfohlenen.<\/li>\n<li><strong>Segen des Priesters<\/strong><\/li>\n<li><strong>Ein Marienlied<\/strong><\/li>\n<li><strong>Unterschrift des Zertifikats des Eintritts in die MI<\/strong><\/li>\n<\/ol>\n<h3>Marienlob des hl. Maximilian Kolbe<\/h3>\n<p>Erlaube mir, dass ich Dich preise, heiligste Jungfrau. Erlaube mir, dass ich Dich mit ganzen Kr\u00e4ften preise. Erlaube mir, dass ich f\u00fcr Dich und allein f\u00fcr Dich lebe, arbeite und leide, f\u00fcr Dich mich selbst verzehre und sterbe. Erlaube mir, zu Deiner gr\u00f6\u00dferen und vermehrten Verherrlichung beizutragen. Erlaube mir, Dir eine solche Ehre darzubringen, wie sie Dir noch niemand dargebracht hat. Erlaube mir, dass mich andere im Eifer um Deine Verherrlichung \u00fcbertreffen und dass ich dann \u2014 wie in einem edlen Wettstreit \u2014 immer tiefer und rascher Deine Ehre ausbreite, immer pr\u00e4chtiger, so wie es Der ersehnt, Der dich so unaussprechlich \u00fcber alle anderen Wesen erhoben hat. Amen.<\/p>\n","protected":false},"excerpt":{"rendered":"<p>Zeremonie der Aufnahme in die Militia Immaculatae Veni Creator oder \u201eKomm Sch\u00f6pfer Geist\u201d Ave Maris Stella (Ave Stern der Meere) Ansprache des Priesters Erneuerung des Taufversprechens (fakultativ): Priester: Am Tage unserer hl. Taufe haben wir dem Satan, seinen Werken und der Welt widersagt. Wir haben versprochen, Gott dem Herrn getreulich<a class=\"more-link\" href=\"https:\/\/test4.mi-backup.ch\/de\/aufnahmezeremonie\/\">Weiterlesen &rarr;<\/a><\/p>\n","protected":false},"author":9,"featured_media":0,"parent":0,"menu_order":0,"comment_status":"closed","ping_status":"closed","template":"","meta":[],"_links":{"self":[{"href":"https:\/\/test4.mi-backup.ch\/de\/wp-json\/wp\/v2\/pages\/71"}],"collection":[{"href":"https:\/\/test4.mi-backup.ch\/de\/wp-json\/wp\/v2\/pages"}],"about":[{"href":"https:\/\/test4.mi-backup.ch\/de\/wp-json\/wp\/v2\/types\/page"}],"author":[{"embeddable":true,"href":"https:\/\/test4.mi-backup.ch\/de\/wp-json\/wp\/v2\/users\/9"}],"replies":[{"embeddable":true,"href":"https:\/\/test4.mi-backup.ch\/de\/wp-json\/wp\/v2\/comments?post=71"}],"version-history":[{"count":10,"href":"https:\/\/test4.mi-backup.ch\/de\/wp-json\/wp\/v2\/pages\/71\/revisions"}],"predecessor-version":[{"id":42300,"href":"https:\/\/test4.mi-backup.ch\/de\/wp-json\/wp\/v2\/pages\/71\/revisions\/42300"}],"wp:attachment":[{"href":"https:\/\/test4.mi-backup.ch\/de\/wp-json\/wp\/v2\/media?parent=71"}],"curies":[{"name":"wp","href":"https:\/\/api.w.org\/{rel}","templated":true}]}}