{"id":7908,"date":"2017-11-07T20:49:33","date_gmt":"2017-11-07T19:49:33","guid":{"rendered":"https:\/\/test4.mi-backup.ch\/?page_id=7908"},"modified":"2017-11-07T21:03:08","modified_gmt":"2017-11-07T20:03:08","slug":"die-immaculata-unsere-rettung","status":"publish","type":"page","link":"https:\/\/test4.mi-backup.ch\/de\/die-immaculata-unsere-rettung\/","title":{"rendered":"Die Immaculata &#8211; unsere Rettung"},"content":{"rendered":"<p><img loading=\"lazy\" class=\"size-full wp-image-7326 alignright\" src=\"https:\/\/test4.mi-backup.ch\/wp-content\/uploads\/2017\/10\/CD-Cover-marianische-Mission_vor.jpg\" alt=\"\" width=\"350\" height=\"351\" srcset=\"https:\/\/test4.mi-backup.ch\/wp-content\/uploads\/2017\/10\/CD-Cover-marianische-Mission_vor.jpg 350w, https:\/\/test4.mi-backup.ch\/wp-content\/uploads\/2017\/10\/CD-Cover-marianische-Mission_vor-100x100.jpg 100w, https:\/\/test4.mi-backup.ch\/wp-content\/uploads\/2017\/10\/CD-Cover-marianische-Mission_vor-150x150.jpg 150w, https:\/\/test4.mi-backup.ch\/wp-content\/uploads\/2017\/10\/CD-Cover-marianische-Mission_vor-300x300.jpg 300w, https:\/\/test4.mi-backup.ch\/wp-content\/uploads\/2017\/10\/CD-Cover-marianische-Mission_vor-32x32.jpg 32w\" sizes=\"(max-width: 350px) 100vw, 350px\" \/>Anl\u00e4sslich des 100. Jahrestages gab die MI eine kostenlose Jubil\u00e4ums-CD heraus, mit den Vortr\u00e4gen der Marianischen Mission, welche Pater Karl Stehlin im September 2017 in Wil predigte. Sie k\u00f6nnen die Vortr\u00e4ge hier online h\u00f6ren oder downloaden:<\/p>\n<ol>\n<li><a href=\"https:\/\/test4.mi-backup.ch\/wp-content\/uploads\/2016\/07\/01-Das-Vorbild-der-Fatimakinder.mp3\" target=\"_blank\" rel=\"noopener\" class=\"broken_link\">Das Vorbild der Fatimakinder<\/a><\/li>\n<li><a href=\"https:\/\/test4.mi-backup.ch\/wp-content\/uploads\/2016\/07\/02-Die-Fatimakinder-die-Immaculata-unsere-Rettung.mp3\" target=\"_blank\" rel=\"noopener\" class=\"broken_link\">Die Fatimakinder &#8211; Die Immaculata, unsere Rettung<\/a><\/li>\n<li><a href=\"https:\/\/test4.mi-backup.ch\/wp-content\/uploads\/2016\/07\/03-Mit-dem-unbefleckten-Herzen-vereint-leben.mp3\" target=\"_blank\" rel=\"noopener\" class=\"broken_link\">Mit dem unbefleckten Herzen vereint<\/a><\/li>\n<li><a href=\"https:\/\/test4.mi-backup.ch\/wp-content\/uploads\/2016\/07\/04-Die-Bedeutung-der-MI-f\u00fcr-unsere-Zeit.mp3\" target=\"_blank\" rel=\"noopener\" class=\"broken_link\">Die Bedeutung der MI f\u00fcr unsere Zeit<\/a><\/li>\n<li><a href=\"https:\/\/test4.mi-backup.ch\/wp-content\/uploads\/2016\/07\/05-Das-dritte-Geheimnis-von-Fatima.mp3\" target=\"_blank\" rel=\"noopener\" class=\"broken_link\">Das dritte Geheimnis von Fatima<\/a><\/li>\n<li><a href=\"https:\/\/test4.mi-backup.ch\/wp-content\/uploads\/2016\/07\/06-Predigt-Das-Jubil\u00e4um-und-unsere-Entscheidung.mp3\" target=\"_blank\" rel=\"noopener\" class=\"broken_link\">Predigt &#8211; Das Jubil\u00e4um und unsere Entscheidung<\/a><\/li>\n<\/ol>\n<p>F\u00fcr die Bestellung im Shop <a href=\"https:\/\/test4.mi-backup.ch\/de\/shop\/fatima\/jubilaeums-cd\/\">hier <\/a>klicken.<\/p>\n","protected":false},"excerpt":{"rendered":"<p>Anl\u00e4sslich des 100. Jahrestages gab die MI eine kostenlose Jubil\u00e4ums-CD heraus, mit den Vortr\u00e4gen der Marianischen Mission, welche Pater Karl Stehlin im September 2017 in Wil predigte. Sie k\u00f6nnen die Vortr\u00e4ge hier online h\u00f6ren oder downloaden: Das Vorbild der Fatimakinder Die Fatimakinder &#8211; Die Immaculata, unsere Rettung Mit dem unbefleckten<a class=\"more-link\" href=\"https:\/\/test4.mi-backup.ch\/de\/die-immaculata-unsere-rettung\/\">Weiterlesen &rarr;<\/a><\/p>\n","protected":false},"author":9,"featured_media":0,"parent":0,"menu_order":0,"comment_status":"closed","ping_status":"closed","template":"","meta":[],"_links":{"self":[{"href":"https:\/\/test4.mi-backup.ch\/de\/wp-json\/wp\/v2\/pages\/7908"}],"collection":[{"href":"https:\/\/test4.mi-backup.ch\/de\/wp-json\/wp\/v2\/pages"}],"about":[{"href":"https:\/\/test4.mi-backup.ch\/de\/wp-json\/wp\/v2\/types\/page"}],"author":[{"embeddable":true,"href":"https:\/\/test4.mi-backup.ch\/de\/wp-json\/wp\/v2\/users\/9"}],"replies":[{"embeddable":true,"href":"https:\/\/test4.mi-backup.ch\/de\/wp-json\/wp\/v2\/comments?post=7908"}],"version-history":[{"count":3,"href":"https:\/\/test4.mi-backup.ch\/de\/wp-json\/wp\/v2\/pages\/7908\/revisions"}],"predecessor-version":[{"id":7913,"href":"https:\/\/test4.mi-backup.ch\/de\/wp-json\/wp\/v2\/pages\/7908\/revisions\/7913"}],"wp:attachment":[{"href":"https:\/\/test4.mi-backup.ch\/de\/wp-json\/wp\/v2\/media?parent=7908"}],"curies":[{"name":"wp","href":"https:\/\/api.w.org\/{rel}","templated":true}]}}