{"id":12638,"date":"2018-08-05T18:54:02","date_gmt":"2018-08-05T16:54:02","guid":{"rendered":"https:\/\/test4.mi-backup.ch\/?post_type=product&#038;p=12638"},"modified":"2022-02-21T23:26:02","modified_gmt":"2022-02-21T22:26:02","slug":"mein-hoechstes-ideal","status":"publish","type":"product","link":"https:\/\/test4.mi-backup.ch\/de\/shop\/buecher\/mein-hoechstes-ideal\/","title":{"rendered":"Mein h\u00f6chstes Ideal"},"content":{"rendered":"<div class=\"entry-content\">\n<div class=\"entry-the-content\">\n<h3>Mein h\u00f6chstes Ideal, Jesus \u2013 Mariens Sohn, nach der Lehre von P. Chaminade, von P. Neubert<\/h3>\n<p>Dieses B\u00fcchlein fasst die Lehre des seligen P. Chaminade, des Gr\u00fcnders der Marianisten, zusammen. Zuerst f\u00fchrt uns darin Jesus zu Maria, damit wir Maria nach dem Beispiel Jesu lieben. Im zweiten Abschnitt f\u00fchrt uns Maria zu Jesus. So lehrt es die Andacht zu den vereinten Herzen Jesu und Mariens. Im dritten Abschnitt mit dem Titel \u201eDer Soldat\u201c wird der Leser dann passend zum Geist der MI in den Kampf f\u00fcr das Reich Christi und die Seelen eingef\u00fchrt. Pius XII. hat die Verbreitung dieses B\u00fcchleins empfohlen.<\/p>\n<p>\u201eDurch Maria zu Jesus, aber auch mit Jesus zu Maria! Dieses Kreisen von einem zum anderen, dieses einander Befruchten, wird sehr tief und sch\u00f6n im Buch von P. Emil Neubert \u201eMein h\u00f6chstes Ideal, Jesus \u2013 Mariens Sohn\u201c dargestellt. In diesem Jahr wollen wie dieses B\u00fcchlein immer wieder zur Hand nehmen und betrachten.\u201c (P. Stehlin im Jahresvorsatz 2018 f\u00fcr die MI)<\/p>\n<p>Aktuell erh\u00e4ltlich bei:<\/p>\n<ul>\n<li><a href=\"https:\/\/www.sarto.de\/mein-hochstes-ideal-jesus-mariens-sohn\" target=\"_blank\" rel=\"noopener\">Sarto Verlag<\/a><\/li>\n<li>KSA Kath. Schriften-Apostolat, Tel: +49 9092 \u2013 910490<\/li>\n<\/ul>\n<\/div>\n<\/div>\n","protected":false},"excerpt":{"rendered":"<p>Mein h\u00f6chstes Ideal, Jesus \u2013 Mariens Sohn, nach der Lehre von P. Chaminade, von P. Neubert Dieses B\u00fcchlein fasst die Lehre des seligen P. Chaminade, des Gr\u00fcnders der Marianisten, zusammen. Zuerst f\u00fchrt uns darin Jesus zu Maria, damit wir Maria nach dem Beispiel Jesu lieben. Im zweiten Abschnitt f\u00fchrt uns<a class=\"more-link\" href=\"https:\/\/test4.mi-backup.ch\/de\/shop\/buecher\/mein-hoechstes-ideal\/\">Weiterlesen &rarr;<\/a><\/p>\n","protected":false},"featured_media":12639,"template":"","meta":[],"product_cat":[238],"product_tag":[],"_links":{"self":[{"href":"https:\/\/test4.mi-backup.ch\/de\/wp-json\/wp\/v2\/product\/12638"}],"collection":[{"href":"https:\/\/test4.mi-backup.ch\/de\/wp-json\/wp\/v2\/product"}],"about":[{"href":"https:\/\/test4.mi-backup.ch\/de\/wp-json\/wp\/v2\/types\/product"}],"wp:featuredmedia":[{"embeddable":true,"href":"https:\/\/test4.mi-backup.ch\/de\/wp-json\/wp\/v2\/media\/12639"}],"wp:attachment":[{"href":"https:\/\/test4.mi-backup.ch\/de\/wp-json\/wp\/v2\/media?parent=12638"}],"wp:term":[{"taxonomy":"product_cat","embeddable":true,"href":"https:\/\/test4.mi-backup.ch\/de\/wp-json\/wp\/v2\/product_cat?post=12638"},{"taxonomy":"product_tag","embeddable":true,"href":"https:\/\/test4.mi-backup.ch\/de\/wp-json\/wp\/v2\/product_tag?post=12638"}],"curies":[{"name":"wp","href":"https:\/\/api.w.org\/{rel}","templated":true}]}}