{"id":15143,"date":"2019-01-29T12:03:02","date_gmt":"2019-01-29T11:03:02","guid":{"rendered":"https:\/\/test4.mi-backup.ch\/?post_type=product&#038;p=15143"},"modified":"2021-01-19T20:49:53","modified_gmt":"2021-01-19T19:49:53","slug":"cd-das-geheimnis-der-immaculata","status":"publish","type":"product","link":"https:\/\/test4.mi-backup.ch\/de\/shop\/mp3-download\/cd-das-geheimnis-der-immaculata\/","title":{"rendered":"CD 3: Das Geheimnis d. Immaculata!"},"content":{"rendered":"<blockquote><p>\u201eDer Glaube kommt vom H\u00f6ren.\u201c (R\u00f6m 10,17)<\/p><\/blockquote>\n<p>\u201eDas erste, was wir lernen m\u00fcssen, wenn wir Maria treu bleiben wollen, ist \u00dcberzeugung, feste \u00dcberzeugung\u201c (P. Stehlin). Diese Vortr\u00e4ge k\u00f6nnen in uns die \u00dcberzeugung der Gr\u00f6\u00dfe Mariens und unserer Aufgabe als ihre Werkzeuge erneuern und vertiefen. Danach k\u00f6nnen wir dieses Feuer an unsere Mitmenschen weitergeben und so den Wunsch Gottes erf\u00fcllen: \u201eGott will sich deiner bedienen, damit die Menschen mich kennen und lieben\u201c (U.L. Frau von Fatima).<\/p>\n<h3>Die Titel der Vortr\u00e4ge<\/h3>\n<p><a href=\"https:\/\/test4.mi-backup.ch\/wp-content\/uploads\/2018\/08\/1-Das-Geheimnis-der-Immaculata.mp3\" target=\"_blank\" rel=\"noopener noreferrer\" class=\"broken_link\">1 Das Geheimnis der Immaculata<\/a><\/p>\n<p><a href=\"https:\/\/test4.mi-backup.ch\/wp-content\/uploads\/2018\/09\/02-Die-Wunder-U.L.F.-von-Fatima.mp3\" target=\"_blank\" rel=\"noopener noreferrer\" class=\"broken_link\">2 Die Wunder U.L.F. von Fatima<\/a><\/p>\n<p><a href=\"https:\/\/test4.mi-backup.ch\/wp-content\/uploads\/2018\/09\/03-Die-Wunder-U.L.F.-von-Fatima-Teil-2.mp3\" target=\"_blank\" rel=\"noopener noreferrer\" class=\"broken_link\">3 Die Wunder U.L.F. von Fatima Teil 2<\/a><\/p>\n<p><a href=\"https:\/\/test4.mi-backup.ch\/wp-content\/uploads\/2018\/09\/04-Die-Passion-U.L.F.-von-Fatima.mp3\" target=\"_blank\" rel=\"noopener noreferrer\" class=\"broken_link\">4 Die Passion U.L.F. von Fatima<\/a><\/p>\n<p><a href=\"https:\/\/test4.mi-backup.ch\/wp-content\/uploads\/2018\/09\/05-Das-aktuelle-Wirken-der-Immaculata.mp3\" target=\"_blank\" rel=\"noopener noreferrer\" class=\"broken_link\">5 Das aktuelle Wirken der Immaculata<\/a><\/p>\n<p><a href=\"https:\/\/test4.mi-backup.ch\/wp-content\/uploads\/2018\/09\/06-Weihe-mit-\u00dcberzeugung.mp3\" target=\"_blank\" rel=\"noopener noreferrer\" class=\"broken_link\">6 Weihe mit \u00dcberzeugung<\/a><\/p>\n<p><a href=\"https:\/\/test4.mi-backup.ch\/wp-content\/uploads\/2018\/09\/07-Der-Rosenkranz-im-Hinblick-auf-Gott.mp3\" target=\"_blank\" rel=\"noopener noreferrer\" class=\"broken_link\">7 Der Rosenkranz im Hinblick auf Gott<\/a><\/p>\n<p><a href=\"https:\/\/test4.mi-backup.ch\/wp-content\/uploads\/2018\/09\/08-Der-Rosenkranz-im-Hinblick-auf-unser-Leben.mp3\" target=\"_blank\" rel=\"noopener noreferrer\" class=\"broken_link\">8 Der Rosenkranz im Hinblick auf unser Leben<\/a><\/p>\n<p><a href=\"https:\/\/test4.mi-backup.ch\/wp-content\/uploads\/2018\/09\/09-Die-Immaculata-Braut-des-Hl.-Geistes-1.mp3\" target=\"_blank\" rel=\"noopener noreferrer\" class=\"broken_link\">9 Die Immaculata &#8211; Braut des Hl. Geistes<\/a><\/p>\n<p><a href=\"https:\/\/test4.mi-backup.ch\/wp-content\/uploads\/2018\/09\/10-Die-Immaculata-ihre-Gr\u00f6sse-im-Lichte-unseres-Lebens.mp3\" target=\"_blank\" rel=\"noopener noreferrer\" class=\"broken_link\">10 Die Immaculata \u2013 ihre Gr\u00f6\u00dfe in unserem Leben<\/a><\/p>\n<p><a href=\"https:\/\/test4.mi-backup.ch\/wp-content\/uploads\/2018\/09\/11-Die-Mittlerin-aller-Gnaden.mp3\" target=\"_blank\" rel=\"noopener noreferrer\" class=\"broken_link\">11 Die Mittlerin aller Gnaden<\/a><\/p>\n<p><a href=\"https:\/\/test4.mi-backup.ch\/wp-content\/uploads\/2018\/09\/12-Die-vereinten-Herzen-Jesu-und-Mariens.mp3\" target=\"_blank\" rel=\"noopener noreferrer\" class=\"broken_link\">12 Die vereinten Herzen Jesu und Mariens<\/a><\/p>\n<p><a href=\"https:\/\/test4.mi-backup.ch\/wp-content\/uploads\/2018\/09\/13-Werkzeug-in-ihren-unbefleckten-H\u00e4nden.mp3\" target=\"_blank\" rel=\"noopener noreferrer\" class=\"broken_link\">13 Werkzeug in ihren unbefleckten H\u00e4nden<\/a><\/p>\n<p>Pater Helmut Trutt:<\/p>\n<p><a href=\"https:\/\/test4.mi-backup.ch\/wp-content\/uploads\/2018\/09\/13-Werkzeug-in-ihren-unbefleckten-H\u00e4nden-1.mp3\" target=\"_blank\" rel=\"noopener noreferrer\" class=\"broken_link\">14 Die Immaculata und das Kreuzesopfer<\/a><\/p>\n<p><a href=\"https:\/\/test4.mi-backup.ch\/wp-content\/uploads\/2018\/09\/14-Die-Immaculata-und-das-Kreuzesopfer.mp3\" target=\"_blank\" rel=\"noopener noreferrer\" class=\"broken_link\">15 Abendmahlsaal und Golgotha<\/a><\/p>\n<p><a href=\"https:\/\/test4.mi-backup.ch\/wp-content\/uploads\/2018\/09\/16-Das-hl.-Messopfer.mp3\" target=\"_blank\" rel=\"noopener noreferrer\" class=\"broken_link\">16 Das hl. Messopfer<\/a><\/p>\n<p><a href=\"https:\/\/test4.mi-backup.ch\/wp-content\/uploads\/2018\/09\/17-Die-Immaculata-und-die-hl.-Kommunion.mp3\" target=\"_blank\" rel=\"noopener noreferrer\" class=\"broken_link\">17 Die Immaculata und die hl. Kommunion<\/a><\/p>\n","protected":false},"excerpt":{"rendered":"<p>\u201eDer Glaube kommt vom H\u00f6ren.\u201c (R\u00f6m 10,17) \u201eDas erste, was wir lernen m\u00fcssen, wenn wir Maria treu bleiben wollen, ist \u00dcberzeugung, feste \u00dcberzeugung\u201c (P. Stehlin). Diese Vortr\u00e4ge k\u00f6nnen in uns die \u00dcberzeugung der Gr\u00f6\u00dfe Mariens und unserer Aufgabe als ihre Werkzeuge erneuern und vertiefen. Danach k\u00f6nnen wir dieses Feuer an<a class=\"more-link\" href=\"https:\/\/test4.mi-backup.ch\/de\/shop\/mp3-download\/cd-das-geheimnis-der-immaculata\/\">Weiterlesen &rarr;<\/a><\/p>\n","protected":false},"featured_media":15144,"template":"","meta":[],"product_cat":[264,239],"product_tag":[],"_links":{"self":[{"href":"https:\/\/test4.mi-backup.ch\/de\/wp-json\/wp\/v2\/product\/15143"}],"collection":[{"href":"https:\/\/test4.mi-backup.ch\/de\/wp-json\/wp\/v2\/product"}],"about":[{"href":"https:\/\/test4.mi-backup.ch\/de\/wp-json\/wp\/v2\/types\/product"}],"wp:featuredmedia":[{"embeddable":true,"href":"https:\/\/test4.mi-backup.ch\/de\/wp-json\/wp\/v2\/media\/15144"}],"wp:attachment":[{"href":"https:\/\/test4.mi-backup.ch\/de\/wp-json\/wp\/v2\/media?parent=15143"}],"wp:term":[{"taxonomy":"product_cat","embeddable":true,"href":"https:\/\/test4.mi-backup.ch\/de\/wp-json\/wp\/v2\/product_cat?post=15143"},{"taxonomy":"product_tag","embeddable":true,"href":"https:\/\/test4.mi-backup.ch\/de\/wp-json\/wp\/v2\/product_tag?post=15143"}],"curies":[{"name":"wp","href":"https:\/\/api.w.org\/{rel}","templated":true}]}}